{"id":117283,"date":"2023-10-30T16:32:59","date_gmt":"2023-10-30T19:32:59","guid":{"rendered":"https:\/\/controllab.com\/learning\/scientific-abstracts\/"},"modified":"2024-03-26T14:52:19","modified_gmt":"2024-03-26T17:52:19","slug":"scientific-abstracts-and-articles","status":"publish","type":"page","link":"https:\/\/controllab.com\/en\/learning\/scientific-abstracts-and-articles\/","title":{"rendered":"Scientific Abstracts and Articles"},"content":{"rendered":"\t\t<div data-elementor-type=\"wp-page\" data-elementor-id=\"117283\" class=\"elementor elementor-117283 elementor-117083\" data-elementor-post-type=\"page\">\n\t\t\t\t\t\t<section class=\"elementor-section elementor-top-section elementor-element elementor-element-15e9d08 elementor-section-boxed elementor-section-height-default elementor-section-height-default\" data-id=\"15e9d08\" data-element_type=\"section\" data-e-type=\"section\" id=\"abstracts\">\n\t\t\t\t\t\t<div class=\"elementor-container elementor-column-gap-default\">\n\t\t\t\t\t<div class=\"elementor-column elementor-col-100 elementor-top-column elementor-element elementor-element-00b4177\" data-id=\"00b4177\" data-element_type=\"column\" data-e-type=\"column\">\n\t\t\t<div class=\"elementor-widget-wrap elementor-element-populated\">\n\t\t\t\t\t\t<div class=\"elementor-element elementor-element-7465ddb elementor-widget elementor-widget-heading\" data-id=\"7465ddb\" data-element_type=\"widget\" data-e-type=\"widget\" data-widget_type=\"heading.default\">\n\t\t\t\t<div class=\"elementor-widget-container\">\n\t\t\t\t\t<h5 class=\"elementor-heading-title elementor-size-default\">SCIENTIFIC ABSTRACTS<\/h5>\t\t\t\t<\/div>\n\t\t\t\t<\/div>\n\t\t\t\t<div class=\"elementor-element elementor-element-3ab6b86 elementor-widget elementor-widget-heading\" data-id=\"3ab6b86\" data-element_type=\"widget\" data-e-type=\"widget\" data-widget_type=\"heading.default\">\n\t\t\t\t<div class=\"elementor-widget-container\">\n\t\t\t\t\t<h2 class=\"elementor-heading-title elementor-size-default\">Controllab Publications<\/h2>\t\t\t\t<\/div>\n\t\t\t\t<\/div>\n\t\t\t\t<div data-dce-background-color=\"#E62550\" class=\"elementor-element elementor-element-0a68289 elementor-posts--thumbnail-none elementor-posts__hover-none elementor-grid-3 elementor-grid-tablet-2 elementor-grid-mobile-1 load-more-align-center elementor-widget elementor-widget-posts\" data-id=\"0a68289\" data-element_type=\"widget\" data-e-type=\"widget\" data-settings=\"{&quot;pagination_type&quot;:&quot;load_more_on_click&quot;,&quot;cards_columns&quot;:&quot;3&quot;,&quot;cards_columns_tablet&quot;:&quot;2&quot;,&quot;cards_columns_mobile&quot;:&quot;1&quot;,&quot;cards_row_gap&quot;:{&quot;unit&quot;:&quot;px&quot;,&quot;size&quot;:35,&quot;sizes&quot;:[]},&quot;cards_row_gap_tablet&quot;:{&quot;unit&quot;:&quot;px&quot;,&quot;size&quot;:&quot;&quot;,&quot;sizes&quot;:[]},&quot;cards_row_gap_mobile&quot;:{&quot;unit&quot;:&quot;px&quot;,&quot;size&quot;:&quot;&quot;,&quot;sizes&quot;:[]},&quot;load_more_spinner&quot;:{&quot;value&quot;:&quot;fas fa-spinner&quot;,&quot;library&quot;:&quot;fa-solid&quot;}}\" data-widget_type=\"posts.cards\">\n\t\t\t\t<div class=\"elementor-widget-container\">\n\t\t\t\t\t\t\t<div class=\"elementor-posts-container elementor-posts elementor-posts--skin-cards elementor-grid\" role=\"list\">\n\t\t\t\t<article class=\"elementor-post elementor-grid-item post-201757 resumos type-resumos status-publish hentry\" role=\"listitem\">\n\t\t\t<div class=\"elementor-post__card\">\n\t\t\t\t<div class=\"elementor-post__text\">\n\t\t\t\t<h5 class=\"elementor-post__title\">\n\t\t\t<a href=\"https:\/\/controllab.com\/en\/learning\/scientific-abstracts\/laboratory-performance-in-the-molecular-detection-of-high-risk-and-low-risk-hpv-high-risk-assays-outperform-low-risk-assays\/\" >\n\t\t\t\tLaboratory Performance in the Molecular Detection of High-Risk and Low-Risk HPV: High-Risk Assays Outperform Low-Risk Assays\t\t\t<\/a>\n\t\t<\/h5>\n\t\t\t\t<div class=\"elementor-post__excerpt\">\n\t\t\t<p>G. Barra4, A. Vieira1, L. Vasconcellos2, \u00c1. Pulchinelli3, S. Lima1, C. Bastos1, F. Drummond1, V. Dias1, J. Oliveira1, J. Poloni1, V. Biasoli1<\/p>\n\t\t<\/div>\n\t\t\t\t<\/div>\n\t\t\t\t\t<\/div>\n\t\t<\/article>\n\t\t\t\t<article class=\"elementor-post elementor-grid-item post-202147 resumos type-resumos status-publish hentry tag-desempenho-laboratorial tag-deteccao-molecular-de-hpv\" role=\"listitem\">\n\t\t\t<div class=\"elementor-post__card\">\n\t\t\t\t<div class=\"elementor-post__text\">\n\t\t\t\t<h5 class=\"elementor-post__title\">\n\t\t\t<a href=\"https:\/\/controllab.com\/en\/learning\/scientific-abstracts\/laboratory-performance-in-molecular-detection-of-high-risk-hpv-commercial-kits-outperform-laboratory-developed-tests\/\" >\n\t\t\t\tLaboratory Performance in Molecular Detection of High-Risk HPV: Commercial Kits Outperform Laboratory-Developed Tests\t\t\t<\/a>\n\t\t<\/h5>\n\t\t\t\t<div class=\"elementor-post__excerpt\">\n\t\t\t<p>G. Barra4, A. Vieira1, L. Vasconcellos2, \u00c1. Pulchinelli3, S. Lima1, E. Santiago1, F. De Aguiar1, S. Lira1, J. Poloni1, V. Biasoli1<\/p>\n\t\t<\/div>\n\t\t\t\t<\/div>\n\t\t\t\t\t<\/div>\n\t\t<\/article>\n\t\t\t\t<article class=\"elementor-post elementor-grid-item post-201763 resumos type-resumos status-publish hentry tag-benchmarking-laboratorial tag-benchmarking-of-indicators tag-metricas-sigma tag-qualidade-pre-analitica\" role=\"listitem\">\n\t\t\t<div class=\"elementor-post__card\">\n\t\t\t\t<div class=\"elementor-post__text\">\n\t\t\t\t<h5 class=\"elementor-post__title\">\n\t\t\t<a href=\"https:\/\/controllab.com\/en\/learning\/scientific-abstracts\/assessing-clinical-laboratory-pre-analytical-quality-evolution-of-sigma-metrics-across-seven-ifcc-harmonized-indicators-in-an-international-laboratory-benchmarking-program\/\" >\n\t\t\t\tAssessing clinical laboratory pre-analytical quality: evolution of sigma metrics across seven IFCC harmonized indicators in an International Laboratory Benchmarking Program\t\t\t<\/a>\n\t\t<\/h5>\n\t\t\t\t<div class=\"elementor-post__excerpt\">\n\t\t\t<p>F. Berlitz2*, A. Gomes1, A. Regufe1, J. Poloni1, C. Galoro3, W. Shcolnik4, V. Biasoli1<\/p>\n\t\t<\/div>\n\t\t\t\t<\/div>\n\t\t\t\t\t<\/div>\n\t\t<\/article>\n\t\t\t\t<article class=\"elementor-post elementor-grid-item post-202146 resumos type-resumos status-publish hentry tag-monitoramento-de-qualidade tag-poct-en tag-testes-para-sifilis\" role=\"listitem\">\n\t\t\t<div class=\"elementor-post__card\">\n\t\t\t\t<div class=\"elementor-post__text\">\n\t\t\t\t<h5 class=\"elementor-post__title\">\n\t\t\t<a href=\"https:\/\/controllab.com\/en\/learning\/scientific-abstracts\/improving-syphilis-poct-outcomes-a-decade-of-quality-monitoring-in-brazil\/\" >\n\t\t\t\tImproving Syphilis POCT Outcomes: A Decade of Quality Monitoring in Brazil\t\t\t<\/a>\n\t\t<\/h5>\n\t\t\t\t<div class=\"elementor-post__excerpt\">\n\t\t\t<p>A. Ferreira4, L. Bottino1, M. Corr\u00eaa1, E. Mesquita1, B. Nascimento1, A. Lambert1, E. Farias1, A. Vieira1, L. Vasconcellos2, \u00c1. Pulchinelli3, R. Sykora4, J. Poloni1, V. Biasoli1<\/p>\n\t\t<\/div>\n\t\t\t\t<\/div>\n\t\t\t\t\t<\/div>\n\t\t<\/article>\n\t\t\t\t<article class=\"elementor-post elementor-grid-item post-202145 resumos type-resumos status-publish hentry tag-diagnostico-de-hiv tag-ponto-de-cuidado tag-qualidade-dos-testes\" role=\"listitem\">\n\t\t\t<div class=\"elementor-post__card\">\n\t\t\t\t<div class=\"elementor-post__text\">\n\t\t\t\t<h5 class=\"elementor-post__title\">\n\t\t\t<a href=\"https:\/\/controllab.com\/en\/learning\/scientific-abstracts\/progress-in-hiv-diagnostics-a-fourteen-year-review-of-point-of-care-testing-performance-and-quality-assessment\/\" >\n\t\t\t\tProgress in HIV Diagnostics: A Fourteen-Year Review of Point-of-Care Testing Performance and Quality Assessment\t\t\t<\/a>\n\t\t<\/h5>\n\t\t\t\t<div class=\"elementor-post__excerpt\">\n\t\t\t<p>A. Ferreira4, L. Bottino1, J. Gomes1, A. Vieira1, J. Casali1, E. Mesquita1, S. Da Silva1, T. Aguiar1, L. Vasconcellos2, \u00c1. Pulchinelli3, R. Sykora4, J. Poloni1, V. Biasoli1<\/p>\n\t\t<\/div>\n\t\t\t\t<\/div>\n\t\t\t\t\t<\/div>\n\t\t<\/article>\n\t\t\t\t<article class=\"elementor-post elementor-grid-item post-202144 resumos type-resumos status-publish hentry tag-anti-hcv tag-eqap tag-poct-en\" role=\"listitem\">\n\t\t\t<div class=\"elementor-post__card\">\n\t\t\t\t<div class=\"elementor-post__text\">\n\t\t\t\t<h5 class=\"elementor-post__title\">\n\t\t\t<a href=\"https:\/\/controllab.com\/en\/learning\/scientific-abstracts\/advancing-anti-hcv-point-of-care-testing-fourteen-years-of-quality-insights-from-brazils-eqap-2010-2024\/\" >\n\t\t\t\tAdvancing Anti-HCV Point-of-Care Testing: Fourteen Years of Quality Insights from Brazil\u2019s EQAP (2010\u20132024)\t\t\t<\/a>\n\t\t<\/h5>\n\t\t\t\t<div class=\"elementor-post__excerpt\">\n\t\t\t<p>A. Ferreira4, L. Bottino1, M. Souza1, L. Pereira1, E. Santiago1, A. Vieira1, L. Vasconcellos2, \u00c1. Pulchinelli3, R. Sykora4, M. Moreira1, J. Poloni1, V. Biasoli1<\/p>\n\t\t<\/div>\n\t\t\t\t<\/div>\n\t\t\t\t\t<\/div>\n\t\t<\/article>\n\t\t\t\t<article class=\"elementor-post elementor-grid-item post-202143 resumos type-resumos status-publish hentry tag-consenso-brasileiro-sobre-autoanticorpos-bca tag-consenso-internacional-sobre-os-padroes-ana-icap\" role=\"listitem\">\n\t\t\t<div class=\"elementor-post__card\">\n\t\t\t\t<div class=\"elementor-post__text\">\n\t\t\t\t<h5 class=\"elementor-post__title\">\n\t\t\t<a href=\"https:\/\/controllab.com\/en\/learning\/scientific-abstracts\/evaluation-of-the-competence-level-of-brazilian-laboratories-in-identifying-ana-patterns-following-the-brazilian-consensus-on-autoantibodies-bca-and-the-international-consensus-on-ana-patterns-icap\/\" >\n\t\t\t\tEvaluation of the Competence Level of Brazilian Laboratories in Identifying ANA Patterns following the Brazilian Consensus on Autoantibodies (BCA) and the International Consensus on ANA Patterns (ICAP)\t\t\t<\/a>\n\t\t<\/h5>\n\t\t\t\t<div class=\"elementor-post__excerpt\">\n\t\t\t<p>W. Cruvinel4, L. Andrade5, A. Vieira1, J. Rodrigues1, J. Barroso1, R. Montenegro1, L. Soares1, L. Vasconcellos2, \u00c1. Pulchinelli3, J. Poloni1, V. Biasoli1<\/p>\n\t\t<\/div>\n\t\t\t\t<\/div>\n\t\t\t\t\t<\/div>\n\t\t<\/article>\n\t\t\t\t<article class=\"elementor-post elementor-grid-item post-202142 resumos type-resumos status-publish hentry tag-laboratorios-clinicos-do-brasil tag-seguranca-do-paciente-en\" role=\"listitem\">\n\t\t\t<div class=\"elementor-post__card\">\n\t\t\t\t<div class=\"elementor-post__text\">\n\t\t\t\t<h5 class=\"elementor-post__title\">\n\t\t\t<a href=\"https:\/\/controllab.com\/en\/learning\/scientific-abstracts\/assessment-of-perceptions-of-patient-safety-culture-across-professional-categories-in-clinical-laboratories-from-brazil\/\" >\n\t\t\t\tAssessment of Perceptions of Patient Safety Culture across Professional Categories in Clinical Laboratories from Brazil\t\t\t<\/a>\n\t\t<\/h5>\n\t\t\t\t<div class=\"elementor-post__excerpt\">\n\t\t\t<p>W. Shcolnik3, D. Jer\u00f4nimo1, A. Duarte2, A. Vieira1, L. Bottino1, R. Lopes1, J. Poloni1, V. Biasoli1<\/p>\n\t\t<\/div>\n\t\t\t\t<\/div>\n\t\t\t\t\t<\/div>\n\t\t<\/article>\n\t\t\t\t<article class=\"elementor-post elementor-grid-item post-202066 resumos type-resumos status-publish hentry tag-avaliacao-externa-da-qualidade tag-t4-livre tag-tsh\" role=\"listitem\">\n\t\t\t<div class=\"elementor-post__card\">\n\t\t\t\t<div class=\"elementor-post__text\">\n\t\t\t\t<h5 class=\"elementor-post__title\">\n\t\t\t<a href=\"https:\/\/controllab.com\/en\/learning\/scientific-abstracts\/brazilian-external-quality-assessment-program-for-serum-tsh-and-free-t4-a-report-from-2007-to-2023\/\" >\n\t\t\t\tBrazilian External Quality Assessment Program for Serum TSH and Free T4 \u2013 A Report from 2007 to 2023\t\t\t<\/a>\n\t\t<\/h5>\n\t\t\t\t<div class=\"elementor-post__excerpt\">\n\t\t\t<p>L. Bottino\u00b9, N. Massakazu Sumita\u00b2, L. Vasconcellos\u00b3, \u00c1. Pulchinelli4, A. Vieira\u00b9, J. Poloni\u00b9, A. De Souza\u00b9, V. Dias\u00b9, W. Teixeira\u00b9, D. Jer\u00f4nimo\u00b9, E. Santiago\u00b9, V. Biasoli\u00b9.<\/p>\n\t\t<\/div>\n\t\t\t\t<\/div>\n\t\t\t\t\t<\/div>\n\t\t<\/article>\n\t\t\t\t<\/div>\n\t\t\t\t\t<span class=\"e-load-more-spinner\">\n\t\t\t\t<svg aria-hidden=\"true\" class=\"e-font-icon-svg e-fas-spinner\" viewBox=\"0 0 512 512\" xmlns=\"http:\/\/www.w3.org\/2000\/svg\"><path d=\"M304 48c0 26.51-21.49 48-48 48s-48-21.49-48-48 21.49-48 48-48 48 21.49 48 48zm-48 368c-26.51 0-48 21.49-48 48s21.49 48 48 48 48-21.49 48-48-21.49-48-48-48zm208-208c-26.51 0-48 21.49-48 48s21.49 48 48 48 48-21.49 48-48-21.49-48-48-48zM96 256c0-26.51-21.49-48-48-48S0 229.49 0 256s21.49 48 48 48 48-21.49 48-48zm12.922 99.078c-26.51 0-48 21.49-48 48s21.49 48 48 48 48-21.49 48-48c0-26.509-21.491-48-48-48zm294.156 0c-26.51 0-48 21.49-48 48s21.49 48 48 48 48-21.49 48-48c0-26.509-21.49-48-48-48zM108.922 60.922c-26.51 0-48 21.49-48 48s21.49 48 48 48 48-21.49 48-48-21.491-48-48-48z\"><\/path><\/svg>\t\t\t<\/span>\n\t\t\n\t\t\t\t<div class=\"e-load-more-anchor\" data-page=\"1\" data-max-page=\"4\" data-next-page=\"https:\/\/controllab.com\/en\/wp-json\/wp\/v2\/pages\/117283\/page\/2\/\"><\/div>\n\t\t\t\t<div class=\"elementor-button-wrapper\">\n\t\t\t<a class=\"elementor-button elementor-size-sm\" role=\"button\" id=\"publications\">\n\t\t\t\t\t\t<span class=\"elementor-button-content-wrapper\">\n\t\t\t\t\t\t\t\t\t<span class=\"elementor-button-text\">LOAD MORE<\/span>\n\t\t\t\t\t<\/span>\n\t\t\t\t\t<\/a>\n\t\t<\/div>\n\t\t\t\t<div class=\"e-load-more-message\"><\/div>\n\t\t\t\t\t\t<\/div>\n\t\t\t\t<\/div>\n\t\t\t\t\t<\/div>\n\t\t<\/div>\n\t\t\t\t\t<\/div>\n\t\t<\/section>\n\t\t\t\t<section class=\"elementor-section elementor-top-section elementor-element elementor-element-89ca8fc elementor-section-boxed elementor-section-height-default elementor-section-height-default\" data-id=\"89ca8fc\" data-element_type=\"section\" data-e-type=\"section\" id=\"articles\">\n\t\t\t\t\t\t<div class=\"elementor-container elementor-column-gap-default\">\n\t\t\t\t\t<div class=\"elementor-column elementor-col-100 elementor-top-column elementor-element elementor-element-532e0f7\" data-id=\"532e0f7\" data-element_type=\"column\" data-e-type=\"column\">\n\t\t\t<div class=\"elementor-widget-wrap elementor-element-populated\">\n\t\t\t\t\t\t<div class=\"elementor-element elementor-element-eda2f1b elementor-widget elementor-widget-heading\" data-id=\"eda2f1b\" data-element_type=\"widget\" data-e-type=\"widget\" data-widget_type=\"heading.default\">\n\t\t\t\t<div class=\"elementor-widget-container\">\n\t\t\t\t\t<h5 class=\"elementor-heading-title elementor-size-default\">SCIENTIFIC ARTICLES<\/h5>\t\t\t\t<\/div>\n\t\t\t\t<\/div>\n\t\t\t\t<div class=\"elementor-element elementor-element-69dc2be elementor-widget elementor-widget-heading\" data-id=\"69dc2be\" data-element_type=\"widget\" data-e-type=\"widget\" data-widget_type=\"heading.default\">\n\t\t\t\t<div class=\"elementor-widget-container\">\n\t\t\t\t\t<h2 class=\"elementor-heading-title elementor-size-default\">De Gruyter<\/h2>\t\t\t\t<\/div>\n\t\t\t\t<\/div>\n\t\t\t\t<div class=\"elementor-element elementor-element-7b97dee elementor-widget elementor-widget-text-editor\" data-id=\"7b97dee\" data-element_type=\"widget\" data-e-type=\"widget\" data-widget_type=\"text-editor.default\">\n\t\t\t\t<div class=\"elementor-widget-container\">\n\t\t\t\t\t\t\t\t\tFrom the scientific abstract, <b>\u201cThe role of the brazilian external quality assessment program In the improvement of glycated hemoglobin measurement\u201d<\/b>, a scientific letter was published by the publisher <a href=\"https:\/\/www.degruyter.com\/\" target=\"_blank\" style=\"color: #e62550;\" rel=\"noopener\">De Gruyter<\/a> on december, 1, 2023. To access, <a href=\"https:\/\/www.degruyter.com\/document\/doi\/10.1515\/cclm-2023-1207\/html\" target=\"_blank\" style=\"color: #e62550;\" rel=\"noopener\">click here<\/a>.\t\t\t\t\t\t\t\t<\/div>\n\t\t\t\t<\/div>\n\t\t\t\t<div class=\"elementor-element elementor-element-a86a0b0 elementor-widget elementor-widget-heading\" data-id=\"a86a0b0\" data-element_type=\"widget\" data-e-type=\"widget\" data-widget_type=\"heading.default\">\n\t\t\t\t<div class=\"elementor-widget-container\">\n\t\t\t\t\t<h2 class=\"elementor-heading-title elementor-size-default\">\"Westgard Rules\" and Multirules<\/h2>\t\t\t\t<\/div>\n\t\t\t\t<\/div>\n\t\t\t\t<div class=\"elementor-element elementor-element-729e774 elementor-widget elementor-widget-text-editor\" data-id=\"729e774\" data-element_type=\"widget\" data-e-type=\"widget\" data-widget_type=\"text-editor.default\">\n\t\t\t\t<div class=\"elementor-widget-container\">\n\t\t\t\t\t\t\t\t\t<div>To promote the concepts of internal control, <strong>Controllab<\/strong> received authorization from <strong>James O. Westgard<\/strong> to translate articles authored by him on Multiple Rules. These rules employ a combination of decision criteria and\/or control rules to determine whether an analytical run is &#8216;in control&#8217; or &#8216;out of control.&#8217; Widely recognized as the Westgard Multiple Rules QC Procedure, it is embraced as a global standard. For access to the original articles and additional texts, please visit: <a style=\"color: #e62550;\" href=\"https:\/\/westgard.com\" target=\"_blank\" rel=\"nofollow noopener\">westgard.com<\/a><\/div>\t\t\t\t\t\t\t\t<\/div>\n\t\t\t\t<\/div>\n\t\t\t\t<div class=\"elementor-element elementor-element-3d68866 elementor-posts--thumbnail-none elementor-grid-3 elementor-grid-tablet-2 elementor-grid-mobile-1 elementor-posts__hover-gradient load-more-align-center elementor-widget elementor-widget-posts\" data-id=\"3d68866\" data-element_type=\"widget\" data-e-type=\"widget\" data-settings=\"{&quot;pagination_type&quot;:&quot;load_more_on_click&quot;,&quot;cards_columns&quot;:&quot;3&quot;,&quot;cards_columns_tablet&quot;:&quot;2&quot;,&quot;cards_columns_mobile&quot;:&quot;1&quot;,&quot;cards_row_gap&quot;:{&quot;unit&quot;:&quot;px&quot;,&quot;size&quot;:35,&quot;sizes&quot;:[]},&quot;cards_row_gap_tablet&quot;:{&quot;unit&quot;:&quot;px&quot;,&quot;size&quot;:&quot;&quot;,&quot;sizes&quot;:[]},&quot;cards_row_gap_mobile&quot;:{&quot;unit&quot;:&quot;px&quot;,&quot;size&quot;:&quot;&quot;,&quot;sizes&quot;:[]},&quot;load_more_spinner&quot;:{&quot;value&quot;:&quot;fas fa-spinner&quot;,&quot;library&quot;:&quot;fa-solid&quot;}}\" data-widget_type=\"posts.cards\">\n\t\t\t\t<div class=\"elementor-widget-container\">\n\t\t\t\t\t\t\t<div class=\"elementor-posts-container elementor-posts elementor-posts--skin-cards elementor-grid\" role=\"list\">\n\t\t\t\t<article class=\"elementor-post elementor-grid-item post-32601 artigos type-artigos status-publish hentry tag-controle-interno\" role=\"listitem\">\n\t\t\t<div class=\"elementor-post__card\">\n\t\t\t\t<div class=\"elementor-post__text\">\n\t\t\t\t<h3 class=\"elementor-post__title\">\n\t\t\t<a href=\"https:\/\/controllab.com\/en\/learning\/articles\/regras-multiplas-e-regras-de-westgard-o-que-sao\/\">\n\t\t\t\tRegras M\u00faltiplas e &#8220;Regras de Westgard&#8221;: O que s\u00e3o?\t\t\t<\/a>\n\t\t<\/h3>\n\t\t\t\t<div class=\"elementor-post__excerpt\">\n\t\t\t<p>James O. Westgard<\/p>\n\t\t<\/div>\n\t\t\t\t<\/div>\n\t\t\t\t\t<\/div>\n\t\t<\/article>\n\t\t\t\t<article class=\"elementor-post elementor-grid-item post-32613 artigos type-artigos status-publish hentry tag-controle-interno\" role=\"listitem\">\n\t\t\t<div class=\"elementor-post__card\">\n\t\t\t\t<div class=\"elementor-post__text\">\n\t\t\t\t<h3 class=\"elementor-post__title\">\n\t\t\t<a href=\"https:\/\/controllab.com\/en\/learning\/articles\/controle-de-qualidade-interpretacao-das-regras-multiplas\/\">\n\t\t\t\tControle de Qualidade: Interpreta\u00e7\u00e3o das Regras M\u00faltiplas\t\t\t<\/a>\n\t\t<\/h3>\n\t\t\t\t<div class=\"elementor-post__excerpt\">\n\t\t\t<p>James O. Westgard<\/p>\n\t\t<\/div>\n\t\t\t\t<\/div>\n\t\t\t\t\t<\/div>\n\t\t<\/article>\n\t\t\t\t<article class=\"elementor-post elementor-grid-item post-32618 artigos type-artigos status-publish hentry tag-controle-interno\" role=\"listitem\">\n\t\t\t<div class=\"elementor-post__card\">\n\t\t\t\t<div class=\"elementor-post__text\">\n\t\t\t\t<h3 class=\"elementor-post__title\">\n\t\t\t<a href=\"https:\/\/controllab.com\/en\/learning\/articles\/melhores-praticas-para-as-regras-de-westgard\/\">\n\t\t\t\tMelhores Pr\u00e1ticas para as &#8220;Regras de Westgard&#8221;\t\t\t<\/a>\n\t\t<\/h3>\n\t\t\t\t<div class=\"elementor-post__excerpt\">\n\t\t\t<p>James O. Westgard<\/p>\n\t\t<\/div>\n\t\t\t\t<\/div>\n\t\t\t\t\t<\/div>\n\t\t<\/article>\n\t\t\t\t<article class=\"elementor-post elementor-grid-item post-32630 artigos type-artigos status-publish hentry tag-controle-interno\" role=\"listitem\">\n\t\t\t<div class=\"elementor-post__card\">\n\t\t\t\t<div class=\"elementor-post__text\">\n\t\t\t\t<h3 class=\"elementor-post__title\">\n\t\t\t<a href=\"https:\/\/controllab.com\/en\/learning\/articles\/regras-multiplas-e-regras-de-westgard-graficos-da-funcao-poder\/\">\n\t\t\t\tRegras M\u00faltiplas e &#8220;Regras de Westgard&#8221;: Gr\u00e1ficos da Fun\u00e7\u00e3o Poder\t\t\t<\/a>\n\t\t<\/h3>\n\t\t\t\t<div class=\"elementor-post__excerpt\">\n\t\t\t<p>James O. Westgard<\/p>\n\t\t<\/div>\n\t\t\t\t<\/div>\n\t\t\t\t\t<\/div>\n\t\t<\/article>\n\t\t\t\t<article class=\"elementor-post elementor-grid-item post-32637 artigos type-artigos status-publish hentry tag-controle-interno\" role=\"listitem\">\n\t\t\t<div class=\"elementor-post__card\">\n\t\t\t\t<div class=\"elementor-post__text\">\n\t\t\t\t<h3 class=\"elementor-post__title\">\n\t\t\t<a href=\"https:\/\/controllab.com\/en\/learning\/articles\/grafico-shewhart-de-regras-multiplas-para-controle-de-qualidade-em-bioquimica\/\">\n\t\t\t\tGr\u00e1fico Shewhart de Regras M\u00faltiplas para Controle de Qualidade em Bioqu\u00edmica\t\t\t<\/a>\n\t\t<\/h3>\n\t\t\t\t<div class=\"elementor-post__excerpt\">\n\t\t\t<p>James O. Westgard<\/p>\n\t\t<\/div>\n\t\t\t\t<\/div>\n\t\t\t\t\t<\/div>\n\t\t<\/article>\n\t\t\t\t<article class=\"elementor-post elementor-grid-item post-32644 artigos type-artigos status-publish hentry tag-controle-interno\" role=\"listitem\">\n\t\t\t<div class=\"elementor-post__card\">\n\t\t\t\t<div class=\"elementor-post__text\">\n\t\t\t\t<h3 class=\"elementor-post__title\">\n\t\t\t<a href=\"https:\/\/controllab.com\/en\/learning\/articles\/os-fazer-e-os-nao-fazer-do-controle-de-qualidade-implicacoes-para-a-tecnologia-futura-do-cq\/\">\n\t\t\t\tOs Fazer e os N\u00e3o Fazer do Controle de Qualidade Implica\u00e7\u00f5es para a tecnologia futura do CQ\t\t\t<\/a>\n\t\t<\/h3>\n\t\t\t\t<div class=\"elementor-post__excerpt\">\n\t\t\t<p>James O. Westgard<\/p>\n\t\t<\/div>\n\t\t\t\t<\/div>\n\t\t\t\t\t<\/div>\n\t\t<\/article>\n\t\t\t\t<\/div>\n\t\t\t\t\t<span class=\"e-load-more-spinner\">\n\t\t\t\t<svg aria-hidden=\"true\" class=\"e-font-icon-svg e-fas-spinner\" viewBox=\"0 0 512 512\" xmlns=\"http:\/\/www.w3.org\/2000\/svg\"><path d=\"M304 48c0 26.51-21.49 48-48 48s-48-21.49-48-48 21.49-48 48-48 48 21.49 48 48zm-48 368c-26.51 0-48 21.49-48 48s21.49 48 48 48 48-21.49 48-48-21.49-48-48-48zm208-208c-26.51 0-48 21.49-48 48s21.49 48 48 48 48-21.49 48-48-21.49-48-48-48zM96 256c0-26.51-21.49-48-48-48S0 229.49 0 256s21.49 48 48 48 48-21.49 48-48zm12.922 99.078c-26.51 0-48 21.49-48 48s21.49 48 48 48 48-21.49 48-48c0-26.509-21.491-48-48-48zm294.156 0c-26.51 0-48 21.49-48 48s21.49 48 48 48 48-21.49 48-48c0-26.509-21.49-48-48-48zM108.922 60.922c-26.51 0-48 21.49-48 48s21.49 48 48 48 48-21.49 48-48-21.491-48-48-48z\"><\/path><\/svg>\t\t\t<\/span>\n\t\t\n\t\t\t\t\t\t<\/div>\n\t\t\t\t<\/div>\n\t\t\t\t\t<\/div>\n\t\t<\/div>\n\t\t\t\t\t<\/div>\n\t\t<\/section>\n\t\t\t\t<\/div>\n\t\t","protected":false},"excerpt":{"rendered":"<p>SCIENTIFIC ABSTRACTS Controllab Publications SCIENTIFIC ARTICLES De Gruyter From the scientific abstract, \u201cThe role of the brazilian external quality assessment program In the improvement of glycated<span class=\"excerpt-hellip\"> [\u2026]<\/span><\/p>\n","protected":false},"author":1,"featured_media":0,"parent":89684,"menu_order":0,"comment_status":"closed","ping_status":"closed","template":"","meta":{"_acf_changed":false,"footnotes":""},"class_list":["post-117283","page","type-page","status-publish","hentry"],"acf":[],"_links":{"self":[{"href":"https:\/\/controllab.com\/en\/wp-json\/wp\/v2\/pages\/117283","targetHints":{"allow":["GET"]}}],"collection":[{"href":"https:\/\/controllab.com\/en\/wp-json\/wp\/v2\/pages"}],"about":[{"href":"https:\/\/controllab.com\/en\/wp-json\/wp\/v2\/types\/page"}],"author":[{"embeddable":true,"href":"https:\/\/controllab.com\/en\/wp-json\/wp\/v2\/users\/1"}],"replies":[{"embeddable":true,"href":"https:\/\/controllab.com\/en\/wp-json\/wp\/v2\/comments?post=117283"}],"version-history":[{"count":0,"href":"https:\/\/controllab.com\/en\/wp-json\/wp\/v2\/pages\/117283\/revisions"}],"up":[{"embeddable":true,"href":"https:\/\/controllab.com\/en\/wp-json\/wp\/v2\/pages\/89684"}],"wp:attachment":[{"href":"https:\/\/controllab.com\/en\/wp-json\/wp\/v2\/media?parent=117283"}],"curies":[{"name":"wp","href":"https:\/\/api.w.org\/{rel}","templated":true}]}}