{"id":89684,"date":"2022-11-24T14:19:53","date_gmt":"2022-11-24T17:19:53","guid":{"rendered":"https:\/\/controllab.com\/learning\/"},"modified":"2024-03-26T11:43:47","modified_gmt":"2024-03-26T14:43:47","slug":"learning","status":"publish","type":"page","link":"https:\/\/controllab.com\/en\/learning\/","title":{"rendered":"Learning"},"content":{"rendered":"\t\t<div data-elementor-type=\"wp-page\" data-elementor-id=\"89684\" class=\"elementor elementor-89684 elementor-86632\">\n\t\t\t\t\t\t<section class=\"has_ae_slider elementor-section elementor-top-section elementor-element elementor-element-759d77b elementor-section-boxed elementor-section-height-default elementor-section-height-default ae-bg-gallery-type-default\" data-id=\"759d77b\" data-element_type=\"section\" data-e-type=\"section\">\n\t\t\t\t\t\t<div class=\"elementor-container elementor-column-gap-default\">\n\t\t\t\t\t<div class=\"has_ae_slider elementor-column elementor-col-50 elementor-top-column elementor-element elementor-element-a772b2b ae-bg-gallery-type-default\" data-id=\"a772b2b\" data-element_type=\"column\" data-e-type=\"column\">\n\t\t\t<div class=\"elementor-widget-wrap elementor-element-populated\">\n\t\t\t\t\t\t<div class=\"elementor-element elementor-element-b793a39 elementor-widget elementor-widget-image\" data-id=\"b793a39\" data-element_type=\"widget\" data-e-type=\"widget\" data-widget_type=\"image.default\">\n\t\t\t\t<div class=\"elementor-widget-container\">\n\t\t\t\t\t\t\t\t\t\t\t\t\t\t\t<img fetchpriority=\"high\" decoding=\"async\" width=\"1024\" height=\"401\" src=\"https:\/\/controllab.com\/wp-content\/uploads\/ensino-a-distancia-en2.png\" class=\"attachment-large size-large wp-image-88698\" alt=\"\" srcset=\"https:\/\/controllab.com\/wp-content\/uploads\/ensino-a-distancia-en2.png 1024w, https:\/\/controllab.com\/wp-content\/uploads\/ensino-a-distancia-en2-800x313.png 800w, https:\/\/controllab.com\/wp-content\/uploads\/ensino-a-distancia-en2-768x301.png 768w, https:\/\/controllab.com\/wp-content\/uploads\/ensino-a-distancia-en2-150x59.png 150w, https:\/\/controllab.com\/wp-content\/uploads\/ensino-a-distancia-en2-480x188.png 480w\" sizes=\"(max-width:767px) 480px, (max-width:1024px) 100vw, 1024px\" \/>\t\t\t\t\t\t\t\t\t\t\t\t\t\t\t<\/div>\n\t\t\t\t<\/div>\n\t\t\t\t\t<\/div>\n\t\t<\/div>\n\t\t\t\t<div class=\"has_ae_slider elementor-column elementor-col-50 elementor-top-column elementor-element elementor-element-b795997 ae-bg-gallery-type-default\" data-id=\"b795997\" data-element_type=\"column\" data-e-type=\"column\">\n\t\t\t<div class=\"elementor-widget-wrap elementor-element-populated\">\n\t\t\t\t\t\t<div class=\"elementor-element elementor-element-e897fe7 elementor-widget elementor-widget-heading\" data-id=\"e897fe7\" data-element_type=\"widget\" data-e-type=\"widget\" data-widget_type=\"heading.default\">\n\t\t\t\t<div class=\"elementor-widget-container\">\n\t\t\t\t\t<h1 class=\"elementor-heading-title elementor-size-default\">Educating to<br>promote quality <\/h1>\t\t\t\t<\/div>\n\t\t\t\t<\/div>\n\t\t\t\t<div class=\"elementor-element elementor-element-4d52eb3 elementor-widget elementor-widget-text-editor\" data-id=\"4d52eb3\" data-element_type=\"widget\" data-e-type=\"widget\" data-widget_type=\"text-editor.default\">\n\t\t\t\t<div class=\"elementor-widget-container\">\n\t\t\t\t\t\t\t\t\t<p>Since 1990, the <strong>Controllab<\/strong> Team and its advisors have been developing educational actions with the purpose of promoting the recycling of knowledge and the improvement of laboratory activities.<\/p>\n\t\t\t\t\t\t\t\t<\/div>\n\t\t\t\t<\/div>\n\t\t\t\t\t<\/div>\n\t\t<\/div>\n\t\t\t\t\t<\/div>\n\t\t<\/section>\n\t\t\t\t<section class=\"has_ae_slider elementor-section elementor-top-section elementor-element elementor-element-c3b89c3 elementor-hidden-tablet elementor-hidden-mobile elementor-section-boxed elementor-section-height-default elementor-section-height-default ae-bg-gallery-type-default\" data-id=\"c3b89c3\" data-element_type=\"section\" data-e-type=\"section\">\n\t\t\t\t\t\t<div class=\"elementor-container elementor-column-gap-default\">\n\t\t\t\t\t<div data-dce-background-color=\"#F4F4F4\" class=\"has_ae_slider elementor-column elementor-col-33 elementor-top-column elementor-element elementor-element-3e1fe3a ae-bg-gallery-type-default\" data-id=\"3e1fe3a\" data-element_type=\"column\" data-e-type=\"column\" data-settings=\"{&quot;background_background&quot;:&quot;classic&quot;}\">\n\t\t\t<div class=\"elementor-widget-wrap elementor-element-populated\">\n\t\t\t\t\t\t<div class=\"elementor-element elementor-element-03454d1 elementor-widget elementor-widget-image\" data-id=\"03454d1\" data-element_type=\"widget\" data-e-type=\"widget\" data-widget_type=\"image.default\">\n\t\t\t\t<div class=\"elementor-widget-container\">\n\t\t\t\t\t\t\t\t\t\t\t\t\t\t\t<img decoding=\"async\" width=\"61\" height=\"51\" src=\"https:\/\/controllab.com\/wp-content\/uploads\/escassez_1.png\" class=\"attachment-full size-full wp-image-88031\" alt=\"\" srcset=\"https:\/\/controllab.com\/wp-content\/uploads\/escassez_1.png 61w, https:\/\/controllab.com\/wp-content\/uploads\/escassez_1-50x42.png 50w\" sizes=\"(max-width:767px) 61px, 61px\" \/>\t\t\t\t\t\t\t\t\t\t\t\t\t\t\t<\/div>\n\t\t\t\t<\/div>\n\t\t\t\t<div class=\"elementor-element elementor-element-8d52c97 elementor-widget elementor-widget-text-editor\" data-id=\"8d52c97\" data-element_type=\"widget\" data-e-type=\"widget\" data-widget_type=\"text-editor.default\">\n\t\t\t\t<div class=\"elementor-widget-container\">\n\t\t\t\t\t\t\t\t\t<p style=\"text-align: center;\">Originated by the scarcity of information for the laboratories, this work has been perpetuated thanks to the accumulated experience and the constant exchange of information with clients.<\/p>\n\t\t\t\t\t\t\t\t<\/div>\n\t\t\t\t<\/div>\n\t\t\t\t\t<\/div>\n\t\t<\/div>\n\t\t\t\t<div data-dce-background-color=\"#FFFFFF\" class=\"has_ae_slider elementor-column elementor-col-33 elementor-top-column elementor-element elementor-element-0cd52f4 ae-bg-gallery-type-default\" data-id=\"0cd52f4\" data-element_type=\"column\" data-e-type=\"column\" data-settings=\"{&quot;background_background&quot;:&quot;classic&quot;}\">\n\t\t\t<div class=\"elementor-widget-wrap elementor-element-populated\">\n\t\t\t\t\t\t<div class=\"elementor-element elementor-element-bc0643a elementor-widget elementor-widget-image\" data-id=\"bc0643a\" data-element_type=\"widget\" data-e-type=\"widget\" data-widget_type=\"image.default\">\n\t\t\t\t<div class=\"elementor-widget-container\">\n\t\t\t\t\t\t\t\t\t\t\t\t\t\t\t<img decoding=\"async\" width=\"61\" height=\"61\" src=\"https:\/\/controllab.com\/wp-content\/uploads\/alguns-materiais.png\" class=\"attachment-full size-full wp-image-88034\" alt=\"\" srcset=\"https:\/\/controllab.com\/wp-content\/uploads\/alguns-materiais.png 61w, https:\/\/controllab.com\/wp-content\/uploads\/alguns-materiais-50x50.png 50w\" sizes=\"(max-width:767px) 61px, 61px\" \/>\t\t\t\t\t\t\t\t\t\t\t\t\t\t\t<\/div>\n\t\t\t\t<\/div>\n\t\t\t\t<div class=\"elementor-element elementor-element-7c2f691 elementor-widget elementor-widget-text-editor\" data-id=\"7c2f691\" data-element_type=\"widget\" data-e-type=\"widget\" data-widget_type=\"text-editor.default\">\n\t\t\t\t<div class=\"elementor-widget-container\">\n\t\t\t\t\t\t\t\t\t<p style=\"text-align: center;\">Some materials and tools are exclusive to <strong>Controllab<\/strong> customers, such as illustrated questionnaires, forms and instructions for quality control and equipment\/materials.<\/p>\n\t\t\t\t\t\t\t\t<\/div>\n\t\t\t\t<\/div>\n\t\t\t\t\t<\/div>\n\t\t<\/div>\n\t\t\t\t<div data-dce-background-color=\"#F4F4F4\" class=\"has_ae_slider elementor-column elementor-col-33 elementor-top-column elementor-element elementor-element-271adc6 ae-bg-gallery-type-default\" data-id=\"271adc6\" data-element_type=\"column\" data-e-type=\"column\" data-settings=\"{&quot;background_background&quot;:&quot;classic&quot;}\">\n\t\t\t<div class=\"elementor-widget-wrap elementor-element-populated\">\n\t\t\t\t\t\t<div class=\"elementor-element elementor-element-88713e5 elementor-widget elementor-widget-image\" data-id=\"88713e5\" data-element_type=\"widget\" data-e-type=\"widget\" data-widget_type=\"image.default\">\n\t\t\t\t<div class=\"elementor-widget-container\">\n\t\t\t\t\t\t\t\t\t\t\t\t\t\t\t<img loading=\"lazy\" decoding=\"async\" width=\"61\" height=\"61\" src=\"https:\/\/controllab.com\/wp-content\/uploads\/outrosmateriais.png\" class=\"attachment-full size-full wp-image-88037\" alt=\"\" srcset=\"https:\/\/controllab.com\/wp-content\/uploads\/outrosmateriais.png 61w, https:\/\/controllab.com\/wp-content\/uploads\/outrosmateriais-50x50.png 50w\" sizes=\"(max-width:767px) 61px, 61px\" \/>\t\t\t\t\t\t\t\t\t\t\t\t\t\t\t<\/div>\n\t\t\t\t<\/div>\n\t\t\t\t<div class=\"elementor-element elementor-element-f99a135 elementor-widget elementor-widget-text-editor\" data-id=\"f99a135\" data-element_type=\"widget\" data-e-type=\"widget\" data-widget_type=\"text-editor.default\">\n\t\t\t\t<div class=\"elementor-widget-container\">\n\t\t\t\t\t\t\t\t\t<p style=\"text-align: center;\">Other materials are freely available to the laboratory community. They include articles, manuals\/books, translations, illustrated quizzes (a selection) and course\/lecture materials.<\/p>\n\t\t\t\t\t\t\t\t<\/div>\n\t\t\t\t<\/div>\n\t\t\t\t\t<\/div>\n\t\t<\/div>\n\t\t\t\t\t<\/div>\n\t\t<\/section>\n\t\t\t\t<section class=\"has_ae_slider elementor-section elementor-top-section elementor-element elementor-element-877b5bd elementor-section-stretched elementor-section-boxed elementor-section-height-default elementor-section-height-default ae-bg-gallery-type-default\" data-id=\"877b5bd\" data-element_type=\"section\" data-e-type=\"section\" data-settings=\"{&quot;stretch_section&quot;:&quot;section-stretched&quot;,&quot;background_background&quot;:&quot;classic&quot;}\">\n\t\t\t\t\t\t<div class=\"elementor-container elementor-column-gap-default\">\n\t\t\t\t\t<div class=\"has_ae_slider elementor-column elementor-col-16 elementor-top-column elementor-element elementor-element-8eef6fe ae-bg-gallery-type-default\" data-id=\"8eef6fe\" data-element_type=\"column\" data-e-type=\"column\">\n\t\t\t<div class=\"elementor-widget-wrap elementor-element-populated\">\n\t\t\t\t\t\t<div class=\"elementor-element elementor-element-60fee0d elementor-widget elementor-widget-image\" data-id=\"60fee0d\" data-element_type=\"widget\" data-e-type=\"widget\" data-widget_type=\"image.default\">\n\t\t\t\t<div class=\"elementor-widget-container\">\n\t\t\t\t\t\t\t\t\t\t\t\t\t\t\t\t<a href=\"https:\/\/controllab.com\/en\/learning\/online-meeting\/\">\n\t\t\t\t\t\t\t<img loading=\"lazy\" decoding=\"async\" width=\"300\" height=\"300\" src=\"https:\/\/controllab.com\/wp-content\/uploads\/encontros-online-thumb-300x300.png\" class=\"attachment-thumbnail size-thumbnail wp-image-87862\" alt=\"\" srcset=\"https:\/\/controllab.com\/wp-content\/uploads\/encontros-online-thumb-300x300.png 300w, https:\/\/controllab.com\/wp-content\/uploads\/encontros-online-thumb-85x85.png 85w, https:\/\/controllab.com\/wp-content\/uploads\/encontros-online-thumb-80x80.png 80w\" sizes=\"(max-width:767px) 300px, 300px\" \/>\t\t\t\t\t\t\t\t<\/a>\n\t\t\t\t\t\t\t\t\t\t\t\t\t\t\t<\/div>\n\t\t\t\t<\/div>\n\t\t\t\t<div class=\"elementor-element elementor-element-a118e29 elementor-widget elementor-widget-heading\" data-id=\"a118e29\" data-element_type=\"widget\" data-e-type=\"widget\" data-widget_type=\"heading.default\">\n\t\t\t\t<div class=\"elementor-widget-container\">\n\t\t\t\t\t<h5 class=\"elementor-heading-title elementor-size-default\"><a href=\"https:\/\/controllab.com\/ensino\/casos-digitalizados\/\">Online Meeting<\/a><\/h5>\t\t\t\t<\/div>\n\t\t\t\t<\/div>\n\t\t\t\t\t<\/div>\n\t\t<\/div>\n\t\t\t\t<div class=\"has_ae_slider elementor-column elementor-col-16 elementor-top-column elementor-element elementor-element-0a4cd19 ae-bg-gallery-type-default\" data-id=\"0a4cd19\" data-element_type=\"column\" data-e-type=\"column\">\n\t\t\t<div class=\"elementor-widget-wrap elementor-element-populated\">\n\t\t\t\t\t\t<div class=\"elementor-element elementor-element-0720fd5 elementor-widget elementor-widget-image\" data-id=\"0720fd5\" data-element_type=\"widget\" data-e-type=\"widget\" data-widget_type=\"image.default\">\n\t\t\t\t<div class=\"elementor-widget-container\">\n\t\t\t\t\t\t\t\t\t\t\t\t\t\t\t\t<a href=\"https:\/\/controllab.com\/en\/learning\/talking-a\/\">\n\t\t\t\t\t\t\t<img loading=\"lazy\" decoding=\"async\" width=\"300\" height=\"300\" src=\"https:\/\/controllab.com\/wp-content\/uploads\/conversaDEventos-1-300x300.png\" class=\"attachment-thumbnail size-thumbnail wp-image-88205\" alt=\"\" srcset=\"https:\/\/controllab.com\/wp-content\/uploads\/conversaDEventos-1-300x300.png 300w, https:\/\/controllab.com\/wp-content\/uploads\/conversaDEventos-1-600x600.png 600w, https:\/\/controllab.com\/wp-content\/uploads\/conversaDEventos-1-85x85.png 85w, https:\/\/controllab.com\/wp-content\/uploads\/conversaDEventos-1-80x80.png 80w\" sizes=\"(max-width:767px) 300px, 300px\" \/>\t\t\t\t\t\t\t\t<\/a>\n\t\t\t\t\t\t\t\t\t\t\t\t\t\t\t<\/div>\n\t\t\t\t<\/div>\n\t\t\t\t<div class=\"elementor-element elementor-element-940d833 elementor-widget elementor-widget-heading\" data-id=\"940d833\" data-element_type=\"widget\" data-e-type=\"widget\" data-widget_type=\"heading.default\">\n\t\t\t\t<div class=\"elementor-widget-container\">\n\t\t\t\t\t<h5 class=\"elementor-heading-title elementor-size-default\"><a href=\"https:\/\/controllab.com\/en\/learning\/talking-a\/\">Talking A<\/a><\/h5>\t\t\t\t<\/div>\n\t\t\t\t<\/div>\n\t\t\t\t\t<\/div>\n\t\t<\/div>\n\t\t\t\t<div class=\"has_ae_slider elementor-column elementor-col-16 elementor-top-column elementor-element elementor-element-2353436 ae-bg-gallery-type-default\" data-id=\"2353436\" data-element_type=\"column\" data-e-type=\"column\">\n\t\t\t<div class=\"elementor-widget-wrap elementor-element-populated\">\n\t\t\t\t\t\t<div class=\"elementor-element elementor-element-36a6130 elementor-widget elementor-widget-image\" data-id=\"36a6130\" data-element_type=\"widget\" data-e-type=\"widget\" data-widget_type=\"image.default\">\n\t\t\t\t<div class=\"elementor-widget-container\">\n\t\t\t\t\t\t\t\t\t\t\t\t\t\t\t\t<a href=\"https:\/\/controllab.com\/en\/casos-digitalizados-2\/\">\n\t\t\t\t\t\t\t<img loading=\"lazy\" decoding=\"async\" width=\"300\" height=\"300\" src=\"https:\/\/controllab.com\/wp-content\/uploads\/casos-300x300.png\" class=\"attachment-thumbnail size-thumbnail wp-image-87393\" alt=\"\" srcset=\"https:\/\/controllab.com\/wp-content\/uploads\/casos-300x300.png 300w, https:\/\/controllab.com\/wp-content\/uploads\/casos-146x146.png 146w, https:\/\/controllab.com\/wp-content\/uploads\/casos-50x50.png 50w, https:\/\/controllab.com\/wp-content\/uploads\/casos-75x75.png 75w, https:\/\/controllab.com\/wp-content\/uploads\/casos-85x85.png 85w, https:\/\/controllab.com\/wp-content\/uploads\/casos-80x80.png 80w, https:\/\/controllab.com\/wp-content\/uploads\/casos.png 400w\" sizes=\"(max-width:767px) 300px, 300px\" \/>\t\t\t\t\t\t\t\t<\/a>\n\t\t\t\t\t\t\t\t\t\t\t\t\t\t\t<\/div>\n\t\t\t\t<\/div>\n\t\t\t\t<div class=\"elementor-element elementor-element-c964c1b elementor-widget elementor-widget-heading\" data-id=\"c964c1b\" data-element_type=\"widget\" data-e-type=\"widget\" data-widget_type=\"heading.default\">\n\t\t\t\t<div class=\"elementor-widget-container\">\n\t\t\t\t\t<h5 class=\"elementor-heading-title elementor-size-default\"><a href=\"https:\/\/controllab.com\/en\/learning\/digitized-cases-and-case-studies\/\">Digitized Cases<\/a><\/h5>\t\t\t\t<\/div>\n\t\t\t\t<\/div>\n\t\t\t\t\t<\/div>\n\t\t<\/div>\n\t\t\t\t<div class=\"has_ae_slider elementor-column elementor-col-16 elementor-top-column elementor-element elementor-element-86b4fcf ae-bg-gallery-type-default\" data-id=\"86b4fcf\" data-element_type=\"column\" data-e-type=\"column\">\n\t\t\t<div class=\"elementor-widget-wrap elementor-element-populated\">\n\t\t\t\t\t\t<div class=\"elementor-element elementor-element-d739ef3 elementor-widget elementor-widget-image\" data-id=\"d739ef3\" data-element_type=\"widget\" data-e-type=\"widget\" data-widget_type=\"image.default\">\n\t\t\t\t<div class=\"elementor-widget-container\">\n\t\t\t\t\t\t\t\t\t\t\t\t\t\t\t\t<a href=\"https:\/\/controllab.com\/en\/learning\/books\/\">\n\t\t\t\t\t\t\t<img loading=\"lazy\" decoding=\"async\" width=\"300\" height=\"300\" src=\"https:\/\/controllab.com\/wp-content\/uploads\/livros-300x300.png\" class=\"attachment-thumbnail size-thumbnail wp-image-87412\" alt=\"\" srcset=\"https:\/\/controllab.com\/wp-content\/uploads\/livros-300x300.png 300w, https:\/\/controllab.com\/wp-content\/uploads\/livros-146x146.png 146w, https:\/\/controllab.com\/wp-content\/uploads\/livros-50x50.png 50w, https:\/\/controllab.com\/wp-content\/uploads\/livros-75x75.png 75w, https:\/\/controllab.com\/wp-content\/uploads\/livros-85x85.png 85w, https:\/\/controllab.com\/wp-content\/uploads\/livros-80x80.png 80w, https:\/\/controllab.com\/wp-content\/uploads\/livros.png 400w\" sizes=\"(max-width:767px) 300px, 300px\" \/>\t\t\t\t\t\t\t\t<\/a>\n\t\t\t\t\t\t\t\t\t\t\t\t\t\t\t<\/div>\n\t\t\t\t<\/div>\n\t\t\t\t<div class=\"elementor-element elementor-element-2375aee elementor-widget elementor-widget-heading\" data-id=\"2375aee\" data-element_type=\"widget\" data-e-type=\"widget\" data-widget_type=\"heading.default\">\n\t\t\t\t<div class=\"elementor-widget-container\">\n\t\t\t\t\t<h5 class=\"elementor-heading-title elementor-size-default\"><a href=\"https:\/\/controllab.com\/en\/learning\/books\/\">Controllab and third party books<\/a><\/h5>\t\t\t\t<\/div>\n\t\t\t\t<\/div>\n\t\t\t\t\t<\/div>\n\t\t<\/div>\n\t\t\t\t<div class=\"has_ae_slider elementor-column elementor-col-16 elementor-top-column elementor-element elementor-element-c7ffa35 ae-bg-gallery-type-default\" data-id=\"c7ffa35\" data-element_type=\"column\" data-e-type=\"column\">\n\t\t\t<div class=\"elementor-widget-wrap elementor-element-populated\">\n\t\t\t\t\t\t<div class=\"elementor-element elementor-element-f2e8590 elementor-widget elementor-widget-image\" data-id=\"f2e8590\" data-element_type=\"widget\" data-e-type=\"widget\" data-widget_type=\"image.default\">\n\t\t\t\t<div class=\"elementor-widget-container\">\n\t\t\t\t\t\t\t\t\t\t\t\t\t\t\t\t<a href=\"https:\/\/controllab.com\/en\/learning\/atlas\/\">\n\t\t\t\t\t\t\t<img loading=\"lazy\" decoding=\"async\" width=\"300\" height=\"300\" src=\"https:\/\/controllab.com\/wp-content\/uploads\/atlas-4-300x300.png\" class=\"attachment-thumbnail size-thumbnail wp-image-105692\" alt=\"\" srcset=\"https:\/\/controllab.com\/wp-content\/uploads\/atlas-4-300x300.png 300w, https:\/\/controllab.com\/wp-content\/uploads\/atlas-4-150x150.png 150w\" sizes=\"(max-width:767px) 300px, 300px\" \/>\t\t\t\t\t\t\t\t<\/a>\n\t\t\t\t\t\t\t\t\t\t\t\t\t\t\t<\/div>\n\t\t\t\t<\/div>\n\t\t\t\t<div class=\"elementor-element elementor-element-d33c07c elementor-widget elementor-widget-heading\" data-id=\"d33c07c\" data-element_type=\"widget\" data-e-type=\"widget\" data-widget_type=\"heading.default\">\n\t\t\t\t<div class=\"elementor-widget-container\">\n\t\t\t\t\t<h5 class=\"elementor-heading-title elementor-size-default\"><a href=\"https:\/\/controllab.com\/en\/learning\/atlas\/\">Atlas<\/a><\/h5>\t\t\t\t<\/div>\n\t\t\t\t<\/div>\n\t\t\t\t\t<\/div>\n\t\t<\/div>\n\t\t\t\t<div class=\"has_ae_slider elementor-column elementor-col-16 elementor-top-column elementor-element elementor-element-883810f ae-bg-gallery-type-default\" data-id=\"883810f\" data-element_type=\"column\" data-e-type=\"column\">\n\t\t\t<div class=\"elementor-widget-wrap elementor-element-populated\">\n\t\t\t\t\t\t<div class=\"elementor-element elementor-element-3faf712 elementor-widget elementor-widget-image\" data-id=\"3faf712\" data-element_type=\"widget\" data-e-type=\"widget\" data-widget_type=\"image.default\">\n\t\t\t\t<div class=\"elementor-widget-container\">\n\t\t\t\t\t\t\t\t\t\t\t\t\t\t\t\t<a href=\"https:\/\/controllab.com\/en\/learning\/scientific-abstracts-and-articles\/\">\n\t\t\t\t\t\t\t<img loading=\"lazy\" decoding=\"async\" width=\"300\" height=\"300\" src=\"https:\/\/controllab.com\/wp-content\/uploads\/Estudos-de-caso_2-1-300x300.png\" class=\"attachment-thumbnail size-thumbnail wp-image-88215\" alt=\"\" srcset=\"https:\/\/controllab.com\/wp-content\/uploads\/Estudos-de-caso_2-1-300x300.png 300w, https:\/\/controllab.com\/wp-content\/uploads\/Estudos-de-caso_2-1-600x600.png 600w, https:\/\/controllab.com\/wp-content\/uploads\/Estudos-de-caso_2-1-85x85.png 85w, https:\/\/controllab.com\/wp-content\/uploads\/Estudos-de-caso_2-1-80x80.png 80w\" sizes=\"(max-width:767px) 300px, 300px\" \/>\t\t\t\t\t\t\t\t<\/a>\n\t\t\t\t\t\t\t\t\t\t\t\t\t\t\t<\/div>\n\t\t\t\t<\/div>\n\t\t\t\t<div class=\"elementor-element elementor-element-ddc6e0d elementor-widget elementor-widget-heading\" data-id=\"ddc6e0d\" data-element_type=\"widget\" data-e-type=\"widget\" data-widget_type=\"heading.default\">\n\t\t\t\t<div class=\"elementor-widget-container\">\n\t\t\t\t\t<h5 class=\"elementor-heading-title elementor-size-default\"><a href=\"https:\/\/controllab.com\/en\/learning\/scientific-abstracts-and-articles\/\">Scientific Abstracts and Articles<\/a><\/h5>\t\t\t\t<\/div>\n\t\t\t\t<\/div>\n\t\t\t\t\t<\/div>\n\t\t<\/div>\n\t\t\t\t\t<\/div>\n\t\t<\/section>\n\t\t\t\t<section data-dce-background-color=\"#F2F3F2\" class=\"has_ae_slider elementor-section elementor-top-section elementor-element elementor-element-23523c32 elementor-section-full_width elementor-section-stretched elementor-section-height-default elementor-section-height-default ae-bg-gallery-type-default\" data-id=\"23523c32\" data-element_type=\"section\" data-e-type=\"section\" data-settings=\"{&quot;background_background&quot;:&quot;classic&quot;,&quot;stretch_section&quot;:&quot;section-stretched&quot;}\">\n\t\t\t\t\t\t<div class=\"elementor-container elementor-column-gap-default\">\n\t\t\t\t\t<div class=\"has_ae_slider elementor-column elementor-col-100 elementor-top-column elementor-element elementor-element-25a2e287 ae-bg-gallery-type-default\" data-id=\"25a2e287\" data-element_type=\"column\" data-e-type=\"column\">\n\t\t\t<div class=\"elementor-widget-wrap elementor-element-populated\">\n\t\t\t\t\t\t<section class=\"has_ae_slider elementor-section elementor-inner-section elementor-element elementor-element-23ba8aa elementor-section-boxed elementor-section-height-default elementor-section-height-default ae-bg-gallery-type-default\" data-id=\"23ba8aa\" data-element_type=\"section\" data-e-type=\"section\">\n\t\t\t\t\t\t<div class=\"elementor-container elementor-column-gap-default\">\n\t\t\t\t\t<div class=\"has_ae_slider elementor-column elementor-col-50 elementor-inner-column elementor-element elementor-element-5455906e ae-bg-gallery-type-default\" data-id=\"5455906e\" data-element_type=\"column\" data-e-type=\"column\">\n\t\t\t<div class=\"elementor-widget-wrap elementor-element-populated\">\n\t\t\t\t\t\t<div class=\"elementor-element elementor-element-4a761d13 elementor-widget elementor-widget-heading\" data-id=\"4a761d13\" data-element_type=\"widget\" data-e-type=\"widget\" data-widget_type=\"heading.default\">\n\t\t\t\t<div class=\"elementor-widget-container\">\n\t\t\t\t\t<h2 class=\"elementor-heading-title elementor-size-default\">Sign up for our newsletter<\/h2>\t\t\t\t<\/div>\n\t\t\t\t<\/div>\n\t\t\t\t<div class=\"elementor-element elementor-element-33bf1d74 elementor-widget elementor-widget-text-editor\" data-id=\"33bf1d74\" data-element_type=\"widget\" data-e-type=\"widget\" data-widget_type=\"text-editor.default\">\n\t\t\t\t<div class=\"elementor-widget-container\">\n\t\t\t\t\t\t\t\t\t<p>Receba publica\u00e7\u00f5es relevantes sobre laborat\u00f3rio e solu\u00e7\u00f5es para<br \/>\n<span style=\"letter-spacing: 0px;\">gest\u00e3o da qualidade.<\/span><\/p>\n\t\t\t\t\t\t\t\t<\/div>\n\t\t\t\t<\/div>\n\t\t\t\t\t<\/div>\n\t\t<\/div>\n\t\t\t\t<div class=\"has_ae_slider elementor-column elementor-col-50 elementor-inner-column elementor-element elementor-element-3b3b8f58 ae-bg-gallery-type-default\" data-id=\"3b3b8f58\" data-element_type=\"column\" data-e-type=\"column\">\n\t\t\t<div class=\"elementor-widget-wrap elementor-element-populated\">\n\t\t\t\t\t\t<div class=\"elementor-element elementor-element-50803aa4 elementor-widget elementor-widget-form\" data-id=\"50803aa4\" data-element_type=\"widget\" data-e-type=\"widget\" data-widget_type=\"form.default\">\n\t\t\t\t<div class=\"elementor-widget-container\">\n\t\t\t\t\t \t\t\t\t<\/div>\n\t\t\t\t<\/div>\n\t\t\t\t\t<\/div>\n\t\t<\/div>\n\t\t\t\t\t<\/div>\n\t\t<\/section>\n\t\t\t\t\t<\/div>\n\t\t<\/div>\n\t\t\t\t\t<\/div>\n\t\t<\/section>\n\t\t\t\t<\/div>\n\t\t","protected":false},"excerpt":{"rendered":"<p>Educating topromote quality Since 1990, the Controllab Team and its advisors have been developing educational actions with the purpose of promoting the recycling of knowledge and<span class=\"excerpt-hellip\"> [\u2026]<\/span><\/p>\n","protected":false},"author":277,"featured_media":4901,"parent":0,"menu_order":197,"comment_status":"closed","ping_status":"closed","template":"","meta":{"footnotes":""},"class_list":["post-89684","page","type-page","status-publish","has-post-thumbnail","hentry"],"_links":{"self":[{"href":"https:\/\/controllab.com\/en\/wp-json\/wp\/v2\/pages\/89684","targetHints":{"allow":["GET"]}}],"collection":[{"href":"https:\/\/controllab.com\/en\/wp-json\/wp\/v2\/pages"}],"about":[{"href":"https:\/\/controllab.com\/en\/wp-json\/wp\/v2\/types\/page"}],"author":[{"embeddable":true,"href":"https:\/\/controllab.com\/en\/wp-json\/wp\/v2\/users\/277"}],"replies":[{"embeddable":true,"href":"https:\/\/controllab.com\/en\/wp-json\/wp\/v2\/comments?post=89684"}],"version-history":[{"count":0,"href":"https:\/\/controllab.com\/en\/wp-json\/wp\/v2\/pages\/89684\/revisions"}],"wp:featuredmedia":[{"embeddable":true,"href":"https:\/\/controllab.com\/en\/wp-json\/wp\/v2\/media\/4901"}],"wp:attachment":[{"href":"https:\/\/controllab.com\/en\/wp-json\/wp\/v2\/media?parent=89684"}],"curies":[{"name":"wp","href":"https:\/\/api.w.org\/{rel}","templated":true}]}}