{"id":150191,"date":"2023-05-20T09:04:27","date_gmt":"2023-05-20T12:04:27","guid":{"rendered":"https:\/\/controllab.com\/?post_type=product&#038;p=150191"},"modified":"2024-10-28T15:45:12","modified_gmt":"2024-10-28T18:45:12","slug":"coffees-teas-and-infusion-products","status":"publish","type":"product","link":"https:\/\/controllab.com\/en\/program\/coffees-teas-and-infusion-products\/","title":{"rendered":"Coffees, Teas and Infusion Products"},"content":{"rendered":"\t\t<div data-elementor-type=\"product-post\" data-elementor-id=\"150191\" class=\"elementor elementor-150191 elementor-149960\" data-elementor-post-type=\"product\">\n\t\t\t\t\t\t<section class=\"has_ae_slider elementor-section elementor-top-section elementor-element elementor-element-f35d108 elementor-section-boxed elementor-section-height-default elementor-section-height-default ae-bg-gallery-type-default\" data-id=\"f35d108\" data-element_type=\"section\" data-e-type=\"section\">\n\t\t\t\t\t\t<div class=\"elementor-container elementor-column-gap-default\">\n\t\t\t\t\t<div class=\"has_ae_slider elementor-column elementor-col-100 elementor-top-column elementor-element elementor-element-90059b7 ae-bg-gallery-type-default\" data-id=\"90059b7\" data-element_type=\"column\" data-e-type=\"column\">\n\t\t\t<div class=\"elementor-widget-wrap\">\n\t\t\t\t\t\t\t<\/div>\n\t\t<\/div>\n\t\t\t\t\t<\/div>\n\t\t<\/section>\n\t\t\t\t<section class=\"has_ae_slider elementor-section elementor-top-section elementor-element elementor-element-e0a2f4d elementor-section-boxed elementor-section-height-default elementor-section-height-default ae-bg-gallery-type-default\" data-id=\"e0a2f4d\" data-element_type=\"section\" data-e-type=\"section\">\n\t\t\t\t\t\t<div class=\"elementor-container elementor-column-gap-default\">\n\t\t\t\t\t<div class=\"has_ae_slider elementor-column elementor-col-50 elementor-top-column elementor-element elementor-element-4b1e159 ae-bg-gallery-type-default\" data-id=\"4b1e159\" data-element_type=\"column\" data-e-type=\"column\">\n\t\t\t<div class=\"elementor-widget-wrap elementor-element-populated\">\n\t\t\t\t\t\t<div class=\"elementor-element elementor-element-e386ea9 elementor-widget elementor-widget-text-editor\" data-id=\"e386ea9\" data-element_type=\"widget\" data-e-type=\"widget\" data-widget_type=\"text-editor.default\">\n\t\t\t\t<div class=\"elementor-widget-container\">\n\t\t\t\t\t\t\t\t\t<p><strong>Caf\u00e9s, t\u00e9s y productos de infusi\u00f3n<\/strong><\/p><p>Recuento de bacterias:<\/p><ul><li>Bacterias mes\u00f3filas aerobias viables<\/li><li><em>Escherichia coli<\/em><\/li><\/ul><p>Prueba para:<\/p><ul><li><em>Salmonella spp.<\/em><\/li><\/ul>\t\t\t\t\t\t\t\t<\/div>\n\t\t\t\t<\/div>\n\t\t\t\t\t<\/div>\n\t\t<\/div>\n\t\t\t\t<div class=\"has_ae_slider elementor-column elementor-col-50 elementor-top-column elementor-element elementor-element-29692f0 ae-bg-gallery-type-default\" data-id=\"29692f0\" data-element_type=\"column\" data-e-type=\"column\">\n\t\t\t<div class=\"elementor-widget-wrap elementor-element-populated\">\n\t\t\t\t\t\t\t<\/div>\n\t\t<\/div>\n\t\t\t\t\t<\/div>\n\t\t<\/section>\n\t\t\t\t<\/div>\n\t\t","protected":false},"excerpt":{"rendered":"<p>Caf\u00e9s, t\u00e9s y productos de infusi\u00f3n Recuento de bacterias: Bacterias mes\u00f3filas aerobias viables Escherichia coli Prueba para: Salmonella spp.<\/p>\n","protected":false},"featured_media":149999,"template":"","meta":{"_acf_changed":false},"product_brand":[],"product_cat":[433,1716,647],"product_tag":[],"class_list":{"0":"post-150191","1":"product","2":"type-product","3":"status-publish","4":"has-post-thumbnail","6":"product_cat-ep-en","7":"product_cat-food","8":"product_cat-microbiological","9":"tm-has-options","11":"first","12":"instock","13":"taxable","14":"shipping-taxable","15":"purchasable","16":"product-type-simple"},"acf":[],"_links":{"self":[{"href":"https:\/\/controllab.com\/en\/wp-json\/wp\/v2\/product\/150191","targetHints":{"allow":["GET"]}}],"collection":[{"href":"https:\/\/controllab.com\/en\/wp-json\/wp\/v2\/product"}],"about":[{"href":"https:\/\/controllab.com\/en\/wp-json\/wp\/v2\/types\/product"}],"version-history":[{"count":1,"href":"https:\/\/controllab.com\/en\/wp-json\/wp\/v2\/product\/150191\/revisions"}],"predecessor-version":[{"id":171098,"href":"https:\/\/controllab.com\/en\/wp-json\/wp\/v2\/product\/150191\/revisions\/171098"}],"wp:featuredmedia":[{"embeddable":true,"href":"https:\/\/controllab.com\/en\/wp-json\/wp\/v2\/media\/149999"}],"wp:attachment":[{"href":"https:\/\/controllab.com\/en\/wp-json\/wp\/v2\/media?parent=150191"}],"wp:term":[{"taxonomy":"product_brand","embeddable":true,"href":"https:\/\/controllab.com\/en\/wp-json\/wp\/v2\/product_brand?post=150191"},{"taxonomy":"product_cat","embeddable":true,"href":"https:\/\/controllab.com\/en\/wp-json\/wp\/v2\/product_cat?post=150191"},{"taxonomy":"product_tag","embeddable":true,"href":"https:\/\/controllab.com\/en\/wp-json\/wp\/v2\/product_tag?post=150191"}],"curies":[{"name":"wp","href":"https:\/\/api.w.org\/{rel}","templated":true}]}}