{"id":40533,"date":"2021-02-09T08:34:34","date_gmt":"2021-02-09T11:34:34","guid":{"rendered":"https:\/\/controllab.com\/?post_type=product&#038;p=40533"},"modified":"2026-01-26T10:48:45","modified_gmt":"2026-01-26T13:48:45","slug":"vet-urinalise-ea-e-bioquimica","status":"publish","type":"product","link":"https:\/\/controllab.com\/en\/program\/vet-urinalise-ea-e-bioquimica\/","title":{"rendered":"Urinalysis &#8211; Abnormal Elements and Biochemistry"},"content":{"rendered":"\t\t<div data-elementor-type=\"product-post\" data-elementor-id=\"40533\" class=\"elementor elementor-40533 elementor-27229\" data-elementor-post-type=\"product\">\n\t\t\t\t\t\t<section class=\"has_ae_slider elementor-section elementor-top-section elementor-element elementor-element-4de63fa9 elementor-section-boxed elementor-section-height-default elementor-section-height-default ae-bg-gallery-type-default\" data-id=\"4de63fa9\" data-element_type=\"section\" data-e-type=\"section\">\n\t\t\t\t\t\t<div class=\"elementor-container elementor-column-gap-default\">\n\t\t\t\t\t<div class=\"has_ae_slider elementor-column elementor-col-100 elementor-top-column elementor-element elementor-element-4347c6ae ae-bg-gallery-type-default\" data-id=\"4347c6ae\" data-element_type=\"column\" data-e-type=\"column\">\n\t\t\t<div class=\"elementor-widget-wrap elementor-element-populated\">\n\t\t\t\t\t\t<div class=\"elementor-element elementor-element-22002444 elementor-widget elementor-widget-text-editor\" data-id=\"22002444\" data-element_type=\"widget\" data-e-type=\"widget\" data-widget_type=\"text-editor.default\">\n\t\t\t\t<div class=\"elementor-widget-container\">\n\t\t\t\t\t\t\t\t\t<p><strong>Urinalysis Abnormal Elements<\/strong><\/p><ul><li>Total Bilirubin<\/li><li>Ketone Bodies<\/li><li>Glucose<\/li><li>Hemolyzed Hemoglobin<\/li><li>Leukocytes<\/li><li>Nitrite<\/li><li>Proteins<\/li><li>Urobilinogen<\/li><li>pH (strip)<\/li><li>pH (automation)<\/li><li><span style=\"letter-spacing: 0px\">Density (automation)<\/span><\/li><\/ul><p style=\"text-align: left\"><strong>Biochemical Urinalysis<\/strong><\/p><ul><li>Total Calcium<\/li><li>Creatinine<\/li><li>gGT<\/li><li>Glucose<\/li><li>Total Protein<\/li><\/ul>\t\t\t\t\t\t\t\t<\/div>\n\t\t\t\t<\/div>\n\t\t\t\t\t<\/div>\n\t\t<\/div>\n\t\t\t\t\t<\/div>\n\t\t<\/section>\n\t\t\t\t<\/div>\n\t\t","protected":false},"excerpt":{"rendered":"<p>Urin\u00e1lise Elementos Anormais Bilirrubina Total Corpos Cet\u00f4nicos Glicose Hemoglobina Hemolisada Leuc\u00f3citos Nitrito Prote\u00ednas Urobilinog\u00eanio pH (tira) pH (automa\u00e7\u00e3o) Densidade (automa\u00e7\u00e3o) Urin\u00e1lise Bioqu\u00edmica C\u00e1lcio Total Creatinina gGT<span class=\"excerpt-hellip\"> [\u2026]<\/span><\/p>\n","protected":false},"featured_media":17207,"template":"","meta":{"_acf_changed":false},"product_brand":[],"product_cat":[439,433,432,649],"product_tag":[],"class_list":{"0":"post-40533","1":"product","2":"type-product","3":"status-publish","4":"has-post-thumbnail","6":"product_cat-ci-en","7":"product_cat-ep-en","8":"product_cat-urinelysis","9":"product_cat-veterinary","10":"tm-has-options","12":"first","13":"instock","14":"taxable","15":"shipping-taxable","16":"purchasable","17":"product-type-simple"},"acf":[],"_links":{"self":[{"href":"https:\/\/controllab.com\/en\/wp-json\/wp\/v2\/product\/40533","targetHints":{"allow":["GET"]}}],"collection":[{"href":"https:\/\/controllab.com\/en\/wp-json\/wp\/v2\/product"}],"about":[{"href":"https:\/\/controllab.com\/en\/wp-json\/wp\/v2\/types\/product"}],"version-history":[{"count":3,"href":"https:\/\/controllab.com\/en\/wp-json\/wp\/v2\/product\/40533\/revisions"}],"predecessor-version":[{"id":207129,"href":"https:\/\/controllab.com\/en\/wp-json\/wp\/v2\/product\/40533\/revisions\/207129"}],"wp:featuredmedia":[{"embeddable":true,"href":"https:\/\/controllab.com\/en\/wp-json\/wp\/v2\/media\/17207"}],"wp:attachment":[{"href":"https:\/\/controllab.com\/en\/wp-json\/wp\/v2\/media?parent=40533"}],"wp:term":[{"taxonomy":"product_brand","embeddable":true,"href":"https:\/\/controllab.com\/en\/wp-json\/wp\/v2\/product_brand?post=40533"},{"taxonomy":"product_cat","embeddable":true,"href":"https:\/\/controllab.com\/en\/wp-json\/wp\/v2\/product_cat?post=40533"},{"taxonomy":"product_tag","embeddable":true,"href":"https:\/\/controllab.com\/en\/wp-json\/wp\/v2\/product_tag?post=40533"}],"curies":[{"name":"wp","href":"https:\/\/api.w.org\/{rel}","templated":true}]}}