{"id":107142,"date":"2023-05-23T08:24:43","date_gmt":"2023-05-23T11:24:43","guid":{"rendered":"https:\/\/controllab.com\/educacion\/atlas\/"},"modified":"2025-09-16T13:41:07","modified_gmt":"2025-09-16T16:41:07","slug":"atlas","status":"publish","type":"page","link":"https:\/\/controllab.com\/es\/educacion\/atlas\/","title":{"rendered":"Atlas"},"content":{"rendered":"\t\t<div data-elementor-type=\"wp-page\" data-elementor-id=\"107142\" class=\"elementor elementor-107142 elementor-102921\" data-elementor-post-type=\"page\">\n\t\t\t\t\t\t<section class=\"has_ae_slider elementor-section elementor-top-section elementor-element elementor-element-c5a54a9 elementor-section-stretched elementor-section-boxed elementor-section-height-default elementor-section-height-default ae-bg-gallery-type-default\" data-id=\"c5a54a9\" data-element_type=\"section\" data-e-type=\"section\" data-settings=\"{&quot;stretch_section&quot;:&quot;section-stretched&quot;}\">\n\t\t\t\t\t\t<div class=\"elementor-container elementor-column-gap-custom\">\n\t\t\t\t\t<div class=\"has_ae_slider elementor-column elementor-col-33 elementor-top-column elementor-element elementor-element-75b3a21 ae-bg-gallery-type-default\" data-id=\"75b3a21\" data-element_type=\"column\" data-e-type=\"column\">\n\t\t\t<div class=\"elementor-widget-wrap elementor-element-populated\">\n\t\t\t\t\t\t<div class=\"elementor-element elementor-element-118e4d4 elementor-widget elementor-widget-heading\" data-id=\"118e4d4\" data-element_type=\"widget\" data-e-type=\"widget\" data-widget_type=\"heading.default\">\n\t\t\t\t<div class=\"elementor-widget-container\">\n\t\t\t\t\t<h4 class=\"elementor-heading-title elementor-size-default\">CONTROLLAB<\/h4>\t\t\t\t<\/div>\n\t\t\t\t<\/div>\n\t\t\t\t<div class=\"elementor-element elementor-element-f132c52 elementor-grid-3 elementor-grid-tablet-2 elementor-grid-mobile-1 elementor-posts--thumbnail-top elementor-widget elementor-widget-posts\" data-id=\"f132c52\" data-element_type=\"widget\" data-e-type=\"widget\" data-settings=\"{&quot;classic_columns&quot;:&quot;3&quot;,&quot;classic_columns_tablet&quot;:&quot;2&quot;,&quot;classic_columns_mobile&quot;:&quot;1&quot;,&quot;classic_row_gap&quot;:{&quot;unit&quot;:&quot;px&quot;,&quot;size&quot;:35,&quot;sizes&quot;:[]},&quot;classic_row_gap_tablet&quot;:{&quot;unit&quot;:&quot;px&quot;,&quot;size&quot;:&quot;&quot;,&quot;sizes&quot;:[]},&quot;classic_row_gap_mobile&quot;:{&quot;unit&quot;:&quot;px&quot;,&quot;size&quot;:&quot;&quot;,&quot;sizes&quot;:[]}}\" data-widget_type=\"posts.classic\">\n\t\t\t\t<div class=\"elementor-widget-container\">\n\t\t\t\t\t\t\t<div class=\"elementor-posts-container elementor-posts elementor-posts--skin-classic elementor-grid\" role=\"list\">\n\t\t\t\t<article class=\"elementor-post elementor-grid-item post-192585 atlas type-atlas status-publish has-post-thumbnail hentry tag-controllab-atlas tag-hematologia-es tag-hemograma-es tag-serie-branca-es atlas_cat-controllab\" role=\"listitem\">\n\t\t\t\t<a class=\"elementor-post__thumbnail__link\" href=\"https:\/\/controllab.com\/es\/ensino\/atlas\/hematologia-hemograma-serie-blanca\/\" tabindex=\"-1\" >\n\t\t\t<div class=\"elementor-post__thumbnail\"><img fetchpriority=\"high\" decoding=\"async\" width=\"415\" height=\"600\" src=\"https:\/\/controllab.com\/wp-content\/uploads\/capa-es-mini-atlas-415x600.png\" class=\"attachment-medium size-medium wp-image-195782\" alt=\"\" srcset=\"https:\/\/controllab.com\/wp-content\/uploads\/capa-es-mini-atlas-415x600.png 415w, https:\/\/controllab.com\/wp-content\/uploads\/capa-es-mini-atlas-709x1024.png 709w, https:\/\/controllab.com\/wp-content\/uploads\/capa-es-mini-atlas-52x75.png 52w, https:\/\/controllab.com\/wp-content\/uploads\/capa-es-mini-atlas-480x693.png 480w, https:\/\/controllab.com\/wp-content\/uploads\/capa-es-mini-atlas-346x500.png 346w, https:\/\/controllab.com\/wp-content\/uploads\/capa-es-mini-atlas.png 720w\" sizes=\"(max-width:767px) 415px, 415px\" \/><\/div>\n\t\t<\/a>\n\t\t\t\t<div class=\"elementor-post__text\">\n\t\t\n\t\t<a class=\"elementor-post__read-more\" href=\"https:\/\/controllab.com\/es\/ensino\/atlas\/hematologia-hemograma-serie-blanca\/\" aria-label=\"M\u00e1s informaci\u00f3n sobre Hematolog\u00eda | Hemograma &#8211; Serie Blanca\" tabindex=\"-1\" >\n\t\t\t\t\t<\/a>\n\n\t\t\t\t<\/div>\n\t\t\t\t<\/article>\n\t\t\t\t<article class=\"elementor-post elementor-grid-item post-113744 atlas type-atlas status-publish has-post-thumbnail hentry tag-controllab-atlas tag-hematologia-es tag-hemograma-es\" role=\"listitem\">\n\t\t\t\t<a class=\"elementor-post__thumbnail__link\" href=\"https:\/\/controllab.com\/es\/ensino\/atlas\/atlas-de-hematologia-hemograma-serie-roja\/\" tabindex=\"-1\" >\n\t\t\t<div class=\"elementor-post__thumbnail\"><img decoding=\"async\" width=\"415\" height=\"600\" src=\"https:\/\/controllab.com\/wp-content\/uploads\/capa-es-415x600.png\" class=\"attachment-medium size-medium wp-image-165117\" alt=\"\" srcset=\"https:\/\/controllab.com\/wp-content\/uploads\/capa-es-415x600.png 415w, https:\/\/controllab.com\/wp-content\/uploads\/capa-es-709x1024.png 709w, https:\/\/controllab.com\/wp-content\/uploads\/capa-es-52x75.png 52w, https:\/\/controllab.com\/wp-content\/uploads\/capa-es-480x693.png 480w, https:\/\/controllab.com\/wp-content\/uploads\/capa-es.png 720w\" sizes=\"(max-width:767px) 415px, 415px\" \/><\/div>\n\t\t<\/a>\n\t\t\t\t<div class=\"elementor-post__text\">\n\t\t\n\t\t<a class=\"elementor-post__read-more\" href=\"https:\/\/controllab.com\/es\/ensino\/atlas\/atlas-de-hematologia-hemograma-serie-roja\/\" aria-label=\"M\u00e1s informaci\u00f3n sobre Hematolog\u00eda | Hemograma &#8211; Serie Roja\" tabindex=\"-1\" >\n\t\t\t\t\t<\/a>\n\n\t\t\t\t<\/div>\n\t\t\t\t<\/article>\n\t\t\t\t<article class=\"elementor-post elementor-grid-item post-156921 atlas type-atlas status-publish has-post-thumbnail hentry tag-controllab-atlas tag-parasitologia-es\" role=\"listitem\">\n\t\t\t\t<a class=\"elementor-post__thumbnail__link\" href=\"https:\/\/controllab.com\/es\/ensino\/atlas\/parasitologia\/\" tabindex=\"-1\" >\n\t\t\t<div class=\"elementor-post__thumbnail\"><img decoding=\"async\" width=\"415\" height=\"600\" src=\"https:\/\/controllab.com\/wp-content\/uploads\/Slide2-2-415x600.jpg\" class=\"attachment-medium size-medium wp-image-113771\" alt=\"\" srcset=\"https:\/\/controllab.com\/wp-content\/uploads\/Slide2-2-415x600.jpg 415w, https:\/\/controllab.com\/wp-content\/uploads\/Slide2-2-709x1024.jpg 709w, https:\/\/controllab.com\/wp-content\/uploads\/Slide2-2-52x75.jpg 52w, https:\/\/controllab.com\/wp-content\/uploads\/Slide2-2-480x693.jpg 480w, https:\/\/controllab.com\/wp-content\/uploads\/Slide2-2.jpg 720w\" sizes=\"(max-width:767px) 415px, 415px\" \/><\/div>\n\t\t<\/a>\n\t\t\t\t<div class=\"elementor-post__text\">\n\t\t\n\t\t<a class=\"elementor-post__read-more\" href=\"https:\/\/controllab.com\/es\/ensino\/atlas\/parasitologia\/\" aria-label=\"M\u00e1s informaci\u00f3n sobre Parasitolog\u00eda\" tabindex=\"-1\" >\n\t\t\t\t\t<\/a>\n\n\t\t\t\t<\/div>\n\t\t\t\t<\/article>\n\t\t\t\t<article class=\"elementor-post elementor-grid-item post-106289 atlas type-atlas status-publish has-post-thumbnail hentry tag-controllab-atlas\" role=\"listitem\">\n\t\t\t\t<a class=\"elementor-post__thumbnail__link\" href=\"https:\/\/controllab.com\/es\/ensino\/atlas\/sedimento-urinario\/\" tabindex=\"-1\" >\n\t\t\t<div class=\"elementor-post__thumbnail\"><img loading=\"lazy\" decoding=\"async\" width=\"415\" height=\"600\" src=\"https:\/\/controllab.com\/wp-content\/uploads\/Slide2-1-415x600.jpg\" class=\"attachment-medium size-medium wp-image-112018\" alt=\"\" srcset=\"https:\/\/controllab.com\/wp-content\/uploads\/Slide2-1-415x600.jpg 415w, https:\/\/controllab.com\/wp-content\/uploads\/Slide2-1-709x1024.jpg 709w, https:\/\/controllab.com\/wp-content\/uploads\/Slide2-1-52x75.jpg 52w, https:\/\/controllab.com\/wp-content\/uploads\/Slide2-1-480x693.jpg 480w, https:\/\/controllab.com\/wp-content\/uploads\/Slide2-1.jpg 720w\" sizes=\"(max-width:767px) 415px, 415px\" \/><\/div>\n\t\t<\/a>\n\t\t\t\t<div class=\"elementor-post__text\">\n\t\t\n\t\t<a class=\"elementor-post__read-more\" href=\"https:\/\/controllab.com\/es\/ensino\/atlas\/sedimento-urinario\/\" aria-label=\"M\u00e1s informaci\u00f3n sobre Sedimento Urinario\" tabindex=\"-1\" >\n\t\t\t\t\t<\/a>\n\n\t\t\t\t<\/div>\n\t\t\t\t<\/article>\n\t\t\t\t<\/div>\n\t\t\n\t\t\t\t\t\t<\/div>\n\t\t\t\t<\/div>\n\t\t\t\t\t<\/div>\n\t\t<\/div>\n\t\t\t\t<div class=\"has_ae_slider elementor-column elementor-col-33 elementor-top-column elementor-element elementor-element-50c9bfc ae-bg-gallery-type-default\" data-id=\"50c9bfc\" data-element_type=\"column\" data-e-type=\"column\">\n\t\t\t<div class=\"elementor-widget-wrap elementor-element-populated\">\n\t\t\t\t\t\t<div class=\"elementor-element elementor-element-5ccc457 elementor-widget elementor-widget-heading\" data-id=\"5ccc457\" data-element_type=\"widget\" data-e-type=\"widget\" data-widget_type=\"heading.default\">\n\t\t\t\t<div class=\"elementor-widget-container\">\n\t\t\t\t\t<h4 class=\"elementor-heading-title elementor-size-default\">APOYO CONTROLLAB<\/h4>\t\t\t\t<\/div>\n\t\t\t\t<\/div>\n\t\t\t\t<div class=\"elementor-element elementor-element-385e251 elementor-grid-3 elementor-grid-tablet-2 elementor-grid-mobile-1 elementor-posts--thumbnail-top elementor-widget elementor-widget-posts\" data-id=\"385e251\" data-element_type=\"widget\" data-e-type=\"widget\" data-settings=\"{&quot;classic_columns&quot;:&quot;3&quot;,&quot;classic_columns_tablet&quot;:&quot;2&quot;,&quot;classic_columns_mobile&quot;:&quot;1&quot;,&quot;classic_row_gap&quot;:{&quot;unit&quot;:&quot;px&quot;,&quot;size&quot;:35,&quot;sizes&quot;:[]},&quot;classic_row_gap_tablet&quot;:{&quot;unit&quot;:&quot;px&quot;,&quot;size&quot;:&quot;&quot;,&quot;sizes&quot;:[]},&quot;classic_row_gap_mobile&quot;:{&quot;unit&quot;:&quot;px&quot;,&quot;size&quot;:&quot;&quot;,&quot;sizes&quot;:[]}}\" data-widget_type=\"posts.classic\">\n\t\t\t\t<div class=\"elementor-widget-container\">\n\t\t\t\t\t\t\t<div class=\"elementor-posts-container elementor-posts elementor-posts--skin-classic elementor-grid\" role=\"list\">\n\t\t\t\t<article class=\"elementor-post elementor-grid-item post-107454 atlas type-atlas status-publish has-post-thumbnail hentry tag-coprologia-es\" role=\"listitem\">\n\t\t\t\t<a class=\"elementor-post__thumbnail__link\" href=\"https:\/\/controllab.com\/es\/ensino\/atlas\/cropologia-funcional\/\" tabindex=\"-1\" >\n\t\t\t<div class=\"elementor-post__thumbnail\"><img loading=\"lazy\" decoding=\"async\" width=\"415\" height=\"600\" src=\"https:\/\/controllab.com\/wp-content\/uploads\/Atlas_Volume_1_es_-415x600.jpg\" class=\"attachment-medium size-medium wp-image-107449\" alt=\"\" srcset=\"https:\/\/controllab.com\/wp-content\/uploads\/Atlas_Volume_1_es_-415x600.jpg 415w, https:\/\/controllab.com\/wp-content\/uploads\/Atlas_Volume_1_es_-709x1024.jpg 709w, https:\/\/controllab.com\/wp-content\/uploads\/Atlas_Volume_1_es_-52x75.jpg 52w, https:\/\/controllab.com\/wp-content\/uploads\/Atlas_Volume_1_es_-480x693.jpg 480w, https:\/\/controllab.com\/wp-content\/uploads\/Atlas_Volume_1_es_.jpg 720w\" sizes=\"(max-width:767px) 415px, 415px\" \/><\/div>\n\t\t<\/a>\n\t\t\t\t<div class=\"elementor-post__text\">\n\t\t\n\t\t<a class=\"elementor-post__read-more\" href=\"https:\/\/controllab.com\/es\/ensino\/atlas\/cropologia-funcional\/\" aria-label=\"M\u00e1s informaci\u00f3n sobre Coprolog\u00eda Funcional I\" tabindex=\"-1\" >\n\t\t\t\t\t<\/a>\n\n\t\t\t\t<\/div>\n\t\t\t\t<\/article>\n\t\t\t\t<article class=\"elementor-post elementor-grid-item post-107493 atlas type-atlas status-publish has-post-thumbnail hentry tag-coprologia-es\" role=\"listitem\">\n\t\t\t\t<a class=\"elementor-post__thumbnail__link\" href=\"https:\/\/controllab.com\/es\/ensino\/atlas\/coprologia-funcional-ii\/\" tabindex=\"-1\" >\n\t\t\t<div class=\"elementor-post__thumbnail\"><img loading=\"lazy\" decoding=\"async\" width=\"415\" height=\"600\" src=\"https:\/\/controllab.com\/wp-content\/uploads\/Atlas-volume2-esp-415x600.jpg\" class=\"attachment-medium size-medium wp-image-107452\" alt=\"\" srcset=\"https:\/\/controllab.com\/wp-content\/uploads\/Atlas-volume2-esp-415x600.jpg 415w, https:\/\/controllab.com\/wp-content\/uploads\/Atlas-volume2-esp-709x1024.jpg 709w, https:\/\/controllab.com\/wp-content\/uploads\/Atlas-volume2-esp-52x75.jpg 52w, https:\/\/controllab.com\/wp-content\/uploads\/Atlas-volume2-esp-480x693.jpg 480w, https:\/\/controllab.com\/wp-content\/uploads\/Atlas-volume2-esp.jpg 720w\" sizes=\"(max-width:767px) 415px, 415px\" \/><\/div>\n\t\t<\/a>\n\t\t\t\t<div class=\"elementor-post__text\">\n\t\t\n\t\t<a class=\"elementor-post__read-more\" href=\"https:\/\/controllab.com\/es\/ensino\/atlas\/coprologia-funcional-ii\/\" aria-label=\"M\u00e1s informaci\u00f3n sobre Coprologia Funcional II\" tabindex=\"-1\" >\n\t\t\t\t\t<\/a>\n\n\t\t\t\t<\/div>\n\t\t\t\t<\/article>\n\t\t\t\t<\/div>\n\t\t\n\t\t\t\t\t\t<\/div>\n\t\t\t\t<\/div>\n\t\t\t\t\t<\/div>\n\t\t<\/div>\n\t\t\t\t<div class=\"has_ae_slider elementor-column elementor-col-33 elementor-top-column elementor-element elementor-element-fc2048a ae-bg-gallery-type-default\" data-id=\"fc2048a\" data-element_type=\"column\" data-e-type=\"column\">\n\t\t\t<div class=\"elementor-widget-wrap elementor-element-populated\">\n\t\t\t\t\t\t<div class=\"elementor-element elementor-element-5015ab7 elementor-widget elementor-widget-heading\" data-id=\"5015ab7\" data-element_type=\"widget\" data-e-type=\"widget\" data-widget_type=\"heading.default\">\n\t\t\t\t<div class=\"elementor-widget-container\">\n\t\t\t\t\t<h4 class=\"elementor-heading-title elementor-size-default\">ATLAS DE TERCEROS<\/h4>\t\t\t\t<\/div>\n\t\t\t\t<\/div>\n\t\t\t\t<div class=\"elementor-element elementor-element-a0a6821 elementor-grid-3 elementor-grid-tablet-2 elementor-grid-mobile-1 elementor-posts--thumbnail-top elementor-widget elementor-widget-posts\" data-id=\"a0a6821\" data-element_type=\"widget\" data-e-type=\"widget\" data-settings=\"{&quot;classic_row_gap&quot;:{&quot;unit&quot;:&quot;px&quot;,&quot;size&quot;:0,&quot;sizes&quot;:[]},&quot;classic_columns&quot;:&quot;3&quot;,&quot;classic_columns_tablet&quot;:&quot;2&quot;,&quot;classic_columns_mobile&quot;:&quot;1&quot;,&quot;classic_row_gap_tablet&quot;:{&quot;unit&quot;:&quot;px&quot;,&quot;size&quot;:&quot;&quot;,&quot;sizes&quot;:[]},&quot;classic_row_gap_mobile&quot;:{&quot;unit&quot;:&quot;px&quot;,&quot;size&quot;:&quot;&quot;,&quot;sizes&quot;:[]}}\" data-widget_type=\"posts.classic\">\n\t\t\t\t<div class=\"elementor-widget-container\">\n\t\t\t\t\t\t\t<div class=\"elementor-posts-container elementor-posts elementor-posts--skin-classic elementor-grid\" role=\"list\">\n\t\t\t\t<article class=\"elementor-post elementor-grid-item post-107498 atlas type-atlas status-publish has-post-thumbnail hentry atlas_cat-terceiros\" role=\"listitem\">\n\t\t\t\t<a class=\"elementor-post__thumbnail__link\" href=\"https:\/\/controllab.com\/es\/ensino\/atlas\/atlas-cdc\/\" tabindex=\"-1\" >\n\t\t\t<div class=\"elementor-post__thumbnail\"><img loading=\"lazy\" decoding=\"async\" width=\"424\" height=\"600\" src=\"https:\/\/controllab.com\/wp-content\/uploads\/CDC2-1-424x600.png\" class=\"attachment-medium size-medium wp-image-104556\" alt=\"\" srcset=\"https:\/\/controllab.com\/wp-content\/uploads\/CDC2-1-424x600.png 424w, https:\/\/controllab.com\/wp-content\/uploads\/CDC2-1-800x1131.png 800w, https:\/\/controllab.com\/wp-content\/uploads\/CDC2-1-724x1024.png 724w, https:\/\/controllab.com\/wp-content\/uploads\/CDC2-1-768x1086.png 768w, https:\/\/controllab.com\/wp-content\/uploads\/CDC2-1-1086x1536.png 1086w, https:\/\/controllab.com\/wp-content\/uploads\/CDC2-1.png 1448w, https:\/\/controllab.com\/wp-content\/uploads\/CDC2-1-103x146.png 103w, https:\/\/controllab.com\/wp-content\/uploads\/CDC2-1-35x50.png 35w, https:\/\/controllab.com\/wp-content\/uploads\/CDC2-1-53x75.png 53w\" sizes=\"(max-width:767px) 424px, 424px\" \/><\/div>\n\t\t<\/a>\n\t\t\t\t<div class=\"elementor-post__text\">\n\t\t\n\t\t<a class=\"elementor-post__read-more\" href=\"https:\/\/controllab.com\/es\/ensino\/atlas\/atlas-cdc\/\" aria-label=\"M\u00e1s informaci\u00f3n sobre Atlas CDC\" tabindex=\"-1\" >\n\t\t\t\t\t<\/a>\n\n\t\t\t\t<\/div>\n\t\t\t\t<\/article>\n\t\t\t\t<article class=\"elementor-post elementor-grid-item post-107496 atlas type-atlas status-publish has-post-thumbnail hentry atlas_cat-terceiros\" role=\"listitem\">\n\t\t\t\t<a class=\"elementor-post__thumbnail__link\" href=\"https:\/\/controllab.com\/es\/ensino\/atlas\/atlas-ash\/\" tabindex=\"-1\" >\n\t\t\t<div class=\"elementor-post__thumbnail\"><img loading=\"lazy\" decoding=\"async\" width=\"424\" height=\"600\" src=\"https:\/\/controllab.com\/wp-content\/uploads\/ASH2-1-424x600.png\" class=\"attachment-medium size-medium wp-image-104577\" alt=\"\" srcset=\"https:\/\/controllab.com\/wp-content\/uploads\/ASH2-1-424x600.png 424w, https:\/\/controllab.com\/wp-content\/uploads\/ASH2-1-800x1131.png 800w, https:\/\/controllab.com\/wp-content\/uploads\/ASH2-1-724x1024.png 724w, https:\/\/controllab.com\/wp-content\/uploads\/ASH2-1-768x1086.png 768w, https:\/\/controllab.com\/wp-content\/uploads\/ASH2-1-1086x1536.png 1086w, https:\/\/controllab.com\/wp-content\/uploads\/ASH2-1.png 1448w, https:\/\/controllab.com\/wp-content\/uploads\/ASH2-1-103x146.png 103w, https:\/\/controllab.com\/wp-content\/uploads\/ASH2-1-35x50.png 35w, https:\/\/controllab.com\/wp-content\/uploads\/ASH2-1-53x75.png 53w\" sizes=\"(max-width:767px) 424px, 424px\" \/><\/div>\n\t\t<\/a>\n\t\t\t\t<div class=\"elementor-post__text\">\n\t\t\n\t\t<a class=\"elementor-post__read-more\" href=\"https:\/\/controllab.com\/es\/ensino\/atlas\/atlas-ash\/\" aria-label=\"M\u00e1s informaci\u00f3n sobre Atlas ASH\" tabindex=\"-1\" >\n\t\t\t\t\t<\/a>\n\n\t\t\t\t<\/div>\n\t\t\t\t<\/article>\n\t\t\t\t<article class=\"elementor-post elementor-grid-item post-187365 atlas type-atlas status-publish has-post-thumbnail hentry tag-atlas-es tag-citologia-es tag-citopatologia-es atlas_cat-terceiros\" role=\"listitem\">\n\t\t\t\t<a class=\"elementor-post__thumbnail__link\" href=\"https:\/\/controllab.com\/es\/ensino\/atlas\/citopatologia-del-cuello-uterino\/\" tabindex=\"-1\" >\n\t\t\t<div class=\"elementor-post__thumbnail\"><img loading=\"lazy\" decoding=\"async\" width=\"211\" height=\"288\" src=\"https:\/\/controllab.com\/wp-content\/uploads\/capa-citopatologia-es-1.jpg\" class=\"attachment-medium size-medium wp-image-187410\" alt=\"\" srcset=\"https:\/\/controllab.com\/wp-content\/uploads\/capa-citopatologia-es-1.jpg 211w, https:\/\/controllab.com\/wp-content\/uploads\/capa-citopatologia-es-1-55x75.jpg 55w\" sizes=\"(max-width:767px) 211px, 211px\" \/><\/div>\n\t\t<\/a>\n\t\t\t\t<div class=\"elementor-post__text\">\n\t\t\n\t\t<a class=\"elementor-post__read-more\" href=\"https:\/\/controllab.com\/es\/ensino\/atlas\/citopatologia-del-cuello-uterino\/\" aria-label=\"M\u00e1s informaci\u00f3n sobre Citopatolog\u00eda del Cuello Uterino\" tabindex=\"-1\" >\n\t\t\t\t\t<\/a>\n\n\t\t\t\t<\/div>\n\t\t\t\t<\/article>\n\t\t\t\t<article class=\"elementor-post elementor-grid-item post-187425 atlas type-atlas status-publish has-post-thumbnail hentry tag-citologia-es atlas_cat-terceiros\" role=\"listitem\">\n\t\t\t\t<a class=\"elementor-post__thumbnail__link\" href=\"https:\/\/controllab.com\/es\/ensino\/atlas\/atlas-de-citologia-de-bethesda\/\" tabindex=\"-1\" >\n\t\t\t<div class=\"elementor-post__thumbnail\"><img loading=\"lazy\" decoding=\"async\" width=\"429\" height=\"600\" src=\"https:\/\/controllab.com\/wp-content\/uploads\/capa-citilogia-es-429x600.jpg\" class=\"attachment-medium size-medium wp-image-187431\" alt=\"\" srcset=\"https:\/\/controllab.com\/wp-content\/uploads\/capa-citilogia-es-429x600.jpg 429w, https:\/\/controllab.com\/wp-content\/uploads\/capa-citilogia-es-54x75.jpg 54w, https:\/\/controllab.com\/wp-content\/uploads\/capa-citilogia-es-480x671.jpg 480w, https:\/\/controllab.com\/wp-content\/uploads\/capa-citilogia-es-358x500.jpg 358w, https:\/\/controllab.com\/wp-content\/uploads\/capa-citilogia-es.jpg 624w\" sizes=\"(max-width:767px) 429px, 429px\" \/><\/div>\n\t\t<\/a>\n\t\t\t\t<div class=\"elementor-post__text\">\n\t\t\n\t\t<a class=\"elementor-post__read-more\" href=\"https:\/\/controllab.com\/es\/ensino\/atlas\/atlas-de-citologia-de-bethesda\/\" aria-label=\"M\u00e1s informaci\u00f3n sobre Atlas de Citolog\u00eda de Bethesda\" tabindex=\"-1\" >\n\t\t\t\t\t<\/a>\n\n\t\t\t\t<\/div>\n\t\t\t\t<\/article>\n\t\t\t\t<article class=\"elementor-post elementor-grid-item post-187422 atlas type-atlas status-publish has-post-thumbnail hentry tag-citologia-es atlas_cat-terceiros\" role=\"listitem\">\n\t\t\t\t<a class=\"elementor-post__thumbnail__link\" href=\"https:\/\/controllab.com\/es\/ensino\/atlas\/classificacion-de-los-patrones-de-ana\/\" tabindex=\"-1\" >\n\t\t\t<div class=\"elementor-post__thumbnail\"><img loading=\"lazy\" decoding=\"async\" width=\"437\" height=\"600\" src=\"https:\/\/controllab.com\/wp-content\/uploads\/capa-atlas-icap-es-1.jpg\" class=\"attachment-medium size-medium wp-image-187479\" alt=\"\" srcset=\"https:\/\/controllab.com\/wp-content\/uploads\/capa-atlas-icap-es-1.jpg 437w, https:\/\/controllab.com\/wp-content\/uploads\/capa-atlas-icap-es-1-55x75.jpg 55w, https:\/\/controllab.com\/wp-content\/uploads\/capa-atlas-icap-es-1-364x500.jpg 364w\" sizes=\"(max-width:767px) 437px, 437px\" \/><\/div>\n\t\t<\/a>\n\t\t\t\t<div class=\"elementor-post__text\">\n\t\t\n\t\t<a class=\"elementor-post__read-more\" href=\"https:\/\/controllab.com\/es\/ensino\/atlas\/classificacion-de-los-patrones-de-ana\/\" aria-label=\"M\u00e1s informaci\u00f3n sobre Classificaci\u00f3n de los Patrones de ANA\" tabindex=\"-1\" >\n\t\t\t\t\t<\/a>\n\n\t\t\t\t<\/div>\n\t\t\t\t<\/article>\n\t\t\t\t<article class=\"elementor-post elementor-grid-item post-187300 atlas type-atlas status-publish has-post-thumbnail hentry tag-doencas-de-aves-es tag-microbiologia-es tag-parasitologia-es tag-patologia-es atlas_cat-terceiros\" role=\"listitem\">\n\t\t\t\t<a class=\"elementor-post__thumbnail__link\" href=\"https:\/\/controllab.com\/es\/ensino\/atlas\/atlas-de-veterinaria-microbiologia-parasitologia-patologia-y-enfermedades-de-aves\/\" tabindex=\"-1\" >\n\t\t\t<div class=\"elementor-post__thumbnail\"><img loading=\"lazy\" decoding=\"async\" width=\"430\" height=\"600\" src=\"https:\/\/controllab.com\/wp-content\/uploads\/atlas-de-veterinaria-es-430x600.jpg\" class=\"attachment-medium size-medium wp-image-187334\" alt=\"\" srcset=\"https:\/\/controllab.com\/wp-content\/uploads\/atlas-de-veterinaria-es-430x600.jpg 430w, https:\/\/controllab.com\/wp-content\/uploads\/atlas-de-veterinaria-es-54x75.jpg 54w, https:\/\/controllab.com\/wp-content\/uploads\/atlas-de-veterinaria-es-480x670.jpg 480w, https:\/\/controllab.com\/wp-content\/uploads\/atlas-de-veterinaria-es-358x500.jpg 358w, https:\/\/controllab.com\/wp-content\/uploads\/atlas-de-veterinaria-es.jpg 625w\" sizes=\"(max-width:767px) 430px, 430px\" \/><\/div>\n\t\t<\/a>\n\t\t\t\t<div class=\"elementor-post__text\">\n\t\t\n\t\t<a class=\"elementor-post__read-more\" href=\"https:\/\/controllab.com\/es\/ensino\/atlas\/atlas-de-veterinaria-microbiologia-parasitologia-patologia-y-enfermedades-de-aves\/\" aria-label=\"M\u00e1s informaci\u00f3n sobre Atlas de Veterinaria \u2013 Microbiolog\u00eda, Parasitolog\u00eda, Patolog\u00eda y enfermedades de aves\" tabindex=\"-1\" >\n\t\t\t\t\t<\/a>\n\n\t\t\t\t<\/div>\n\t\t\t\t<\/article>\n\t\t\t\t<\/div>\n\t\t\n\t\t\t\t\t\t<\/div>\n\t\t\t\t<\/div>\n\t\t\t\t\t<\/div>\n\t\t<\/div>\n\t\t\t\t\t<\/div>\n\t\t<\/section>\n\t\t\t\t<\/div>\n\t\t","protected":false},"excerpt":{"rendered":"<p>CONTROLLAB APOYO CONTROLLAB ATLAS DE TERCEROS<\/p>\n","protected":false},"author":277,"featured_media":0,"parent":89776,"menu_order":0,"comment_status":"closed","ping_status":"closed","template":"","meta":{"_acf_changed":false,"footnotes":""},"class_list":["post-107142","page","type-page","status-publish","hentry"],"acf":[],"_links":{"self":[{"href":"https:\/\/controllab.com\/es\/wp-json\/wp\/v2\/pages\/107142","targetHints":{"allow":["GET"]}}],"collection":[{"href":"https:\/\/controllab.com\/es\/wp-json\/wp\/v2\/pages"}],"about":[{"href":"https:\/\/controllab.com\/es\/wp-json\/wp\/v2\/types\/page"}],"author":[{"embeddable":true,"href":"https:\/\/controllab.com\/es\/wp-json\/wp\/v2\/users\/277"}],"replies":[{"embeddable":true,"href":"https:\/\/controllab.com\/es\/wp-json\/wp\/v2\/comments?post=107142"}],"version-history":[{"count":4,"href":"https:\/\/controllab.com\/es\/wp-json\/wp\/v2\/pages\/107142\/revisions"}],"predecessor-version":[{"id":195817,"href":"https:\/\/controllab.com\/es\/wp-json\/wp\/v2\/pages\/107142\/revisions\/195817"}],"up":[{"embeddable":true,"href":"https:\/\/controllab.com\/es\/wp-json\/wp\/v2\/pages\/89776"}],"wp:attachment":[{"href":"https:\/\/controllab.com\/es\/wp-json\/wp\/v2\/media?parent=107142"}],"curies":[{"name":"wp","href":"https:\/\/api.w.org\/{rel}","templated":true}]}}