{"id":113315,"date":"2023-08-24T14:08:56","date_gmt":"2023-08-24T17:08:56","guid":{"rendered":"https:\/\/controllab.com\/?page_id=113315"},"modified":"2023-08-31T12:21:18","modified_gmt":"2023-08-31T15:21:18","slug":"acreditacion","status":"publish","type":"page","link":"https:\/\/controllab.com\/es\/acreditacion\/","title":{"rendered":"Acreditaci\u00f3n"},"content":{"rendered":"\t\t<div data-elementor-type=\"wp-page\" data-elementor-id=\"113315\" class=\"elementor elementor-113315\" data-elementor-post-type=\"page\">\n\t\t\t\t\t\t<section data-dce-background-overlay-color=\"#000000\" data-dce-background-image-url=\"https:\/\/controllab.com\/wp-content\/uploads\/norma_acreditacoes.png\" class=\"elementor-section elementor-top-section elementor-element elementor-element-59cf0d11 elementor-section-stretched elementor-section-content-middle elementor-section-boxed elementor-section-height-default elementor-section-height-default\" data-id=\"59cf0d11\" data-element_type=\"section\" data-e-type=\"section\" data-settings=\"{&quot;stretch_section&quot;:&quot;section-stretched&quot;,&quot;background_background&quot;:&quot;classic&quot;}\">\n\t\t\t\t\t\t\t<div class=\"elementor-background-overlay\"><\/div>\n\t\t\t\t\t\t\t<div class=\"elementor-container elementor-column-gap-no\">\n\t\t\t\t\t<div class=\"elementor-column elementor-col-50 elementor-top-column elementor-element elementor-element-1d02f3a3\" data-id=\"1d02f3a3\" data-element_type=\"column\" data-e-type=\"column\">\n\t\t\t<div class=\"elementor-widget-wrap elementor-element-populated\">\n\t\t\t\t\t\t<div class=\"elementor-element elementor-element-16673b8d elementor-widget elementor-widget-heading\" data-id=\"16673b8d\" data-element_type=\"widget\" data-e-type=\"widget\" data-widget_type=\"heading.default\">\n\t\t\t\t<div class=\"elementor-widget-container\">\n\t\t\t\t\t<h1 class=\"elementor-heading-title elementor-size-default\">Programa Internacional de Acreditaci\u00f3n de Laboratorios Cl\u00ednicos (ICLAP)<\/h1>\t\t\t\t<\/div>\n\t\t\t\t<\/div>\n\t\t\t\t<div class=\"elementor-element elementor-element-c1ee079 elementor-widget elementor-widget-heading\" data-id=\"c1ee079\" data-element_type=\"widget\" data-e-type=\"widget\" data-widget_type=\"heading.default\">\n\t\t\t\t<div class=\"elementor-widget-container\">\n\t\t\t\t\t<h1 class=\"elementor-heading-title elementor-size-default\">Est\u00e1ndar de Excelencia de Laboratorios Cl\u00ednicos (CLES)<\/h1>\t\t\t\t<\/div>\n\t\t\t\t<\/div>\n\t\t\t\t<div class=\"elementor-element elementor-element-24cd5b8e elementor-widget elementor-widget-heading\" data-id=\"24cd5b8e\" data-element_type=\"widget\" data-e-type=\"widget\" data-widget_type=\"heading.default\">\n\t\t\t\t<div class=\"elementor-widget-container\">\n\t\t\t\t\t<h3 class=\"elementor-heading-title elementor-size-default\">Consulta P\u00fablica - Norma 1<sup>er<\/sup>. Ed., agosto de 2023<\/h3>\t\t\t\t<\/div>\n\t\t\t\t<\/div>\n\t\t\t\t\t<\/div>\n\t\t<\/div>\n\t\t\t\t<div class=\"elementor-column elementor-col-50 elementor-top-column elementor-element elementor-element-4fc54939\" data-id=\"4fc54939\" data-element_type=\"column\" data-e-type=\"column\">\n\t\t\t<div class=\"elementor-widget-wrap\">\n\t\t\t\t\t\t\t<\/div>\n\t\t<\/div>\n\t\t\t\t\t<\/div>\n\t\t<\/section>\n\t\t\t\t<section class=\"elementor-section elementor-top-section elementor-element elementor-element-12eae638 elementor-section-boxed elementor-section-height-default elementor-section-height-default\" data-id=\"12eae638\" data-element_type=\"section\" data-e-type=\"section\" data-settings=\"{&quot;background_background&quot;:&quot;classic&quot;}\">\n\t\t\t\t\t\t<div class=\"elementor-container elementor-column-gap-default\">\n\t\t\t\t\t<div class=\"elementor-column elementor-col-100 elementor-top-column elementor-element elementor-element-54a9fcfd\" data-id=\"54a9fcfd\" data-element_type=\"column\" data-e-type=\"column\">\n\t\t\t<div class=\"elementor-widget-wrap elementor-element-populated\">\n\t\t\t\t\t\t<div class=\"elementor-element elementor-element-5d37983 elementor-widget elementor-widget-text-editor\" data-id=\"5d37983\" data-element_type=\"widget\" data-e-type=\"widget\" data-widget_type=\"text-editor.default\">\n\t\t\t\t<div class=\"elementor-widget-container\">\n\t\t\t\t\t\t\t\t\t<p>Controllab es una empresa con m\u00e1s de 46 a\u00f1os de experiencia en el mercado, con productos y servicios relacionados con el aseguramiento de la calidad. La trayectoria a largo plazo de la empresa se basa en el compromiso de ofrecer soluciones completas e integradas en t\u00e9rminos de calidad y asertividad de los resultados de laboratorio.<\/p><p>En 2023, Controllab ampl\u00eda a\u00fan m\u00e1s su alcance de servicios, estableciendo el <strong>Programa Internacional de Acreditaci\u00f3n de Laboratorios Cl\u00ednicos (ICLAP, \u201cInternational Clinical Laboratories Accreditation Program\u201d)<\/strong>. Construido sobre la base de las mejores experiencias en acreditaci\u00f3n en el segmento de Medicina de Laboratorio, el ICLAP naci\u00f3 como un programa innovador, basado en un est\u00e1ndar de acreditaci\u00f3n lean, pero con requisitos robustos y efectivos, que abarcan globalmente todos los aspectos relevantes a la calidad en los laboratorios. La Norma ICLAP tiene como pilar fundamental el enfoque en el paciente, utilizando los lineamientos de la Norma ISQUa como modelo preponderante para abordar los requisitos esenciales para que los laboratorios cl\u00ednicos demuestren un sistema de gesti\u00f3n de la calidad que se enfoque en la mejora continua de la calidad de sus servicios, contribuyendo a la excelencia en la atenci\u00f3n de la salud.<\/p><p>Este Est\u00e1ndar, conocido como el <strong>\u201cEst\u00e1ndar de Excelencia en Laboratorios Cl\u00ednicos\u201d (CLES, \u201cClinical Laboratories Excellence Standard\u201d)<\/strong>, es la primera edici\u00f3n del est\u00e1ndar normativo ICLAP y fue el resultado de una revisi\u00f3n extensa de los est\u00e1ndares y gu\u00edas de calidad existentes en el segmento de medicina de laboratorio, agregando tambi\u00e9n contribuciones de especialistas, adem\u00e1s de la vasta experiencia de Controllab en este mercado.<\/p>\t\t\t\t\t\t\t\t<\/div>\n\t\t\t\t<\/div>\n\t\t\t\t\t<\/div>\n\t\t<\/div>\n\t\t\t\t\t<\/div>\n\t\t<\/section>\n\t\t\t\t<section class=\"elementor-section elementor-top-section elementor-element elementor-element-ef77e1b elementor-section-boxed elementor-section-height-default elementor-section-height-default\" data-id=\"ef77e1b\" data-element_type=\"section\" data-e-type=\"section\">\n\t\t\t\t\t\t<div class=\"elementor-container elementor-column-gap-default\">\n\t\t\t\t\t<div class=\"elementor-column elementor-col-16 elementor-top-column elementor-element elementor-element-c429942\" data-id=\"c429942\" data-element_type=\"column\" data-e-type=\"column\">\n\t\t\t<div class=\"elementor-widget-wrap\">\n\t\t\t\t\t\t\t<\/div>\n\t\t<\/div>\n\t\t\t\t<div class=\"elementor-column elementor-col-66 elementor-top-column elementor-element elementor-element-163ac0b\" data-id=\"163ac0b\" data-element_type=\"column\" data-e-type=\"column\">\n\t\t\t<div class=\"elementor-widget-wrap elementor-element-populated\">\n\t\t\t\t\t\t<div data-dce-advanced-background-color=\"#E2FFE3\" class=\"elementor-element elementor-element-58d6dccc elementor-widget elementor-widget-text-editor\" data-id=\"58d6dccc\" data-element_type=\"widget\" data-e-type=\"widget\" data-widget_type=\"text-editor.default\">\n\t\t\t\t<div class=\"elementor-widget-container\">\n\t\t\t\t\t\t\t\t\t<p>Estamos sometiendo esta primera edici\u00f3n de la Norma a Consulta P\u00fablica, con el objetivo de captar las percepciones de profesionales y organizaciones del segmento de medicina de laboratorio y utilizar esas contribuciones como oportunidades para mejorar el texto de esta norma. Contamos con su aporte en la evaluaci\u00f3n de este est\u00e1ndar y le solicitamos env\u00ede sus consideraciones hasta el <strong>10\/09\/23<\/strong> al correo electr\u00f3nico <strong>\u201caccreditation@controllab.com\u201d<\/strong>.<\/p>\t\t\t\t\t\t\t\t<\/div>\n\t\t\t\t<\/div>\n\t\t\t\t\t<\/div>\n\t\t<\/div>\n\t\t\t\t<div class=\"elementor-column elementor-col-16 elementor-top-column elementor-element elementor-element-c89255a\" data-id=\"c89255a\" data-element_type=\"column\" data-e-type=\"column\">\n\t\t\t<div class=\"elementor-widget-wrap\">\n\t\t\t\t\t\t\t<\/div>\n\t\t<\/div>\n\t\t\t\t\t<\/div>\n\t\t<\/section>\n\t\t\t\t<section class=\"elementor-section elementor-top-section elementor-element elementor-element-3b90694 elementor-section-boxed elementor-section-height-default elementor-section-height-default\" data-id=\"3b90694\" data-element_type=\"section\" data-e-type=\"section\">\n\t\t\t\t\t\t<div class=\"elementor-container elementor-column-gap-default\">\n\t\t\t\t\t<div class=\"elementor-column elementor-col-25 elementor-top-column elementor-element elementor-element-68be34f\" data-id=\"68be34f\" data-element_type=\"column\" data-e-type=\"column\">\n\t\t\t<div class=\"elementor-widget-wrap\">\n\t\t\t\t\t\t\t<\/div>\n\t\t<\/div>\n\t\t\t\t<div class=\"elementor-column elementor-col-50 elementor-top-column elementor-element elementor-element-135bf5d\" data-id=\"135bf5d\" data-element_type=\"column\" data-e-type=\"column\">\n\t\t\t<div class=\"elementor-widget-wrap elementor-element-populated\">\n\t\t\t\t\t\t<div data-dce-background-color=\"#107E4E\" class=\"elementor-element elementor-element-5dae1df elementor-align-center elementor-mobile-align-center elementor-widget elementor-widget-button\" data-id=\"5dae1df\" data-element_type=\"widget\" data-e-type=\"widget\" data-settings=\"{&quot;_animation&quot;:&quot;none&quot;}\" data-widget_type=\"button.default\">\n\t\t\t\t<div class=\"elementor-widget-container\">\n\t\t\t\t\t\t\t\t\t<div class=\"elementor-button-wrapper\">\n\t\t\t\t\t<a class=\"elementor-button elementor-button-link elementor-size-sm\" href=\"https:\/\/controllab.com\/wp-content\/uploads\/Standard_ControlLab_Excellence_Clinical_Lab_2023_v1_210823_ES.pdf\" target=\"_blank\">\n\t\t\t\t\t\t<span class=\"elementor-button-content-wrapper\">\n\t\t\t\t\t\t\t\t\t<span class=\"elementor-button-text\">\u00a1Accede al texto de la Norma aqu\u00ed! <\/span>\n\t\t\t\t\t<\/span>\n\t\t\t\t\t<\/a>\n\t\t\t\t<\/div>\n\t\t\t\t\t\t\t\t<\/div>\n\t\t\t\t<\/div>\n\t\t\t\t\t<\/div>\n\t\t<\/div>\n\t\t\t\t<div class=\"elementor-column elementor-col-25 elementor-top-column elementor-element elementor-element-15af60a\" data-id=\"15af60a\" data-element_type=\"column\" data-e-type=\"column\">\n\t\t\t<div class=\"elementor-widget-wrap\">\n\t\t\t\t\t\t\t<\/div>\n\t\t<\/div>\n\t\t\t\t\t<\/div>\n\t\t<\/section>\n\t\t\t\t<section class=\"elementor-section elementor-top-section elementor-element elementor-element-b2e5f89 elementor-section-boxed elementor-section-height-default elementor-section-height-default\" data-id=\"b2e5f89\" data-element_type=\"section\" data-e-type=\"section\" data-settings=\"{&quot;background_background&quot;:&quot;classic&quot;}\">\n\t\t\t\t\t\t<div class=\"elementor-container elementor-column-gap-default\">\n\t\t\t\t\t<div class=\"elementor-column elementor-col-100 elementor-top-column elementor-element elementor-element-acf9cdf\" data-id=\"acf9cdf\" data-element_type=\"column\" data-e-type=\"column\">\n\t\t\t<div class=\"elementor-widget-wrap elementor-element-populated\">\n\t\t\t\t\t\t<div class=\"elementor-element elementor-element-ebc8cde elementor-widget elementor-widget-text-editor\" data-id=\"ebc8cde\" data-element_type=\"widget\" data-e-type=\"widget\" data-widget_type=\"text-editor.default\">\n\t\t\t\t<div class=\"elementor-widget-container\">\n\t\t\t\t\t\t\t\t\t<p>Gracias de antemano por su relevante contribuci\u00f3n a nuestro programa.<br \/><br \/>Saludos,<br \/><strong>Fernando Berlitz<\/strong><br \/><strong>Gerente de Acreditaci\u00f3n, Controllab<\/strong><\/p>\t\t\t\t\t\t\t\t<\/div>\n\t\t\t\t<\/div>\n\t\t\t\t\t<\/div>\n\t\t<\/div>\n\t\t\t\t\t<\/div>\n\t\t<\/section>\n\t\t\t\t<\/div>\n\t\t","protected":false},"excerpt":{"rendered":"<p>Programa Internacional de Acreditaci\u00f3n de Laboratorios Cl\u00ednicos (ICLAP) Est\u00e1ndar de Excelencia de Laboratorios Cl\u00ednicos (CLES) Consulta P\u00fablica &#8211; Norma 1er. Ed., agosto de 2023 Controllab es<span class=\"excerpt-hellip\"> [\u2026]<\/span><\/p>\n","protected":false},"author":1254,"featured_media":113320,"parent":0,"menu_order":0,"comment_status":"closed","ping_status":"closed","template":"","meta":{"_acf_changed":false,"footnotes":""},"class_list":["post-113315","page","type-page","status-publish","has-post-thumbnail","hentry"],"acf":[],"_links":{"self":[{"href":"https:\/\/controllab.com\/es\/wp-json\/wp\/v2\/pages\/113315","targetHints":{"allow":["GET"]}}],"collection":[{"href":"https:\/\/controllab.com\/es\/wp-json\/wp\/v2\/pages"}],"about":[{"href":"https:\/\/controllab.com\/es\/wp-json\/wp\/v2\/types\/page"}],"author":[{"embeddable":true,"href":"https:\/\/controllab.com\/es\/wp-json\/wp\/v2\/users\/1254"}],"replies":[{"embeddable":true,"href":"https:\/\/controllab.com\/es\/wp-json\/wp\/v2\/comments?post=113315"}],"version-history":[{"count":0,"href":"https:\/\/controllab.com\/es\/wp-json\/wp\/v2\/pages\/113315\/revisions"}],"wp:featuredmedia":[{"embeddable":true,"href":"https:\/\/controllab.com\/es\/wp-json\/wp\/v2\/media\/113320"}],"wp:attachment":[{"href":"https:\/\/controllab.com\/es\/wp-json\/wp\/v2\/media?parent=113315"}],"curies":[{"name":"wp","href":"https:\/\/api.w.org\/{rel}","templated":true}]}}