{"id":185854,"date":"2025-01-30T09:14:08","date_gmt":"2025-01-30T12:14:08","guid":{"rendered":"https:\/\/controllab.com\/controle-da-qualidade-em-laboratorios-clinicos\/"},"modified":"2025-09-30T09:58:42","modified_gmt":"2025-09-30T12:58:42","slug":"control-de-calidad-en-laboratorios-clinicos","status":"publish","type":"page","link":"https:\/\/controllab.com\/es\/educacion\/cursos\/control-de-calidad-en-laboratorios-clinicos\/","title":{"rendered":"Control de calidad en laboratorios cl\u00ednicos"},"content":{"rendered":"\t\t<div data-elementor-type=\"wp-page\" data-elementor-id=\"185854\" class=\"elementor elementor-185854 elementor-177230\" data-elementor-post-type=\"page\">\n\t\t\t\t\t\t<section class=\"elementor-section elementor-top-section elementor-element elementor-element-5368b04 elementor-section-full_width elementor-section-stretched elementor-section-height-default elementor-section-height-default\" data-id=\"5368b04\" data-element_type=\"section\" data-e-type=\"section\" data-settings=\"{&quot;stretch_section&quot;:&quot;section-stretched&quot;}\">\n\t\t\t\t\t\t<div class=\"elementor-container elementor-column-gap-default\">\n\t\t\t\t\t<div class=\"elementor-column elementor-col-100 elementor-top-column elementor-element elementor-element-c72158f\" data-id=\"c72158f\" data-element_type=\"column\" data-e-type=\"column\">\n\t\t\t<div class=\"elementor-widget-wrap elementor-element-populated\">\n\t\t\t\t\t\t\t<\/div>\n\t\t<\/div>\n\t\t\t\t\t<\/div>\n\t\t<\/section>\n\t\t\t\t<section class=\"elementor-section elementor-top-section elementor-element elementor-element-d047733 elementor-section-full_width elementor-section-stretched elementor-section-height-default elementor-section-height-default\" data-id=\"d047733\" data-element_type=\"section\" data-e-type=\"section\" data-settings=\"{&quot;stretch_section&quot;:&quot;section-stretched&quot;,&quot;sticky&quot;:&quot;top&quot;,&quot;sticky_offset&quot;:61,&quot;sticky_on&quot;:[&quot;desktop&quot;,&quot;tablet&quot;,&quot;mobile&quot;],&quot;sticky_effects_offset&quot;:0,&quot;sticky_anchor_link_offset&quot;:0}\">\n\t\t\t\t\t\t<div class=\"elementor-container elementor-column-gap-default\">\n\t\t\t\t\t<div class=\"elementor-column elementor-col-100 elementor-top-column elementor-element elementor-element-b9b5704\" data-id=\"b9b5704\" data-element_type=\"column\" data-e-type=\"column\">\n\t\t\t<div class=\"elementor-widget-wrap elementor-element-populated\">\n\t\t\t\t\t\t\t<\/div>\n\t\t<\/div>\n\t\t\t\t\t<\/div>\n\t\t<\/section>\n\t\t\t\t<section class=\"elementor-section elementor-top-section elementor-element elementor-element-e8c5813 elementor-section-content-top elementor-section-boxed elementor-section-height-default elementor-section-height-default\" data-id=\"e8c5813\" data-element_type=\"section\" data-e-type=\"section\">\n\t\t\t\t\t\t<div class=\"elementor-container elementor-column-gap-no\">\n\t\t\t\t\t<div class=\"elementor-column elementor-col-50 elementor-top-column elementor-element elementor-element-41b96f0\" data-id=\"41b96f0\" data-element_type=\"column\" data-e-type=\"column\">\n\t\t\t<div class=\"elementor-widget-wrap elementor-element-populated\">\n\t\t\t\t\t\t\t<\/div>\n\t\t<\/div>\n\t\t\t\t<div class=\"elementor-column elementor-col-50 elementor-top-column elementor-element elementor-element-06bb538\" data-id=\"06bb538\" data-element_type=\"column\" data-e-type=\"column\" data-settings=\"{&quot;background_background&quot;:&quot;classic&quot;}\">\n\t\t\t<div class=\"elementor-widget-wrap elementor-element-populated\">\n\t\t\t\t\t\t<section data-dce-background-color=\"#FFFFFF\" class=\"elementor-section elementor-inner-section elementor-element elementor-element-38da5f3 elementor-section-boxed elementor-section-height-default elementor-section-height-default\" data-id=\"38da5f3\" data-element_type=\"section\" data-e-type=\"section\" data-settings=\"{&quot;background_background&quot;:&quot;gradient&quot;,&quot;sticky&quot;:&quot;top&quot;,&quot;sticky_offset&quot;:80,&quot;sticky_parent&quot;:&quot;yes&quot;,&quot;motion_fx_motion_fx_scrolling&quot;:&quot;yes&quot;,&quot;sticky_effects_offset&quot;:1,&quot;motion_fx_devices&quot;:[&quot;desktop&quot;,&quot;tablet&quot;,&quot;mobile&quot;],&quot;sticky_on&quot;:[&quot;desktop&quot;,&quot;tablet&quot;,&quot;mobile&quot;],&quot;sticky_anchor_link_offset&quot;:0}\">\n\t\t\t\t\t\t<div class=\"elementor-container elementor-column-gap-default\">\n\t\t\t\t\t<div class=\"elementor-column elementor-col-100 elementor-inner-column elementor-element elementor-element-651f74b\" data-id=\"651f74b\" data-element_type=\"column\" data-e-type=\"column\">\n\t\t\t<div class=\"elementor-widget-wrap elementor-element-populated\">\n\t\t\t\t\t\t<div class=\"elementor-element elementor-element-fb23614 elementor-widget elementor-widget-image\" data-id=\"fb23614\" data-element_type=\"widget\" data-e-type=\"widget\" data-widget_type=\"image.default\">\n\t\t\t\t<div class=\"elementor-widget-container\">\n\t\t\t\t\t\t\t\t\t\t\t\t\t\t\t<img fetchpriority=\"high\" decoding=\"async\" width=\"1024\" height=\"329\" src=\"https:\/\/controllab.com\/wp-content\/uploads\/ensino-a-distancia-es-1-1024x329.png\" class=\"attachment-large size-large wp-image-88699\" alt=\"\" srcset=\"https:\/\/controllab.com\/wp-content\/uploads\/ensino-a-distancia-es-1-1024x329.png 1024w, https:\/\/controllab.com\/wp-content\/uploads\/ensino-a-distancia-es-1-800x257.png 800w, https:\/\/controllab.com\/wp-content\/uploads\/ensino-a-distancia-es-1-768x247.png 768w, https:\/\/controllab.com\/wp-content\/uploads\/ensino-a-distancia-es-1-150x48.png 150w, https:\/\/controllab.com\/wp-content\/uploads\/ensino-a-distancia-es-1-480x154.png 480w, https:\/\/controllab.com\/wp-content\/uploads\/ensino-a-distancia-es-1.png 1225w\" sizes=\"(max-width:767px) 480px, (max-width:1024px) 100vw, 1024px\" \/>\t\t\t\t\t\t\t\t\t\t\t\t\t\t\t<\/div>\n\t\t\t\t<\/div>\n\t\t\t\t<div class=\"elementor-element elementor-element-1bd5030 elementor-position-inline-start elementor-view-default elementor-mobile-position-block-start elementor-widget elementor-widget-icon-box\" data-id=\"1bd5030\" data-element_type=\"widget\" data-e-type=\"widget\" data-widget_type=\"icon-box.default\">\n\t\t\t\t<div class=\"elementor-widget-container\">\n\t\t\t\t\t\t\t<div class=\"elementor-icon-box-wrapper\">\n\n\t\t\t\t\t\t<div class=\"elementor-icon-box-icon\">\n\t\t\t\t<span  class=\"elementor-icon\">\n\t\t\t\t<svg xmlns=\"http:\/\/www.w3.org\/2000\/svg\" viewBox=\"0 0 340.75 98.52\"><defs><style>.cls-1{fill:#007d4a;}.cls-1,.cls-2,.cls-3,.cls-4{fill-rule:evenodd;}.cls-2{fill:#fff;}.cls-3{fill:#00a662;}.cls-4{fill:#48504a;}<\/style><\/defs><g id=\"Camada_2\" data-name=\"Camada 2\"><g id=\"Camada_1-2\" data-name=\"Camada 1\"><path class=\"cls-1\" d=\"M340.45,13.4c.75,9.63,1.49,33.26-15.83,55-13.31,16.69-33.73,30.16-59.7,30.16a49.5,49.5,0,0,1-49.26-49.26C215.66,19.09,240.44,0,264.92,0c10.45,0,18.13,3.12,27.89,8.37,19.16,10.29,36,5.57,43.21,2.45A3.31,3.31,0,0,1,340.45,13.4Z\"><\/path><path class=\"cls-2\" d=\"M236.33,71.43h.51V25.91h-9V71.42h8.5Z\"><\/path><path class=\"cls-2\" d=\"M275.08,63.64c-1.47,0-2.24-.83-2.24-2.42V50.43a11.11,11.11,0,0,0-4.21-9.2c-2.75-2.23-6.45-3.32-11-3.32a24.82,24.82,0,0,0-11.82,2.56V48a18.65,18.65,0,0,1,9.65-2.68c5.61,0,8.42,2,8.42,6v1a19.55,19.55,0,0,0-9.19-2A14.76,14.76,0,0,0,245.83,53a9,9,0,0,0-3.7,7.79c0,6.45,4.85,10.66,11.75,10.66a14.68,14.68,0,0,0,11-4.34c1.21,2.75,3.58,4.09,7.22,4.09a7.73,7.73,0,0,0,4.85-1.34V63.26a3.89,3.89,0,0,1-1.85.38ZM263.9,61.22a8.54,8.54,0,0,1-7.21,3.25c-3.32,0-5.68-1.34-5.68-4.15,0-2.62,2.42-4.15,6.25-4.15A11.78,11.78,0,0,1,263.9,58v3.2Z\"><\/path><path class=\"cls-2\" d=\"M301,71.43a13.61,13.61,0,0,0,10.72-4.79,17.34,17.34,0,0,0,4.28-12,17.08,17.08,0,0,0-4.28-11.88A13.51,13.51,0,0,0,301,37.91c-4.53,0-8,1.6-10.47,4.73V25.91h-9V70.6h9V66.71c2.36,3.13,5.87,4.72,10.47,4.72Zm-2.55-7.85a9,9,0,0,1-7.92-4.79v-8.3a8.94,8.94,0,0,1,7.92-4.72,8.07,8.07,0,0,1,6.19,2.55,9.54,9.54,0,0,1,0,12.7,8.08,8.08,0,0,1-6.19,2.56Z\"><\/path><path class=\"cls-3\" d=\"M337.31,33.5C330.46,54.38,315.59,74.7,290.53,84a51,51,0,0,1-65.2-29.84,49.69,49.69,0,0,1-.89-33.28,48.45,48.45,0,0,0-8.78,28.35,49.5,49.5,0,0,0,49.26,49.26c26,0,46.39-13.47,59.7-30.16,15.17-19,16.49-39.47,16.07-50.74A74.74,74.74,0,0,1,337.31,33.5Z\"><\/path><path class=\"cls-4\" d=\"M23.56,71.34a23.82,23.82,0,0,0,13.09-3.57V60.68a19.86,19.86,0,0,1-12.77,4.09A16.07,16.07,0,0,1,7.21,48.17a16.05,16.05,0,0,1,16.41-16.6,21.69,21.69,0,0,1,12.07,3.51V28a24.21,24.21,0,0,0-12.13-3c-6.77,0-12.39,2.17-16.86,6.58S0,41.46,0,48.17A22.4,22.4,0,0,0,6.7,64.83a23.46,23.46,0,0,0,16.86,6.51Z\"><\/path><path class=\"cls-4\" d=\"M58.73,65.28A10.14,10.14,0,0,1,48.39,54.81,10.13,10.13,0,0,1,58.73,44.4a10,10,0,0,1,7.34,3A10.06,10.06,0,0,1,69,54.81a10.11,10.11,0,0,1-2.94,7.47,10,10,0,0,1-7.34,3Zm0,6.06a16.8,16.8,0,0,0,12.32-4.79A15.92,15.92,0,0,0,75.9,54.81a15.72,15.72,0,0,0-4.85-11.69,16.84,16.84,0,0,0-12.32-4.79,16.93,16.93,0,0,0-12.39,4.79,15.75,15.75,0,0,0-4.85,11.69,15.75,15.75,0,0,0,4.85,11.74,16.89,16.89,0,0,0,12.39,4.79Z\"><\/path><path class=\"cls-4\" d=\"M87.64,49.89a11.09,11.09,0,0,1,8.88-5.11c4.08,0,7.34,2,7.34,8.11V70.51h6.9V51.36c0-8.11-4.22-13-11.62-13a15,15,0,0,0-11.5,5V39.16H80.75V70.51h6.89V49.89Z\"><\/path><path class=\"cls-4\" d=\"M121.85,62c0,6.13,3.71,9.38,9.58,9.38,3.13,0,5.49-.51,7-1.53V63.87A9.91,9.91,0,0,1,133.66,65c-3.32,0-4.91-1.47-4.91-5V45.23h9.89V39.16h-9.89V30h-6.9v9.12h-6.7v6.07h6.7V62Z\"><\/path><path class=\"cls-4\" d=\"M151,70.51V51.3a11.25,11.25,0,0,1,10.28-6.13,17.91,17.91,0,0,1,1.91.12V38.4a1.77,1.77,0,0,0-.63-.07A13.6,13.6,0,0,0,151,44.59V39.16h-6.9V70.51Z\"><\/path><path class=\"cls-4\" d=\"M182.82,65.28a10,10,0,0,1-7.4-3,10.11,10.11,0,0,1-2.94-7.47,10.31,10.31,0,1,1,20.62,0,10.1,10.1,0,0,1-2.93,7.47,10,10,0,0,1-7.35,3Zm0,6.06a16.84,16.84,0,0,0,12.33-4.79A16,16,0,0,0,200,54.81a15.75,15.75,0,0,0-4.85-11.69,18.33,18.33,0,0,0-24.71,0,15.72,15.72,0,0,0-4.85,11.69,15.72,15.72,0,0,0,4.85,11.74,16.85,16.85,0,0,0,12.38,4.79Z\"><\/path><polygon class=\"cls-4\" points=\"211.74 61.19 211.74 47.64 211.74 27.95 211.74 25.82 204.84 25.82 204.84 47.64 204.84 63.11 204.84 71.31 211.74 71.31 211.74 61.19 211.74 61.19\"><\/polygon><\/g><\/g><\/svg>\t\t\t\t<\/span>\n\t\t\t<\/div>\n\t\t\t\n\t\t\t\t\t\t<div class=\"elementor-icon-box-content\">\n\n\t\t\t\t\n\t\t\t\t\t\t\t\t\t<p class=\"elementor-icon-box-description\">\n\t\t\t\t\t\tCertificado con reconocimiento de Controllab \t\t\t\t\t<\/p>\n\t\t\t\t\n\t\t\t<\/div>\n\t\t\t\n\t\t<\/div>\n\t\t\t\t\t\t<\/div>\n\t\t\t\t<\/div>\n\t\t\t\t<div class=\"elementor-element elementor-element-4173814 elementor-widget-divider--view-line elementor-widget elementor-widget-divider\" data-id=\"4173814\" data-element_type=\"widget\" data-e-type=\"widget\" data-widget_type=\"divider.default\">\n\t\t\t\t<div class=\"elementor-widget-container\">\n\t\t\t\t\t\t\t<div class=\"elementor-divider\">\n\t\t\t<span class=\"elementor-divider-separator\">\n\t\t\t\t\t\t<\/span>\n\t\t<\/div>\n\t\t\t\t\t\t<\/div>\n\t\t\t\t<\/div>\n\t\t\t\t<div class=\"elementor-element elementor-element-e556577 elementor-widget__width-auto elementor-widget elementor-widget-heading\" data-id=\"e556577\" data-element_type=\"widget\" data-e-type=\"widget\" data-widget_type=\"heading.default\">\n\t\t\t\t<div class=\"elementor-widget-container\">\n\t\t\t\t\t<h3 class=\"elementor-heading-title elementor-size-default\">EN L\u00cdNEA<\/h3>\t\t\t\t<\/div>\n\t\t\t\t<\/div>\n\t\t\t\t<div class=\"elementor-element elementor-element-b1a1202 elementor-widget__width-auto elementor-widget elementor-widget-heading\" data-id=\"b1a1202\" data-element_type=\"widget\" data-e-type=\"widget\" data-widget_type=\"heading.default\">\n\t\t\t\t<div class=\"elementor-widget-container\">\n\t\t\t\t\t<h3 class=\"elementor-heading-title elementor-size-default\">TRANSMISI\u00d3N EN ESPA\u00d1OL<\/h3>\t\t\t\t<\/div>\n\t\t\t\t<\/div>\n\t\t\t\t<div class=\"elementor-element elementor-element-963d658 elementor-widget-divider--view-line elementor-widget elementor-widget-divider\" data-id=\"963d658\" data-element_type=\"widget\" data-e-type=\"widget\" data-widget_type=\"divider.default\">\n\t\t\t\t<div class=\"elementor-widget-container\">\n\t\t\t\t\t\t\t<div class=\"elementor-divider\">\n\t\t\t<span class=\"elementor-divider-separator\">\n\t\t\t\t\t\t<\/span>\n\t\t<\/div>\n\t\t\t\t\t\t<\/div>\n\t\t\t\t<\/div>\n\t\t\t\t<div class=\"elementor-element elementor-element-a716f70 elementor-icon-list--layout-traditional elementor-list-item-link-full_width elementor-widget elementor-widget-icon-list\" data-id=\"a716f70\" data-element_type=\"widget\" data-e-type=\"widget\" data-widget_type=\"icon-list.default\">\n\t\t\t\t<div class=\"elementor-widget-container\">\n\t\t\t\t\t\t\t<ul class=\"elementor-icon-list-items\">\n\t\t\t\t\t\t\t<li class=\"elementor-icon-list-item\">\n\t\t\t\t\t\t\t\t\t\t<span class=\"elementor-icon-list-text\"><strong>Inicio<\/strong>: 3 de junio de 2025 <\/span>\n\t\t\t\t\t\t\t\t\t<\/li>\n\t\t\t\t\t\t\t\t<li class=\"elementor-icon-list-item\">\n\t\t\t\t\t\t\t\t\t\t<span class=\"elementor-icon-list-text\"><strong>Horario<\/strong>: de 16h a 17h30 (Brasilia - Brasil)<div class=\"popover-container\">   <div class=\"popover-trigger\">     <span> <i class=\"fa fa-info-circle\" aria-hidden=\"true\"><\/i><\/span>   <\/div>   <div class=\"popover-box\">     <h3>Horario de transmisi\u00f3n<\/h3>     <p>Las clases se impartir\u00e1n a las <strong>16h (horario de Brasilia)<\/strong>, con los siguientes horarios para otros pa\u00edses:<\/p>     <ul>       <li><strong>13h<\/strong> \u2013 M\u00e9xico, Honduras, Guatemala, El Salvador<\/li>       <li><strong>14h<\/strong> \u2013 Colombia, Ecuador, Panam\u00e1, Per\u00fa<\/li>       <li><strong>15h<\/strong> \u2013 Bolivia, Rep\u00fablica Dominicana, Chile<\/li>       <li><strong>16h<\/strong> \u2013 Argentina, Uruguay, Paraguay<\/li>       <li><strong>21h<\/strong> \u2013 Espa\u00f1a<\/li>     <\/ul>   <\/div> <\/div><\/span>\n\t\t\t\t\t\t\t\t\t<\/li>\n\t\t\t\t\t\t\t\t<li class=\"elementor-icon-list-item\">\n\t\t\t\t\t\t\t\t\t\t<span class=\"elementor-icon-list-text\"><strong>Frecuencia<\/strong>: de 1 a 3 veces al mes, los martes<\/span>\n\t\t\t\t\t\t\t\t\t<\/li>\n\t\t\t\t\t\t\t\t<li class=\"elementor-icon-list-item\">\n\t\t\t\t\t\t\t\t\t\t<span class=\"elementor-icon-list-text\"><strong>N\u00famero de clases<\/strong>: 8<\/span>\n\t\t\t\t\t\t\t\t\t<\/li>\n\t\t\t\t\t\t\t\t<li class=\"elementor-icon-list-item\">\n\t\t\t\t\t\t\t\t\t\t<span class=\"elementor-icon-list-text\"><strong style=\"color:#E62550\">Cupos limitados<\/strong><\/span>\n\t\t\t\t\t\t\t\t\t<\/li>\n\t\t\t\t\t\t<\/ul>\n\t\t\t\t\t\t<\/div>\n\t\t\t\t<\/div>\n\t\t\t\t<div class=\"elementor-element elementor-element-ac03433 elementor-widget-divider--view-line elementor-widget elementor-widget-divider\" data-id=\"ac03433\" data-element_type=\"widget\" data-e-type=\"widget\" data-widget_type=\"divider.default\">\n\t\t\t\t<div class=\"elementor-widget-container\">\n\t\t\t\t\t\t\t<div class=\"elementor-divider\">\n\t\t\t<span class=\"elementor-divider-separator\">\n\t\t\t\t\t\t<\/span>\n\t\t<\/div>\n\t\t\t\t\t\t<\/div>\n\t\t\t\t<\/div>\n\t\t\t\t<div data-dce-background-color=\"#9C102F\" class=\"elementor-element elementor-element-9e3fe76 elementor-align-justify elementor-widget elementor-widget-button\" data-id=\"9e3fe76\" data-element_type=\"widget\" data-e-type=\"widget\" data-widget_type=\"button.default\">\n\t\t\t\t<div class=\"elementor-widget-container\">\n\t\t\t\t\t\t\t\t\t<div class=\"elementor-button-wrapper\">\n\t\t\t\t\t<a class=\"elementor-button elementor-size-sm\" role=\"button\">\n\t\t\t\t\t\t<span class=\"elementor-button-content-wrapper\">\n\t\t\t\t\t\t\t\t\t<span class=\"elementor-button-text\">CUPOS AGOTADOS<\/span>\n\t\t\t\t\t<\/span>\n\t\t\t\t\t<\/a>\n\t\t\t\t<\/div>\n\t\t\t\t\t\t\t\t<\/div>\n\t\t\t\t<\/div>\n\t\t\t\t<div class=\"elementor-element elementor-element-9c33035 elementor-widget-divider--view-line elementor-widget elementor-widget-divider\" data-id=\"9c33035\" data-element_type=\"widget\" data-e-type=\"widget\" data-widget_type=\"divider.default\">\n\t\t\t\t<div class=\"elementor-widget-container\">\n\t\t\t\t\t\t\t<div class=\"elementor-divider\">\n\t\t\t<span class=\"elementor-divider-separator\">\n\t\t\t\t\t\t<\/span>\n\t\t<\/div>\n\t\t\t\t\t\t<\/div>\n\t\t\t\t<\/div>\n\t\t\t\t\t<\/div>\n\t\t<\/div>\n\t\t\t\t\t<\/div>\n\t\t<\/section>\n\t\t\t\t\t<\/div>\n\t\t<\/div>\n\t\t\t\t\t<\/div>\n\t\t<\/section>\n\t\t\t\t<\/div>\n\t\t","protected":false},"excerpt":{"rendered":"<p>&nbsp; Certificado con reconocimiento de Controllab EN L\u00cdNEA TRANSMISI\u00d3N EN ESPA\u00d1OL Inicio: 3 de junio de 2025 Horario: de 16h a 17h30 (Brasilia &#8211; Brasil) Horario<span class=\"excerpt-hellip\"> [\u2026]<\/span><\/p>\n","protected":false},"author":1,"featured_media":176464,"parent":186417,"menu_order":0,"comment_status":"closed","ping_status":"closed","template":"","meta":{"_acf_changed":false,"footnotes":""},"class_list":["post-185854","page","type-page","status-publish","has-post-thumbnail","hentry"],"acf":[],"_links":{"self":[{"href":"https:\/\/controllab.com\/es\/wp-json\/wp\/v2\/pages\/185854","targetHints":{"allow":["GET"]}}],"collection":[{"href":"https:\/\/controllab.com\/es\/wp-json\/wp\/v2\/pages"}],"about":[{"href":"https:\/\/controllab.com\/es\/wp-json\/wp\/v2\/types\/page"}],"author":[{"embeddable":true,"href":"https:\/\/controllab.com\/es\/wp-json\/wp\/v2\/users\/1"}],"replies":[{"embeddable":true,"href":"https:\/\/controllab.com\/es\/wp-json\/wp\/v2\/comments?post=185854"}],"version-history":[{"count":4,"href":"https:\/\/controllab.com\/es\/wp-json\/wp\/v2\/pages\/185854\/revisions"}],"predecessor-version":[{"id":196941,"href":"https:\/\/controllab.com\/es\/wp-json\/wp\/v2\/pages\/185854\/revisions\/196941"}],"up":[{"embeddable":true,"href":"https:\/\/controllab.com\/es\/wp-json\/wp\/v2\/pages\/186417"}],"wp:featuredmedia":[{"embeddable":true,"href":"https:\/\/controllab.com\/es\/wp-json\/wp\/v2\/media\/176464"}],"wp:attachment":[{"href":"https:\/\/controllab.com\/es\/wp-json\/wp\/v2\/media?parent=185854"}],"curies":[{"name":"wp","href":"https:\/\/api.w.org\/{rel}","templated":true}]}}