{"id":20125,"date":"2020-11-25T16:43:28","date_gmt":"2020-11-25T19:43:28","guid":{"rendered":"https:\/\/controllab.com\/politica-de-privacidade-e-seguranca\/"},"modified":"2024-01-17T09:36:13","modified_gmt":"2024-01-17T12:36:13","slug":"politica-de-privacidade-e-seguranca","status":"publish","type":"page","link":"https:\/\/controllab.com\/es\/politica-de-privacidade-e-seguranca\/","title":{"rendered":"Pol\u00edtica de Privacidad y Seguridad"},"content":{"rendered":"\t\t<div data-elementor-type=\"wp-page\" data-elementor-id=\"20125\" class=\"elementor elementor-20125 elementor-1811\" data-elementor-post-type=\"page\">\n\t\t\t\t\t\t<section class=\"has_ae_slider elementor-section elementor-top-section elementor-element elementor-element-4882a9d elementor-section-boxed elementor-section-height-default elementor-section-height-default ae-bg-gallery-type-default\" data-id=\"4882a9d\" data-element_type=\"section\" data-e-type=\"section\">\n\t\t\t\t\t\t<div class=\"elementor-container elementor-column-gap-default\">\n\t\t\t\t\t<div class=\"has_ae_slider elementor-column elementor-col-100 elementor-top-column elementor-element elementor-element-ac9690c ae-bg-gallery-type-default\" data-id=\"ac9690c\" data-element_type=\"column\" data-e-type=\"column\">\n\t\t\t<div class=\"elementor-widget-wrap elementor-element-populated\">\n\t\t\t\t\t\t<div class=\"elementor-element elementor-element-99b6641 elementor-widget elementor-widget-text-editor\" data-id=\"99b6641\" data-element_type=\"widget\" data-e-type=\"widget\" data-widget_type=\"text-editor.default\">\n\t\t\t\t<div class=\"elementor-widget-container\">\n\t\t\t\t\t\t\t\t\t<p>Controllab se preocupa en divulgar su pol\u00edtica de privacidad y seguridad para que usted pueda entender mejor cu\u00e1les informaciones obtenemos y c\u00f3mo las utilizamos.<\/p>\n<p>Para proporcionar una navegaci\u00f3n m\u00e1s f\u00e1cil y completa, el sitio web est\u00e1 dividido en dos \u00e1reas distintas: \u00c1rea Institucional y \u00c1rea del Sistema on line.<\/p>\n<h3 class=\"secundaria-1\">\u00c1rea Institucional<\/h3>\n<p>Esa \u00e1rea busca proveer informaciones sobre todos nuestros servicios y productos. Tambi\u00e9n son divulgados temas y materiales de inter\u00e9s para el seguimiento de laboratorio.<\/p>\n<p>Controllab no cede o comercializa, bajo ninguna forma, cualquier informaci\u00f3n individual de sus usuarios sin expresa autorizaci\u00f3n de los mismos.<\/p>\n<h3 class=\"secundaria-1\">\u00c1rea del Sistema on line<\/h3>\n<p>Con la idea de optimizar a\u00fan m\u00e1s sus operaciones, ControlLab les coloca a disposici\u00f3n a los clientes los programas de Control de Calidad v\u00eda Internet.<\/p>\n<p>El Sistema ON LINE ofrece simplicidad y rapidez en el env\u00edo de resultados, menor plazo para retorno de las evaluaciones y mayor practicidad, con informaciones y servicios a cualquier hora.<\/p>\n<p>Controllab respeta sus clientes y se compromete con el sigilo de todos sus resultados individuales. Para proteger los datos, evitar accesos no autorizados, asegurar la correcta utilizaci\u00f3n de las informaciones y mantenerlas actualizadas, adoptamos diversas t\u00e9cnicas de seguridad, como el protocolo SSL (Secure Socket Layer), que codifica las informaciones enviadas del sitio web hasta nuestro banco de datos. Nuestra clave de codificaci\u00f3n es generada por Let&#8217;s Encrypt, la empresa certificadora digital m\u00e1s respetada por el mercado.<\/p>\n<p>Los resultados son accesibles apenas al participante y su divulgaci\u00f3n es de responsabilidad del propio.<\/p>\n<p>Los resultados solamente ser\u00e1n enviados a terceros, como los organismos de acreditaci\u00f3n o acreditaci\u00f3n, cuando solicitado y autorizado por el participante.<\/p>\n<p>El participante deber\u00e1 designar un responsable para ser el administrador del Sistema on line. Este administrador recibir\u00e1 una contrase\u00f1a de acceso para registrar otros usuarios, delegar actividades relativas al programa, remitir resultados, recibir e imprimir informes, debiendo tambi\u00e9n gestionar la relaci\u00f3n entre Controllab y el laboratorio.<\/p>\n<p>Existe, tambi\u00e9n, la opci\u00f3n de restringir el acceso de usuarios a determinadas \u00e1reas, proporcionando privacidad de los datos que sean convenientes a la Instituci\u00f3n participante.<\/p>\n<p>El participante podr\u00e1 alterar sus datos de registro (contrase\u00f1a, e-mail, responsable entre otros), caso juzgue necesario haciendo clic en registro de usuario ubicado en la barra de herramientas del men\u00fa de la P\u00e1gina Inicial.<\/p>\n<p>Es importante destacar que la contrase\u00f1a del administrador permite acceder todos los datos del participante. Siendo as\u00ed, el mismo debe garantizar su sigilo como forma de evitar exposici\u00f3n de informaciones a personas no autorizadas.<\/p>\n<h3 class=\"secundaria-1\">Uso de Cookies<\/h3>\n<p>Para posibilitar la oferta de un servicio m\u00e1s personalizado, de acuerdo con las caracter\u00edsticas e inter\u00e9s de cada usuario, son utilizado \u00abcookies\u00bb en algunos puntos del sitio web.<\/p>\n<p>Cookies son peque\u00f1os archivos de texto que quedan almacenados en su propio computador (ellos no son grabados en nuestros servidores) y que sirven para reconocer, acompa\u00f1ar y almacenar su navegaci\u00f3n exclusivamente por el sitio web de Controllab. Ellos no est\u00e1n programados para causar da\u00f1o ninguno de sus archivos y no tienen cualquier conexi\u00f3n con sus informaciones personales.<\/p>\n<p>Caso no quiera que los \u00abcookies\u00bb sean almacenados en su sistema, informamos que la mayor\u00eda de los navegadores de Internet (como por ejemplo Internet Explorer y Netscape) permite que los \u00abcookies\u00bb sean apagados de su computador y avisa cuando los mismos son almacenados.<\/p>\n<p>Favor consultar las instrucciones de su navegador para obtener m\u00e1s informaciones sobre esta funci\u00f3n.<\/p>\n<p>Todas las informaciones personales individuales no ser\u00e1n comercializadas o suministradas a terceros en ninguna hip\u00f3tesis, salvo en estricto cumplimiento de \u00f3rdenes judiciales o procedimientos jur\u00eddicos similares. Las informaciones suministradas a asociados, patrocinadores, anunciantes y dem\u00e1s son gen\u00e9ricas sobre los grupos de usuarios (segmentos de mercado, distribuci\u00f3n regional, otras caracter\u00edsticas generales) sin identificarlos individualmente.<\/p>\n<p>Constantemente nuestro sitio web es actualizado y nuevas tecnolog\u00edas son desarrolladas. As\u00ed, le sugerimos a usted consultar esa pol\u00edtica peri\u00f3dicamente, para mantenerse actualizado sobre eventuales alteraciones.<\/p>\n\t\t\t\t\t\t\t\t<\/div>\n\t\t\t\t<\/div>\n\t\t\t\t\t<\/div>\n\t\t<\/div>\n\t\t\t\t\t<\/div>\n\t\t<\/section>\n\t\t\t\t<section data-dce-background-color=\"#F6F6F6\" class=\"has_ae_slider elementor-section elementor-top-section elementor-element elementor-element-456b0611 elementor-section-full_width elementor-section-stretched elementor-section-height-min-height elementor-section-height-default elementor-section-items-middle ae-bg-gallery-type-default\" data-id=\"456b0611\" data-element_type=\"section\" data-e-type=\"section\" data-settings=\"{&quot;stretch_section&quot;:&quot;section-stretched&quot;,&quot;background_background&quot;:&quot;classic&quot;}\">\n\t\t\t\t\t\t<div class=\"elementor-container elementor-column-gap-default\">\n\t\t\t\t\t<div class=\"has_ae_slider elementor-column elementor-col-100 elementor-top-column elementor-element elementor-element-5185d0fb ae-bg-gallery-type-default\" data-id=\"5185d0fb\" data-element_type=\"column\" data-e-type=\"column\">\n\t\t\t<div class=\"elementor-widget-wrap elementor-element-populated\">\n\t\t\t\t\t\t<section class=\"has_ae_slider elementor-section elementor-inner-section elementor-element elementor-element-7950171a elementor-section-content-middle elementor-section-boxed elementor-section-height-default elementor-section-height-default ae-bg-gallery-type-default\" data-id=\"7950171a\" data-element_type=\"section\" data-e-type=\"section\">\n\t\t\t\t\t\t<div class=\"elementor-container elementor-column-gap-default\">\n\t\t\t\t\t<div class=\"has_ae_slider elementor-column elementor-col-33 elementor-inner-column elementor-element elementor-element-2b741f77 ae-bg-gallery-type-default\" data-id=\"2b741f77\" data-element_type=\"column\" data-e-type=\"column\">\n\t\t\t<div class=\"elementor-widget-wrap elementor-element-populated\">\n\t\t\t\t\t\t<div class=\"elementor-element elementor-element-59c5f527 elementor-widget elementor-widget-heading\" data-id=\"59c5f527\" data-element_type=\"widget\" data-e-type=\"widget\" data-widget_type=\"heading.default\">\n\t\t\t\t<div class=\"elementor-widget-container\">\n\t\t\t\t\t<h2 class=\"elementor-heading-title elementor-size-default\">Como podemos te ajudar?<\/h2>\t\t\t\t<\/div>\n\t\t\t\t<\/div>\n\t\t\t\t\t<\/div>\n\t\t<\/div>\n\t\t\t\t<div class=\"has_ae_slider elementor-column elementor-col-33 elementor-inner-column elementor-element elementor-element-63bce5db ae-bg-gallery-type-default\" data-id=\"63bce5db\" data-element_type=\"column\" data-e-type=\"column\">\n\t\t\t<div class=\"elementor-widget-wrap elementor-element-populated\">\n\t\t\t\t\t\t<div data-dce-background-color=\"#02010100\" class=\"elementor-element elementor-element-13da99e9 elementor-align-right elementor-mobile-align-center elementor-widget elementor-widget-button\" data-id=\"13da99e9\" data-element_type=\"widget\" data-e-type=\"widget\" data-widget_type=\"button.default\">\n\t\t\t\t<div class=\"elementor-widget-container\">\n\t\t\t\t\t\t\t\t\t<div class=\"elementor-button-wrapper\">\n\t\t\t\t\t<a class=\"elementor-button elementor-button-link elementor-size-sm\" href=\"https:\/\/controllab.com\/es\/ayuda\/\">\n\t\t\t\t\t\t<span class=\"elementor-button-content-wrapper\">\n\t\t\t\t\t\t\t\t\t<span class=\"elementor-button-text\">SUPORTE<\/span>\n\t\t\t\t\t<\/span>\n\t\t\t\t\t<\/a>\n\t\t\t\t<\/div>\n\t\t\t\t\t\t\t\t<\/div>\n\t\t\t\t<\/div>\n\t\t\t\t\t<\/div>\n\t\t<\/div>\n\t\t\t\t<div class=\"has_ae_slider elementor-column elementor-col-33 elementor-inner-column elementor-element elementor-element-3bdf7e3c ae-bg-gallery-type-default\" data-id=\"3bdf7e3c\" data-element_type=\"column\" data-e-type=\"column\">\n\t\t\t<div class=\"elementor-widget-wrap elementor-element-populated\">\n\t\t\t\t\t\t<div class=\"elementor-element elementor-element-1912845b elementor-align-left elementor-mobile-align-center elementor-widget elementor-widget-button\" data-id=\"1912845b\" data-element_type=\"widget\" data-e-type=\"widget\" data-widget_type=\"button.default\">\n\t\t\t\t<div class=\"elementor-widget-container\">\n\t\t\t\t\t\t\t\t\t<div class=\"elementor-button-wrapper\">\n\t\t\t\t\t<a class=\"elementor-button elementor-button-link elementor-size-sm\" href=\"mailto:atendimento@controllab.com\">\n\t\t\t\t\t\t<span class=\"elementor-button-content-wrapper\">\n\t\t\t\t\t\t\t\t\t<span class=\"elementor-button-text\">CONTATO<\/span>\n\t\t\t\t\t<\/span>\n\t\t\t\t\t<\/a>\n\t\t\t\t<\/div>\n\t\t\t\t\t\t\t\t<\/div>\n\t\t\t\t<\/div>\n\t\t\t\t\t<\/div>\n\t\t<\/div>\n\t\t\t\t\t<\/div>\n\t\t<\/section>\n\t\t\t\t\t<\/div>\n\t\t<\/div>\n\t\t\t\t\t<\/div>\n\t\t<\/section>\n\t\t\t\t<\/div>\n\t\t","protected":false},"excerpt":{"rendered":"<p>Controllab se preocupa en divulgar su pol\u00edtica de privacidad y seguridad para que usted pueda entender mejor cu\u00e1les informaciones obtenemos y c\u00f3mo las utilizamos. Para proporcionar<span class=\"excerpt-hellip\"> [\u2026]<\/span><\/p>\n","protected":false},"author":1,"featured_media":51472,"parent":0,"menu_order":64,"comment_status":"closed","ping_status":"closed","template":"","meta":{"_acf_changed":false,"footnotes":""},"class_list":["post-20125","page","type-page","status-publish","has-post-thumbnail","hentry"],"acf":[],"_links":{"self":[{"href":"https:\/\/controllab.com\/es\/wp-json\/wp\/v2\/pages\/20125","targetHints":{"allow":["GET"]}}],"collection":[{"href":"https:\/\/controllab.com\/es\/wp-json\/wp\/v2\/pages"}],"about":[{"href":"https:\/\/controllab.com\/es\/wp-json\/wp\/v2\/types\/page"}],"author":[{"embeddable":true,"href":"https:\/\/controllab.com\/es\/wp-json\/wp\/v2\/users\/1"}],"replies":[{"embeddable":true,"href":"https:\/\/controllab.com\/es\/wp-json\/wp\/v2\/comments?post=20125"}],"version-history":[{"count":0,"href":"https:\/\/controllab.com\/es\/wp-json\/wp\/v2\/pages\/20125\/revisions"}],"wp:featuredmedia":[{"embeddable":true,"href":"https:\/\/controllab.com\/es\/wp-json\/wp\/v2\/media\/51472"}],"wp:attachment":[{"href":"https:\/\/controllab.com\/es\/wp-json\/wp\/v2\/media?parent=20125"}],"curies":[{"name":"wp","href":"https:\/\/api.w.org\/{rel}","templated":true}]}}