{"id":89776,"date":"2022-11-24T14:19:53","date_gmt":"2022-11-24T17:19:53","guid":{"rendered":"https:\/\/controllab.com\/educacion\/"},"modified":"2026-04-07T17:04:59","modified_gmt":"2026-04-07T20:04:59","slug":"educacion","status":"publish","type":"page","link":"https:\/\/controllab.com\/es\/educacion\/","title":{"rendered":"Educaci\u00f3n"},"content":{"rendered":"\t\t<div data-elementor-type=\"wp-page\" data-elementor-id=\"89776\" class=\"elementor elementor-89776 elementor-86632\" data-elementor-post-type=\"page\">\n\t\t\t\t\t\t<section class=\"has_ae_slider elementor-section elementor-top-section elementor-element elementor-element-759d77b elementor-section-boxed elementor-section-height-default elementor-section-height-default ae-bg-gallery-type-default\" data-id=\"759d77b\" data-element_type=\"section\" data-e-type=\"section\">\n\t\t\t\t\t\t<div class=\"elementor-container elementor-column-gap-default\">\n\t\t\t\t\t<div class=\"has_ae_slider elementor-column elementor-col-50 elementor-top-column elementor-element elementor-element-a772b2b ae-bg-gallery-type-default\" data-id=\"a772b2b\" data-element_type=\"column\" data-e-type=\"column\">\n\t\t\t<div class=\"elementor-widget-wrap elementor-element-populated\">\n\t\t\t\t\t\t<div class=\"elementor-element elementor-element-b793a39 elementor-widget elementor-widget-image\" data-id=\"b793a39\" data-element_type=\"widget\" data-e-type=\"widget\" data-widget_type=\"image.default\">\n\t\t\t\t<div class=\"elementor-widget-container\">\n\t\t\t\t\t\t\t\t\t\t\t\t\t\t\t<img fetchpriority=\"high\" decoding=\"async\" width=\"1024\" height=\"611\" src=\"https:\/\/controllab.com\/wp-content\/uploads\/ensino-a-distancia-es-1024x611.png\" class=\"attachment-large size-large wp-image-18016\" alt=\"\" srcset=\"https:\/\/controllab.com\/wp-content\/uploads\/ensino-a-distancia-es-1024x611.png 1024w, https:\/\/controllab.com\/wp-content\/uploads\/ensino-a-distancia-es-800x477.png 800w, https:\/\/controllab.com\/wp-content\/uploads\/ensino-a-distancia-es-64x38.png 64w, https:\/\/controllab.com\/wp-content\/uploads\/ensino-a-distancia-es-300x179.png 300w, https:\/\/controllab.com\/wp-content\/uploads\/ensino-a-distancia-es-768x458.png 768w, https:\/\/controllab.com\/wp-content\/uploads\/ensino-a-distancia-es-245x146.png 245w, https:\/\/controllab.com\/wp-content\/uploads\/ensino-a-distancia-es-50x30.png 50w, https:\/\/controllab.com\/wp-content\/uploads\/ensino-a-distancia-es-126x75.png 126w, https:\/\/controllab.com\/wp-content\/uploads\/ensino-a-distancia-es.png 1041w\" sizes=\"(max-width:767px) 480px, (max-width:1024px) 100vw, 1024px\" \/>\t\t\t\t\t\t\t\t\t\t\t\t\t\t\t<\/div>\n\t\t\t\t<\/div>\n\t\t\t\t\t<\/div>\n\t\t<\/div>\n\t\t\t\t<div class=\"has_ae_slider elementor-column elementor-col-50 elementor-top-column elementor-element elementor-element-b795997 ae-bg-gallery-type-default\" data-id=\"b795997\" data-element_type=\"column\" data-e-type=\"column\">\n\t\t\t<div class=\"elementor-widget-wrap elementor-element-populated\">\n\t\t\t\t\t\t<div class=\"elementor-element elementor-element-e897fe7 elementor-widget elementor-widget-heading\" data-id=\"e897fe7\" data-element_type=\"widget\" data-e-type=\"widget\" data-widget_type=\"heading.default\">\n\t\t\t\t<div class=\"elementor-widget-container\">\n\t\t\t\t\t<h1 class=\"elementor-heading-title elementor-size-default\">Educar para<br>promover la calidad<\/h1>\t\t\t\t<\/div>\n\t\t\t\t<\/div>\n\t\t\t\t<div class=\"elementor-element elementor-element-4d52eb3 elementor-widget elementor-widget-text-editor\" data-id=\"4d52eb3\" data-element_type=\"widget\" data-e-type=\"widget\" data-widget_type=\"text-editor.default\">\n\t\t\t\t<div class=\"elementor-widget-container\">\n\t\t\t\t\t\t\t\t\t<p>Desde 1990, el Equipo de Controllab y sus asesores vienen desarrollando actividades educativas con el prop\u00f3sito de promover el reciclaje del conocimiento y el perfeccionamiento de las actividades del laboratorio.<\/p>\n\t\t\t\t\t\t\t\t<\/div>\n\t\t\t\t<\/div>\n\t\t\t\t\t<\/div>\n\t\t<\/div>\n\t\t\t\t\t<\/div>\n\t\t<\/section>\n\t\t\t\t<section class=\"has_ae_slider elementor-section elementor-top-section elementor-element elementor-element-c3b89c3 elementor-hidden-tablet elementor-hidden-mobile elementor-section-boxed elementor-section-height-default elementor-section-height-default ae-bg-gallery-type-default\" data-id=\"c3b89c3\" data-element_type=\"section\" data-e-type=\"section\">\n\t\t\t\t\t\t<div class=\"elementor-container elementor-column-gap-default\">\n\t\t\t\t\t<div data-dce-background-color=\"#F4F4F4\" class=\"has_ae_slider elementor-column elementor-col-33 elementor-top-column elementor-element elementor-element-3e1fe3a ae-bg-gallery-type-default\" data-id=\"3e1fe3a\" data-element_type=\"column\" data-e-type=\"column\" data-settings=\"{&quot;background_background&quot;:&quot;classic&quot;}\">\n\t\t\t<div class=\"elementor-widget-wrap elementor-element-populated\">\n\t\t\t\t\t\t<div class=\"elementor-element elementor-element-03454d1 elementor-widget elementor-widget-image\" data-id=\"03454d1\" data-element_type=\"widget\" data-e-type=\"widget\" data-widget_type=\"image.default\">\n\t\t\t\t<div class=\"elementor-widget-container\">\n\t\t\t\t\t\t\t\t\t\t\t\t\t\t\t<img decoding=\"async\" width=\"61\" height=\"51\" src=\"https:\/\/controllab.com\/wp-content\/uploads\/escassez_1.png\" class=\"attachment-full size-full wp-image-88032\" alt=\"\" srcset=\"https:\/\/controllab.com\/wp-content\/uploads\/escassez_1.png 61w, https:\/\/controllab.com\/wp-content\/uploads\/escassez_1-50x42.png 50w\" sizes=\"(max-width:767px) 61px, 61px\" \/>\t\t\t\t\t\t\t\t\t\t\t\t\t\t\t<\/div>\n\t\t\t\t<\/div>\n\t\t\t\t<div class=\"elementor-element elementor-element-8d52c97 elementor-widget elementor-widget-text-editor\" data-id=\"8d52c97\" data-element_type=\"widget\" data-e-type=\"widget\" data-widget_type=\"text-editor.default\">\n\t\t\t\t<div class=\"elementor-widget-container\">\n\t\t\t\t\t\t\t\t\t<p>Originado por la falta de informaci\u00f3n para los laboratorios, este trabajo se ha perpetuado gracias a la experiencia acumulada y al constante intercambio de informaci\u00f3n con los clientes.<\/p>\n\t\t\t\t\t\t\t\t<\/div>\n\t\t\t\t<\/div>\n\t\t\t\t\t<\/div>\n\t\t<\/div>\n\t\t\t\t<div data-dce-background-color=\"#FFFFFF\" class=\"has_ae_slider elementor-column elementor-col-33 elementor-top-column elementor-element elementor-element-0cd52f4 ae-bg-gallery-type-default\" data-id=\"0cd52f4\" data-element_type=\"column\" data-e-type=\"column\" data-settings=\"{&quot;background_background&quot;:&quot;classic&quot;}\">\n\t\t\t<div class=\"elementor-widget-wrap elementor-element-populated\">\n\t\t\t\t\t\t<div class=\"elementor-element elementor-element-bc0643a elementor-widget elementor-widget-image\" data-id=\"bc0643a\" data-element_type=\"widget\" data-e-type=\"widget\" data-widget_type=\"image.default\">\n\t\t\t\t<div class=\"elementor-widget-container\">\n\t\t\t\t\t\t\t\t\t\t\t\t\t\t\t<img decoding=\"async\" width=\"61\" height=\"61\" src=\"https:\/\/controllab.com\/wp-content\/uploads\/alguns-materiais.png\" class=\"attachment-full size-full wp-image-88035\" alt=\"\" srcset=\"https:\/\/controllab.com\/wp-content\/uploads\/alguns-materiais.png 61w, https:\/\/controllab.com\/wp-content\/uploads\/alguns-materiais-50x50.png 50w\" sizes=\"(max-width:767px) 61px, 61px\" \/>\t\t\t\t\t\t\t\t\t\t\t\t\t\t\t<\/div>\n\t\t\t\t<\/div>\n\t\t\t\t<div class=\"elementor-element elementor-element-7c2f691 elementor-widget elementor-widget-text-editor\" data-id=\"7c2f691\" data-element_type=\"widget\" data-e-type=\"widget\" data-widget_type=\"text-editor.default\">\n\t\t\t\t<div class=\"elementor-widget-container\">\n\t\t\t\t\t\t\t\t\t<p>Algunos materiales y herramientas son exclusivos para los clientes de Controllab, como cuestionarios ilustrados, formularios e instrucciones para el control de calidad y equipos\/materiales.<\/p>\n\t\t\t\t\t\t\t\t<\/div>\n\t\t\t\t<\/div>\n\t\t\t\t\t<\/div>\n\t\t<\/div>\n\t\t\t\t<div data-dce-background-color=\"#F4F4F4\" class=\"has_ae_slider elementor-column elementor-col-33 elementor-top-column elementor-element elementor-element-271adc6 ae-bg-gallery-type-default\" data-id=\"271adc6\" data-element_type=\"column\" data-e-type=\"column\" data-settings=\"{&quot;background_background&quot;:&quot;classic&quot;}\">\n\t\t\t<div class=\"elementor-widget-wrap elementor-element-populated\">\n\t\t\t\t\t\t<div class=\"elementor-element elementor-element-88713e5 elementor-widget elementor-widget-image\" data-id=\"88713e5\" data-element_type=\"widget\" data-e-type=\"widget\" data-widget_type=\"image.default\">\n\t\t\t\t<div class=\"elementor-widget-container\">\n\t\t\t\t\t\t\t\t\t\t\t\t\t\t\t<img loading=\"lazy\" decoding=\"async\" width=\"61\" height=\"61\" src=\"https:\/\/controllab.com\/wp-content\/uploads\/outrosmateriais.png\" class=\"attachment-full size-full wp-image-88038\" alt=\"\" srcset=\"https:\/\/controllab.com\/wp-content\/uploads\/outrosmateriais.png 61w, https:\/\/controllab.com\/wp-content\/uploads\/outrosmateriais-50x50.png 50w\" sizes=\"(max-width:767px) 61px, 61px\" \/>\t\t\t\t\t\t\t\t\t\t\t\t\t\t\t<\/div>\n\t\t\t\t<\/div>\n\t\t\t\t<div class=\"elementor-element elementor-element-f99a135 elementor-widget elementor-widget-text-editor\" data-id=\"f99a135\" data-element_type=\"widget\" data-e-type=\"widget\" data-widget_type=\"text-editor.default\">\n\t\t\t\t<div class=\"elementor-widget-container\">\n\t\t\t\t\t\t\t\t\t<p>Otros materiales est\u00e1n disponibles gratuitamente para la comunidad de los laboratorios. Incluyen art\u00edculos, manuales\/libros, traducciones y materiales de cursos\/conferencias.<\/p>\t\t\t\t\t\t\t\t<\/div>\n\t\t\t\t<\/div>\n\t\t\t\t\t<\/div>\n\t\t<\/div>\n\t\t\t\t\t<\/div>\n\t\t<\/section>\n\t\t\t\t<section class=\"has_ae_slider elementor-section elementor-top-section elementor-element elementor-element-877b5bd elementor-section-stretched elementor-section-boxed elementor-section-height-default elementor-section-height-default ae-bg-gallery-type-default\" data-id=\"877b5bd\" data-element_type=\"section\" data-e-type=\"section\" data-settings=\"{&quot;stretch_section&quot;:&quot;section-stretched&quot;,&quot;background_background&quot;:&quot;classic&quot;}\">\n\t\t\t\t\t\t<div class=\"elementor-container elementor-column-gap-default\">\n\t\t\t\t\t<div class=\"has_ae_slider elementor-column elementor-col-20 elementor-top-column elementor-element elementor-element-8eef6fe ae-bg-gallery-type-default\" data-id=\"8eef6fe\" data-element_type=\"column\" data-e-type=\"column\">\n\t\t\t<div class=\"elementor-widget-wrap elementor-element-populated\">\n\t\t\t\t\t\t<div class=\"elementor-element elementor-element-60fee0d elementor-widget elementor-widget-image\" data-id=\"60fee0d\" data-element_type=\"widget\" data-e-type=\"widget\" data-widget_type=\"image.default\">\n\t\t\t\t<div class=\"elementor-widget-container\">\n\t\t\t\t\t\t\t\t\t\t\t\t\t\t\t\t<a href=\"https:\/\/controllab.com\/es\/educacion\/reunion-online\/\">\n\t\t\t\t\t\t\t<img loading=\"lazy\" decoding=\"async\" width=\"300\" height=\"300\" src=\"https:\/\/controllab.com\/wp-content\/uploads\/encontros-online-thumb-300x300.png\" class=\"attachment-thumbnail size-thumbnail wp-image-87863\" alt=\"\" srcset=\"https:\/\/controllab.com\/wp-content\/uploads\/encontros-online-thumb-300x300.png 300w, https:\/\/controllab.com\/wp-content\/uploads\/encontros-online-thumb-85x85.png 85w, https:\/\/controllab.com\/wp-content\/uploads\/encontros-online-thumb-80x80.png 80w\" sizes=\"(max-width:767px) 300px, 300px\" \/>\t\t\t\t\t\t\t\t<\/a>\n\t\t\t\t\t\t\t\t\t\t\t\t\t\t\t<\/div>\n\t\t\t\t<\/div>\n\t\t\t\t<div class=\"elementor-element elementor-element-a118e29 elementor-widget elementor-widget-heading\" data-id=\"a118e29\" data-element_type=\"widget\" data-e-type=\"widget\" data-widget_type=\"heading.default\">\n\t\t\t\t<div class=\"elementor-widget-container\">\n\t\t\t\t\t<h5 class=\"elementor-heading-title elementor-size-default\"><a href=\"https:\/\/controllab.com\/es\/educacion\/reunion-online\/\">Reuni\u00f3n Online<\/a><\/h5>\t\t\t\t<\/div>\n\t\t\t\t<\/div>\n\t\t\t\t\t<\/div>\n\t\t<\/div>\n\t\t\t\t<div class=\"has_ae_slider elementor-column elementor-col-20 elementor-top-column elementor-element elementor-element-0a4cd19 ae-bg-gallery-type-default\" data-id=\"0a4cd19\" data-element_type=\"column\" data-e-type=\"column\">\n\t\t\t<div class=\"elementor-widget-wrap elementor-element-populated\">\n\t\t\t\t\t\t<div class=\"elementor-element elementor-element-0720fd5 elementor-widget elementor-widget-image\" data-id=\"0720fd5\" data-element_type=\"widget\" data-e-type=\"widget\" data-widget_type=\"image.default\">\n\t\t\t\t<div class=\"elementor-widget-container\">\n\t\t\t\t\t\t\t\t\t\t\t\t\t\t\t\t<a href=\"https:\/\/controllab.com\/es\/educacion\/hablando-d\/\">\n\t\t\t\t\t\t\t<img loading=\"lazy\" decoding=\"async\" width=\"300\" height=\"300\" src=\"https:\/\/controllab.com\/wp-content\/uploads\/conversaDEventos-1-300x300.png\" class=\"attachment-thumbnail size-thumbnail wp-image-88206\" alt=\"\" srcset=\"https:\/\/controllab.com\/wp-content\/uploads\/conversaDEventos-1-300x300.png 300w, https:\/\/controllab.com\/wp-content\/uploads\/conversaDEventos-1-600x600.png 600w, https:\/\/controllab.com\/wp-content\/uploads\/conversaDEventos-1-85x85.png 85w, https:\/\/controllab.com\/wp-content\/uploads\/conversaDEventos-1-80x80.png 80w\" sizes=\"(max-width:767px) 300px, 300px\" \/>\t\t\t\t\t\t\t\t<\/a>\n\t\t\t\t\t\t\t\t\t\t\t\t\t\t\t<\/div>\n\t\t\t\t<\/div>\n\t\t\t\t<div class=\"elementor-element elementor-element-940d833 elementor-widget elementor-widget-heading\" data-id=\"940d833\" data-element_type=\"widget\" data-e-type=\"widget\" data-widget_type=\"heading.default\">\n\t\t\t\t<div class=\"elementor-widget-container\">\n\t\t\t\t\t<h5 class=\"elementor-heading-title elementor-size-default\"><a href=\"https:\/\/controllab.com\/es\/educacion\/hablando-d\/\">Hablando D<\/a><\/h5>\t\t\t\t<\/div>\n\t\t\t\t<\/div>\n\t\t\t\t\t<\/div>\n\t\t<\/div>\n\t\t\t\t<div class=\"has_ae_slider elementor-column elementor-col-20 elementor-top-column elementor-element elementor-element-2353436 ae-bg-gallery-type-default\" data-id=\"2353436\" data-element_type=\"column\" data-e-type=\"column\">\n\t\t\t<div class=\"elementor-widget-wrap elementor-element-populated\">\n\t\t\t\t\t\t<div class=\"elementor-element elementor-element-36a6130 elementor-widget elementor-widget-image\" data-id=\"36a6130\" data-element_type=\"widget\" data-e-type=\"widget\" data-widget_type=\"image.default\">\n\t\t\t\t<div class=\"elementor-widget-container\">\n\t\t\t\t\t\t\t\t\t\t\t\t\t\t\t\t<a href=\"https:\/\/controllab.com\/es\/educacion\/casos-digitalizados-e-estudios-de-casos\/\">\n\t\t\t\t\t\t\t<img loading=\"lazy\" decoding=\"async\" width=\"300\" height=\"300\" src=\"https:\/\/controllab.com\/wp-content\/uploads\/casos-300x300.png\" class=\"attachment-thumbnail size-thumbnail wp-image-87394\" alt=\"\" srcset=\"https:\/\/controllab.com\/wp-content\/uploads\/casos-300x300.png 300w, https:\/\/controllab.com\/wp-content\/uploads\/casos-146x146.png 146w, https:\/\/controllab.com\/wp-content\/uploads\/casos-50x50.png 50w, https:\/\/controllab.com\/wp-content\/uploads\/casos-75x75.png 75w, https:\/\/controllab.com\/wp-content\/uploads\/casos-85x85.png 85w, https:\/\/controllab.com\/wp-content\/uploads\/casos-80x80.png 80w, https:\/\/controllab.com\/wp-content\/uploads\/casos.png 400w\" sizes=\"(max-width:767px) 300px, 300px\" \/>\t\t\t\t\t\t\t\t<\/a>\n\t\t\t\t\t\t\t\t\t\t\t\t\t\t\t<\/div>\n\t\t\t\t<\/div>\n\t\t\t\t<div class=\"elementor-element elementor-element-c964c1b elementor-widget elementor-widget-heading\" data-id=\"c964c1b\" data-element_type=\"widget\" data-e-type=\"widget\" data-widget_type=\"heading.default\">\n\t\t\t\t<div class=\"elementor-widget-container\">\n\t\t\t\t\t<h5 class=\"elementor-heading-title elementor-size-default\"><a href=\"https:\/\/controllab.com\/es\/educacion\/casos-digitalizados-e-estudios-de-casos\/\">Casos Digitalizados y Estudio de Casos<\/a><\/h5>\t\t\t\t<\/div>\n\t\t\t\t<\/div>\n\t\t\t\t\t<\/div>\n\t\t<\/div>\n\t\t\t\t<div class=\"has_ae_slider elementor-column elementor-col-20 elementor-top-column elementor-element elementor-element-86b4fcf ae-bg-gallery-type-default\" data-id=\"86b4fcf\" data-element_type=\"column\" data-e-type=\"column\">\n\t\t\t<div class=\"elementor-widget-wrap elementor-element-populated\">\n\t\t\t\t\t\t<div class=\"elementor-element elementor-element-d739ef3 elementor-widget elementor-widget-image\" data-id=\"d739ef3\" data-element_type=\"widget\" data-e-type=\"widget\" data-widget_type=\"image.default\">\n\t\t\t\t<div class=\"elementor-widget-container\">\n\t\t\t\t\t\t\t\t\t\t\t\t\t\t\t\t<a href=\"https:\/\/controllab.com\/es\/educacion\/libros\/\">\n\t\t\t\t\t\t\t<img loading=\"lazy\" decoding=\"async\" width=\"300\" height=\"300\" src=\"https:\/\/controllab.com\/wp-content\/uploads\/livros-300x300.png\" class=\"attachment-thumbnail size-thumbnail wp-image-87413\" alt=\"\" srcset=\"https:\/\/controllab.com\/wp-content\/uploads\/livros-300x300.png 300w, https:\/\/controllab.com\/wp-content\/uploads\/livros-146x146.png 146w, https:\/\/controllab.com\/wp-content\/uploads\/livros-50x50.png 50w, https:\/\/controllab.com\/wp-content\/uploads\/livros-75x75.png 75w, https:\/\/controllab.com\/wp-content\/uploads\/livros-85x85.png 85w, https:\/\/controllab.com\/wp-content\/uploads\/livros-80x80.png 80w, https:\/\/controllab.com\/wp-content\/uploads\/livros.png 400w\" sizes=\"(max-width:767px) 300px, 300px\" \/>\t\t\t\t\t\t\t\t<\/a>\n\t\t\t\t\t\t\t\t\t\t\t\t\t\t\t<\/div>\n\t\t\t\t<\/div>\n\t\t\t\t<div class=\"elementor-element elementor-element-2375aee elementor-widget elementor-widget-heading\" data-id=\"2375aee\" data-element_type=\"widget\" data-e-type=\"widget\" data-widget_type=\"heading.default\">\n\t\t\t\t<div class=\"elementor-widget-container\">\n\t\t\t\t\t<h5 class=\"elementor-heading-title elementor-size-default\"><a href=\"https:\/\/controllab.com\/es\/educacion\/libros\/\">Libros Controllab y Terceros<\/a><\/h5>\t\t\t\t<\/div>\n\t\t\t\t<\/div>\n\t\t\t\t\t<\/div>\n\t\t<\/div>\n\t\t\t\t<div class=\"has_ae_slider elementor-column elementor-col-20 elementor-top-column elementor-element elementor-element-883810f ae-bg-gallery-type-default\" data-id=\"883810f\" data-element_type=\"column\" data-e-type=\"column\">\n\t\t\t<div class=\"elementor-widget-wrap elementor-element-populated\">\n\t\t\t\t\t\t<div class=\"elementor-element elementor-element-3faf712 elementor-widget elementor-widget-image\" data-id=\"3faf712\" data-element_type=\"widget\" data-e-type=\"widget\" data-widget_type=\"image.default\">\n\t\t\t\t<div class=\"elementor-widget-container\">\n\t\t\t\t\t\t\t\t\t\t\t\t\t\t\t\t<a href=\"https:\/\/controllab.com\/es\/educacion\/resumenes-y-articulos-cientificos\/\">\n\t\t\t\t\t\t\t<img loading=\"lazy\" decoding=\"async\" width=\"300\" height=\"300\" src=\"https:\/\/controllab.com\/wp-content\/uploads\/Estudos-de-caso_2-1-300x300.png\" class=\"attachment-thumbnail size-thumbnail wp-image-88216\" alt=\"\" srcset=\"https:\/\/controllab.com\/wp-content\/uploads\/Estudos-de-caso_2-1-300x300.png 300w, https:\/\/controllab.com\/wp-content\/uploads\/Estudos-de-caso_2-1-600x600.png 600w, https:\/\/controllab.com\/wp-content\/uploads\/Estudos-de-caso_2-1-85x85.png 85w, https:\/\/controllab.com\/wp-content\/uploads\/Estudos-de-caso_2-1-80x80.png 80w\" sizes=\"(max-width:767px) 300px, 300px\" \/>\t\t\t\t\t\t\t\t<\/a>\n\t\t\t\t\t\t\t\t\t\t\t\t\t\t\t<\/div>\n\t\t\t\t<\/div>\n\t\t\t\t<div class=\"elementor-element elementor-element-ddc6e0d elementor-widget elementor-widget-heading\" data-id=\"ddc6e0d\" data-element_type=\"widget\" data-e-type=\"widget\" data-widget_type=\"heading.default\">\n\t\t\t\t<div class=\"elementor-widget-container\">\n\t\t\t\t\t<h5 class=\"elementor-heading-title elementor-size-default\"><a href=\"https:\/\/controllab.com\/es\/educacion\/resumenes-y-articulos-cientificos\/\">Res\u00famenes y Art\u00edculos Cient\u00edficos<\/a><\/h5>\t\t\t\t<\/div>\n\t\t\t\t<\/div>\n\t\t\t\t\t<\/div>\n\t\t<\/div>\n\t\t\t\t\t<\/div>\n\t\t<\/section>\n\t\t\t\t<section data-dce-background-color=\"#F2F3F2\" class=\"has_ae_slider elementor-section elementor-top-section elementor-element elementor-element-23523c32 elementor-section-full_width elementor-section-stretched elementor-section-height-default elementor-section-height-default ae-bg-gallery-type-default\" data-id=\"23523c32\" data-element_type=\"section\" data-e-type=\"section\" data-settings=\"{&quot;background_background&quot;:&quot;classic&quot;,&quot;stretch_section&quot;:&quot;section-stretched&quot;}\">\n\t\t\t\t\t\t<div class=\"elementor-container elementor-column-gap-default\">\n\t\t\t\t\t<div class=\"has_ae_slider elementor-column elementor-col-100 elementor-top-column elementor-element elementor-element-25a2e287 ae-bg-gallery-type-default\" data-id=\"25a2e287\" data-element_type=\"column\" data-e-type=\"column\">\n\t\t\t<div class=\"elementor-widget-wrap elementor-element-populated\">\n\t\t\t\t\t\t<section class=\"has_ae_slider elementor-section elementor-inner-section elementor-element elementor-element-23ba8aa elementor-section-boxed elementor-section-height-default elementor-section-height-default ae-bg-gallery-type-default\" data-id=\"23ba8aa\" data-element_type=\"section\" data-e-type=\"section\">\n\t\t\t\t\t\t<div class=\"elementor-container elementor-column-gap-default\">\n\t\t\t\t\t<div class=\"has_ae_slider elementor-column elementor-col-50 elementor-inner-column elementor-element elementor-element-5455906e ae-bg-gallery-type-default\" data-id=\"5455906e\" data-element_type=\"column\" data-e-type=\"column\">\n\t\t\t<div class=\"elementor-widget-wrap elementor-element-populated\">\n\t\t\t\t\t\t<div class=\"elementor-element elementor-element-4a761d13 elementor-widget elementor-widget-heading\" data-id=\"4a761d13\" data-element_type=\"widget\" data-e-type=\"widget\" data-widget_type=\"heading.default\">\n\t\t\t\t<div class=\"elementor-widget-container\">\n\t\t\t\t\t<h2 class=\"elementor-heading-title elementor-size-default\">Suscr\u00edbase a nuestro bolet\u00edn<\/h2>\t\t\t\t<\/div>\n\t\t\t\t<\/div>\n\t\t\t\t<div class=\"elementor-element elementor-element-33bf1d74 elementor-widget elementor-widget-text-editor\" data-id=\"33bf1d74\" data-element_type=\"widget\" data-e-type=\"widget\" data-widget_type=\"text-editor.default\">\n\t\t\t\t<div class=\"elementor-widget-container\">\n\t\t\t\t\t\t\t\t\t<p>Reciba publicaciones relevantes sobre laboratorio e soluciones para gesti\u00f3n de la calidad.<\/p>\n\t\t\t\t\t\t\t\t<\/div>\n\t\t\t\t<\/div>\n\t\t\t\t\t<\/div>\n\t\t<\/div>\n\t\t\t\t<div class=\"has_ae_slider elementor-column elementor-col-50 elementor-inner-column elementor-element elementor-element-3b3b8f58 ae-bg-gallery-type-default\" data-id=\"3b3b8f58\" data-element_type=\"column\" data-e-type=\"column\">\n\t\t\t<div class=\"elementor-widget-wrap elementor-element-populated\">\n\t\t\t\t\t\t<div class=\"elementor-element elementor-element-50803aa4 elementor-widget elementor-widget-form\" data-id=\"50803aa4\" data-element_type=\"widget\" data-e-type=\"widget\" data-settings=\"{&quot;button_width&quot;:&quot;25&quot;,&quot;step_type&quot;:&quot;text&quot;,&quot;button_width_mobile&quot;:&quot;30&quot;,&quot;dce_confirm_dialog_enabled&quot;:&quot;no&quot;,&quot;step_icon_shape&quot;:&quot;circle&quot;,&quot;label_icon_size&quot;:{&quot;unit&quot;:&quot;px&quot;,&quot;size&quot;:&quot;&quot;,&quot;sizes&quot;:[]},&quot;field_icon_size&quot;:{&quot;unit&quot;:&quot;px&quot;,&quot;size&quot;:&quot;&quot;,&quot;sizes&quot;:[]}}\" data-widget_type=\"form.default\">\n\t\t\t\t<div class=\"elementor-widget-container\">\n\t\t\t\t\t\t\t<form class=\"elementor-form\" method=\"post\" id=\"newsletter\" name=\"Newsletter\" aria-label=\"Newsletter\">\n\t\t\t<input type=\"hidden\" name=\"post_id\" value=\"89776\"\/>\n\t\t\t<input type=\"hidden\" name=\"form_id\" value=\"50803aa4\"\/>\n\t\t\t<input type=\"hidden\" name=\"referer_title\" value=\"\" \/>\n\n\t\t\t\n\t\t\t<div class=\"elementor-form-fields-wrapper elementor-labels-\">\n\t\t\t\t\t\t\t\t<div class=\"elementor-field-type-email elementor-field-group elementor-column elementor-field-group-newsletter elementor-col-75 elementor-sm-70 elementor-field-required\">\n\t\t\t\t\t\t\t\t\t\t\t\t<label for=\"form-field-newsletter\" class=\"elementor-field-label elementor-screen-only\">\n\t\t\t\t\t\t\t\temail\t\t\t\t\t\t\t<\/label>\n\t\t\t\t\t\t\t\t\t\t\t\t\t\t<input size=\"1\" type=\"email\" name=\"form_fields[newsletter]\" id=\"form-field-newsletter\" class=\"elementor-field elementor-size-md  elementor-field-textual\" placeholder=\"Su e-mail\" required=\"required\">\n\t\t\t\t\t\t\t\t\t\t\t<\/div>\n\t\t\t\t\t\t\t\t<div class=\"elementor-field-group elementor-column elementor-field-type-submit elementor-col-25 e-form__buttons elementor-sm-30\">\n\t\t\t\t\t<button class=\"elementor-button elementor-size-md\" type=\"submit\" id=\"assinar\">\n\t\t\t\t\t\t<span class=\"elementor-button-content-wrapper\">\n\t\t\t\t\t\t\t\t\t\t\t\t\t\t\t\t\t\t\t\t\t\t<span class=\"elementor-button-text\">FIRMAR<\/span>\n\t\t\t\t\t\t\t\t\t\t\t\t\t<\/span>\n\t\t\t\t\t<\/button>\n\t\t\t\t<\/div>\n\t\t\t<\/div>\n\t\t<\/form>\n\t\t\t\t\t\t<\/div>\n\t\t\t\t<\/div>\n\t\t<style>.elementor .elementor-element.elementor-element-50803aa4 .e-form__indicators { display: none !important; }<\/style>\t\t\t<\/div>\n\t\t<\/div>\n\t\t\t\t\t<\/div>\n\t\t<\/section>\n\t\t\t\t\t<\/div>\n\t\t<\/div>\n\t\t\t\t\t<\/div>\n\t\t<\/section>\n\t\t\t\t<\/div>\n\t\t","protected":false},"excerpt":{"rendered":"<p>Educar parapromover la calidad Desde 1990, el Equipo de Controllab y sus asesores vienen desarrollando actividades educativas con el prop\u00f3sito de promover el reciclaje del conocimiento<span class=\"excerpt-hellip\"> [\u2026]<\/span><\/p>\n","protected":false},"author":277,"featured_media":4902,"parent":0,"menu_order":197,"comment_status":"closed","ping_status":"closed","template":"","meta":{"_acf_changed":false,"footnotes":""},"class_list":["post-89776","page","type-page","status-publish","has-post-thumbnail","hentry"],"acf":[],"_links":{"self":[{"href":"https:\/\/controllab.com\/es\/wp-json\/wp\/v2\/pages\/89776","targetHints":{"allow":["GET"]}}],"collection":[{"href":"https:\/\/controllab.com\/es\/wp-json\/wp\/v2\/pages"}],"about":[{"href":"https:\/\/controllab.com\/es\/wp-json\/wp\/v2\/types\/page"}],"author":[{"embeddable":true,"href":"https:\/\/controllab.com\/es\/wp-json\/wp\/v2\/users\/277"}],"replies":[{"embeddable":true,"href":"https:\/\/controllab.com\/es\/wp-json\/wp\/v2\/comments?post=89776"}],"version-history":[{"count":3,"href":"https:\/\/controllab.com\/es\/wp-json\/wp\/v2\/pages\/89776\/revisions"}],"predecessor-version":[{"id":211022,"href":"https:\/\/controllab.com\/es\/wp-json\/wp\/v2\/pages\/89776\/revisions\/211022"}],"wp:featuredmedia":[{"embeddable":true,"href":"https:\/\/controllab.com\/es\/wp-json\/wp\/v2\/media\/4902"}],"wp:attachment":[{"href":"https:\/\/controllab.com\/es\/wp-json\/wp\/v2\/media?parent=89776"}],"curies":[{"name":"wp","href":"https:\/\/api.w.org\/{rel}","templated":true}]}}