{"id":89797,"date":"2022-11-28T11:54:59","date_gmt":"2022-11-28T14:54:59","guid":{"rendered":"https:\/\/controllab.com\/educacion\/casos-digitalizados-e-estudos-de-casos\/"},"modified":"2022-12-06T13:40:17","modified_gmt":"2022-12-06T16:40:17","slug":"casos-digitalizados-e-estudios-de-casos","status":"publish","type":"page","link":"https:\/\/controllab.com\/es\/educacion\/casos-digitalizados-e-estudios-de-casos\/","title":{"rendered":"Casos Digitalizados e Estudios de Casos"},"content":{"rendered":"\t\t<div data-elementor-type=\"wp-page\" data-elementor-id=\"89797\" class=\"elementor elementor-89797 elementor-87771\" data-elementor-post-type=\"page\">\n\t\t\t\t\t\t<section data-dce-background-color=\"#F6F6F6\" class=\"elementor-section elementor-top-section elementor-element elementor-element-5ed781b elementor-section-stretched elementor-section-boxed elementor-section-height-default elementor-section-height-default\" data-id=\"5ed781b\" data-element_type=\"section\" data-e-type=\"section\" data-settings=\"{&quot;stretch_section&quot;:&quot;section-stretched&quot;,&quot;background_background&quot;:&quot;classic&quot;}\">\n\t\t\t\t\t\t<div class=\"elementor-container elementor-column-gap-default\">\n\t\t\t\t\t<div class=\"elementor-column elementor-col-50 elementor-top-column elementor-element elementor-element-23cf591\" data-id=\"23cf591\" data-element_type=\"column\" data-e-type=\"column\">\n\t\t\t<div class=\"elementor-widget-wrap elementor-element-populated\">\n\t\t\t\t\t\t<div class=\"elementor-element elementor-element-ceb5416 elementor-widget elementor-widget-heading\" data-id=\"ceb5416\" data-element_type=\"widget\" data-e-type=\"widget\" data-widget_type=\"heading.default\">\n\t\t\t\t<div class=\"elementor-widget-container\">\n\t\t\t\t\t<h2 class=\"elementor-heading-title elementor-size-default\">Casos Digitalizados<\/h2>\t\t\t\t<\/div>\n\t\t\t\t<\/div>\n\t\t\t\t<div class=\"elementor-element elementor-element-7df10f2 elementor-widget elementor-widget-text-editor\" data-id=\"7df10f2\" data-element_type=\"widget\" data-e-type=\"widget\" data-widget_type=\"text-editor.default\">\n\t\t\t\t<div class=\"elementor-widget-container\">\n\t\t\t\t\t\t\t\t\t<p>Los usuarios del <a href=\"https:\/\/controllab.com\/es\/soluciones\/ensayo-de-aptitud\/\"><strong>Ensayo de Aptitud<\/strong> <\/a>cl\u00ednico y veterinario reciben materiales f\u00edsicos mezclados con material digitalizado, lo que asegura mayor calidad y autonom\u00eda a los programas con el fin de brindar pruebas m\u00e1s ricas: con la digitalizaci\u00f3n, casos previamente restringidos por la escasez de materia prima o por la inestabilidad de la los materiales, est\u00e1n ahora ampliamente disponibles.<\/p><p>Eso es porque <strong>Controllab<\/strong> utiliza tecnolog\u00eda de punta. Los beneficios de esta tecnolog\u00eda se extendieron al mundo acad\u00e9mico, que ahora tiene a su disposici\u00f3n casos reales de rutina de laboratorio. Los casos se pueden consultar desde una herramienta de navegaci\u00f3n online similar a an\u00e1lisis bajo un microscopio. El prop\u00f3sito es ampliar el acceso a los profesionales en formaci\u00f3n y enriquecer los contenidos que se tratan en el aula.<\/p><p>Los profesores que deseen tener acceso a estos casos, deben <a href=\"https:\/\/controllab.com\/es\/contacto\/\"><strong>contactar con<\/strong><\/a> <strong>Controllab<\/strong> para registrarse y seleccionar las \u00e1reas de inter\u00e9s.<\/p>\t\t\t\t\t\t\t\t<\/div>\n\t\t\t\t<\/div>\n\t\t\t\t<section class=\"elementor-section elementor-inner-section elementor-element elementor-element-2eecea5 elementor-section-boxed elementor-section-height-default elementor-section-height-default\" data-id=\"2eecea5\" data-element_type=\"section\" data-e-type=\"section\">\n\t\t\t\t\t\t<div class=\"elementor-container elementor-column-gap-default\">\n\t\t\t\t\t<div class=\"elementor-column elementor-col-50 elementor-inner-column elementor-element elementor-element-b70617b\" data-id=\"b70617b\" data-element_type=\"column\" data-e-type=\"column\">\n\t\t\t<div class=\"elementor-widget-wrap elementor-element-populated\">\n\t\t\t\t\t\t<div data-dce-background-color=\"#E62550\" class=\"elementor-element elementor-element-2aadad6 elementor-align-justify elementor-widget elementor-widget-button\" data-id=\"2aadad6\" data-element_type=\"widget\" data-e-type=\"widget\" data-widget_type=\"button.default\">\n\t\t\t\t<div class=\"elementor-widget-container\">\n\t\t\t\t\t\t\t\t\t<div class=\"elementor-button-wrapper\">\n\t\t\t\t\t<a class=\"elementor-button elementor-button-link elementor-size-sm\" href=\"#\" id=\"btn-acesso-professor-es\">\n\t\t\t\t\t\t<span class=\"elementor-button-content-wrapper\">\n\t\t\t\t\t\t\t\t\t<span class=\"elementor-button-text\">Acceso del profesor<\/span>\n\t\t\t\t\t<\/span>\n\t\t\t\t\t<\/a>\n\t\t\t\t<\/div>\n\t\t\t\t\t\t\t\t<\/div>\n\t\t\t\t<\/div>\n\t\t\t\t\t<\/div>\n\t\t<\/div>\n\t\t\t\t<div class=\"elementor-column elementor-col-50 elementor-inner-column elementor-element elementor-element-93bcee1\" data-id=\"93bcee1\" data-element_type=\"column\" data-e-type=\"column\">\n\t\t\t<div class=\"elementor-widget-wrap elementor-element-populated\">\n\t\t\t\t\t\t<div data-dce-background-color=\"#E62550\" class=\"elementor-element elementor-element-48b1f1e elementor-align-justify elementor-widget elementor-widget-button\" data-id=\"48b1f1e\" data-element_type=\"widget\" data-e-type=\"widget\" data-widget_type=\"button.default\">\n\t\t\t\t<div class=\"elementor-widget-container\">\n\t\t\t\t\t\t\t\t\t<div class=\"elementor-button-wrapper\">\n\t\t\t\t\t<a class=\"elementor-button elementor-button-link elementor-size-sm\" href=\"#elementor-action%3Aaction%3Dpopup%3Aopen%26settings%3DeyJpZCI6Mjk4MDQsInRvZ2dsZSI6ZmFsc2V9\">\n\t\t\t\t\t\t<span class=\"elementor-button-content-wrapper\">\n\t\t\t\t\t\t\t\t\t<span class=\"elementor-button-text\">Verifique los casos disponibles<\/span>\n\t\t\t\t\t<\/span>\n\t\t\t\t\t<\/a>\n\t\t\t\t<\/div>\n\t\t\t\t\t\t\t\t<\/div>\n\t\t\t\t<\/div>\n\t\t\t\t\t<\/div>\n\t\t<\/div>\n\t\t\t\t\t<\/div>\n\t\t<\/section>\n\t\t\t\t\t<\/div>\n\t\t<\/div>\n\t\t\t\t<div class=\"elementor-column elementor-col-50 elementor-top-column elementor-element elementor-element-6d38bcc\" data-id=\"6d38bcc\" data-element_type=\"column\" data-e-type=\"column\">\n\t\t\t<div class=\"elementor-widget-wrap elementor-element-populated\">\n\t\t\t\t\t\t<div class=\"elementor-element elementor-element-4ea100e elementor-widget elementor-widget-image\" data-id=\"4ea100e\" data-element_type=\"widget\" data-e-type=\"widget\" data-widget_type=\"image.default\">\n\t\t\t\t<div class=\"elementor-widget-container\">\n\t\t\t\t\t\t\t\t\t\t\t\t\t\t\t<img fetchpriority=\"high\" decoding=\"async\" width=\"1024\" height=\"768\" src=\"https:\/\/controllab.com\/wp-content\/uploads\/casos-digitalizados.jpg\" class=\"attachment-large size-large wp-image-29757\" alt=\"\" srcset=\"https:\/\/controllab.com\/wp-content\/uploads\/casos-digitalizados.jpg 1024w, https:\/\/controllab.com\/wp-content\/uploads\/casos-digitalizados-800x600.jpg 800w, https:\/\/controllab.com\/wp-content\/uploads\/casos-digitalizados-64x48.jpg 64w, https:\/\/controllab.com\/wp-content\/uploads\/casos-digitalizados-768x576.jpg 768w, https:\/\/controllab.com\/wp-content\/uploads\/casos-digitalizados-195x146.jpg 195w, https:\/\/controllab.com\/wp-content\/uploads\/casos-digitalizados-50x38.jpg 50w, https:\/\/controllab.com\/wp-content\/uploads\/casos-digitalizados-100x75.jpg 100w, https:\/\/controllab.com\/wp-content\/uploads\/casos-digitalizados-960x720.jpg 960w\" sizes=\"(max-width:767px) 480px, (max-width:1024px) 100vw, 1024px\" \/>\t\t\t\t\t\t\t\t\t\t\t\t\t\t\t<\/div>\n\t\t\t\t<\/div>\n\t\t\t\t\t<\/div>\n\t\t<\/div>\n\t\t\t\t\t<\/div>\n\t\t<\/section>\n\t\t\t\t<section class=\"elementor-section elementor-top-section elementor-element elementor-element-8f024ab elementor-hidden-tablet elementor-hidden-phone elementor-section-stretched elementor-section-boxed elementor-section-height-default elementor-section-height-default\" data-id=\"8f024ab\" data-element_type=\"section\" data-e-type=\"section\" data-settings=\"{&quot;stretch_section&quot;:&quot;section-stretched&quot;,&quot;background_background&quot;:&quot;classic&quot;}\">\n\t\t\t\t\t\t<div class=\"elementor-container elementor-column-gap-default\">\n\t\t\t\t\t<div class=\"elementor-column elementor-col-50 elementor-top-column elementor-element elementor-element-780c98d\" data-id=\"780c98d\" data-element_type=\"column\" data-e-type=\"column\">\n\t\t\t<div class=\"elementor-widget-wrap elementor-element-populated\">\n\t\t\t\t\t\t<div class=\"elementor-element elementor-element-f455ce0 elementor-widget elementor-widget-image\" data-id=\"f455ce0\" data-element_type=\"widget\" data-e-type=\"widget\" data-widget_type=\"image.default\">\n\t\t\t\t<div class=\"elementor-widget-container\">\n\t\t\t\t\t\t\t\t\t\t\t\t\t\t\t<img decoding=\"async\" width=\"800\" height=\"533\" src=\"https:\/\/controllab.com\/wp-content\/uploads\/lymphomas-800x533.jpg\" class=\"attachment-medium size-medium wp-image-32049\" alt=\"\" srcset=\"https:\/\/controllab.com\/wp-content\/uploads\/lymphomas-800x533.jpg 800w, https:\/\/controllab.com\/wp-content\/uploads\/lymphomas-64x43.jpg 64w, https:\/\/controllab.com\/wp-content\/uploads\/lymphomas-768x512.jpg 768w, https:\/\/controllab.com\/wp-content\/uploads\/lymphomas-219x146.jpg 219w, https:\/\/controllab.com\/wp-content\/uploads\/lymphomas-50x33.jpg 50w, https:\/\/controllab.com\/wp-content\/uploads\/lymphomas-113x75.jpg 113w, https:\/\/controllab.com\/wp-content\/uploads\/lymphomas.jpg 900w\" sizes=\"(max-width:767px) 480px, (max-width:800px) 100vw, 800px\" \/>\t\t\t\t\t\t\t\t\t\t\t\t\t\t\t<\/div>\n\t\t\t\t<\/div>\n\t\t\t\t\t<\/div>\n\t\t<\/div>\n\t\t\t\t<div class=\"elementor-column elementor-col-50 elementor-top-column elementor-element elementor-element-73e907f\" data-id=\"73e907f\" data-element_type=\"column\" data-e-type=\"column\">\n\t\t\t<div class=\"elementor-widget-wrap elementor-element-populated\">\n\t\t\t\t\t\t<div class=\"elementor-element elementor-element-eb0294d elementor-widget elementor-widget-heading\" data-id=\"eb0294d\" data-element_type=\"widget\" data-e-type=\"widget\" data-widget_type=\"heading.default\">\n\t\t\t\t<div class=\"elementor-widget-container\">\n\t\t\t\t\t<h5 class=\"elementor-heading-title elementor-size-default\">ESTUDIO DE CASOS<\/h5>\t\t\t\t<\/div>\n\t\t\t\t<\/div>\n\t\t\t\t<div class=\"elementor-element elementor-element-aa09de6 elementor-widget elementor-widget-heading\" data-id=\"aa09de6\" data-element_type=\"widget\" data-e-type=\"widget\" data-widget_type=\"heading.default\">\n\t\t\t\t<div class=\"elementor-widget-container\">\n\t\t\t\t\t<h2 class=\"elementor-heading-title elementor-size-default\">Lymphomas in Rio: International Tutorial<\/h2>\t\t\t\t<\/div>\n\t\t\t\t<\/div>\n\t\t\t\t<section class=\"elementor-section elementor-inner-section elementor-element elementor-element-2809cad elementor-section-boxed elementor-section-height-default elementor-section-height-default\" data-id=\"2809cad\" data-element_type=\"section\" data-e-type=\"section\">\n\t\t\t\t\t\t<div class=\"elementor-container elementor-column-gap-default\">\n\t\t\t\t\t<div class=\"elementor-column elementor-col-50 elementor-inner-column elementor-element elementor-element-aa57a25\" data-id=\"aa57a25\" data-element_type=\"column\" data-e-type=\"column\">\n\t\t\t<div class=\"elementor-widget-wrap elementor-element-populated\">\n\t\t\t\t\t\t<div class=\"elementor-element elementor-element-17d7ab2 elementor-widget elementor-widget-text-editor\" data-id=\"17d7ab2\" data-element_type=\"widget\" data-e-type=\"widget\" data-widget_type=\"text-editor.default\">\n\t\t\t\t<div class=\"elementor-widget-container\">\n\t\t\t\t\t\t\t\t\t<p><a href=\"https:\/\/controllab.com\/es\/ensino\/lymphomas-in-rio-international-tutorial-pathology\/\"><strong>Case 1:<\/strong><\/a> 77 years-old, male;<br \/><a href=\"https:\/\/controllab.com\/es\/ensino\/lymphomas-in-rio-international-tutorial-pathology\/?2\"><strong>Case 2:<\/strong><\/a> 72 years-old, woman;<br \/><a href=\"https:\/\/controllab.com\/es\/ensino\/lymphomas-in-rio-international-tutorial-pathology\/?3\"><strong>Case 3:<\/strong><\/a> male, 18 years-old, student;<br \/><a href=\"https:\/\/controllab.com\/es\/ensino\/lymphomas-in-rio-international-tutorial-pathology\/?4\"><strong>Case 4:<\/strong><\/a> male, 43 years-old;<br \/><a href=\"https:\/\/controllab.com\/es\/ensino\/lymphomas-in-rio-international-tutorial-pathology\/?5\"><strong>Case 5:<\/strong><\/a> 65 years-old, male;<br \/><a href=\"https:\/\/controllab.com\/es\/ensino\/lymphomas-in-rio-international-tutorial-pathology\/?6\"><strong>Case 6:<\/strong><\/a> 6 years-old woman;<br \/><a href=\"https:\/\/controllab.com\/es\/ensino\/lymphomas-in-rio-international-tutorial-pathology\/?7\"><strong>Case 7:<\/strong><\/a> 24 years-old, male;<br \/><a href=\"https:\/\/controllab.com\/es\/ensino\/lymphomas-in-rio-international-tutorial-pathology\/?8\"><strong>Case 8:<\/strong><\/a> 24 years-old, female;<br \/><a href=\"https:\/\/controllab.com\/es\/ensino\/lymphomas-in-rio-international-tutorial-pathology\/?9\"><strong>Case 9:<\/strong><\/a> 50 years-old, male;<br \/><a href=\"https:\/\/controllab.com\/es\/ensino\/lymphomas-in-rio-international-tutorial-pathology\/?10\"><strong>Case 10:<\/strong><\/a> 44 years-old, female;<\/p>\n\t\t\t\t\t\t\t\t<\/div>\n\t\t\t\t<\/div>\n\t\t\t\t\t<\/div>\n\t\t<\/div>\n\t\t\t\t<div class=\"elementor-column elementor-col-50 elementor-inner-column elementor-element elementor-element-bce4b80\" data-id=\"bce4b80\" data-element_type=\"column\" data-e-type=\"column\">\n\t\t\t<div class=\"elementor-widget-wrap elementor-element-populated\">\n\t\t\t\t\t\t<div class=\"elementor-element elementor-element-04e11b5 elementor-widget elementor-widget-text-editor\" data-id=\"04e11b5\" data-element_type=\"widget\" data-e-type=\"widget\" data-widget_type=\"text-editor.default\">\n\t\t\t\t<div class=\"elementor-widget-container\">\n\t\t\t\t\t\t\t\t\t<p><a href=\"https:\/\/controllab.com\/es\/ensino\/lymphomas-in-rio-international-tutorial-pathology\/?11\"><strong>Case 11:<\/strong><\/a> 44 years-old, female;<br \/><a href=\"https:\/\/controllab.com\/es\/ensino\/lymphomas-in-rio-international-tutorial-pathology\/?12\"><strong>Case 12:<\/strong><\/a> 59 years-old, male;<br \/><a href=\"https:\/\/controllab.com\/es\/ensino\/lymphomas-in-rio-international-tutorial-pathology\/?13\"><strong>Case 13:<\/strong> <\/a>36 years-old, male;<br \/><a href=\"https:\/\/controllab.com\/es\/ensino\/lymphomas-in-rio-international-tutorial-pathology\/?14\"><strong>Case 14:<\/strong><\/a> 74 years-old, female;<br \/><a href=\"https:\/\/controllab.com\/es\/ensino\/lymphomas-in-rio-international-tutorial-pathology\/?15\"><strong>Case 15:<\/strong><\/a> 69 years-old, male;<br \/><a href=\"https:\/\/controllab.com\/es\/ensino\/lymphomas-in-rio-international-tutorial-pathology\/?16\"><strong>Case 16:<\/strong><\/a> Gastric biopsy;<br \/><a href=\"https:\/\/controllab.com\/es\/ensino\/lymphomas-in-rio-international-tutorial-pathology\/?17\"><strong>Case 17:<\/strong><\/a> 34 years-old;<br \/><a href=\"https:\/\/controllab.com\/es\/ensino\/lymphomas-in-rio-international-tutorial-pathology\/?18\"><strong>Case 18:<\/strong><\/a> 10 years-old, female;<br \/><a href=\"https:\/\/controllab.com\/es\/ensino\/lymphomas-in-rio-international-tutorial-pathology\/?19\"><strong>Case 19:<\/strong> <\/a>47 years-old, male;<br \/><a href=\"https:\/\/controllab.com\/es\/ensino\/lymphomas-in-rio-international-tutorial-pathology\/?20\"><strong>Case 20:<\/strong><\/a> 4 years-old, male.<\/p>\n\t\t\t\t\t\t\t\t<\/div>\n\t\t\t\t<\/div>\n\t\t\t\t\t<\/div>\n\t\t<\/div>\n\t\t\t\t\t<\/div>\n\t\t<\/section>\n\t\t\t\t\t<\/div>\n\t\t<\/div>\n\t\t\t\t\t<\/div>\n\t\t<\/section>\n\t\t\t\t<\/div>\n\t\t","protected":false},"excerpt":{"rendered":"<p>Casos Digitalizados Los usuarios del Ensayo de Aptitud cl\u00ednico y veterinario reciben materiales f\u00edsicos mezclados con material digitalizado, lo que asegura mayor calidad y autonom\u00eda a<span class=\"excerpt-hellip\"> [\u2026]<\/span><\/p>\n","protected":false},"author":1,"featured_media":0,"parent":89776,"menu_order":203,"comment_status":"closed","ping_status":"closed","template":"","meta":{"_acf_changed":false,"footnotes":""},"class_list":["post-89797","page","type-page","status-publish","hentry"],"acf":[],"_links":{"self":[{"href":"https:\/\/controllab.com\/es\/wp-json\/wp\/v2\/pages\/89797","targetHints":{"allow":["GET"]}}],"collection":[{"href":"https:\/\/controllab.com\/es\/wp-json\/wp\/v2\/pages"}],"about":[{"href":"https:\/\/controllab.com\/es\/wp-json\/wp\/v2\/types\/page"}],"author":[{"embeddable":true,"href":"https:\/\/controllab.com\/es\/wp-json\/wp\/v2\/users\/1"}],"replies":[{"embeddable":true,"href":"https:\/\/controllab.com\/es\/wp-json\/wp\/v2\/comments?post=89797"}],"version-history":[{"count":0,"href":"https:\/\/controllab.com\/es\/wp-json\/wp\/v2\/pages\/89797\/revisions"}],"up":[{"embeddable":true,"href":"https:\/\/controllab.com\/es\/wp-json\/wp\/v2\/pages\/89776"}],"wp:attachment":[{"href":"https:\/\/controllab.com\/es\/wp-json\/wp\/v2\/media?parent=89797"}],"curies":[{"name":"wp","href":"https:\/\/api.w.org\/{rel}","templated":true}]}}