{"id":10064,"date":"2020-12-18T14:24:26","date_gmt":"2020-12-18T17:24:26","guid":{"rendered":"https:\/\/controllab.com\/?post_type=product&#038;p=10064"},"modified":"2024-09-09T16:25:48","modified_gmt":"2024-09-09T19:25:48","slug":"triagem-neonatal-ii","status":"publish","type":"product","link":"https:\/\/controllab.com\/es\/programa\/triagem-neonatal-ii\/","title":{"rendered":"Tamizaje neonatal II"},"content":{"rendered":"\t\t<div data-elementor-type=\"product-post\" data-elementor-id=\"10064\" class=\"elementor elementor-10064 elementor-10062\" data-elementor-post-type=\"product\">\n\t\t\t\t\t\t<section class=\"has_ae_slider elementor-section elementor-top-section elementor-element elementor-element-a4d8130 elementor-section-boxed elementor-section-height-default elementor-section-height-default ae-bg-gallery-type-default\" data-id=\"a4d8130\" data-element_type=\"section\" data-e-type=\"section\">\n\t\t\t\t\t\t<div class=\"elementor-container elementor-column-gap-default\">\n\t\t\t\t\t<div class=\"has_ae_slider elementor-column elementor-col-33 elementor-top-column elementor-element elementor-element-246559d ae-bg-gallery-type-default\" data-id=\"246559d\" data-element_type=\"column\" data-e-type=\"column\">\n\t\t\t<div class=\"elementor-widget-wrap elementor-element-populated\">\n\t\t\t\t\t\t<div class=\"elementor-element elementor-element-eaaae28 elementor-widget elementor-widget-text-editor\" data-id=\"eaaae28\" data-element_type=\"widget\" data-e-type=\"widget\" data-widget_type=\"text-editor.default\">\n\t\t\t\t<div class=\"elementor-widget-container\">\n\t\t\t\t\t\t\t\t\t<p><strong>Amino\u00e1cidos<\/strong><\/p><p>Investigaci\u00f3n y dosificaci\u00f3n de amino\u00e1cidos:<\/p><ul><li>\u00c1cido argininosucc\u00ednico<\/li><li>Alanina<\/li><li>Arginina<\/li><li>Citrulina<\/li><li>Fenilalanina<\/li><li>Glicina<\/li><li>Leucina<\/li><li>Metionina<\/li><li>Tirosina<\/li><li>Valina<\/li><\/ul><div><p><strong>Biotinidasa<\/strong><\/p><ul><li>Investigaci\u00f3n y dosificaci\u00f3n<\/li><\/ul><\/div><div>\u00a0<\/div><div>\u00a0<\/div><div>\u00a0<\/div><div>\u00a0<\/div><div>\u00a0<\/div><div>\u00a0<\/div><div>\u00a0<\/div><div>\u00a0<\/div><div>\u00a0<\/div><div>\u00a0<\/div><div>\u00a0<\/div><div>\u00a0<\/div><div>\u00a0<\/div><div>\u00a0<\/div><div>\u00a0<\/div>\t\t\t\t\t\t\t\t<\/div>\n\t\t\t\t<\/div>\n\t\t\t\t\t<\/div>\n\t\t<\/div>\n\t\t\t\t<div class=\"has_ae_slider elementor-column elementor-col-33 elementor-top-column elementor-element elementor-element-ac30f44 ae-bg-gallery-type-default\" data-id=\"ac30f44\" data-element_type=\"column\" data-e-type=\"column\">\n\t\t\t<div class=\"elementor-widget-wrap elementor-element-populated\">\n\t\t\t\t\t\t<div class=\"elementor-element elementor-element-4708db0 elementor-widget elementor-widget-text-editor\" data-id=\"4708db0\" data-element_type=\"widget\" data-e-type=\"widget\" data-widget_type=\"text-editor.default\">\n\t\t\t\t<div class=\"elementor-widget-container\">\n\t\t\t\t\t\t\t\t\t<p><strong>G6PD\u00a0<\/strong><\/p><ul><li>Dosificaci\u00f3n<\/li><\/ul><p><strong>Galactosa<\/strong><\/p><ul><li>Galactosa total<\/li><li>Galactosa-1-fosfato uridil transferasa<\/li><\/ul><div><strong>Deficiencia de MCAD<\/strong><\/div><div>\u00a0<\/div><ul><li>Investigaci\u00f3n de la deficiencia de MCAD (Acetil-Coenzima A deshidrogenasa de cadena media)<\/li><\/ul><p><strong>Enfermedades Lisosomales<\/strong><\/p><ul><li>Actividad alfa-glucosidasa \u00e1cida<\/li><li>Actividad Alfa-L-Iduronidasa<\/li><li>Actividad de la alfa-galactosidasa A<\/li><li>Actividad de la betaglucosidasa \u00e1cida<\/li><\/ul>\t\t\t\t\t\t\t\t<\/div>\n\t\t\t\t<\/div>\n\t\t\t\t\t<\/div>\n\t\t<\/div>\n\t\t\t\t<div class=\"has_ae_slider elementor-column elementor-col-33 elementor-top-column elementor-element elementor-element-e82e495 ae-bg-gallery-type-default\" data-id=\"e82e495\" data-element_type=\"column\" data-e-type=\"column\">\n\t\t\t<div class=\"elementor-widget-wrap\">\n\t\t\t\t\t\t\t<\/div>\n\t\t<\/div>\n\t\t\t\t\t<\/div>\n\t\t<\/section>\n\t\t\t\t<\/div>\n\t\t","protected":false},"excerpt":{"rendered":"<p>Amino\u00e1cidos Investigaci\u00f3n y dosificaci\u00f3n de amino\u00e1cidos: \u00c1cido argininosucc\u00ednico Alanina Arginina Citrulina Fenilalanina Glicina Leucina Metionina Tirosina Valina Biotinidasa Investigaci\u00f3n y dosificaci\u00f3n G6PD\u00a0 Dosificaci\u00f3n Galactosa Galactosa total<span class=\"excerpt-hellip\"> [\u2026]<\/span><\/p>\n","protected":false},"featured_media":20391,"template":"","meta":{"_acf_changed":false},"product_brand":[],"product_cat":[440,442,448,436],"product_tag":[],"class_list":{"0":"post-10064","1":"product","2":"type-product","3":"status-publish","4":"has-post-thumbnail","6":"product_cat-clinico-es","7":"product_cat-ci-es","8":"product_cat-diagnostico-neonatal-es-2","9":"product_cat-ep-es","10":"tm-has-options","12":"first","13":"instock","14":"taxable","15":"shipping-taxable","16":"purchasable","17":"product-type-simple"},"acf":[],"_links":{"self":[{"href":"https:\/\/controllab.com\/es\/wp-json\/wp\/v2\/product\/10064","targetHints":{"allow":["GET"]}}],"collection":[{"href":"https:\/\/controllab.com\/es\/wp-json\/wp\/v2\/product"}],"about":[{"href":"https:\/\/controllab.com\/es\/wp-json\/wp\/v2\/types\/product"}],"version-history":[{"count":0,"href":"https:\/\/controllab.com\/es\/wp-json\/wp\/v2\/product\/10064\/revisions"}],"wp:featuredmedia":[{"embeddable":true,"href":"https:\/\/controllab.com\/es\/wp-json\/wp\/v2\/media\/20391"}],"wp:attachment":[{"href":"https:\/\/controllab.com\/es\/wp-json\/wp\/v2\/media?parent=10064"}],"wp:term":[{"taxonomy":"product_brand","embeddable":true,"href":"https:\/\/controllab.com\/es\/wp-json\/wp\/v2\/product_brand?post=10064"},{"taxonomy":"product_cat","embeddable":true,"href":"https:\/\/controllab.com\/es\/wp-json\/wp\/v2\/product_cat?post=10064"},{"taxonomy":"product_tag","embeddable":true,"href":"https:\/\/controllab.com\/es\/wp-json\/wp\/v2\/product_tag?post=10064"}],"curies":[{"name":"wp","href":"https:\/\/api.w.org\/{rel}","templated":true}]}}