{"id":114454,"date":"2023-09-13T09:05:46","date_gmt":"2023-09-13T12:05:46","guid":{"rendered":"https:\/\/controllab.com\/?post_type=product&#038;p=114454"},"modified":"2025-11-17T11:26:26","modified_gmt":"2025-11-17T14:26:26","slug":"toxicologia-ii-copia-copia-copia-copia-copia","status":"publish","type":"product","link":"https:\/\/controllab.com\/es\/programa\/toxicologia-ii-copia-copia-copia-copia-copia\/","title":{"rendered":"Investigaci\u00f3n de eosin\u00f3filos"},"content":{"rendered":"\t\t<div data-elementor-type=\"product-post\" data-elementor-id=\"114454\" class=\"elementor elementor-114454 elementor-114452\" data-elementor-post-type=\"product\">\n\t\t\t\t\t\t<section class=\"has_ae_slider elementor-section elementor-top-section elementor-element elementor-element-eeee034 elementor-section-boxed elementor-section-height-default elementor-section-height-default ae-bg-gallery-type-default\" data-id=\"eeee034\" data-element_type=\"section\" data-e-type=\"section\">\n\t\t\t\t\t\t<div class=\"elementor-container elementor-column-gap-default\">\n\t\t\t\t\t<div class=\"has_ae_slider elementor-column elementor-col-100 elementor-top-column elementor-element elementor-element-23568f7 ae-bg-gallery-type-default\" data-id=\"23568f7\" data-element_type=\"column\" data-e-type=\"column\">\n\t\t\t<div class=\"elementor-widget-wrap\">\n\t\t\t\t\t\t\t<\/div>\n\t\t<\/div>\n\t\t\t\t\t<\/div>\n\t\t<\/section>\n\t\t\t\t<section class=\"has_ae_slider elementor-section elementor-top-section elementor-element elementor-element-e7765c7 elementor-section-boxed elementor-section-height-default elementor-section-height-default ae-bg-gallery-type-default\" data-id=\"e7765c7\" data-element_type=\"section\" data-e-type=\"section\">\n\t\t\t\t\t\t<div class=\"elementor-container elementor-column-gap-default\">\n\t\t\t\t\t<div class=\"has_ae_slider elementor-column elementor-col-100 elementor-top-column elementor-element elementor-element-fa49bec ae-bg-gallery-type-default\" data-id=\"fa49bec\" data-element_type=\"column\" data-e-type=\"column\">\n\t\t\t<div class=\"elementor-widget-wrap elementor-element-populated\">\n\t\t\t\t\t\t<div class=\"elementor-element elementor-element-b1cc0a8 elementor-widget elementor-widget-text-editor\" data-id=\"b1cc0a8\" data-element_type=\"widget\" data-e-type=\"widget\" data-widget_type=\"text-editor.default\">\n\t\t\t\t<div class=\"elementor-widget-container\">\n\t\t\t\t\t\t\t\t\t<ul><li>Prueba de eosin\u00f3filos en heces<\/li><li>Prueba de eosin\u00f3filos en mucosidad nasal<\/li><li>Prueba de eosin\u00f3filos en orina<\/li><\/ul>\t\t\t\t\t\t\t\t<\/div>\n\t\t\t\t<\/div>\n\t\t\t\t\t<\/div>\n\t\t<\/div>\n\t\t\t\t\t<\/div>\n\t\t<\/section>\n\t\t\t\t<\/div>\n\t\t","protected":false},"excerpt":{"rendered":"<p>Oligoelementos 1,2 Dihidroxi-4-(N-acetilcisteinil)butano 4-clorocatecol \u00c1cido 2-etoxiac\u00e9tico \u00c1cido 2-tio-tiazolidina \u00c1cido 5-aminolevul\u00ednico (5-ALA) \u00c1cido butoxiac\u00e9tico \u00c1cido fenilgliox\u00edlico \u00c1cido f\u00f3rmico \u00c1cido hip\u00farico \u00c1cido mand\u00e9lico \u00c1cido hip\u00farico de metilo total<span class=\"excerpt-hellip\"> [\u2026]<\/span><\/p>\n","protected":false},"featured_media":147945,"template":"","meta":{"_acf_changed":false},"product_brand":[],"product_cat":[436,440,441],"product_tag":[],"class_list":{"0":"post-114454","1":"product","2":"type-product","3":"status-publish","4":"has-post-thumbnail","6":"product_cat-ep-es","7":"product_cat-clinico-es","8":"product_cat-inmunologia-proteinas","9":"tm-has-options","11":"first","12":"instock","13":"taxable","14":"shipping-taxable","15":"purchasable","16":"product-type-simple"},"acf":[],"_links":{"self":[{"href":"https:\/\/controllab.com\/es\/wp-json\/wp\/v2\/product\/114454","targetHints":{"allow":["GET"]}}],"collection":[{"href":"https:\/\/controllab.com\/es\/wp-json\/wp\/v2\/product"}],"about":[{"href":"https:\/\/controllab.com\/es\/wp-json\/wp\/v2\/types\/product"}],"version-history":[{"count":1,"href":"https:\/\/controllab.com\/es\/wp-json\/wp\/v2\/product\/114454\/revisions"}],"predecessor-version":[{"id":204360,"href":"https:\/\/controllab.com\/es\/wp-json\/wp\/v2\/product\/114454\/revisions\/204360"}],"wp:featuredmedia":[{"embeddable":true,"href":"https:\/\/controllab.com\/es\/wp-json\/wp\/v2\/media\/147945"}],"wp:attachment":[{"href":"https:\/\/controllab.com\/es\/wp-json\/wp\/v2\/media?parent=114454"}],"wp:term":[{"taxonomy":"product_brand","embeddable":true,"href":"https:\/\/controllab.com\/es\/wp-json\/wp\/v2\/product_brand?post=114454"},{"taxonomy":"product_cat","embeddable":true,"href":"https:\/\/controllab.com\/es\/wp-json\/wp\/v2\/product_cat?post=114454"},{"taxonomy":"product_tag","embeddable":true,"href":"https:\/\/controllab.com\/es\/wp-json\/wp\/v2\/product_tag?post=114454"}],"curies":[{"name":"wp","href":"https:\/\/api.w.org\/{rel}","templated":true}]}}