{"id":114481,"date":"2023-09-13T14:36:11","date_gmt":"2023-09-13T17:36:11","guid":{"rendered":"https:\/\/controllab.com\/?post_type=product&#038;p=114481"},"modified":"2024-08-09T10:30:34","modified_gmt":"2024-08-09T13:30:34","slug":"vet-gasobio","status":"publish","type":"product","link":"https:\/\/controllab.com\/es\/programa\/vet-gasobio\/","title":{"rendered":"Gasob\u00edo"},"content":{"rendered":"\t\t<div data-elementor-type=\"product-post\" data-elementor-id=\"114481\" class=\"elementor elementor-114481 elementor-114479\" data-elementor-post-type=\"product\">\n\t\t\t\t\t\t<section class=\"has_ae_slider elementor-section elementor-top-section elementor-element elementor-element-f35d108 elementor-section-boxed elementor-section-height-default elementor-section-height-default ae-bg-gallery-type-default\" data-id=\"f35d108\" data-element_type=\"section\" data-e-type=\"section\">\n\t\t\t\t\t\t<div class=\"elementor-container elementor-column-gap-default\">\n\t\t\t\t\t<div class=\"has_ae_slider elementor-column elementor-col-33 elementor-top-column elementor-element elementor-element-90059b7 ae-bg-gallery-type-default\" data-id=\"90059b7\" data-element_type=\"column\" data-e-type=\"column\">\n\t\t\t<div class=\"elementor-widget-wrap elementor-element-populated\">\n\t\t\t\t\t\t<div class=\"elementor-element elementor-element-2fe68ed elementor-widget elementor-widget-text-editor\" data-id=\"2fe68ed\" data-element_type=\"widget\" data-e-type=\"widget\" data-widget_type=\"text-editor.default\">\n\t\t\t\t<div class=\"elementor-widget-container\">\n\t\t\t\t\t\t\t\t\t<ul>\n<li>\u00c1cido L\u00e1ctico (Lactato)<\/li>\n<li>Bicarbonato (HCO3\u2013)<\/li>\n<li>Buffer Base (BB)<\/li>\n<li>C\u00e1lcio I\u00f4nico<\/li>\n<li>Cloretos<\/li>\n<li>Creatinina<\/li>\n<li>Di\u00f3xido de Carbono (CO2)<\/li>\n<li>Excesso de Base (BE)<\/li>\n<li>Glicose<\/li>\n<\/ul>\n\t\t\t\t\t\t\t\t<\/div>\n\t\t\t\t<\/div>\n\t\t\t\t\t<\/div>\n\t\t<\/div>\n\t\t\t\t<div class=\"has_ae_slider elementor-column elementor-col-33 elementor-top-column elementor-element elementor-element-09dd29b ae-bg-gallery-type-default\" data-id=\"09dd29b\" data-element_type=\"column\" data-e-type=\"column\">\n\t\t\t<div class=\"elementor-widget-wrap elementor-element-populated\">\n\t\t\t\t\t\t<div class=\"elementor-element elementor-element-4f0c001 elementor-widget elementor-widget-text-editor\" data-id=\"4f0c001\" data-element_type=\"widget\" data-e-type=\"widget\" data-widget_type=\"text-editor.default\">\n\t\t\t\t<div class=\"elementor-widget-container\">\n\t\t\t\t\t\t\t\t\t<ul>\n<li>L\u00edtio<\/li>\n<li>Magnesio<\/li>\n<li>pCO2<\/li>\n<li>pH<\/li>\n<li>pO2<\/li>\n<li>Potasio<\/li>\n<li>Saturaci\u00f3n de Ox\u00edgeno (SO2)<\/li>\n<li>Sodio<\/li>\n<li>Ureia<\/li>\n<\/ul>\n\t\t\t\t\t\t\t\t<\/div>\n\t\t\t\t<\/div>\n\t\t\t\t\t<\/div>\n\t\t<\/div>\n\t\t\t\t<div class=\"has_ae_slider elementor-column elementor-col-33 elementor-top-column elementor-element elementor-element-083ed47 ae-bg-gallery-type-default\" data-id=\"083ed47\" data-element_type=\"column\" data-e-type=\"column\">\n\t\t\t<div class=\"elementor-widget-wrap elementor-element-populated\">\n\t\t\t\t\t\t\t<\/div>\n\t\t<\/div>\n\t\t\t\t\t<\/div>\n\t\t<\/section>\n\t\t\t\t<\/div>\n\t\t","protected":false},"excerpt":{"rendered":"<p>\u00c1cido L\u00e1ctico (Lactato) Bicarbonato (HCO3\u2013) Buffer Base (BB) C\u00e1lcio I\u00f4nico Cloretos Creatinina Di\u00f3xido de Carbono (CO2) Excesso de Base (BE) Glicose L\u00edtio Magnesio pCO2 pH pO2<span class=\"excerpt-hellip\"> [\u2026]<\/span><\/p>\n","protected":false},"featured_media":21872,"template":"","meta":{"_acf_changed":false},"product_brand":[],"product_cat":[436,487,650],"product_tag":[],"class_list":{"0":"post-114481","1":"product","2":"type-product","3":"status-publish","4":"has-post-thumbnail","6":"product_cat-ep-es","7":"product_cat-gasometria-es-2","8":"product_cat-veterinario","9":"tm-has-options","11":"first","12":"instock","13":"taxable","14":"shipping-taxable","15":"purchasable","16":"product-type-simple"},"acf":[],"_links":{"self":[{"href":"https:\/\/controllab.com\/es\/wp-json\/wp\/v2\/product\/114481","targetHints":{"allow":["GET"]}}],"collection":[{"href":"https:\/\/controllab.com\/es\/wp-json\/wp\/v2\/product"}],"about":[{"href":"https:\/\/controllab.com\/es\/wp-json\/wp\/v2\/types\/product"}],"version-history":[{"count":0,"href":"https:\/\/controllab.com\/es\/wp-json\/wp\/v2\/product\/114481\/revisions"}],"wp:featuredmedia":[{"embeddable":true,"href":"https:\/\/controllab.com\/es\/wp-json\/wp\/v2\/media\/21872"}],"wp:attachment":[{"href":"https:\/\/controllab.com\/es\/wp-json\/wp\/v2\/media?parent=114481"}],"wp:term":[{"taxonomy":"product_brand","embeddable":true,"href":"https:\/\/controllab.com\/es\/wp-json\/wp\/v2\/product_brand?post=114481"},{"taxonomy":"product_cat","embeddable":true,"href":"https:\/\/controllab.com\/es\/wp-json\/wp\/v2\/product_cat?post=114481"},{"taxonomy":"product_tag","embeddable":true,"href":"https:\/\/controllab.com\/es\/wp-json\/wp\/v2\/product_tag?post=114481"}],"curies":[{"name":"wp","href":"https:\/\/api.w.org\/{rel}","templated":true}]}}