{"id":1208,"date":"2020-11-18T08:42:45","date_gmt":"2020-11-18T11:42:45","guid":{"rendered":"https:\/\/controllab.com\/exame\/proteinas-especificas-eletroforese-das-proteinas-e-imunoproteinas\/"},"modified":"2024-08-26T16:44:28","modified_gmt":"2024-08-26T19:44:28","slug":"proteinas-especificas-electroforesis-de-proteinas-e-inmunoproteinas","status":"publish","type":"product","link":"https:\/\/controllab.com\/es\/programa\/proteinas-especificas-electroforesis-de-proteinas-e-inmunoproteinas\/","title":{"rendered":"Prote\u00ednas Espec\u00edficas, Electroforesis de Prote\u00ednas e Inmunoprote\u00ednas"},"content":{"rendered":"\t\t<div data-elementor-type=\"product-post\" data-elementor-id=\"1208\" class=\"elementor elementor-1208 elementor-1169\" data-elementor-post-type=\"product\">\n\t\t\t\t\t\t<section class=\"has_ae_slider elementor-section elementor-top-section elementor-element elementor-element-f35d108 elementor-section-boxed elementor-section-height-default elementor-section-height-default ae-bg-gallery-type-default\" data-id=\"f35d108\" data-element_type=\"section\" data-e-type=\"section\">\n\t\t\t\t\t\t<div class=\"elementor-container elementor-column-gap-default\">\n\t\t\t\t\t<div class=\"has_ae_slider elementor-column elementor-col-33 elementor-top-column elementor-element elementor-element-90059b7 ae-bg-gallery-type-default\" data-id=\"90059b7\" data-element_type=\"column\" data-e-type=\"column\">\n\t\t\t<div class=\"elementor-widget-wrap elementor-element-populated\">\n\t\t\t\t\t\t<div class=\"elementor-element elementor-element-2fe68ed elementor-widget elementor-widget-text-editor\" data-id=\"2fe68ed\" data-element_type=\"widget\" data-e-type=\"widget\" data-widget_type=\"text-editor.default\">\n\t\t\t\t<div class=\"elementor-widget-container\">\n\t\t\t\t\t\t\t\t\t<p><strong>Electroforesis de Prote\u00ednas<\/strong><\/p><ul><li>Alb\u00famina (Porcentaje)<\/li><li>Alb\u00famina (Cuantitativa)<\/li><li>Alfa I<\/li><li>Alfa II<\/li><li>Beta<\/li><li>Beta I<\/li><li>Beta II<\/li><li>Gama<\/li><li>Prealbumina<\/li><li>Prote\u00ednas Totales (Cuantitativa)<\/li><\/ul>\t\t\t\t\t\t\t\t<\/div>\n\t\t\t\t<\/div>\n\t\t\t\t\t<\/div>\n\t\t<\/div>\n\t\t\t\t<div class=\"has_ae_slider elementor-column elementor-col-33 elementor-top-column elementor-element elementor-element-09dd29b ae-bg-gallery-type-default\" data-id=\"09dd29b\" data-element_type=\"column\" data-e-type=\"column\">\n\t\t\t<div class=\"elementor-widget-wrap elementor-element-populated\">\n\t\t\t\t\t\t<div class=\"elementor-element elementor-element-4f0c001 elementor-widget elementor-widget-text-editor\" data-id=\"4f0c001\" data-element_type=\"widget\" data-e-type=\"widget\" data-widget_type=\"text-editor.default\">\n\t\t\t\t<div class=\"elementor-widget-container\">\n\t\t\t\t\t\t\t\t\t<p><strong>Inmunoprote\u00ednas I<\/strong><\/p><ul><li>Alfa 1 glicoprote\u00edna \u00c1cida<\/li><li>AH-50<\/li><li>Amiloide A<\/li><li>Complemento C1q<\/li><li>Complemento C2<\/li><li>Complemento C3<\/li><li>Complemento C3 Proativador<\/li><li>Complemento C4<\/li><li>Complemento C5<\/li><li>Complemento C8<\/li><li>Complemento C9<\/li><li>IgA (inmunoglobulinas A)<\/li><li>IgD (inmunoglobulina D)<\/li><li>IgE (inmunoglobulina E)<\/li><li>IgG (inmunoglobulina G)<\/li><li>IgM (inmunoglobulina M)<\/li><li>Inhibidor de C1 Esterasa<\/li><li>(IgG) (1 a 4)<\/li><\/ul>\t\t\t\t\t\t\t\t<\/div>\n\t\t\t\t<\/div>\n\t\t\t\t\t<\/div>\n\t\t<\/div>\n\t\t\t\t<div class=\"has_ae_slider elementor-column elementor-col-33 elementor-top-column elementor-element elementor-element-083ed47 ae-bg-gallery-type-default\" data-id=\"083ed47\" data-element_type=\"column\" data-e-type=\"column\">\n\t\t\t<div class=\"elementor-widget-wrap elementor-element-populated\">\n\t\t\t\t\t\t<div class=\"elementor-element elementor-element-b0e3978 elementor-widget elementor-widget-text-editor\" data-id=\"b0e3978\" data-element_type=\"widget\" data-e-type=\"widget\" data-widget_type=\"text-editor.default\">\n\t\t\t\t<div class=\"elementor-widget-container\">\n\t\t\t\t\t\t\t\t\t<p><strong>Inmunoprote\u00ednas II<\/strong><\/p><ul><li>Complemento Total (CH50\/CH100)<\/li><\/ul><p><strong>Prote\u00ednas Espec\u00edficas<\/strong><\/p><ul><li>Alfa 1 antitripsina<\/li><li>Alfa 2 macroglobulina<\/li><li>Cadena Ligera Libre Kappa<\/li><li>Cadena Ligera Libre Lambda<\/li><li>Ceruloplasmina<\/li><li>Haptoglobina<\/li><li>Hemopexina (Hpx)<\/li><li>Kappa cadena libre<\/li><li>Lambda cadena libre<\/li><li>Prote\u00edna Fijadora de Retinol<\/li><li>Relaci\u00f3n Kappa Libre \/ Lambda Libre<\/li><li>Relaci\u00f3n Kappa Ligera Libre \/ Lambda Ligera Libre<\/li><\/ul>\t\t\t\t\t\t\t\t<\/div>\n\t\t\t\t<\/div>\n\t\t\t\t\t<\/div>\n\t\t<\/div>\n\t\t\t\t\t<\/div>\n\t\t<\/section>\n\t\t\t\t<\/div>\n\t\t","protected":false},"excerpt":{"rendered":"<p>Electroforesis de Prote\u00ednas Alb\u00famina (Porcentaje) Alb\u00famina (Cuantitativa) Alfa I Alfa II Beta Beta I Beta II Gama Prealbumina Prote\u00ednas Totales (Cuantitativa) Inmunoprote\u00ednas I Alfa 1 glicoprote\u00edna<span class=\"excerpt-hellip\"> [\u2026]<\/span><\/p>\n","protected":false},"featured_media":17031,"template":"","meta":{"_acf_changed":false},"product_brand":[],"product_cat":[440,442,436,441],"product_tag":[],"class_list":{"0":"post-1208","1":"product","2":"type-product","3":"status-publish","4":"has-post-thumbnail","6":"product_cat-clinico-es","7":"product_cat-ci-es","8":"product_cat-ep-es","9":"product_cat-inmunologia-proteinas","10":"tm-has-options","12":"first","13":"instock","14":"taxable","15":"shipping-taxable","16":"purchasable","17":"product-type-simple"},"acf":[],"_links":{"self":[{"href":"https:\/\/controllab.com\/es\/wp-json\/wp\/v2\/product\/1208","targetHints":{"allow":["GET"]}}],"collection":[{"href":"https:\/\/controllab.com\/es\/wp-json\/wp\/v2\/product"}],"about":[{"href":"https:\/\/controllab.com\/es\/wp-json\/wp\/v2\/types\/product"}],"version-history":[{"count":0,"href":"https:\/\/controllab.com\/es\/wp-json\/wp\/v2\/product\/1208\/revisions"}],"wp:featuredmedia":[{"embeddable":true,"href":"https:\/\/controllab.com\/es\/wp-json\/wp\/v2\/media\/17031"}],"wp:attachment":[{"href":"https:\/\/controllab.com\/es\/wp-json\/wp\/v2\/media?parent=1208"}],"wp:term":[{"taxonomy":"product_brand","embeddable":true,"href":"https:\/\/controllab.com\/es\/wp-json\/wp\/v2\/product_brand?post=1208"},{"taxonomy":"product_cat","embeddable":true,"href":"https:\/\/controllab.com\/es\/wp-json\/wp\/v2\/product_cat?post=1208"},{"taxonomy":"product_tag","embeddable":true,"href":"https:\/\/controllab.com\/es\/wp-json\/wp\/v2\/product_tag?post=1208"}],"curies":[{"name":"wp","href":"https:\/\/api.w.org\/{rel}","templated":true}]}}