{"id":1220,"date":"2021-06-16T15:07:19","date_gmt":"2021-06-16T18:07:19","guid":{"rendered":"https:\/\/controllab.com\/programa\/bioquimica\/"},"modified":"2026-01-19T11:00:07","modified_gmt":"2026-01-19T14:00:07","slug":"bioquimica","status":"publish","type":"product","link":"https:\/\/controllab.com\/es\/programa\/bioquimica\/","title":{"rendered":"Bioqu\u00edmica"},"content":{"rendered":"\t\t<div data-elementor-type=\"product-post\" data-elementor-id=\"1220\" class=\"elementor elementor-1220 elementor-1071\" data-elementor-post-type=\"product\">\n\t\t\t\t\t\t<section class=\"has_ae_slider elementor-section elementor-top-section elementor-element elementor-element-f35d108 elementor-section-boxed elementor-section-height-default elementor-section-height-default ae-bg-gallery-type-default\" data-id=\"f35d108\" data-element_type=\"section\" data-e-type=\"section\">\n\t\t\t\t\t\t<div class=\"elementor-container elementor-column-gap-default\">\n\t\t\t\t\t<div class=\"has_ae_slider elementor-column elementor-col-33 elementor-top-column elementor-element elementor-element-90059b7 ae-bg-gallery-type-default\" data-id=\"90059b7\" data-element_type=\"column\" data-e-type=\"column\">\n\t\t\t<div class=\"elementor-widget-wrap elementor-element-populated\">\n\t\t\t\t\t\t<div class=\"elementor-element elementor-element-2fe68ed elementor-widget elementor-widget-text-editor\" data-id=\"2fe68ed\" data-element_type=\"widget\" data-e-type=\"widget\" data-widget_type=\"text-editor.default\">\n\t\t\t\t<div class=\"elementor-widget-container\">\n\t\t\t\t\t\t\t\t\t<p><strong>Bioqu\u00edmica I<\/strong><\/p><ul><li>\u00c1cido \u00darico<\/li><li>\u00c1cidos Biliares Totales<\/li><li>Albumina<\/li><li>Amilasa Total<\/li><li>Bilirrubina Directa<\/li><li>Bilirrubina Total<\/li><li>Bilirrubina Indirecta<\/li><li>C\u00e1lcio Total<\/li><li>C\u00e1lcio Ajustado<\/li><li>Colesterol HDL<\/li><li>Colesterol VLDL<\/li><li>Colesterol Total<\/li><li>CPK\/CK (Creatinoquinasa)<\/li><li>Creatinina<\/li><li>D-3-hidroxibutirato<\/li><li>Enzima Convertidora de Angiotensina (ECA)<\/li><li>Fosfatasa Alcalina (ALP)<\/li><li>F\u00f3sforo<\/li><li>gGT (Gama Glutamil Transferasa)<\/li><li>Glucosa<\/li><li>Hierro<\/li><li>LDH 1 (Dosagem)<\/li><li>LDH (Deshidrogenasa L\u00e1ctica Total)<\/li><li>Magnesio<\/li><li>Nitr\u00f3geno Ureico (BUN)<\/li><li>Potasio<\/li><li>Prote\u00ednas Totales<\/li><li>PSA Total<\/li><li>Sodio<\/li><li>Tasa de Filtraci\u00f3n Glomerular<\/li><li>TGO\/AST<\/li><li>TGP\/ALT<\/li><li>Triglic\u00e9rideos<\/li><li>Urea<\/li><\/ul>\t\t\t\t\t\t\t\t<\/div>\n\t\t\t\t<\/div>\n\t\t\t\t\t<\/div>\n\t\t<\/div>\n\t\t\t\t<div class=\"has_ae_slider elementor-column elementor-col-33 elementor-top-column elementor-element elementor-element-25505c8 ae-bg-gallery-type-default\" data-id=\"25505c8\" data-element_type=\"column\" data-e-type=\"column\">\n\t\t\t<div class=\"elementor-widget-wrap elementor-element-populated\">\n\t\t\t\t\t\t<div class=\"elementor-element elementor-element-cbe83d0 elementor-widget elementor-widget-text-editor\" data-id=\"cbe83d0\" data-element_type=\"widget\" data-e-type=\"widget\" data-widget_type=\"text-editor.default\">\n\t\t\t\t<div class=\"elementor-widget-container\">\n\t\t\t\t\t\t\t\t\t<p><strong>Bioqu\u00edmica II<\/strong><\/p><ul><li>5\u2019Nucleotidasa<\/li><li>\u00c1cido Fianico<\/li><li>\u00c1cido L\u00e1ctico (Lactato)<\/li><li>\u00c1cidos Grasos Libres (NEFA)<\/li><li>\u00c1cido Prist\u00e1nico<\/li><li>Aldolasa<\/li><li>Alfa Galactosidasa<\/li><li>Alfa Hidroxibutirato Desidrogenasa (HBDH)<\/li><li>Alfa-N-acetilglicosaminidasa<\/li><li>Amilasa Pancre\u00e1tica<\/li><li>Amilase Salival<\/li><li>Biotinidasa<\/li><li>C\u00e1lcio I\u00f3nico<\/li><li>Capacidad Total de Fijaci\u00f3n de Hierro<\/li><li>Citrato (\u00c1cido C\u00edtrico)<\/li><li>CK-MB Actividad<\/li><li>CK-MB Masa<\/li><li>Cloruros<\/li><li>Colesterol LDL<\/li><li>Colinesterasa Plasm\u00e1tica<\/li><li>Colinesterasa con Inhibici\u00f3n de Dibuca\u00edna<\/li><li>Cortisol<\/li><li>Fosfatasa \u00c1cida no Prost\u00e1tica<\/li><li>Fosfatasa \u00c1cida Prost\u00e1tica (PAP)<\/li><li>Fosfatasa \u00c1cida Total<\/li><li>Frutosamina<\/li><li>GLDH (Glutamato Deshidrogenasa)<\/li><li>Leucinaminopeptidasa (LAP)<\/li><li>Lipasa<\/li><li>L\u00edtio<\/li><li>Osmolalidad<\/li><li>T3 Libre<\/li><li>T3 Captaci\u00f3n<\/li><li>T3 inverso<\/li><li>T3 Total<\/li><li>T4 Libre<\/li><li>T4 Total<\/li><li>TSH<\/li><\/ul>\t\t\t\t\t\t\t\t<\/div>\n\t\t\t\t<\/div>\n\t\t\t\t\t<\/div>\n\t\t<\/div>\n\t\t\t\t<div class=\"has_ae_slider elementor-column elementor-col-33 elementor-top-column elementor-element elementor-element-66e195a ae-bg-gallery-type-default\" data-id=\"66e195a\" data-element_type=\"column\" data-e-type=\"column\">\n\t\t\t<div class=\"elementor-widget-wrap elementor-element-populated\">\n\t\t\t\t\t\t<div class=\"elementor-element elementor-element-bd1298b elementor-widget elementor-widget-text-editor\" data-id=\"bd1298b\" data-element_type=\"widget\" data-e-type=\"widget\" data-widget_type=\"text-editor.default\">\n\t\t\t\t<div class=\"elementor-widget-container\">\n\t\t\t\t\t\t\t\t\t<p><strong>Bioqu\u00edmica III<\/strong><\/p>\n<ul>\n<li>Bicarbonato<\/li>\n<li>Di\u00f3xido de Carbono (CO2) Total<\/li>\n<li>D-xilosa<\/li>\n<\/ul>\n<p><strong>Bioqu\u00edmica IV<\/strong><\/p>\n<ul>\n<li>Vitamina B1 (Tiamina)<\/li>\n<li>Vitamina B1 (Tiamina Monofosfato &#8211; TMP)<\/li>\n<li>Vitamina B1 (Tiamina Total)<\/li>\n<li>Vitamina B2 (Riboflavina)<\/li>\n<li>Vitamina B6 (Piridoxina 5&#8217;fosfato &#8211; PLP)<\/li>\n<\/ul>\n<p><strong>Bioqu\u00edmica V<\/strong><\/p>\n<ul>\n<li>Vitamina B1 (Tiamina Total)<\/li>\n<li>Vitamina B1 (Pirofosfato de Tiamina &#8211; TPP)<\/li>\n<li>Vitamina B2 (Riboflavina)<\/li>\n<li>Vitamina B2 (Riboflavina Total)<\/li>\n<li>Vitamina B2 (Dinucle\u00f3tido de Flavina y Adenina &#8211; FAD)<\/li>\n<li>Vitamina B2 (Mononucle\u00f3tido de Flavina)<\/li>\n<li>Vitamina B3 (Niacina)<\/li>\n<li>Vitamina B5 (\u00c1cido Pantot\u00e9nico)<\/li>\n<li>Vitamina B6 (Piridoxal 5&#8217;fosfato &#8211; PLP)<\/li>\n<li>Vitamina B7 (Biotina)<\/li>\n<\/ul>\n<p><strong>Bioqu\u00edmica VI<\/strong><\/p>\n<ul>\n<li>Amilasa Total<\/li>\n<li>Macroamilasa<\/li>\n<\/ul>\n<p><strong>Bioqu\u00edmica VII<\/strong><\/p>\n<ul>\n<li>Mucoprote\u00ednas (en Tirosina)<\/li>\n<\/ul>\n\t\t\t\t\t\t\t\t<\/div>\n\t\t\t\t<\/div>\n\t\t\t\t\t<\/div>\n\t\t<\/div>\n\t\t\t\t\t<\/div>\n\t\t<\/section>\n\t\t\t\t<\/div>\n\t\t","protected":false},"excerpt":{"rendered":"<p>Bioqu\u00edmica I \u00c1cido \u00darico \u00c1cidos Biliares Totales Albumina Amilasa Total Bilirrubina Directa Bilirrubina Total Bilirrubina Indirecta C\u00e1lcio Total C\u00e1lcio Ajustado Colesterol HDL Colesterol VLDL Colesterol Total<span class=\"excerpt-hellip\"> [\u2026]<\/span><\/p>\n","protected":false},"featured_media":12460,"template":"","meta":{"_acf_changed":false},"product_brand":[],"product_cat":[440,442,436,443],"product_tag":[],"class_list":{"0":"post-1220","1":"product","2":"type-product","3":"status-publish","4":"has-post-thumbnail","6":"product_cat-clinico-es","7":"product_cat-ci-es","8":"product_cat-ep-es","9":"product_cat-quimica-clinica-es-2","10":"tm-has-options","12":"first","13":"instock","14":"taxable","15":"shipping-taxable","16":"purchasable","17":"product-type-simple"},"acf":[],"_links":{"self":[{"href":"https:\/\/controllab.com\/es\/wp-json\/wp\/v2\/product\/1220","targetHints":{"allow":["GET"]}}],"collection":[{"href":"https:\/\/controllab.com\/es\/wp-json\/wp\/v2\/product"}],"about":[{"href":"https:\/\/controllab.com\/es\/wp-json\/wp\/v2\/types\/product"}],"version-history":[{"count":4,"href":"https:\/\/controllab.com\/es\/wp-json\/wp\/v2\/product\/1220\/revisions"}],"predecessor-version":[{"id":206931,"href":"https:\/\/controllab.com\/es\/wp-json\/wp\/v2\/product\/1220\/revisions\/206931"}],"wp:featuredmedia":[{"embeddable":true,"href":"https:\/\/controllab.com\/es\/wp-json\/wp\/v2\/media\/12460"}],"wp:attachment":[{"href":"https:\/\/controllab.com\/es\/wp-json\/wp\/v2\/media?parent=1220"}],"wp:term":[{"taxonomy":"product_brand","embeddable":true,"href":"https:\/\/controllab.com\/es\/wp-json\/wp\/v2\/product_brand?post=1220"},{"taxonomy":"product_cat","embeddable":true,"href":"https:\/\/controllab.com\/es\/wp-json\/wp\/v2\/product_cat?post=1220"},{"taxonomy":"product_tag","embeddable":true,"href":"https:\/\/controllab.com\/es\/wp-json\/wp\/v2\/product_tag?post=1220"}],"curies":[{"name":"wp","href":"https:\/\/api.w.org\/{rel}","templated":true}]}}