{"id":13073,"date":"2020-12-29T10:08:06","date_gmt":"2020-12-29T13:08:06","guid":{"rendered":"https:\/\/controllab.com\/?post_type=product&#038;p=13073"},"modified":"2025-12-08T16:49:09","modified_gmt":"2025-12-08T19:49:09","slug":"anemia","status":"publish","type":"product","link":"https:\/\/controllab.com\/es\/programa\/anemia\/","title":{"rendered":"Anemia"},"content":{"rendered":"\t\t<div data-elementor-type=\"product-post\" data-elementor-id=\"13073\" class=\"elementor elementor-13073 elementor-13071\" data-elementor-post-type=\"product\">\n\t\t\t\t\t\t<section class=\"has_ae_slider elementor-section elementor-top-section elementor-element elementor-element-f35d108 elementor-section-boxed elementor-section-height-default elementor-section-height-default ae-bg-gallery-type-default\" data-id=\"f35d108\" data-element_type=\"section\" data-e-type=\"section\">\n\t\t\t\t\t\t<div class=\"elementor-container elementor-column-gap-default\">\n\t\t\t\t\t<div class=\"has_ae_slider elementor-column elementor-col-100 elementor-top-column elementor-element elementor-element-90059b7 ae-bg-gallery-type-default\" data-id=\"90059b7\" data-element_type=\"column\" data-e-type=\"column\">\n\t\t\t<div class=\"elementor-widget-wrap elementor-element-populated\">\n\t\t\t\t\t\t<div class=\"elementor-element elementor-element-4401966 elementor-widget elementor-widget-text-editor\" data-id=\"4401966\" data-element_type=\"widget\" data-e-type=\"widget\" data-widget_type=\"text-editor.default\">\n\t\t\t\t<div class=\"elementor-widget-container\">\n\t\t\t\t\t\t\t\t\t<p><strong>Anemia I<\/strong><\/p><ul><li>Capacidad libre de fijaci\u00f3n del hierro (UIBC)<\/li><li>Capacidad total de fijaci\u00f3n del hierro (TIBC)<\/li><li>Hierro<\/li><li>Hepcina<\/li><li>Receptor soluble de transferrina s\u00e9rica<\/li><li>Saturaci\u00f3n de transferrina<\/li><li>Transferrina<\/li><\/ul><p><strong>Anemia II<\/strong><\/p><ul><li data-start=\"81\" data-end=\"110\"><p data-start=\"83\" data-end=\"110\">\u00c1cido f\u00f3lico (folato)<\/p><\/li><li data-start=\"111\" data-end=\"144\"><p data-start=\"113\" data-end=\"144\">\u00c1cido metilmal\u00f3nico (MMA)<\/p><\/li><li data-start=\"145\" data-end=\"162\"><p data-start=\"147\" data-end=\"162\">Ferritina<\/p><\/li><li data-start=\"163\" data-end=\"190\"><p data-start=\"165\" data-end=\"190\">Holotranscobalamin<\/p><\/li><li data-start=\"163\" data-end=\"190\"><p data-start=\"165\" data-end=\"190\">Pre-alb\u00famina<\/p><\/li><li data-start=\"163\" data-end=\"190\"><p data-start=\"165\" data-end=\"190\">TSH<\/p><\/li><li data-start=\"163\" data-end=\"190\"><p data-start=\"165\" data-end=\"190\">Vitamina B12<\/p><\/li><\/ul>\t\t\t\t\t\t\t\t<\/div>\n\t\t\t\t<\/div>\n\t\t\t\t\t<\/div>\n\t\t<\/div>\n\t\t\t\t\t<\/div>\n\t\t<\/section>\n\t\t\t\t<\/div>\n\t\t","protected":false},"excerpt":{"rendered":"<p>Anemia I Capacidad libre de fijaci\u00f3n del hierro (UIBC) Capacidad total de fijaci\u00f3n del hierro (TIBC) Hierro Hepcina Receptor soluble de transferrina s\u00e9rica Saturaci\u00f3n de transferrina<span class=\"excerpt-hellip\"> [\u2026]<\/span><\/p>\n","protected":false},"featured_media":16243,"template":"","meta":{"_acf_changed":false},"product_brand":[],"product_cat":[440,442,436,524],"product_tag":[],"class_list":{"0":"post-13073","1":"product","2":"type-product","3":"status-publish","4":"has-post-thumbnail","6":"product_cat-clinico-es","7":"product_cat-ci-es","8":"product_cat-ep-es","9":"product_cat-inmunoensayos-endocrinologia","10":"tm-has-options","12":"first","13":"instock","14":"taxable","15":"shipping-taxable","16":"purchasable","17":"product-type-simple"},"acf":[],"_links":{"self":[{"href":"https:\/\/controllab.com\/es\/wp-json\/wp\/v2\/product\/13073","targetHints":{"allow":["GET"]}}],"collection":[{"href":"https:\/\/controllab.com\/es\/wp-json\/wp\/v2\/product"}],"about":[{"href":"https:\/\/controllab.com\/es\/wp-json\/wp\/v2\/types\/product"}],"version-history":[{"count":4,"href":"https:\/\/controllab.com\/es\/wp-json\/wp\/v2\/product\/13073\/revisions"}],"predecessor-version":[{"id":205173,"href":"https:\/\/controllab.com\/es\/wp-json\/wp\/v2\/product\/13073\/revisions\/205173"}],"wp:featuredmedia":[{"embeddable":true,"href":"https:\/\/controllab.com\/es\/wp-json\/wp\/v2\/media\/16243"}],"wp:attachment":[{"href":"https:\/\/controllab.com\/es\/wp-json\/wp\/v2\/media?parent=13073"}],"wp:term":[{"taxonomy":"product_brand","embeddable":true,"href":"https:\/\/controllab.com\/es\/wp-json\/wp\/v2\/product_brand?post=13073"},{"taxonomy":"product_cat","embeddable":true,"href":"https:\/\/controllab.com\/es\/wp-json\/wp\/v2\/product_cat?post=13073"},{"taxonomy":"product_tag","embeddable":true,"href":"https:\/\/controllab.com\/es\/wp-json\/wp\/v2\/product_tag?post=13073"}],"curies":[{"name":"wp","href":"https:\/\/api.w.org\/{rel}","templated":true}]}}