{"id":13267,"date":"2020-12-29T13:18:57","date_gmt":"2020-12-29T16:18:57","guid":{"rendered":"https:\/\/controllab.com\/?post_type=product&#038;p=13267"},"modified":"2024-08-22T16:34:58","modified_gmt":"2024-08-22T19:34:58","slug":"marcadores-do-metabolismo-osseo-crescimento-soro","status":"publish","type":"product","link":"https:\/\/controllab.com\/es\/programa\/marcadores-do-metabolismo-osseo-crescimento-soro\/","title":{"rendered":"Marcadores do Metabolismo \u00d3seo\/Crecimiento &#8211; Suero"},"content":{"rendered":"\t\t<div data-elementor-type=\"product-post\" data-elementor-id=\"13267\" class=\"elementor elementor-13267 elementor-13265\" data-elementor-post-type=\"product\">\n\t\t\t\t\t\t<section class=\"has_ae_slider elementor-section elementor-top-section elementor-element elementor-element-f35d108 elementor-section-boxed elementor-section-height-default elementor-section-height-default ae-bg-gallery-type-default\" data-id=\"f35d108\" data-element_type=\"section\" data-e-type=\"section\">\n\t\t\t\t\t\t<div class=\"elementor-container elementor-column-gap-default\">\n\t\t\t\t\t<div class=\"has_ae_slider elementor-column elementor-col-100 elementor-top-column elementor-element elementor-element-90059b7 ae-bg-gallery-type-default\" data-id=\"90059b7\" data-element_type=\"column\" data-e-type=\"column\">\n\t\t\t<div class=\"elementor-widget-wrap elementor-element-populated\">\n\t\t\t\t\t\t<div class=\"elementor-element elementor-element-4401966 elementor-widget elementor-widget-text-editor\" data-id=\"4401966\" data-element_type=\"widget\" data-e-type=\"widget\" data-widget_type=\"text-editor.default\">\n\t\t\t\t<div class=\"elementor-widget-container\">\n\t\t\t\t\t\t\t\t\t<ul><li>1,25 (OH)2 Vitamina D3 (Calcitriol)<\/li><li>25(OH) Vitamina D (Calcidiol)<\/li><li>Betacaroteno<\/li><li>Fosfatasa alcalina (ALP) Fracci\u00f3n \u00f3sea<\/li><li>Osteocalcina intacta<\/li><li>Osteocalcina N-Mid<\/li><li>Osteocalcina total<\/li><li>P1NP (Prop\u00e9ptido de Procol\u00e1geno Tipo I)<\/li><li>Prote\u00edna de uni\u00f3n 1 a IGF (IGFBP-1)<\/li><li>Prote\u00edna de uni\u00f3n 2 a IGF (IGFBP-2)<\/li><li>Prote\u00edna de uni\u00f3n 3 a IGF (IGFBP-3)<\/li><li>Somatomedina C (IGF1)<\/li><li>Telop\u00e9ptido C (CTX)<\/li><li>Telop\u00e9ptido N (NTX)<\/li><li>Vitamina A<\/li><li>Vitamina E<\/li><\/ul>\t\t\t\t\t\t\t\t<\/div>\n\t\t\t\t<\/div>\n\t\t\t\t\t<\/div>\n\t\t<\/div>\n\t\t\t\t\t<\/div>\n\t\t<\/section>\n\t\t\t\t<\/div>\n\t\t","protected":false},"excerpt":{"rendered":"<p>1,25 (OH)2 Vitamina D3 (Calcitriol) 25(OH) Vitamina D (Calcidiol) Betacaroteno Fosfatasa alcalina (ALP) Fracci\u00f3n \u00f3sea Osteocalcina intacta Osteocalcina N-Mid Osteocalcina total P1NP (Prop\u00e9ptido de Procol\u00e1geno Tipo<span class=\"excerpt-hellip\"> [\u2026]<\/span><\/p>\n","protected":false},"featured_media":19419,"template":"","meta":{"_acf_changed":false},"product_brand":[],"product_cat":[440,442,436,524],"product_tag":[],"class_list":{"0":"post-13267","1":"product","2":"type-product","3":"status-publish","4":"has-post-thumbnail","6":"product_cat-clinico-es","7":"product_cat-ci-es","8":"product_cat-ep-es","9":"product_cat-inmunoensayos-endocrinologia","10":"tm-has-options","12":"first","13":"instock","14":"taxable","15":"shipping-taxable","16":"purchasable","17":"product-type-simple"},"acf":[],"_links":{"self":[{"href":"https:\/\/controllab.com\/es\/wp-json\/wp\/v2\/product\/13267","targetHints":{"allow":["GET"]}}],"collection":[{"href":"https:\/\/controllab.com\/es\/wp-json\/wp\/v2\/product"}],"about":[{"href":"https:\/\/controllab.com\/es\/wp-json\/wp\/v2\/types\/product"}],"version-history":[{"count":0,"href":"https:\/\/controllab.com\/es\/wp-json\/wp\/v2\/product\/13267\/revisions"}],"wp:featuredmedia":[{"embeddable":true,"href":"https:\/\/controllab.com\/es\/wp-json\/wp\/v2\/media\/19419"}],"wp:attachment":[{"href":"https:\/\/controllab.com\/es\/wp-json\/wp\/v2\/media?parent=13267"}],"wp:term":[{"taxonomy":"product_brand","embeddable":true,"href":"https:\/\/controllab.com\/es\/wp-json\/wp\/v2\/product_brand?post=13267"},{"taxonomy":"product_cat","embeddable":true,"href":"https:\/\/controllab.com\/es\/wp-json\/wp\/v2\/product_cat?post=13267"},{"taxonomy":"product_tag","embeddable":true,"href":"https:\/\/controllab.com\/es\/wp-json\/wp\/v2\/product_tag?post=13267"}],"curies":[{"name":"wp","href":"https:\/\/api.w.org\/{rel}","templated":true}]}}