{"id":13334,"date":"2020-12-29T13:54:28","date_gmt":"2020-12-29T16:54:28","guid":{"rendered":"https:\/\/controllab.com\/?post_type=product&#038;p=13334"},"modified":"2024-08-23T13:47:31","modified_gmt":"2024-08-23T16:47:31","slug":"marcadores-tumorales","status":"publish","type":"product","link":"https:\/\/controllab.com\/es\/programa\/marcadores-tumorales\/","title":{"rendered":"Marcadores Tumorales"},"content":{"rendered":"\t\t<div data-elementor-type=\"product-post\" data-elementor-id=\"13334\" class=\"elementor elementor-13334 elementor-13332\" data-elementor-post-type=\"product\">\n\t\t\t\t\t\t<section class=\"has_ae_slider elementor-section elementor-top-section elementor-element elementor-element-f35d108 elementor-section-boxed elementor-section-height-default elementor-section-height-default ae-bg-gallery-type-default\" data-id=\"f35d108\" data-element_type=\"section\" data-e-type=\"section\">\n\t\t\t\t\t\t<div class=\"elementor-container elementor-column-gap-default\">\n\t\t\t\t\t<div class=\"has_ae_slider elementor-column elementor-col-100 elementor-top-column elementor-element elementor-element-90059b7 ae-bg-gallery-type-default\" data-id=\"90059b7\" data-element_type=\"column\" data-e-type=\"column\">\n\t\t\t<div class=\"elementor-widget-wrap elementor-element-populated\">\n\t\t\t\t\t\t<div class=\"elementor-element elementor-element-4401966 elementor-widget elementor-widget-text-editor\" data-id=\"4401966\" data-element_type=\"widget\" data-e-type=\"widget\" data-widget_type=\"text-editor.default\">\n\t\t\t\t<div class=\"elementor-widget-container\">\n\t\t\t\t\t\t\t\t\t<p><strong>Marcadores Tumorales I<\/strong><\/p><ul><li>CA 125<\/li><li>CA 15-3<\/li><li>CA 19-9<\/li><li>CA 27-29<\/li><li>CA 50<\/li><li>CA 242<\/li><\/ul><p><strong>Marcadores Tumorales II<\/strong><\/p><ul><li>Ant\u00edgeno Del Carcinoma De C\u00e9lulas Escamosas (SCC)<\/li><li>Ant\u00edgeno HE4<\/li><li>Ant\u00edgeno Tisular Polipept\u00eddico (TPA)<\/li><li>Anti-Tiroglobulina (Anti-TG)<\/li><li>Beta-2-Microglobulina<\/li><li>CA 72-4<\/li><li>CEA (Ant\u00edgeno Carcinoembrionario)<\/li><li>CIFRA 21-1<\/li><li>Cromogranina A<\/li><li>Cromogranina B<\/li><li>Enolasa Neural Espec\u00edfica (NSE)<\/li><li>Hormonas Glicoproteicas Hipofisarias<\/li><li>P\u00e9ptido Intestinal Vasoactivo (VIP)<\/li><li>Polip\u00e9ptido Pancre\u00e1tico (PP)<\/li><li>Prote\u00edna S-100<\/li><li>PSA Complejo<\/li><li>PSA Total<\/li><li>PSA Libre<\/li><li>p2PSA<\/li><\/ul><p><strong>Marcadores Tumorales III<\/strong><\/p><ul><li>Alfafetoprote\u00edna (AFP)<\/li><li>Beta-Hcg<\/li><li>Tiroglobulina (TG)<\/li><\/ul><p><strong>Marcadores Tumorales IV<\/strong><\/p><ul><li>Calcitonina (hCT)<\/li><\/ul>\t\t\t\t\t\t\t\t<\/div>\n\t\t\t\t<\/div>\n\t\t\t\t\t<\/div>\n\t\t<\/div>\n\t\t\t\t\t<\/div>\n\t\t<\/section>\n\t\t\t\t<\/div>\n\t\t","protected":false},"excerpt":{"rendered":"<p>Marcadores Tumorales I CA 125 CA 15-3 CA 19-9 CA 27-29 CA 50 CA 242 Marcadores Tumorales II Ant\u00edgeno Del Carcinoma De C\u00e9lulas Escamosas (SCC) Ant\u00edgeno<span class=\"excerpt-hellip\"> [\u2026]<\/span><\/p>\n","protected":false},"featured_media":16797,"template":"","meta":{"_acf_changed":false},"product_brand":[],"product_cat":[440,442,436,524],"product_tag":[],"class_list":{"0":"post-13334","1":"product","2":"type-product","3":"status-publish","4":"has-post-thumbnail","6":"product_cat-clinico-es","7":"product_cat-ci-es","8":"product_cat-ep-es","9":"product_cat-inmunoensayos-endocrinologia","10":"tm-has-options","12":"first","13":"instock","14":"taxable","15":"shipping-taxable","16":"purchasable","17":"product-type-simple"},"acf":[],"_links":{"self":[{"href":"https:\/\/controllab.com\/es\/wp-json\/wp\/v2\/product\/13334","targetHints":{"allow":["GET"]}}],"collection":[{"href":"https:\/\/controllab.com\/es\/wp-json\/wp\/v2\/product"}],"about":[{"href":"https:\/\/controllab.com\/es\/wp-json\/wp\/v2\/types\/product"}],"version-history":[{"count":0,"href":"https:\/\/controllab.com\/es\/wp-json\/wp\/v2\/product\/13334\/revisions"}],"wp:featuredmedia":[{"embeddable":true,"href":"https:\/\/controllab.com\/es\/wp-json\/wp\/v2\/media\/16797"}],"wp:attachment":[{"href":"https:\/\/controllab.com\/es\/wp-json\/wp\/v2\/media?parent=13334"}],"wp:term":[{"taxonomy":"product_brand","embeddable":true,"href":"https:\/\/controllab.com\/es\/wp-json\/wp\/v2\/product_brand?post=13334"},{"taxonomy":"product_cat","embeddable":true,"href":"https:\/\/controllab.com\/es\/wp-json\/wp\/v2\/product_cat?post=13334"},{"taxonomy":"product_tag","embeddable":true,"href":"https:\/\/controllab.com\/es\/wp-json\/wp\/v2\/product_tag?post=13334"}],"curies":[{"name":"wp","href":"https:\/\/api.w.org\/{rel}","templated":true}]}}