{"id":137152,"date":"2024-01-24T10:06:20","date_gmt":"2024-01-24T13:06:20","guid":{"rendered":"https:\/\/controllab.com\/?post_type=product&#038;p=137152"},"modified":"2024-08-28T13:31:46","modified_gmt":"2024-08-28T16:31:46","slug":"intolerancia-alimentaria","status":"publish","type":"product","link":"https:\/\/controllab.com\/es\/programa\/intolerancia-alimentaria\/","title":{"rendered":"Intolerancia Alimentaria"},"content":{"rendered":"\t\t<div data-elementor-type=\"product-post\" data-elementor-id=\"137152\" class=\"elementor elementor-137152 elementor-137150\" data-elementor-post-type=\"product\">\n\t\t\t\t\t\t<section class=\"has_ae_slider elementor-section elementor-top-section elementor-element elementor-element-f35d108 elementor-section-boxed elementor-section-height-default elementor-section-height-default ae-bg-gallery-type-default\" data-id=\"f35d108\" data-element_type=\"section\" data-e-type=\"section\">\n\t\t\t\t\t\t<div class=\"elementor-container elementor-column-gap-default\">\n\t\t\t\t\t<div class=\"has_ae_slider elementor-column elementor-col-100 elementor-top-column elementor-element elementor-element-90059b7 ae-bg-gallery-type-default\" data-id=\"90059b7\" data-element_type=\"column\" data-e-type=\"column\">\n\t\t\t<div class=\"elementor-widget-wrap elementor-element-populated\">\n\t\t\t\t\t\t<div class=\"elementor-element elementor-element-4401966 elementor-widget elementor-widget-text-editor\" data-id=\"4401966\" data-element_type=\"widget\" data-e-type=\"widget\" data-widget_type=\"text-editor.default\">\n\t\t\t\t<div class=\"elementor-widget-container\">\n\t\t\t\t\t\t\t\t\t<p style=\"font-style: normal; font-variant-ligatures: normal; font-variant-caps: normal; font-weight: 400; font-size: 14px; color: #333333; letter-spacing: normal;\"><strong>Este programa incluye la b\u00fasqueda de anticuerpos IgG espec\u00edficos para 217 alimentos incluidos en los siguientes grupos de alimentos:<\/strong><\/p><ul style=\"font-style: normal; font-variant-ligatures: normal; font-variant-caps: normal; font-weight: 400; font-size: 14px; font-family: 'Open Sans', -apple-system, BlinkMacSystemFont, 'Segoe UI', Roboto, Oxygen-Sans, Ubuntu, Cantarell, 'Helvetica Neue', sans-serif;\"><li style=\"margin-left: 0px;\">Carnes<\/li><li style=\"margin-left: 0px;\">Cereales y Granos<\/li><li style=\"margin-left: 0px;\">Champi\u00f1ones<\/li><li style=\"margin-left: 0px;\"><span style=\"font-family: 'Open Sans'; color: inherit; letter-spacing: inherit;\">Hierbas y Especias<\/span><\/li><li style=\"margin-left: 0px;\"><span style=\"font-family: 'Open Sans'; color: inherit; letter-spacing: inherit;\">Frutas<\/span><\/li><li style=\"margin-left: 0px;\">Frutos secos y Semillas<\/li><li style=\"margin-left: 0px;\">Vegetales<\/li><li style=\"margin-left: 0px;\">Pescados y Mariscos<\/li><li style=\"margin-left: 0px;\">L\u00e1cteos y Huevos<\/li><li style=\"margin-left: 0px;\">Verduras y Hortalizas<\/li><\/ul>\t\t\t\t\t\t\t\t<\/div>\n\t\t\t\t<\/div>\n\t\t\t\t\t<\/div>\n\t\t<\/div>\n\t\t\t\t\t<\/div>\n\t\t<\/section>\n\t\t\t\t<\/div>\n\t\t","protected":false},"excerpt":{"rendered":"<p>Este programa incluye la b\u00fasqueda de anticuerpos IgG espec\u00edficos para 217 alimentos incluidos en los siguientes grupos de alimentos: Carnes Cereales y Granos Champi\u00f1ones Hierbas y<span class=\"excerpt-hellip\"> [\u2026]<\/span><\/p>\n","protected":false},"featured_media":137961,"template":"","meta":{"_acf_changed":false},"product_brand":[],"product_cat":[440,436,441],"product_tag":[],"class_list":{"0":"post-137152","1":"product","2":"type-product","3":"status-publish","4":"has-post-thumbnail","6":"product_cat-clinico-es","7":"product_cat-ep-es","8":"product_cat-inmunologia-proteinas","9":"tm-has-options","11":"first","12":"instock","13":"taxable","14":"shipping-taxable","15":"purchasable","16":"product-type-simple"},"acf":[],"_links":{"self":[{"href":"https:\/\/controllab.com\/es\/wp-json\/wp\/v2\/product\/137152","targetHints":{"allow":["GET"]}}],"collection":[{"href":"https:\/\/controllab.com\/es\/wp-json\/wp\/v2\/product"}],"about":[{"href":"https:\/\/controllab.com\/es\/wp-json\/wp\/v2\/types\/product"}],"version-history":[{"count":0,"href":"https:\/\/controllab.com\/es\/wp-json\/wp\/v2\/product\/137152\/revisions"}],"wp:featuredmedia":[{"embeddable":true,"href":"https:\/\/controllab.com\/es\/wp-json\/wp\/v2\/media\/137961"}],"wp:attachment":[{"href":"https:\/\/controllab.com\/es\/wp-json\/wp\/v2\/media?parent=137152"}],"wp:term":[{"taxonomy":"product_brand","embeddable":true,"href":"https:\/\/controllab.com\/es\/wp-json\/wp\/v2\/product_brand?post=137152"},{"taxonomy":"product_cat","embeddable":true,"href":"https:\/\/controllab.com\/es\/wp-json\/wp\/v2\/product_cat?post=137152"},{"taxonomy":"product_tag","embeddable":true,"href":"https:\/\/controllab.com\/es\/wp-json\/wp\/v2\/product_tag?post=137152"}],"curies":[{"name":"wp","href":"https:\/\/api.w.org\/{rel}","templated":true}]}}