{"id":143206,"date":"2022-02-08T09:25:47","date_gmt":"2022-02-08T12:25:47","guid":{"rendered":"https:\/\/controllab.com\/?post_type=product&#038;p=143206"},"modified":"2024-08-21T08:49:49","modified_gmt":"2024-08-21T11:49:49","slug":"coronavirus-sars-cov2-pruebas-automatizadas-de-antigenos","status":"publish","type":"product","link":"https:\/\/controllab.com\/es\/programa\/coronavirus-sars-cov2-pruebas-automatizadas-de-antigenos\/","title":{"rendered":"Coronavirus (SARS-CoV2): Pruebas Automatizadas de Ant\u00edgenos"},"content":{"rendered":"\t\t<div data-elementor-type=\"product-post\" data-elementor-id=\"143206\" class=\"elementor elementor-143206 elementor-59639\" data-elementor-post-type=\"product\">\n\t\t\t\t\t\t<section class=\"elementor-section elementor-top-section elementor-element elementor-element-f35d108 elementor-section-boxed elementor-section-height-default elementor-section-height-default\" data-id=\"f35d108\" data-element_type=\"section\" data-e-type=\"section\">\n\t\t\t\t\t\t<div class=\"elementor-container elementor-column-gap-default\">\n\t\t\t\t\t<div class=\"elementor-column elementor-col-100 elementor-top-column elementor-element elementor-element-90059b7\" data-id=\"90059b7\" data-element_type=\"column\" data-e-type=\"column\">\n\t\t\t<div class=\"elementor-widget-wrap elementor-element-populated\">\n\t\t\t\t\t\t<div class=\"elementor-element elementor-element-4401966 elementor-widget elementor-widget-text-editor\" data-id=\"4401966\" data-element_type=\"widget\" data-e-type=\"widget\" data-widget_type=\"text-editor.default\">\n\t\t\t\t<div class=\"elementor-widget-container\">\n\t\t\t\t\t\t\t\t\t<p>Coronavirus (SARS-CoV2): Pruebas Automatizadas de Ant\u00edgenos<\/p><p>\u00a0<\/p><div><b>Programa Espec\u00edfico para Sistemas de Automatizaci\u00f3n.<\/b><\/div>\t\t\t\t\t\t\t\t<\/div>\n\t\t\t\t<\/div>\n\t\t\t\t\t<\/div>\n\t\t<\/div>\n\t\t\t\t\t<\/div>\n\t\t<\/section>\n\t\t\t\t<\/div>\n\t\t","protected":false},"excerpt":{"rendered":"<p>Coronavirus (SARS-CoV2): Pruebas Automatizadas de Ant\u00edgenos Programa Espec\u00edfico para Sistemas de Automatizaci\u00f3n.<\/p>\n","protected":false},"featured_media":5040,"template":"","meta":{"_acf_changed":false},"product_brand":[],"product_cat":[440,442,436,520],"product_tag":[],"class_list":{"0":"post-143206","1":"product","2":"type-product","3":"status-publish","4":"has-post-thumbnail","6":"product_cat-clinico-es","7":"product_cat-ci-es","8":"product_cat-ep-es","9":"product_cat-microbiologia-es-2","10":"tm-has-options","12":"first","13":"instock","14":"taxable","15":"shipping-taxable","16":"purchasable","17":"product-type-simple"},"acf":[],"_links":{"self":[{"href":"https:\/\/controllab.com\/es\/wp-json\/wp\/v2\/product\/143206","targetHints":{"allow":["GET"]}}],"collection":[{"href":"https:\/\/controllab.com\/es\/wp-json\/wp\/v2\/product"}],"about":[{"href":"https:\/\/controllab.com\/es\/wp-json\/wp\/v2\/types\/product"}],"version-history":[{"count":0,"href":"https:\/\/controllab.com\/es\/wp-json\/wp\/v2\/product\/143206\/revisions"}],"wp:featuredmedia":[{"embeddable":true,"href":"https:\/\/controllab.com\/es\/wp-json\/wp\/v2\/media\/5040"}],"wp:attachment":[{"href":"https:\/\/controllab.com\/es\/wp-json\/wp\/v2\/media?parent=143206"}],"wp:term":[{"taxonomy":"product_brand","embeddable":true,"href":"https:\/\/controllab.com\/es\/wp-json\/wp\/v2\/product_brand?post=143206"},{"taxonomy":"product_cat","embeddable":true,"href":"https:\/\/controllab.com\/es\/wp-json\/wp\/v2\/product_cat?post=143206"},{"taxonomy":"product_tag","embeddable":true,"href":"https:\/\/controllab.com\/es\/wp-json\/wp\/v2\/product_tag?post=143206"}],"curies":[{"name":"wp","href":"https:\/\/api.w.org\/{rel}","templated":true}]}}