{"id":143716,"date":"2022-09-27T13:05:54","date_gmt":"2022-09-27T16:05:54","guid":{"rendered":"https:\/\/controllab.com\/programa\/panel-molecular-para-infecciones-gastrointestinales\/"},"modified":"2025-10-27T17:26:38","modified_gmt":"2025-10-27T20:26:38","slug":"panel-molecular-para-infecciones-gastrointestinales","status":"publish","type":"product","link":"https:\/\/controllab.com\/es\/programa\/panel-molecular-para-infecciones-gastrointestinales\/","title":{"rendered":"Panel Molecular Infecciones Gastrointestinales"},"content":{"rendered":"\t\t<div data-elementor-type=\"product-post\" data-elementor-id=\"143716\" class=\"elementor elementor-143716 elementor-81786\" data-elementor-post-type=\"product\">\n\t\t\t\t\t\t<section class=\"has_ae_slider elementor-section elementor-top-section elementor-element elementor-element-f35d108 elementor-section-boxed elementor-section-height-default elementor-section-height-default ae-bg-gallery-type-default\" data-id=\"f35d108\" data-element_type=\"section\" data-e-type=\"section\">\n\t\t\t\t\t\t<div class=\"elementor-container elementor-column-gap-default\">\n\t\t\t\t\t<div class=\"has_ae_slider elementor-column elementor-col-100 elementor-top-column elementor-element elementor-element-90059b7 ae-bg-gallery-type-default\" data-id=\"90059b7\" data-element_type=\"column\" data-e-type=\"column\">\n\t\t\t<div class=\"elementor-widget-wrap elementor-element-populated\">\n\t\t\t\t\t\t<div class=\"elementor-element elementor-element-4401966 elementor-widget elementor-widget-text-editor\" data-id=\"4401966\" data-element_type=\"widget\" data-e-type=\"widget\" data-widget_type=\"text-editor.default\">\n\t\t\t\t<div class=\"elementor-widget-container\">\n\t\t\t\t\t\t\t\t\t<p><strong>El programa incluye t\u00e9cnicas moleculares basadas en la PCR para kits multiplex.<\/strong> <br \/>Las muestras contienen el genoma completo del microorganismo.<\/p><p><strong>Detecci\u00f3n por Biolog\u00eda Molecular de:<\/strong><\/p><ul><li>Adenov\u00edrus (AdV)<\/li><li>Aeromonas spp.<\/li><li>Astrov\u00edrus (AstV)<\/li><li><em>Blastocystis hominis<\/em><\/li><li><em>Cryptosporidium<\/em> spp.<\/li><li><em>Cyclospora cayetanensis<\/em><\/li><li><em>Campylobacter<\/em> spp.<\/li><li><em>Clostridium difficile<\/em><\/li><li><em>Clostridium difficile<\/em> toxina B<\/li><li><em>Clostridium difficile<\/em> (cepa BI\/NAP1\/027)<\/li><li><em>Dientamoeba fragilis<\/em><\/li><li><em>E. coli<\/em> enteroagregativa (EAEC)<\/li><li><em>E. coli<\/em> enteropatog\u00eanica (EPEC)<\/li><li><em>E. coli<\/em> enterotoxig\u00eanica (ETEC)<\/li><li><em>E. coli<\/em> O157<\/li><li><em>E.coli<\/em> produtora de toxina Shiga (STEC)<\/li><li><em>Entamoeba histolytica<\/em><\/li><li><em>Giardia lamblia<\/em><\/li><li><em>Helicobacter pylori<\/em><\/li><li>Norov\u00edrus (NoV)<\/li><li><em>Plesiomonas shigelloides<\/em><\/li><li>Rotav\u00edrus (RotV)<\/li><li><em>Salmonella<\/em> spp.<\/li><li>Sapov\u00edrus<\/li><li><em>Shigella<\/em> spp.<\/li><li><em>Shigella<\/em>\/<em>E. coli<\/em> enteroinvasora (EIEC)<\/li><li><em>Vibrio cholerae<\/em><\/li><li><span id=\"kLAPr8\"><i>Vibrio parahaemolyticus<\/i><\/span><\/li><li><em>Vibrio<\/em>\u00a0spp.<\/li><li><i>Vibrio vulnificus<\/i><\/li><li><em>Yersinia enterocol\u00edtica<\/em><\/li><\/ul>\t\t\t\t\t\t\t\t<\/div>\n\t\t\t\t<\/div>\n\t\t\t\t\t<\/div>\n\t\t<\/div>\n\t\t\t\t\t<\/div>\n\t\t<\/section>\n\t\t\t\t<\/div>\n\t\t","protected":false},"excerpt":{"rendered":"<p>El programa incluye t\u00e9cnicas moleculares basadas en la PCR para kits multiplex. Las muestras contienen el genoma completo del microorganismo. Detecci\u00f3n por Biolog\u00eda Molecular de: Adenov\u00edrus<span class=\"excerpt-hellip\"> [\u2026]<\/span><\/p>\n","protected":false},"featured_media":62545,"template":"","meta":{"_acf_changed":false},"product_brand":[],"product_cat":[446,440,436,492],"product_tag":[],"class_list":{"0":"post-143716","1":"product","2":"type-product","3":"status-publish","4":"has-post-thumbnail","6":"product_cat-areas-de-actuacion","7":"product_cat-clinico-es","8":"product_cat-ep-es","9":"product_cat-genetica-biologia-molecular","10":"tm-has-options","12":"first","13":"instock","14":"taxable","15":"shipping-taxable","16":"purchasable","17":"product-type-simple"},"acf":[],"_links":{"self":[{"href":"https:\/\/controllab.com\/es\/wp-json\/wp\/v2\/product\/143716","targetHints":{"allow":["GET"]}}],"collection":[{"href":"https:\/\/controllab.com\/es\/wp-json\/wp\/v2\/product"}],"about":[{"href":"https:\/\/controllab.com\/es\/wp-json\/wp\/v2\/types\/product"}],"version-history":[{"count":4,"href":"https:\/\/controllab.com\/es\/wp-json\/wp\/v2\/product\/143716\/revisions"}],"predecessor-version":[{"id":201295,"href":"https:\/\/controllab.com\/es\/wp-json\/wp\/v2\/product\/143716\/revisions\/201295"}],"wp:featuredmedia":[{"embeddable":true,"href":"https:\/\/controllab.com\/es\/wp-json\/wp\/v2\/media\/62545"}],"wp:attachment":[{"href":"https:\/\/controllab.com\/es\/wp-json\/wp\/v2\/media?parent=143716"}],"wp:term":[{"taxonomy":"product_brand","embeddable":true,"href":"https:\/\/controllab.com\/es\/wp-json\/wp\/v2\/product_brand?post=143716"},{"taxonomy":"product_cat","embeddable":true,"href":"https:\/\/controllab.com\/es\/wp-json\/wp\/v2\/product_cat?post=143716"},{"taxonomy":"product_tag","embeddable":true,"href":"https:\/\/controllab.com\/es\/wp-json\/wp\/v2\/product_tag?post=143716"}],"curies":[{"name":"wp","href":"https:\/\/api.w.org\/{rel}","templated":true}]}}