{"id":14884,"date":"2021-01-05T08:18:37","date_gmt":"2021-01-05T11:18:37","guid":{"rendered":"https:\/\/controllab.com\/?post_type=product&#038;p=14884"},"modified":"2025-10-01T10:29:39","modified_gmt":"2025-10-01T13:29:39","slug":"toxicologia-ii","status":"publish","type":"product","link":"https:\/\/controllab.com\/es\/programa\/toxicologia-ii\/","title":{"rendered":"Toxicolog\u00eda II"},"content":{"rendered":"\t\t<div data-elementor-type=\"product-post\" data-elementor-id=\"14884\" class=\"elementor elementor-14884 elementor-14882\" data-elementor-post-type=\"product\">\n\t\t\t\t\t\t<section class=\"elementor-section elementor-top-section elementor-element elementor-element-f35d108 elementor-section-boxed elementor-section-height-default elementor-section-height-default\" data-id=\"f35d108\" data-element_type=\"section\" data-e-type=\"section\">\n\t\t\t\t\t\t<div class=\"elementor-container elementor-column-gap-default\">\n\t\t\t\t\t<div class=\"elementor-column elementor-col-100 elementor-top-column elementor-element elementor-element-90059b7\" data-id=\"90059b7\" data-element_type=\"column\" data-e-type=\"column\">\n\t\t\t<div class=\"elementor-widget-wrap elementor-element-populated\">\n\t\t\t\t\t\t<div class=\"elementor-element elementor-element-4401966 elementor-widget elementor-widget-text-editor\" data-id=\"4401966\" data-element_type=\"widget\" data-e-type=\"widget\" data-widget_type=\"text-editor.default\">\n\t\t\t\t<div class=\"elementor-widget-container\">\n\t\t\t\t\t\t\t\t\t<strong>Oligoelementos<\/strong>\r\n<ul>\r\n \t<li>1,2 Dihidroxi-4-(N-acetilcisteinil)butano<\/li>\r\n \t<li>4-clorocatecol<\/li>\r\n \t<li>\u00c1cido 2-etoxiac\u00e9tico<\/li>\r\n \t<li>\u00c1cido 2-tio-tiazolidina<\/li>\r\n \t<li>\u00c1cido 5-aminolevul\u00ednico (5-ALA)<\/li>\r\n \t<li>\u00c1cido butoxiac\u00e9tico<\/li>\r\n \t<li>\u00c1cido fenilgliox\u00edlico<\/li>\r\n \t<li>\u00c1cido f\u00f3rmico<\/li>\r\n \t<li>\u00c1cido hip\u00farico<\/li>\r\n \t<li>\u00c1cido mand\u00e9lico<\/li>\r\n \t<li>\u00c1cido hip\u00farico de metilo total<\/li>\r\n \t<li>\u00c1cido S-fenil mercapt\u00farico<\/li>\r\n \t<li>\u00c1cido trans muc\u00f3nico<\/li>\r\n \t<li>\u00c1cido tricloroac\u00e9tico<\/li>\r\n \t<li>Bromuro<\/li>\r\n \t<li>Ciclohexano<\/li>\r\n \t<li>Fenol<\/li>\r\n \t<li>Fluoruro<\/li>\r\n \t<li>Hidroxipireno<\/li>\r\n \t<li>N-metilformamida<\/li>\r\n \t<li>P-aminofenol<\/li>\r\n \t<li>Pentaclorofenol<\/li>\r\n \t<li>Tetrahidrofurano (THF)<\/li>\r\n \t<li>Tiocianato<\/li>\r\n<\/ul>\r\n<strong>No Metales<\/strong>\r\n<ul>\r\n \t<li>Aluminio<\/li>\r\n \t<li>Antimonio<\/li>\r\n \t<li>Ars\u00e9nico<\/li>\r\n \t<li>Bismuto<\/li>\r\n \t<li>Cadmio<\/li>\r\n \t<li>Plomo<\/li>\r\n \t<li>Cobalto<\/li>\r\n \t<li>Cobre<\/li>\r\n \t<li>Cromo<\/li>\r\n \t<li>Esta\u00f1o<\/li>\r\n \t<li>Litio<\/li>\r\n \t<li>Magnesio<\/li>\r\n \t<li>Manganeso<\/li>\r\n \t<li>Mercurio<\/li>\r\n \t<li>N\u00edquel<\/li>\r\n \t<li>Selenio<\/li>\r\n \t<li>Talio<\/li>\r\n \t<li>Vanadio<\/li>\r\n \t<li>Zinc<\/li>\r\n<\/ul>\t\t\t\t\t\t\t\t<\/div>\n\t\t\t\t<\/div>\n\t\t\t\t\t<\/div>\n\t\t<\/div>\n\t\t\t\t\t<\/div>\n\t\t<\/section>\n\t\t\t\t<\/div>\n\t\t","protected":false},"excerpt":{"rendered":"<p>Oligoelementos 1,2 Dihidroxi-4-(N-acetilcisteinil)butano 4-clorocatecol \u00c1cido 2-etoxiac\u00e9tico \u00c1cido 2-tio-tiazolidina \u00c1cido 5-aminolevul\u00ednico (5-ALA) \u00c1cido butoxiac\u00e9tico \u00c1cido fenilgliox\u00edlico \u00c1cido f\u00f3rmico \u00c1cido hip\u00farico \u00c1cido mand\u00e9lico \u00c1cido hip\u00farico de metilo total<span class=\"excerpt-hellip\"> [\u2026]<\/span><\/p>\n","protected":false},"featured_media":25792,"template":"","meta":{"_acf_changed":false},"product_brand":[],"product_cat":[440,442,436,532],"product_tag":[],"class_list":{"0":"post-14884","1":"product","2":"type-product","3":"status-publish","4":"has-post-thumbnail","6":"product_cat-clinico-es","7":"product_cat-ci-es","8":"product_cat-ep-es","9":"product_cat-toxicologia-ocupacional-drogas-de-abuso-es-2","10":"tm-has-options","12":"first","13":"instock","14":"taxable","15":"shipping-taxable","16":"purchasable","17":"product-type-simple"},"acf":[],"_links":{"self":[{"href":"https:\/\/controllab.com\/es\/wp-json\/wp\/v2\/product\/14884","targetHints":{"allow":["GET"]}}],"collection":[{"href":"https:\/\/controllab.com\/es\/wp-json\/wp\/v2\/product"}],"about":[{"href":"https:\/\/controllab.com\/es\/wp-json\/wp\/v2\/types\/product"}],"version-history":[{"count":1,"href":"https:\/\/controllab.com\/es\/wp-json\/wp\/v2\/product\/14884\/revisions"}],"predecessor-version":[{"id":197211,"href":"https:\/\/controllab.com\/es\/wp-json\/wp\/v2\/product\/14884\/revisions\/197211"}],"wp:featuredmedia":[{"embeddable":true,"href":"https:\/\/controllab.com\/es\/wp-json\/wp\/v2\/media\/25792"}],"wp:attachment":[{"href":"https:\/\/controllab.com\/es\/wp-json\/wp\/v2\/media?parent=14884"}],"wp:term":[{"taxonomy":"product_brand","embeddable":true,"href":"https:\/\/controllab.com\/es\/wp-json\/wp\/v2\/product_brand?post=14884"},{"taxonomy":"product_cat","embeddable":true,"href":"https:\/\/controllab.com\/es\/wp-json\/wp\/v2\/product_cat?post=14884"},{"taxonomy":"product_tag","embeddable":true,"href":"https:\/\/controllab.com\/es\/wp-json\/wp\/v2\/product_tag?post=14884"}],"curies":[{"name":"wp","href":"https:\/\/api.w.org\/{rel}","templated":true}]}}