{"id":14913,"date":"2021-01-05T08:43:24","date_gmt":"2021-01-05T11:43:24","guid":{"rendered":"https:\/\/controllab.com\/?post_type=product&#038;p=14913"},"modified":"2024-08-23T10:17:05","modified_gmt":"2024-08-23T13:17:05","slug":"toxicologia-iii","status":"publish","type":"product","link":"https:\/\/controllab.com\/es\/programa\/toxicologia-iii\/","title":{"rendered":"Toxicolog\u00eda III"},"content":{"rendered":"\t\t<div data-elementor-type=\"product-post\" data-elementor-id=\"14913\" class=\"elementor elementor-14913 elementor-14911\" data-elementor-post-type=\"product\">\n\t\t\t\t\t\t<section class=\"has_ae_slider elementor-section elementor-top-section elementor-element elementor-element-f35d108 elementor-section-boxed elementor-section-height-default elementor-section-height-default ae-bg-gallery-type-default\" data-id=\"f35d108\" data-element_type=\"section\" data-e-type=\"section\">\n\t\t\t\t\t\t<div class=\"elementor-container elementor-column-gap-default\">\n\t\t\t\t\t<div class=\"has_ae_slider elementor-column elementor-col-100 elementor-top-column elementor-element elementor-element-90059b7 ae-bg-gallery-type-default\" data-id=\"90059b7\" data-element_type=\"column\" data-e-type=\"column\">\n\t\t\t<div class=\"elementor-widget-wrap elementor-element-populated\">\n\t\t\t\t\t\t<div class=\"elementor-element elementor-element-4401966 elementor-widget elementor-widget-text-editor\" data-id=\"4401966\" data-element_type=\"widget\" data-e-type=\"widget\" data-widget_type=\"text-editor.default\">\n\t\t\t\t<div class=\"elementor-widget-container\">\n\t\t\t\t\t\t\t\t\t<ul>\r\n \t<li>Aluminio<\/li>\r\n \t<li>Antimonio<\/li>\r\n \t<li>Ars\u00e9nico<\/li>\r\n \t<li>Berilio<\/li>\r\n \t<li>Bismuto<\/li>\r\n \t<li>Cadmio<\/li>\r\n \t<li>Cobalto<\/li>\r\n \t<li>Cobre<\/li>\r\n \t<li>Cromo<\/li>\r\n \t<li>Esta\u00f1o<\/li>\r\n \t<li>Manganeso<\/li>\r\n \t<li>Mercurio<\/li>\r\n \t<li>Molibdeno<\/li>\r\n \t<li>N\u00edquel<\/li>\r\n \t<li>Plata<\/li>\r\n \t<li>Plomo<\/li>\r\n \t<li>Selenio<\/li>\r\n \t<li>Talio<\/li>\r\n \t<li>Vanadio<\/li>\r\n \t<li>Zinc<\/li>\r\n<\/ul>\t\t\t\t\t\t\t\t<\/div>\n\t\t\t\t<\/div>\n\t\t\t\t\t<\/div>\n\t\t<\/div>\n\t\t\t\t\t<\/div>\n\t\t<\/section>\n\t\t\t\t<\/div>\n\t\t","protected":false},"excerpt":{"rendered":"<p>Aluminio Antimonio Ars\u00e9nico Berilio Bismuto Cadmio Cobalto Cobre Cromo Esta\u00f1o Manganeso Mercurio Molibdeno N\u00edquel Plata Plomo Selenio Talio Vanadio Zinc<\/p>\n","protected":false},"featured_media":25810,"template":"","meta":{"_acf_changed":false},"product_brand":[],"product_cat":[440,442,436,532],"product_tag":[],"class_list":{"0":"post-14913","1":"product","2":"type-product","3":"status-publish","4":"has-post-thumbnail","6":"product_cat-clinico-es","7":"product_cat-ci-es","8":"product_cat-ep-es","9":"product_cat-toxicologia-ocupacional-drogas-de-abuso-es-2","10":"tm-has-options","12":"first","13":"instock","14":"taxable","15":"shipping-taxable","16":"purchasable","17":"product-type-simple"},"acf":[],"_links":{"self":[{"href":"https:\/\/controllab.com\/es\/wp-json\/wp\/v2\/product\/14913","targetHints":{"allow":["GET"]}}],"collection":[{"href":"https:\/\/controllab.com\/es\/wp-json\/wp\/v2\/product"}],"about":[{"href":"https:\/\/controllab.com\/es\/wp-json\/wp\/v2\/types\/product"}],"version-history":[{"count":0,"href":"https:\/\/controllab.com\/es\/wp-json\/wp\/v2\/product\/14913\/revisions"}],"wp:featuredmedia":[{"embeddable":true,"href":"https:\/\/controllab.com\/es\/wp-json\/wp\/v2\/media\/25810"}],"wp:attachment":[{"href":"https:\/\/controllab.com\/es\/wp-json\/wp\/v2\/media?parent=14913"}],"wp:term":[{"taxonomy":"product_brand","embeddable":true,"href":"https:\/\/controllab.com\/es\/wp-json\/wp\/v2\/product_brand?post=14913"},{"taxonomy":"product_cat","embeddable":true,"href":"https:\/\/controllab.com\/es\/wp-json\/wp\/v2\/product_cat?post=14913"},{"taxonomy":"product_tag","embeddable":true,"href":"https:\/\/controllab.com\/es\/wp-json\/wp\/v2\/product_tag?post=14913"}],"curies":[{"name":"wp","href":"https:\/\/api.w.org\/{rel}","templated":true}]}}