{"id":149247,"date":"2022-09-23T15:27:20","date_gmt":"2022-09-23T18:27:20","guid":{"rendered":"https:\/\/controllab.com\/programa\/hematologia-automacao\/"},"modified":"2026-04-16T08:35:40","modified_gmt":"2026-04-16T11:35:40","slug":"hematologia-automacao","status":"publish","type":"product","link":"https:\/\/controllab.com\/es\/programa\/hematologia-automacao\/","title":{"rendered":"Hematolog\u00eda Automatizaci\u00f3n"},"content":{"rendered":"\t\t<div data-elementor-type=\"product-post\" data-elementor-id=\"149247\" class=\"elementor elementor-149247 elementor-81193\" data-elementor-post-type=\"product\">\n\t\t\t\t\t\t<section class=\"has_ae_slider elementor-section elementor-top-section elementor-element elementor-element-4275de67 elementor-section-boxed elementor-section-height-default elementor-section-height-default ae-bg-gallery-type-default\" data-id=\"4275de67\" data-element_type=\"section\" data-e-type=\"section\">\n\t\t\t\t\t\t<div class=\"elementor-container elementor-column-gap-default\">\n\t\t\t\t\t<div class=\"has_ae_slider elementor-column elementor-col-100 elementor-top-column elementor-element elementor-element-15b90a90 ae-bg-gallery-type-default\" data-id=\"15b90a90\" data-element_type=\"column\" data-e-type=\"column\">\n\t\t\t<div class=\"elementor-widget-wrap elementor-element-populated\">\n\t\t\t\t\t\t<div class=\"elementor-element elementor-element-5902fed7 elementor-widget elementor-widget-text-editor\" data-id=\"5902fed7\" data-element_type=\"widget\" data-e-type=\"widget\" data-widget_type=\"text-editor.default\">\n\t\t\t\t<div class=\"elementor-widget-container\">\n\t\t\t\t\t\t\t\t\t<p>Los ensayos tratados:<\/p><table width=\"1110\"><tbody><tr><td width=\"165\"><strong>Perfil Hematol\u00f3gico<\/strong><\/td><td width=\"250\"><strong>Ensayos<\/strong><\/td><td width=\"169\"><strong>Hematolog\u00eda Automatizaci\u00f3n I<\/strong><\/td><td width=\"173\"><strong>Hematolog\u00eda Automatizaci\u00f3n II<\/strong><\/td><td width=\"179\"><strong>Hematolog\u00eda Automatizaci\u00f3n IV<\/strong><\/td><td width=\"174\"><strong>Hematolog\u00eda Automatizaci\u00f3n V<\/strong><\/td><\/tr><tr><td><strong>Serie Roja <\/strong><\/td><td width=\"250\">Eritrocitos, Hemoglobina, Hematocrito, VCM, HCM, CHCM y RDW, NRBC**<\/td><td>X<\/td><td>X<\/td><td>X<\/td><td>X<\/td><\/tr><tr><td rowspan=\"3\"><strong>Par\u00e1metros Plaquetarios <\/strong><\/td><td>Recuento de Plaquetas<\/td><td>X<\/td><td>X<\/td><td>X<\/td><td>X<\/td><\/tr><tr><td>VPM, PCT y PDW<\/td><td>X*<\/td><td>X*<\/td><td>X*<\/td><td>X*<\/td><\/tr><tr><td>FPI (Fracci\u00f3n Plaquetaria Inmadura)<\/td><td>X*<\/td><td>\u00a0<\/td><td>X*<\/td><td>X*<\/td><\/tr><tr><td rowspan=\"2\"><strong>Serie Blanca <\/strong><\/td><td>Recuento de Leucocitos<\/td><td>X<\/td><td>X<\/td><td>X<\/td><td>X<\/td><\/tr><tr><td width=\"250\">Neutr\u00f3filos, Linfocitos, Monocitos, Eosin\u00f3filos, Bas\u00f3filos, Granulocitos y MID<\/td><td>\u00a0<\/td><td>X<\/td><td>X<\/td><td>X*<\/td><\/tr><\/tbody><\/table><p><em><strong>*Ensayos ofrecidos como educaci\u00f3n<\/strong><\/em><\/p><p><em><strong>**Solo en Hematolog\u00eda Automatizaci\u00f3n IV<\/strong><\/em><\/p><p>El EP se divide en 4 programas diferentes en funci\u00f3n de los sistemas anal\u00edticos contemplados:<\/p><p><b>Nota:<\/b> El programa &#8216;Hematolog\u00eda Automatizaci\u00f3n I&#8217; es de car\u00e1cter general. La tabla a continuaci\u00f3n presenta solo algunos ejemplos de equipos incluidos en este programa. Otros sistemas no listados en la tabla deben incluirse en el programa &#8216;Hematolog\u00eda Automatizaci\u00f3n I&#8217;.<\/p><table width=\"734\"><tbody><tr><td width=\"132\"><strong>Fabricantes<\/strong><\/td><td width=\"535\"><strong>Sistemas<\/strong><\/td><td width=\"15\"><strong>I<\/strong><\/td><td width=\"16\"><strong>II<\/strong><\/td><td width=\"20\"><strong>IV<\/strong><\/td><td width=\"16\"><strong>V<\/strong><\/td><\/tr><tr><td width=\"132\">Abbott<\/td><td width=\"535\">Cell Dyn Sapphire<\/td><td>X<\/td><td>\u00a0<\/td><td>\u00a0<\/td><td>\u00a0<\/td><\/tr><tr><td>Abbott<\/td><td width=\"535\"><span style=\"font-family: 'Open Sans', -apple-system, BlinkMacSystemFont, 'Segoe UI', Roboto, Oxygen-Sans, Ubuntu, Cantarell, 'Helvetica Neue', sans-serif; font-size: 14px; font-style: normal; font-weight: 400;\">Cell Dyn Ruby\/1300\/1400\/1500\/1600\/1700\/1800\/3000\/3200\/3500\/3700\/4000, Emerald 18\/22<\/span><\/td><td>\u00a0<\/td><td>X<\/td><td>\u00a0<\/td><td>\u00a0<\/td><\/tr><tr><td>Abbott<\/td><td width=\"535\">Alinity hq<\/td><td>\u00a0<\/td><td>\u00a0<\/td><td>X<\/td><td>\u00a0<\/td><\/tr><tr><td>Alphatec Scientific<\/td><td width=\"535\">36\/ 51\/ 53pro\/ 65pro<\/td><td>X<\/td><td>\u00a0<\/td><td>\u00a0<\/td><td>\u00a0<\/td><\/tr><tr><td width=\"132\">B&amp;E Diagnostics Inc.<\/td><td width=\"535\">Hemax 330<\/td><td>X<\/td><td>\u00a0<\/td><td>\u00a0<\/td><td>\u00a0<\/td><\/tr><tr><td width=\"132\">Beckman Coulter<\/td><td width=\"535\">DxH 500\/520\/560\/800\/900, CBS 5\/ D2\/ DN\/ LH 500\/750\/755\/780,GEN-S, HmX, JR, JT, MDII, MAXM, MD18, Onyx, AC.T, STKS, S\u00e9rie AC.T, T890, T540, T660, AcT Diff 2<\/td><td>X<\/td><td>\u00a0<\/td><td>\u00a0<\/td><td>\u00a0<\/td><\/tr><tr><td width=\"132\">Biobase<\/td><td width=\"535\">BK-6310\/ 5000<\/td><td>X<\/td><td>\u00a0<\/td><td>\u00a0<\/td><td>\u00a0<\/td><\/tr><tr><td width=\"132\">Bioclin<\/td><td width=\"535\">Hematoclin 3.0\/3.2\/3.7\/5.2\/5.3\/5.4\/5.8<\/td><td>X<\/td><td>\u00a0<\/td><td>\u00a0<\/td><td>\u00a0<\/td><\/tr><tr><td width=\"132\">Biot\u00e9cnica<\/td><td width=\"535\">Hemabio III \/\u00a0Hemabio V<\/td><td>X<\/td><td>\u00a0<\/td><td>\u00a0<\/td><td>\u00a0<\/td><\/tr><tr><td width=\"132\">Boule<\/td><td width=\"535\">Swelab Alfa Plus<\/td><td>X<\/td><td>\u00a0<\/td><td>\u00a0<\/td><td>\u00a0<\/td><\/tr><tr><td width=\"132\">Celm<\/td><td width=\"535\">CC510\/530\/550, DA500, HB520<\/td><td>X<\/td><td>\u00a0<\/td><td>\u00a0<\/td><td>\u00a0<\/td><\/tr><tr><td width=\"132\">Diagno<\/td><td width=\"535\"><span style=\"font-style: normal; font-weight: 400; font-size: 14px; font-family: Arial, Helvetica, sans-serif;\">5D\/<\/span><span style=\"font-style: normal; font-weight: 400; font-size: 14px; font-family: Arial, Helvetica, sans-serif;\">\u00a0<\/span><span style=\"font-family: Arial, Helvetica, sans-serif; font-size: 14px; font-style: normal; font-weight: 400;\">I-counter 3D\/ I-counter 3S<\/span><\/td><td>X<\/td><td>\u00a0<\/td><td>\u00a0<\/td><td>\u00a0<\/td><\/tr><tr><td width=\"132\">Diagon<\/td><td width=\"535\">Dcell5D\/60<\/td><td>X<\/td><td>\u00a0<\/td><td>\u00a0<\/td><td>\u00a0<\/td><\/tr><tr><td width=\"132\">Diatron<\/td><td width=\"535\">Abacus 380\/3CT\/5\/Junior 30<\/td><td>X<\/td><td>\u00a0<\/td><td>\u00a0<\/td><td>\u00a0<\/td><\/tr><tr><td width=\"132\">Dirui<\/td><td width=\"535\">BCC-3900 \/ BF-6960 CRP \/ BF-7200 \/ BF-7200 Plus<\/td><td>X<\/td><td>\u00a0<\/td><td>\u00a0<\/td><td>\u00a0<\/td><\/tr><tr><td width=\"132\">Drew Scientific<\/td><td width=\"535\">Drew-3<\/td><td>X<\/td><td>\u00a0<\/td><td>\u00a0<\/td><td>\u00a0<\/td><\/tr><tr><td width=\"132\">DYMIND<\/td><td width=\"535\">DF50\/55 \/ DH21 \/ DH26 \/ DH36 \/ DH76 \/ DH615 \/ DH800<\/td><td>X<\/td><td>\u00a0<\/td><td>\u00a0<\/td><td>\u00a0<\/td><\/tr><tr><td width=\"132\">Ebram<\/td><td width=\"535\">EB3600\/5500\/5600\/7600, Medonic EB20 AutoSample\/Classic\/Plus<\/td><td>X<\/td><td>\u00a0<\/td><td>\u00a0<\/td><td>\u00a0<\/td><\/tr><tr><td width=\"132\">Erba Mannheim<\/td><td width=\"535\"><span style=\"font-family: 'Open Sans', -apple-system, BlinkMacSystemFont, 'Segoe UI', Roboto, Oxygen-Sans, Ubuntu, Cantarell, 'Helvetica Neue', sans-serif; font-size: 14px; font-style: normal; font-variant-ligatures: normal; font-variant-caps: normal; font-weight: 400;\">Elite 3\/5\/500\/580\/H360\/H560<\/span><\/td><td>X<\/td><td>\u00a0<\/td><td>\u00a0<\/td><td>\u00a0<\/td><\/tr><tr><td width=\"132\">Genius<\/td><td width=\"535\">KT6200<\/td><td>X<\/td><td>\u00a0<\/td><td>\u00a0<\/td><td>\u00a0<\/td><\/tr><tr><td width=\"132\">GT Group<\/td><td width=\"535\">GT count 510\/3000<\/td><td>X<\/td><td>\u00a0<\/td><td>\u00a0<\/td><td>\u00a0<\/td><\/tr><tr><td width=\"132\">Horiba ABX<\/td><td width=\"535\">Micros 45\/CRP<\/td><td>X<\/td><td>\u00a0<\/td><td>\u00a0<\/td><td>\u00a0<\/td><\/tr><tr><td>Horiba ABX<\/td><td width=\"535\">Micros 60\/ES60, Pentra 60\/80\/80XL\/ES60<\/td><td>\u00a0<\/td><td>\u00a0<\/td><td>X<\/td><td>\u00a0<\/td><\/tr><tr><td>Horiba ABX<\/td><td width=\"535\"><span style=\"font-family: 'Open Sans', -apple-system, BlinkMacSystemFont, 'Segoe UI', Roboto, Oxygen-Sans, Ubuntu, Cantarell, 'Helvetica Neue', sans-serif; font-size: 14px; font-style: normal; font-weight: 400;\">Pentra 120\/Retic\/120 DF\/DX\/DX Nexus\/XLR\/ Yumizen H500\/550\/1500\/2500<\/span><\/td><td>\u00a0<\/td><td>\u00a0<\/td><td>\u00a0<\/td><td>X<\/td><\/tr><tr><td width=\"132\">In Vitro<\/td><td width=\"535\">Humacount 30\/60TS\/80TS\/5D\/5L\/Plus\/Blood 5P<\/td><td>X<\/td><td>\u00a0<\/td><td>\u00a0<\/td><td>\u00a0<\/td><\/tr><tr><td width=\"132\">Kovalent<\/td><td width=\"535\">Mykov Cell 550\/580<\/td><td>X<\/td><td>\u00a0<\/td><td>\u00a0<\/td><td>\u00a0<\/td><\/tr><tr><td width=\"132\">LaborLab<\/td><td width=\"535\">CHCEll 6019<\/td><td>X<\/td><td>\u00a0<\/td><td>\u00a0<\/td><td>\u00a0<\/td><\/tr><tr><td width=\"132\">Labtest<\/td><td width=\"535\">Labtest Aud H 5AL, SDH3\/5<\/td><td>X<\/td><td>\u00a0<\/td><td>\u00a0<\/td><td>\u00a0<\/td><\/tr><tr><td>Labtest<\/td><td width=\"535\">SDH 5\/20<\/td><td>\u00a0<\/td><td>\u00a0<\/td><td>X<\/td><td>\u00a0<\/td><\/tr><tr><td width=\"132\">LumiraDX<\/td><td width=\"535\">Lumiratek-H5<\/td><td>X<\/td><td>\u00a0<\/td><td>\u00a0<\/td><td>\u00a0<\/td><\/tr><tr><td width=\"132\">MEDMAX<\/td><td width=\"535\">MAX CEL 200\/300\/500D\/AUTO\/620<\/td><td>X<\/td><td>\u00a0<\/td><td>\u00a0<\/td><td>\u00a0<\/td><\/tr><tr><td width=\"132\">Melet<\/td><td width=\"535\">Melet Schloesing MS4\/ MS9<\/td><td>X<\/td><td>\u00a0<\/td><td>\u00a0<\/td><td>\u00a0<\/td><\/tr><tr><td>Mindray<\/td><td width=\"535\">BC5380\/6000\/6200\/6800\/6800Plus<\/td><td>\u00a0<\/td><td>\u00a0<\/td><td>X<\/td><td>\u00a0<\/td><\/tr><tr><td>Mindray<\/td><td width=\"535\"><span style=\"font-family: 'Open Sans', -apple-system, BlinkMacSystemFont, 'Segoe UI', Roboto, Oxygen-Sans, Ubuntu, Cantarell, 'Helvetica Neue', sans-serif; font-size: 14px; font-style: normal; font-weight: 400;\">BC10\/20\/20s\/30\/30s\/700\/720\/760\/780R\/2300\/2800\/3000\/3200\/3600\/5000<\/span><br \/><span style=\"font-family: 'Open Sans', -apple-system, BlinkMacSystemFont, 'Segoe UI', Roboto, Oxygen-Sans, Ubuntu, Cantarell, 'Helvetica Neue', sans-serif; font-size: 14px; font-style: normal; font-weight: 400;\">5130\/5150\/5180\/5300\/5500\/5800\/6000Plus<\/span><\/td><td>\u00a0<\/td><td>\u00a0<\/td><td>\u00a0<\/td><td>X<\/td><\/tr><tr><td><span style=\"font-family: 'Open Sans', -apple-system, BlinkMacSystemFont, 'Segoe UI', Roboto, Oxygen-Sans, Ubuntu, Cantarell, 'Helvetica Neue', sans-serif; font-size: 14px; font-style: normal; font-variant-ligatures: normal; font-variant-caps: normal; font-weight: 400;\">Neomedica<\/span><\/td><td width=\"535\"><span style=\"font-family: 'Open Sans', -apple-system, BlinkMacSystemFont, 'Segoe UI', Roboto, Oxygen-Sans, Ubuntu, Cantarell, 'Helvetica Neue', sans-serif; font-size: 14px; font-style: normal; font-variant-ligatures: normal; font-variant-caps: normal; font-weight: 400;\">Phoenix NCC-5500<\/span><\/td><td>X<\/td><td>\u00a0<\/td><td>\u00a0<\/td><td>\u00a0<\/td><\/tr><tr><td>Nihon Kohden<\/td><td width=\"535\"><span style=\"font-family: 'Open Sans', -apple-system, BlinkMacSystemFont, 'Segoe UI', Roboto, Oxygen-Sans, Ubuntu, Cantarell, 'Helvetica Neue', sans-serif; font-size: 14px; font-style: normal; font-weight: 400;\">CellTac Alfa MEK6400\/6410\/6420\/6500\/ Es MEK7300K\/ G MEK9100<\/span><\/td><td>\u00a0<\/td><td>\u00a0<\/td><td>\u00a0<\/td><td>X<\/td><\/tr><tr><td width=\"132\">Norma Instruments<\/td><td width=\"535\">Icon 3\/5\/5 op<\/td><td>X<\/td><td>\u00a0<\/td><td>\u00a0<\/td><td>\u00a0<\/td><\/tr><tr><td width=\"132\">Orphe\u00e8<\/td><td width=\"535\">Mythic 18\/22\/22AL\/22OT\/60<\/td><td>X<\/td><td>\u00a0<\/td><td>\u00a0<\/td><td>\u00a0<\/td><\/tr><tr><td width=\"132\">Rayto<\/td><td width=\"535\"><span style=\"font-family: 'Open Sans', -apple-system, BlinkMacSystemFont, 'Segoe UI', Roboto, Oxygen-Sans, Ubuntu, Cantarell, 'Helvetica Neue', sans-serif; font-size: 14px; font-style: normal; font-weight: 400;\">HA-86 (89) \/ Hemaray 86 \/ RT-7600 \/ 50CRP<\/span><\/td><td>X<\/td><td>\u00a0<\/td><td>\u00a0<\/td><td>\u00a0<\/td><\/tr><tr><td width=\"132\">SFRI<\/td><td width=\"535\">H18 Light \/ Hemix 3-30<\/td><td>X<\/td><td>\u00a0<\/td><td>\u00a0<\/td><td>\u00a0<\/td><\/tr><tr><td width=\"132\">Siemens<\/td><td width=\"535\"><span style=\"font-style: normal; font-variant-ligatures: normal; font-variant-caps: normal; font-weight: 400; font-size: 14px; font-family: 'Open Sans', -apple-system, BlinkMacSystemFont, 'Segoe UI', Roboto, Oxygen-Sans, Ubuntu, Cantarell, 'Helvetica Neue', sans-serif;\">Advia 60\/120\/360\/560\/2120\/2120i<\/span><\/td><td>X<\/td><td>\u00a0<\/td><td>\u00a0<\/td><td>\u00a0<\/td><\/tr><tr><td width=\"132\">Siemens<\/td><td width=\"535\"><span style=\"font-style: normal; font-variant-ligatures: normal; font-variant-caps: normal; font-weight: 400; font-size: 14px; font-family: 'Open Sans', -apple-system, BlinkMacSystemFont, 'Segoe UI', Roboto, Oxygen-Sans, Ubuntu, Cantarell, 'Helvetica Neue', sans-serif;\">Atellica HEMA 580<\/span><\/td><td>\u00a0<\/td><td>\u00a0<\/td><td>\u00a0<\/td><td>X<\/td><\/tr><tr><td width=\"132\">Sysmex<\/td><td width=\"535\"><span style=\"font-family: 'Open Sans', -apple-system, BlinkMacSystemFont, 'Segoe UI', Roboto, Oxygen-Sans, Ubuntu, Cantarell, 'Helvetica Neue', sans-serif; font-size: 14px; font-style: normal; font-variant-ligatures: normal; font-variant-caps: normal; font-weight: 400;\">K800\/ K1000\/ KX21N\/ Poch 100i\/ XE2100\/ 2100D\/ 5000\/ XN1000\/ 1500\/ 2000\/ 3000\/ 3100\/ 350\/ 450\/ 550\/ 9000\/ 9100\/ XP300\/ XQ-320\/ XS800i\/ 1000i\/ XT1800i\/ 2000i\/ 4000i<\/span><\/td><td>X<\/td><td>\u00a0<\/td><td>\u00a0<\/td><td>\u00a0<\/td><\/tr><tr><td width=\"132\">Urit<\/td><td width=\"535\">URIT 3000\/Plus\/5160\/5200\/5380\/5500 \/ BH-70P\/ BH-510<\/td><td>X<\/td><td>\u00a0<\/td><td>\u00a0<\/td><td>\u00a0<\/td><\/tr><tr><td width=\"132\">Vida Biotecnologia<\/td><td width=\"535\">Vida Count 380\/510\/860AL\/3000<\/td><td>X<\/td><td>\u00a0<\/td><td>\u00a0<\/td><td>\u00a0<\/td><\/tr><tr><td width=\"132\">Vyttra<\/td><td width=\"535\">Hemacounter 60\/SL<\/td><td>X<\/td><td>\u00a0<\/td><td>\u00a0<\/td><td>\u00a0<\/td><\/tr><tr><td>Wiener<\/td><td width=\"535\">Counter 19\/29\/31AL\/XS20<\/td><td>\u00a0<\/td><td>\u00a0<\/td><td>\u00a0<\/td><td>X<\/td><\/tr><tr><td width=\"132\">Zybio<\/td><td width=\"535\"><span style=\"font-family: 'Open Sans', -apple-system, BlinkMacSystemFont, 'Segoe UI', Roboto, Oxygen-Sans, Ubuntu, Cantarell, 'Helvetica Neue', sans-serif; font-size: 14px; font-style: normal; font-weight: 400;\">Zybio EXZ 6000\/Z3\/Z5\/Z31\/Z50<\/span><\/td><td>X<\/td><td>\u00a0<\/td><td>\u00a0<\/td><td>\u00a0<\/td><\/tr><\/tbody><\/table><p><strong>Ensayos relacionados<\/strong><\/p><p>Hemograma<\/p>\t\t\t\t\t\t\t\t<\/div>\n\t\t\t\t<\/div>\n\t\t\t\t\t<\/div>\n\t\t<\/div>\n\t\t\t\t\t<\/div>\n\t\t<\/section>\n\t\t\t\t<\/div>\n\t\t","protected":false},"excerpt":{"rendered":"<p>Los ensayos tratados: Perfil Hematol\u00f3gico Ensayos Hematolog\u00eda Automatizaci\u00f3n I Hematolog\u00eda Automatizaci\u00f3n II Hematolog\u00eda Automatizaci\u00f3n IV Hematolog\u00eda Automatizaci\u00f3n V Serie Roja Eritrocitos, Hemoglobina, Hematocrito, VCM, HCM, CHCM<span class=\"excerpt-hellip\"> [\u2026]<\/span><\/p>\n","protected":false},"featured_media":16611,"template":"","meta":{"_acf_changed":false},"product_brand":[],"product_cat":[440,442,436,526],"product_tag":[],"class_list":{"0":"post-149247","1":"product","2":"type-product","3":"status-publish","4":"has-post-thumbnail","6":"product_cat-clinico-es","7":"product_cat-ci-es","8":"product_cat-ep-es","9":"product_cat-hematologia-hematoscopia-es-2","10":"tm-has-options","12":"first","13":"instock","14":"featured","15":"taxable","16":"shipping-taxable","17":"purchasable","18":"product-type-simple"},"acf":[],"_links":{"self":[{"href":"https:\/\/controllab.com\/es\/wp-json\/wp\/v2\/product\/149247","targetHints":{"allow":["GET"]}}],"collection":[{"href":"https:\/\/controllab.com\/es\/wp-json\/wp\/v2\/product"}],"about":[{"href":"https:\/\/controllab.com\/es\/wp-json\/wp\/v2\/types\/product"}],"version-history":[{"count":4,"href":"https:\/\/controllab.com\/es\/wp-json\/wp\/v2\/product\/149247\/revisions"}],"predecessor-version":[{"id":212170,"href":"https:\/\/controllab.com\/es\/wp-json\/wp\/v2\/product\/149247\/revisions\/212170"}],"wp:featuredmedia":[{"embeddable":true,"href":"https:\/\/controllab.com\/es\/wp-json\/wp\/v2\/media\/16611"}],"wp:attachment":[{"href":"https:\/\/controllab.com\/es\/wp-json\/wp\/v2\/media?parent=149247"}],"wp:term":[{"taxonomy":"product_brand","embeddable":true,"href":"https:\/\/controllab.com\/es\/wp-json\/wp\/v2\/product_brand?post=149247"},{"taxonomy":"product_cat","embeddable":true,"href":"https:\/\/controllab.com\/es\/wp-json\/wp\/v2\/product_cat?post=149247"},{"taxonomy":"product_tag","embeddable":true,"href":"https:\/\/controllab.com\/es\/wp-json\/wp\/v2\/product_tag?post=149247"}],"curies":[{"name":"wp","href":"https:\/\/api.w.org\/{rel}","templated":true}]}}