{"id":149746,"date":"2023-05-16T14:47:28","date_gmt":"2023-05-16T17:47:28","guid":{"rendered":"https:\/\/controllab.com\/?post_type=product&#038;p=149746"},"modified":"2026-03-25T14:45:13","modified_gmt":"2026-03-25T17:45:13","slug":"hematologia-felino","status":"publish","type":"product","link":"https:\/\/controllab.com\/es\/programa\/hematologia-felino\/","title":{"rendered":"Hematolog\u00eda Felino"},"content":{"rendered":"\t\t<div data-elementor-type=\"product-post\" data-elementor-id=\"149746\" class=\"elementor elementor-149746 elementor-149744\" data-elementor-post-type=\"product\">\n\t\t\t\t\t\t<section class=\"has_ae_slider elementor-section elementor-top-section elementor-element elementor-element-57a4ba33 elementor-section-boxed elementor-section-height-default elementor-section-height-default ae-bg-gallery-type-default\" data-id=\"57a4ba33\" data-element_type=\"section\" data-e-type=\"section\">\n\t\t\t\t\t\t<div class=\"elementor-container elementor-column-gap-default\">\n\t\t\t\t\t<div class=\"has_ae_slider elementor-column elementor-col-100 elementor-top-column elementor-element elementor-element-4bbf5de5 ae-bg-gallery-type-default\" data-id=\"4bbf5de5\" data-element_type=\"column\" data-e-type=\"column\">\n\t\t\t<div class=\"elementor-widget-wrap elementor-element-populated\">\n\t\t\t\t\t\t<div class=\"elementor-element elementor-element-6ef5d684 elementor-widget elementor-widget-text-editor\" data-id=\"6ef5d684\" data-element_type=\"widget\" data-e-type=\"widget\" data-widget_type=\"text-editor.default\">\n\t\t\t\t<div class=\"elementor-widget-container\">\n\t\t\t\t\t\t\t\t\t<p><strong>Pruebas incluidas en los programas de Hematolog\u00eda Veterinaria:<\/strong><\/p>\t\t\t\t\t\t\t\t<\/div>\n\t\t\t\t<\/div>\n\t\t\t\t<div class=\"elementor-element elementor-element-725e469 elementor-widget elementor-widget-text-editor\" data-id=\"725e469\" data-element_type=\"widget\" data-e-type=\"widget\" data-widget_type=\"text-editor.default\">\n\t\t\t\t<div class=\"elementor-widget-container\">\n\t\t\t\t\t\t\t\t\t<ul><li>Gl\u00f3bulos rojos<\/li><li>Hemoglobina<\/li><li>Hematocrito<\/li><li>VCM<\/li><li>HCM<\/li><li>CHCM<\/li><li>RDW<\/li><li>Plaquetas<\/li><li>VPM *<\/li><li>PCT *<\/li><li>PDW *<\/li><li>Neutrofilos *<\/li><li>Linfocitos *<\/li><li>Monocitos *<\/li><li>Eosinofilos *<\/li><li>Basofilos *<\/li><li>Granulocitos *<\/li><li>MID *<\/li><li>MXD *<\/li><li>Leucocitos<\/li><\/ul>\t\t\t\t\t\t\t\t<\/div>\n\t\t\t\t<\/div>\n\t\t\t\t\t<\/div>\n\t\t<\/div>\n\t\t\t\t\t<\/div>\n\t\t<\/section>\n\t\t\t\t<section class=\"has_ae_slider elementor-section elementor-top-section elementor-element elementor-element-8384c76 elementor-section-boxed elementor-section-height-default elementor-section-height-default ae-bg-gallery-type-default\" data-id=\"8384c76\" data-element_type=\"section\" data-e-type=\"section\">\n\t\t\t\t\t\t<div class=\"elementor-container elementor-column-gap-default\">\n\t\t\t\t\t<div class=\"has_ae_slider elementor-column elementor-col-100 elementor-top-column elementor-element elementor-element-6bd05bd ae-bg-gallery-type-default\" data-id=\"6bd05bd\" data-element_type=\"column\" data-e-type=\"column\">\n\t\t\t<div class=\"elementor-widget-wrap elementor-element-populated\">\n\t\t\t\t\t\t<div class=\"elementor-element elementor-element-6c449fc elementor-widget elementor-widget-text-editor\" data-id=\"6c449fc\" data-element_type=\"widget\" data-e-type=\"widget\" data-widget_type=\"text-editor.default\">\n\t\t\t\t<div class=\"elementor-widget-container\">\n\t\t\t\t\t\t\t\t\t<p>*Ensayos ofrecidos como educaci\u00f3n.<\/p>\n\t\t\t\t\t\t\t\t<\/div>\n\t\t\t\t<\/div>\n\t\t\t\t\t<\/div>\n\t\t<\/div>\n\t\t\t\t\t<\/div>\n\t\t<\/section>\n\t\t\t\t<section class=\"has_ae_slider elementor-section elementor-top-section elementor-element elementor-element-5063349 elementor-section-boxed elementor-section-height-default elementor-section-height-default ae-bg-gallery-type-default\" data-id=\"5063349\" data-element_type=\"section\" data-e-type=\"section\">\n\t\t\t\t\t\t<div class=\"elementor-container elementor-column-gap-default\">\n\t\t\t\t\t<div class=\"has_ae_slider elementor-column elementor-col-100 elementor-top-column elementor-element elementor-element-5a2e680 ae-bg-gallery-type-default\" data-id=\"5a2e680\" data-element_type=\"column\" data-e-type=\"column\">\n\t\t\t<div class=\"elementor-widget-wrap elementor-element-populated\">\n\t\t\t\t\t\t<div class=\"elementor-element elementor-element-a8ed92b elementor-widget elementor-widget-text-editor\" data-id=\"a8ed92b\" data-element_type=\"widget\" data-e-type=\"widget\" data-widget_type=\"text-editor.default\">\n\t\t\t\t<div class=\"elementor-widget-container\">\n\t\t\t\t\t\t\t\t\t<section class=\"has_ae_slider elementor-section elementor-top-section elementor-element elementor-element-86555fd elementor-section-boxed elementor-section-height-default elementor-section-height-default ae-bg-gallery-type-default\" data-id=\"86555fd\" data-element_type=\"section\"><div class=\"elementor-container elementor-column-gap-default\"><div class=\"has_ae_slider elementor-column elementor-col-100 elementor-top-column elementor-element elementor-element-769cc12 ae-bg-gallery-type-default\" data-id=\"769cc12\" data-element_type=\"column\"><div class=\"elementor-widget-wrap elementor-element-populated\"><div class=\"elementor-element elementor-element-03a6a42 elementor-widget elementor-widget-text-editor\" data-id=\"03a6a42\" data-element_type=\"widget\" data-widget_type=\"text-editor.default\"><div class=\"elementor-widget-container\"><p>** Las leyendas\u00a0<strong>I, II, III,<\/strong>\u00a0<strong>IV, V y VI<\/strong>\u00a0corresponden a\u00a0<strong>Hematolog\u00eda Felina I<\/strong>,\u00a0<strong>Hematolog\u00eda Felina II<\/strong>,\u00a0<strong>Hematolog\u00eda Felina III,<\/strong>\u00a0<strong>Hematolog\u00eda Felina IV, Hematolog\u00eda Felina V y Hematolog\u00eda Felina VI<\/strong>.<\/p><\/div><\/div><\/div><\/div><\/div><\/section>\t\t\t\t\t\t\t\t<\/div>\n\t\t\t\t<\/div>\n\t\t\t\t\t<\/div>\n\t\t<\/div>\n\t\t\t\t\t<\/div>\n\t\t<\/section>\n\t\t\t\t<section class=\"has_ae_slider elementor-section elementor-top-section elementor-element elementor-element-2ac8d05 elementor-section-boxed elementor-section-height-default elementor-section-height-default ae-bg-gallery-type-default\" data-id=\"2ac8d05\" data-element_type=\"section\" data-e-type=\"section\">\n\t\t\t\t\t\t<div class=\"elementor-container elementor-column-gap-default\">\n\t\t\t\t\t<div class=\"has_ae_slider elementor-column elementor-col-100 elementor-top-column elementor-element elementor-element-79e9786 ae-bg-gallery-type-default\" data-id=\"79e9786\" data-element_type=\"column\" data-e-type=\"column\">\n\t\t\t<div class=\"elementor-widget-wrap elementor-element-populated\">\n\t\t\t\t\t\t<div class=\"elementor-element elementor-element-70b2947 elementor-widget elementor-widget-text-editor\" data-id=\"70b2947\" data-element_type=\"widget\" data-e-type=\"widget\" data-widget_type=\"text-editor.default\">\n\t\t\t\t<div class=\"elementor-widget-container\">\n\t\t\t\t\t\t\t\t\t<table style=\"height: 1170px\" width=\"750\">\n<tbody>\n<tr>\n<td width=\"132\"><strong>Fabricantes<\/strong><\/td>\n<td width=\"535\"><strong>Sistemas<\/strong><\/td>\n<td width=\"15\"><strong>I<\/strong><\/td>\n<td width=\"16\"><strong>II<\/strong><\/td>\n<td width=\"20\"><strong>III<\/strong><\/td>\n<td width=\"16\"><strong>IV<\/strong><\/td>\n<td width=\"16\"><strong>V<\/strong><\/td>\n<td width=\"16\"><strong>VI<\/strong><\/td>\n<\/tr>\n<tr>\n<td width=\"132\">Abaxis<\/td>\n<td width=\"535\">VetScan HM5<\/td>\n<td><\/td>\n<td>X<\/td>\n<td><\/td>\n<td><\/td>\n<td><\/td>\n<td><\/td>\n<\/tr>\n<tr>\n<td>Abbott<\/td>\n<td width=\"535\">Cell Dyn 1600\/ Dyn 3200 Ruby\/ Dyn 3500\/ Dyn 3700<\/td>\n<td><\/td>\n<td><\/td>\n<td>X<\/td>\n<td><\/td>\n<td><\/td>\n<td><\/td>\n<\/tr>\n<tr>\n<td>Bayer<\/td>\n<td width=\"535\">Advia 120<\/td>\n<td><\/td>\n<td>X<\/td>\n<td><\/td>\n<td><\/td>\n<td><\/td>\n<td><\/td>\n<\/tr>\n<tr>\n<td width=\"132\">Beckman Coulter<\/td>\n<td width=\"535\">Coulter GEN-S\/ S\u00e9rie AC.T\/ JT\/ T890<\/td>\n<td><\/td>\n<td>X<\/td>\n<td><\/td>\n<td><\/td>\n<td><\/td>\n<td><\/td>\n<\/tr>\n<tr>\n<td width=\"132\">Bioeasy<\/td>\n<td width=\"535\">Bio 2900<\/td>\n<td><\/td>\n<td>X<\/td>\n<td><\/td>\n<td><\/td>\n<td><\/td>\n<td><\/td>\n<\/tr>\n<tr>\n<td width=\"132\">Bioclin Quibasa<\/td>\n<td width=\"535\">Hematoclin 2.8 Vet<\/td>\n<td>X<\/td>\n<td><\/td>\n<td><\/td>\n<td><\/td>\n<td><\/td>\n<td><\/td>\n<\/tr>\n<tr>\n<td width=\"132\">Brasmed<\/td>\n<td width=\"535\">HemoVet 2300<\/td>\n<td>X<\/td>\n<td><\/td>\n<td><\/td>\n<td><\/td>\n<td><\/td>\n<td><\/td>\n<\/tr>\n<tr>\n<td width=\"132\">Bio Brasil<\/td>\n<td width=\"535\">VH20<\/td>\n<td><\/td>\n<td>X<\/td>\n<td><\/td>\n<td><\/td>\n<td><\/td>\n<td><\/td>\n<\/tr>\n<tr>\n<td width=\"132\">Boule Medical AB<\/td>\n<td width=\"535\">Exigo<\/td>\n<td><\/td>\n<td>X<\/td>\n<td><\/td>\n<td><\/td>\n<td><\/td>\n<td><\/td>\n<\/tr>\n<tr>\n<td width=\"132\">Celm<\/td>\n<td width=\"535\">CC 510\/ CC 530<\/td>\n<td><\/td>\n<td>X<\/td>\n<td><\/td>\n<td><\/td>\n<td><\/td>\n<td><\/td>\n<\/tr>\n<tr>\n<td width=\"132\">Diagno<\/td>\n<td width=\"535\"><span style=\"font-family: &quot;Open Sans&quot;, -apple-system, BlinkMacSystemFont, &quot;Segoe UI&quot;, Roboto, Oxygen-Sans, Ubuntu, Cantarell, &quot;Helvetica Neue&quot;, sans-serif; font-size: 14px; font-style: normal; font-variant-ligatures: normal; font-variant-caps: normal; font-weight: 400;\">Icounter 3D\/ Icounter Vet \/&nbsp;Icounter VS<\/span><\/td>\n<td><\/td>\n<td>X<\/td>\n<td><\/td>\n<td><\/td>\n<td><\/td>\n<td><\/td>\n<\/tr>\n<tr>\n<td width=\"132\">Diatron<\/td>\n<td width=\"535\">Abacus<\/td>\n<td><\/td>\n<td>X<\/td>\n<td><\/td>\n<td><\/td>\n<td><\/td>\n<td><\/td>\n<\/tr>\n<tr>\n<td width=\"132\">Dymind<\/td>\n<td width=\"535\">DH 76\/ DM61 VET<\/td>\n<td><\/td>\n<td><\/td>\n<td><\/td>\n<td>X<\/td>\n<td><\/td>\n<td><\/td>\n<\/tr>\n<tr>\n<td width=\"132\">Edan<\/td>\n<td width=\"535\"><span style=\"font-family: &quot;Open Sans&quot;, -apple-system, BlinkMacSystemFont, &quot;Segoe UI&quot;, Roboto, Oxygen-Sans, Ubuntu, Cantarell, &quot;Helvetica Neue&quot;, sans-serif; font-size: 14px; font-style: normal; font-variant-ligatures: normal; font-variant-caps: normal; font-weight: 400;\">Foco X3 Vet \/ H30 Vet<\/span><br><\/td>\n<td><\/td>\n<td><\/td>\n<td><\/td>\n<td>X<\/td>\n<td><\/td>\n<td><\/td>\n<\/tr>\n<tr>\n<td width=\"132\">GENRUI<\/td>\n<td width=\"535\">KT-6200 Vet<\/td>\n<td><\/td>\n<td>X<\/td>\n<td><\/td>\n<td><\/td>\n<td><\/td>\n<td><\/td>\n<\/tr>\n<tr>\n<td width=\"132\">Genius<\/td>\n<td width=\"535\">Hematoclin KT 6360 VET<\/td>\n<td>X<\/td>\n<td><\/td>\n<td><\/td>\n<td><\/td>\n<td><\/td>\n<td><\/td>\n<\/tr>\n<tr>\n<td width=\"132\">GT Group<\/td>\n<td width=\"535\">Count 3000<\/td>\n<td>X<\/td>\n<td><\/td>\n<td><\/td>\n<td><\/td>\n<td><\/td>\n<td><\/td>\n<\/tr>\n<tr>\n<td width=\"132\">Hemogam<\/td>\n<td width=\"535\">Hemacounter 60<\/td>\n<td>X<\/td>\n<td><\/td>\n<td><\/td>\n<td><\/td>\n<td><\/td>\n<td><\/td>\n<\/tr>\n<tr>\n<td width=\"132\">Horiba ABX<\/td>\n<td width=\"535\">Micros 45 CRP\/ 60\/ ESV 60\/ Pentra 120<\/td>\n<td>X<\/td>\n<td><\/td>\n<td><\/td>\n<td><\/td>\n<td><\/td>\n<td><\/td>\n<\/tr>\n<tr>\n<td width=\"132\">Horiba<\/td>\n<td width=\"535\">ABCvet<\/td>\n<td>X<\/td>\n<td><\/td>\n<td><\/td>\n<td><\/td>\n<td><\/td>\n<td><\/td>\n<\/tr>\n<tr>\n<td width=\"132\">IDEXX<\/td>\n<td width=\"535\">LaserCyte Dx\/ ProCyte Dx<\/td>\n<td><\/td>\n<td>X<\/td>\n<td><\/td>\n<td><\/td>\n<td><\/td>\n<td><\/td>\n<\/tr>\n<tr>\n<td width=\"132\">In Vitro Human<\/td>\n<td width=\"535\">Humacount 30TS\/ 80TS\/ Plus<\/td>\n<td>X<\/td>\n<td><\/td>\n<td><\/td>\n<td><\/td>\n<td><\/td>\n<td><\/td>\n<\/tr>\n<tr>\n<td width=\"132\">Labtest<\/td>\n<td width=\"535\">Aud-H Vet\/ SDH 20\/ SDH 3 Vet<\/td>\n<td>X<\/td>\n<td><\/td>\n<td><\/td>\n<td><\/td>\n<td><\/td>\n<td><\/td>\n<\/tr>\n<tr>\n<td width=\"132\">MEDMAX<\/td>\n<td width=\"535\">Max Cel 200\/ 300\/ 500D\/ 500D VET<\/td>\n<td><\/td>\n<td>X<\/td>\n<td><\/td>\n<td><\/td>\n<td><\/td>\n<td><\/td>\n<\/tr>\n<tr>\n<td>Melet<\/td>\n<td width=\"535\">Schloesing MS4<\/td>\n<td><\/td>\n<td>X<\/td>\n<td><\/td>\n<td><\/td>\n<td><\/td>\n<td><\/td>\n<\/tr>\n<tr>\n<td>Mindray<\/td>\n<td width=\"535\">BC 30 Vet \/ BC 2800 \/ BC 2800 Vet \/ BC 3200 \/ BC 5000 \/ BC 5000 Vet \/ BC 5500 \/ BC 700<\/td>\n<td><\/td>\n<td><\/td>\n<td>X<\/td>\n<td><\/td>\n<td><\/td>\n<td><\/td>\n<\/tr>\n<tr>\n<td width=\"132\"><span style=\"font-family: &quot;Open Sans&quot;, -apple-system, BlinkMacSystemFont, &quot;Segoe UI&quot;, Roboto, Oxygen-Sans, Ubuntu, Cantarell, &quot;Helvetica Neue&quot;, sans-serif; font-size: 14px; font-style: normal; font-variant-ligatures: normal; font-variant-caps: normal; font-weight: 400;\">Nihon Kohden<\/span><br><\/td>\n<td width=\"535\"><span style=\"font-family: &quot;Open Sans&quot;, -apple-system, BlinkMacSystemFont, &quot;Segoe UI&quot;, Roboto, Oxygen-Sans, Ubuntu, Cantarell, &quot;Helvetica Neue&quot;, sans-serif; font-size: 14px; font-style: normal; font-variant-ligatures: normal; font-variant-caps: normal; font-weight: 400;\">Celltac MEK-6500 \/ Celltac MEK-6550<\/span><br><\/td>\n<td><\/td>\n<td><\/td>\n<td><\/td>\n<td><\/td>\n<td><\/td>\n<td>X<\/td>\n<\/tr>\n<tr>\n<td width=\"132\">Procan Electronics<\/td>\n<td width=\"535\">PE 6800<\/td>\n<td><\/td>\n<td>X<\/td>\n<td><\/td>\n<td><\/td>\n<td><\/td>\n<td><\/td>\n<\/tr>\n<tr>\n<td width=\"132\">Radim<\/td>\n<td width=\"535\">HeCo Plus<\/td>\n<td><\/td>\n<td>X<\/td>\n<td><\/td>\n<td><\/td>\n<td><\/td>\n<td><\/td>\n<\/tr>\n<tr>\n<td width=\"132\">Shenzhen Tecom<\/td>\n<td width=\"535\">TEK-VET3<\/td>\n<td><\/td>\n<td><\/td>\n<td><\/td>\n<td>X<\/td>\n<td><\/td>\n<td><\/td>\n<\/tr>\n<tr>\n<td width=\"132\">Siemens Healthcare<\/td>\n<td width=\"535\">Advia 2120i<\/td>\n<td><\/td>\n<td>X<\/td>\n<td><\/td>\n<td><\/td>\n<td><\/td>\n<td><\/td>\n<\/tr>\n<tr>\n<td>Toa Sysmex<\/td>\n<td width=\"535\">&nbsp;KX21N\/ Poch 100i Vdiff\/ XN-1000\/ XP-300\/ XS 800i\/ XT 2000i\/1800i<\/td>\n<td><\/td>\n<td><\/td>\n<td><\/td>\n<td>X<\/td>\n<td><\/td>\n<td><\/td>\n<\/tr>\n<tr>\n<td width=\"132\">Urit<\/td>\n<td width=\"535\"><span style=\"font-family: Arial, Helvetica, sans-serif;font-size: 14px;font-style: normal;font-weight: 400\">3000 Plus \/ 5160 \/ 5160 Vet \/ 5380 \/ 5380 Vet \/ BH-5100Vet \/ BH-70P \/ BH-70Vet<\/span><\/td>\n<td><\/td>\n<td><\/td>\n<td><\/td>\n<td><\/td>\n<td>X<\/td>\n<td><\/td>\n<\/tr>\n<tr>\n<td width=\"132\">Wiener<\/td>\n<td width=\"535\">Counter 19<\/td>\n<td><\/td>\n<td>X<\/td>\n<td><\/td>\n<td><\/td>\n<td><\/td>\n<td><\/td>\n<\/tr>\n<tr>\n<td width=\"132\">Zybio<\/td>\n<td width=\"535\"><span style=\"font-family: Arial, Helvetica, sans-serif;font-size: 14px;font-style: normal;font-weight: 400\">EXC200 \/ VET3000\/ Z51 Vet<\/span><\/td>\n<td><\/td>\n<td><\/td>\n<td><\/td>\n<td>X<\/td>\n<td><\/td>\n<td><\/td>\n<\/tr>\n<\/tbody>\n<\/table>\t\t\t\t\t\t\t\t<\/div>\n\t\t\t\t<\/div>\n\t\t\t\t\t<\/div>\n\t\t<\/div>\n\t\t\t\t\t<\/div>\n\t\t<\/section>\n\t\t\t\t<\/div>\n\t\t","protected":false},"excerpt":{"rendered":"<p>Pruebas incluidas en los programas de Hematolog\u00eda Veterinaria: Gl\u00f3bulos rojos Hemoglobina Hematocrito VCM HCM CHCM RDW Plaquetas VPM * PCT * PDW * Neutrofilos * Linfocitos<span class=\"excerpt-hellip\"> [\u2026]<\/span><\/p>\n","protected":false},"featured_media":25595,"template":"","meta":{"_acf_changed":false},"product_brand":[],"product_cat":[442,436,526,650],"product_tag":[],"class_list":{"0":"post-149746","1":"product","2":"type-product","3":"status-publish","4":"has-post-thumbnail","6":"product_cat-ci-es","7":"product_cat-ep-es","8":"product_cat-hematologia-hematoscopia-es-2","9":"product_cat-veterinario","10":"tm-has-options","12":"first","13":"instock","14":"taxable","15":"shipping-taxable","16":"purchasable","17":"product-type-simple"},"acf":[],"_links":{"self":[{"href":"https:\/\/controllab.com\/es\/wp-json\/wp\/v2\/product\/149746","targetHints":{"allow":["GET"]}}],"collection":[{"href":"https:\/\/controllab.com\/es\/wp-json\/wp\/v2\/product"}],"about":[{"href":"https:\/\/controllab.com\/es\/wp-json\/wp\/v2\/types\/product"}],"version-history":[{"count":4,"href":"https:\/\/controllab.com\/es\/wp-json\/wp\/v2\/product\/149746\/revisions"}],"predecessor-version":[{"id":209426,"href":"https:\/\/controllab.com\/es\/wp-json\/wp\/v2\/product\/149746\/revisions\/209426"}],"wp:featuredmedia":[{"embeddable":true,"href":"https:\/\/controllab.com\/es\/wp-json\/wp\/v2\/media\/25595"}],"wp:attachment":[{"href":"https:\/\/controllab.com\/es\/wp-json\/wp\/v2\/media?parent=149746"}],"wp:term":[{"taxonomy":"product_brand","embeddable":true,"href":"https:\/\/controllab.com\/es\/wp-json\/wp\/v2\/product_brand?post=149746"},{"taxonomy":"product_cat","embeddable":true,"href":"https:\/\/controllab.com\/es\/wp-json\/wp\/v2\/product_cat?post=149746"},{"taxonomy":"product_tag","embeddable":true,"href":"https:\/\/controllab.com\/es\/wp-json\/wp\/v2\/product_tag?post=149746"}],"curies":[{"name":"wp","href":"https:\/\/api.w.org\/{rel}","templated":true}]}}