{"id":149961,"date":"2023-05-20T09:04:27","date_gmt":"2023-05-20T12:04:27","guid":{"rendered":"https:\/\/controllab.com\/?post_type=product&#038;p=149961"},"modified":"2024-10-28T15:54:12","modified_gmt":"2024-10-28T18:54:12","slug":"bebidas-no-alcoholicas-copia-copia","status":"publish","type":"product","link":"https:\/\/controllab.com\/es\/programa\/bebidas-no-alcoholicas-copia-copia\/","title":{"rendered":"Caf\u00e9s, t\u00e9s y productos de infusi\u00f3n"},"content":{"rendered":"\t\t<div data-elementor-type=\"product-post\" data-elementor-id=\"149961\" class=\"elementor elementor-149961 elementor-149960\" data-elementor-post-type=\"product\">\n\t\t\t\t\t\t<section class=\"has_ae_slider elementor-section elementor-top-section elementor-element elementor-element-f35d108 elementor-section-boxed elementor-section-height-default elementor-section-height-default ae-bg-gallery-type-default\" data-id=\"f35d108\" data-element_type=\"section\" data-e-type=\"section\">\n\t\t\t\t\t\t<div class=\"elementor-container elementor-column-gap-default\">\n\t\t\t\t\t<div class=\"has_ae_slider elementor-column elementor-col-100 elementor-top-column elementor-element elementor-element-90059b7 ae-bg-gallery-type-default\" data-id=\"90059b7\" data-element_type=\"column\" data-e-type=\"column\">\n\t\t\t<div class=\"elementor-widget-wrap\">\n\t\t\t\t\t\t\t<\/div>\n\t\t<\/div>\n\t\t\t\t\t<\/div>\n\t\t<\/section>\n\t\t\t\t<section class=\"has_ae_slider elementor-section elementor-top-section elementor-element elementor-element-e0a2f4d elementor-section-boxed elementor-section-height-default elementor-section-height-default ae-bg-gallery-type-default\" data-id=\"e0a2f4d\" data-element_type=\"section\" data-e-type=\"section\">\n\t\t\t\t\t\t<div class=\"elementor-container elementor-column-gap-default\">\n\t\t\t\t\t<div class=\"has_ae_slider elementor-column elementor-col-50 elementor-top-column elementor-element elementor-element-4b1e159 ae-bg-gallery-type-default\" data-id=\"4b1e159\" data-element_type=\"column\" data-e-type=\"column\">\n\t\t\t<div class=\"elementor-widget-wrap elementor-element-populated\">\n\t\t\t\t\t\t<div class=\"elementor-element elementor-element-e386ea9 elementor-widget elementor-widget-text-editor\" data-id=\"e386ea9\" data-element_type=\"widget\" data-e-type=\"widget\" data-widget_type=\"text-editor.default\">\n\t\t\t\t<div class=\"elementor-widget-container\">\n\t\t\t\t\t\t\t\t\t<p><strong>Caf\u00e9s, t\u00e9s y productos de infusi\u00f3n<\/strong><\/p><p>Recuento de bacterias:<\/p><ul><li>Bacterias mes\u00f3filas aerobias viables<\/li><li><em>Escherichia coli<\/em><\/li><\/ul><p>Prueba para:<\/p><ul><li><em>Salmonella spp.<\/em><\/li><\/ul>\t\t\t\t\t\t\t\t<\/div>\n\t\t\t\t<\/div>\n\t\t\t\t\t<\/div>\n\t\t<\/div>\n\t\t\t\t<div class=\"has_ae_slider elementor-column elementor-col-50 elementor-top-column elementor-element elementor-element-29692f0 ae-bg-gallery-type-default\" data-id=\"29692f0\" data-element_type=\"column\" data-e-type=\"column\">\n\t\t\t<div class=\"elementor-widget-wrap elementor-element-populated\">\n\t\t\t\t\t\t\t<\/div>\n\t\t<\/div>\n\t\t\t\t\t<\/div>\n\t\t<\/section>\n\t\t\t\t<\/div>\n\t\t","protected":false},"excerpt":{"rendered":"<p>Caf\u00e9s, t\u00e9s y productos de infusi\u00f3n Recuento de bacterias: Bacterias mes\u00f3filas aerobias viables Escherichia coli Prueba para: Salmonella spp.<\/p>\n","protected":false},"featured_media":150000,"template":"","meta":{"_acf_changed":false},"product_brand":[],"product_cat":[1717,436,648],"product_tag":[],"class_list":{"0":"post-149961","1":"product","2":"type-product","3":"status-publish","4":"has-post-thumbnail","6":"product_cat-alimentos-es","7":"product_cat-ep-es","8":"product_cat-microbiologico","9":"tm-has-options","11":"first","12":"instock","13":"taxable","14":"shipping-taxable","15":"purchasable","16":"product-type-simple"},"acf":[],"_links":{"self":[{"href":"https:\/\/controllab.com\/es\/wp-json\/wp\/v2\/product\/149961","targetHints":{"allow":["GET"]}}],"collection":[{"href":"https:\/\/controllab.com\/es\/wp-json\/wp\/v2\/product"}],"about":[{"href":"https:\/\/controllab.com\/es\/wp-json\/wp\/v2\/types\/product"}],"version-history":[{"count":1,"href":"https:\/\/controllab.com\/es\/wp-json\/wp\/v2\/product\/149961\/revisions"}],"predecessor-version":[{"id":171100,"href":"https:\/\/controllab.com\/es\/wp-json\/wp\/v2\/product\/149961\/revisions\/171100"}],"wp:featuredmedia":[{"embeddable":true,"href":"https:\/\/controllab.com\/es\/wp-json\/wp\/v2\/media\/150000"}],"wp:attachment":[{"href":"https:\/\/controllab.com\/es\/wp-json\/wp\/v2\/media?parent=149961"}],"wp:term":[{"taxonomy":"product_brand","embeddable":true,"href":"https:\/\/controllab.com\/es\/wp-json\/wp\/v2\/product_brand?post=149961"},{"taxonomy":"product_cat","embeddable":true,"href":"https:\/\/controllab.com\/es\/wp-json\/wp\/v2\/product_cat?post=149961"},{"taxonomy":"product_tag","embeddable":true,"href":"https:\/\/controllab.com\/es\/wp-json\/wp\/v2\/product_tag?post=149961"}],"curies":[{"name":"wp","href":"https:\/\/api.w.org\/{rel}","templated":true}]}}