{"id":150049,"date":"2023-05-20T10:52:04","date_gmt":"2023-05-20T13:52:04","guid":{"rendered":"https:\/\/controllab.com\/?post_type=product&#038;p=150049"},"modified":"2025-08-27T14:36:17","modified_gmt":"2025-08-27T17:36:17","slug":"productos-esteriles","status":"publish","type":"product","link":"https:\/\/controllab.com\/es\/programa\/productos-esteriles\/","title":{"rendered":"Productos Farmac\u00e9uticos Est\u00e9riles"},"content":{"rendered":"\t\t<div data-elementor-type=\"product-post\" data-elementor-id=\"150049\" class=\"elementor elementor-150049 elementor-150048\" data-elementor-post-type=\"product\">\n\t\t\t\t<div class=\"has_ae_slider elementor-element elementor-element-98fe850 e-flex e-con-boxed ae-bg-gallery-type-default e-con e-parent\" data-id=\"98fe850\" data-element_type=\"container\" data-e-type=\"container\">\n\t\t\t\t\t<div class=\"e-con-inner\">\n\t\t\t\t<div class=\"elementor-element elementor-element-914ee94 elementor-widget elementor-widget-text-editor\" data-id=\"914ee94\" data-element_type=\"widget\" data-e-type=\"widget\" data-widget_type=\"text-editor.default\">\n\t\t\t\t<div class=\"elementor-widget-container\">\n\t\t\t\t\t\t\t\t\t<p><strong>Estos programas incluyen ensayos destinados al an\u00e1lisis rutinario de productos farmac\u00e9uticos est\u00e9riles (soluciones inyectables, soluciones oft\u00e1lmicas, productos para uso parenteral, etc.)<\/strong><\/p>\t\t\t\t\t\t\t\t<\/div>\n\t\t\t\t<\/div>\n\t\t\t\t\t<\/div>\n\t\t\t\t<\/div>\n\t\t\t\t<section class=\"has_ae_slider elementor-section elementor-top-section elementor-element elementor-element-e0a2f4d elementor-section-boxed elementor-section-height-default elementor-section-height-default ae-bg-gallery-type-default\" data-id=\"e0a2f4d\" data-element_type=\"section\" data-e-type=\"section\">\n\t\t\t\t\t\t<div class=\"elementor-container elementor-column-gap-default\">\n\t\t\t\t\t<div class=\"has_ae_slider elementor-column elementor-col-50 elementor-top-column elementor-element elementor-element-4b1e159 ae-bg-gallery-type-default\" data-id=\"4b1e159\" data-element_type=\"column\" data-e-type=\"column\">\n\t\t\t<div class=\"elementor-widget-wrap elementor-element-populated\">\n\t\t\t\t\t\t<div class=\"elementor-element elementor-element-e386ea9 elementor-widget elementor-widget-text-editor\" data-id=\"e386ea9\" data-element_type=\"widget\" data-e-type=\"widget\" data-widget_type=\"text-editor.default\">\n\t\t\t\t<div class=\"elementor-widget-container\">\n\t\t\t\t\t\t\t\t\t<p>Productos Farmac\u00e9uticos Est\u00e9riles I: Prueba de Esterilidad<\/p><p>Productos Farmac\u00e9uticos Est\u00e9riles II: Determinaci\u00f3n de Endotoxinas<\/p>\t\t\t\t\t\t\t\t<\/div>\n\t\t\t\t<\/div>\n\t\t\t\t\t<\/div>\n\t\t<\/div>\n\t\t\t\t<div class=\"has_ae_slider elementor-column elementor-col-50 elementor-top-column elementor-element elementor-element-29692f0 ae-bg-gallery-type-default\" data-id=\"29692f0\" data-element_type=\"column\" data-e-type=\"column\">\n\t\t\t<div class=\"elementor-widget-wrap elementor-element-populated\">\n\t\t\t\t\t\t\t<\/div>\n\t\t<\/div>\n\t\t\t\t\t<\/div>\n\t\t<\/section>\n\t\t\t\t<\/div>\n\t\t","protected":false},"excerpt":{"rendered":"<p>Estos programas incluyen ensayos destinados al an\u00e1lisis rutinario de productos farmac\u00e9uticos est\u00e9riles (soluciones inyectables, soluciones oft\u00e1lmicas, productos para uso parenteral, etc.) Productos Farmac\u00e9uticos Est\u00e9riles I: Prueba<span class=\"excerpt-hellip\"> [\u2026]<\/span><\/p>\n","protected":false},"featured_media":150638,"template":"","meta":{"_acf_changed":false},"product_brand":[],"product_cat":[436,520,648,1707],"product_tag":[],"class_list":{"0":"post-150049","1":"product","2":"type-product","3":"status-publish","4":"has-post-thumbnail","6":"product_cat-ep-es","7":"product_cat-microbiologia-es-2","8":"product_cat-microbiologico","9":"product_cat-productos-farmaceuticos","10":"tm-has-options","12":"first","13":"instock","14":"taxable","15":"shipping-taxable","16":"purchasable","17":"product-type-simple"},"acf":[],"_links":{"self":[{"href":"https:\/\/controllab.com\/es\/wp-json\/wp\/v2\/product\/150049","targetHints":{"allow":["GET"]}}],"collection":[{"href":"https:\/\/controllab.com\/es\/wp-json\/wp\/v2\/product"}],"about":[{"href":"https:\/\/controllab.com\/es\/wp-json\/wp\/v2\/types\/product"}],"version-history":[{"count":4,"href":"https:\/\/controllab.com\/es\/wp-json\/wp\/v2\/product\/150049\/revisions"}],"predecessor-version":[{"id":194227,"href":"https:\/\/controllab.com\/es\/wp-json\/wp\/v2\/product\/150049\/revisions\/194227"}],"wp:featuredmedia":[{"embeddable":true,"href":"https:\/\/controllab.com\/es\/wp-json\/wp\/v2\/media\/150638"}],"wp:attachment":[{"href":"https:\/\/controllab.com\/es\/wp-json\/wp\/v2\/media?parent=150049"}],"wp:term":[{"taxonomy":"product_brand","embeddable":true,"href":"https:\/\/controllab.com\/es\/wp-json\/wp\/v2\/product_brand?post=150049"},{"taxonomy":"product_cat","embeddable":true,"href":"https:\/\/controllab.com\/es\/wp-json\/wp\/v2\/product_cat?post=150049"},{"taxonomy":"product_tag","embeddable":true,"href":"https:\/\/controllab.com\/es\/wp-json\/wp\/v2\/product_tag?post=150049"}],"curies":[{"name":"wp","href":"https:\/\/api.w.org\/{rel}","templated":true}]}}