{"id":152166,"date":"2023-01-30T08:25:28","date_gmt":"2023-01-30T11:25:28","guid":{"rendered":"https:\/\/controllab.com\/programa\/suco-de-frutas\/"},"modified":"2024-08-19T14:11:43","modified_gmt":"2024-08-19T17:11:43","slug":"suco-de-frutas","status":"publish","type":"product","link":"https:\/\/controllab.com\/es\/programa\/suco-de-frutas\/","title":{"rendered":"Zumo de Frutas"},"content":{"rendered":"\t\t<div data-elementor-type=\"product-post\" data-elementor-id=\"152166\" class=\"elementor elementor-152166 elementor-137349\" data-elementor-post-type=\"product\">\n\t\t\t\t\t\t<section class=\"has_ae_slider elementor-section elementor-top-section elementor-element elementor-element-f35d108 elementor-section-boxed elementor-section-height-default elementor-section-height-default ae-bg-gallery-type-default\" data-id=\"f35d108\" data-element_type=\"section\" data-e-type=\"section\">\n\t\t\t\t\t\t<div class=\"elementor-container elementor-column-gap-default\">\n\t\t\t\t\t<div class=\"has_ae_slider elementor-column elementor-col-100 elementor-top-column elementor-element elementor-element-90059b7 ae-bg-gallery-type-default\" data-id=\"90059b7\" data-element_type=\"column\" data-e-type=\"column\">\n\t\t\t<div class=\"elementor-widget-wrap\">\n\t\t\t\t\t\t\t<\/div>\n\t\t<\/div>\n\t\t\t\t\t<\/div>\n\t\t<\/section>\n\t\t\t\t<section class=\"has_ae_slider elementor-section elementor-top-section elementor-element elementor-element-e0a2f4d elementor-section-boxed elementor-section-height-default elementor-section-height-default ae-bg-gallery-type-default\" data-id=\"e0a2f4d\" data-element_type=\"section\" data-e-type=\"section\">\n\t\t\t\t\t\t<div class=\"elementor-container elementor-column-gap-default\">\n\t\t\t\t\t<div class=\"has_ae_slider elementor-column elementor-col-50 elementor-top-column elementor-element elementor-element-4b1e159 ae-bg-gallery-type-default\" data-id=\"4b1e159\" data-element_type=\"column\" data-e-type=\"column\">\n\t\t\t<div class=\"elementor-widget-wrap elementor-element-populated\">\n\t\t\t\t\t\t<div class=\"elementor-element elementor-element-e386ea9 elementor-widget elementor-widget-text-editor\" data-id=\"e386ea9\" data-element_type=\"widget\" data-e-type=\"widget\" data-widget_type=\"text-editor.default\">\n\t\t\t\t<div class=\"elementor-widget-container\">\n\t\t\t\t\t\t\t\t\t<p><strong>\u2022 Zumo de Fruta: Acidez Titulable<\/strong><br \/>Acidez total Titulable en \u00e1cido c\u00edtrico<\/p><p><strong>\u2022 Zumo de Fruta: \u00c1cido Asc\u00f3rbico<\/strong><br \/>\u00c1cido asc\u00f3rbico<\/p><p><strong>\u2022 Zumo de Fruta: Az\u00facares Totales<\/strong><br \/>Az\u00facares Totales<\/p><p><strong>\u2022 Zumo de Fruta: Densidad<\/strong><br \/>Densidad Relativa 20\/20\u00baC<\/p>\t\t\t\t\t\t\t\t<\/div>\n\t\t\t\t<\/div>\n\t\t\t\t\t<\/div>\n\t\t<\/div>\n\t\t\t\t<div class=\"has_ae_slider elementor-column elementor-col-50 elementor-top-column elementor-element elementor-element-29692f0 ae-bg-gallery-type-default\" data-id=\"29692f0\" data-element_type=\"column\" data-e-type=\"column\">\n\t\t\t<div class=\"elementor-widget-wrap elementor-element-populated\">\n\t\t\t\t\t\t<div class=\"elementor-element elementor-element-baa524e elementor-widget elementor-widget-text-editor\" data-id=\"baa524e\" data-element_type=\"widget\" data-e-type=\"widget\" data-widget_type=\"text-editor.default\">\n\t\t\t\t<div class=\"elementor-widget-container\">\n\t\t\t\t\t\t\t\t\t<p><strong>\u2022 Zumo de Fruta: pH<\/strong><br \/>pH<\/p><p><b>\u2022<\/b> <strong>Zumo de Fruta: S\u00f3lidos Solubles (\u00baBrix)<\/strong><br \/>S\u00f3lidos solubles (\u00baBrix) 20\u00baC<\/p><p><b>\u2022 <\/b><strong>Zumo de Fruta: Sorbitol<\/strong><br \/>Sorbitol<\/p>\t\t\t\t\t\t\t\t<\/div>\n\t\t\t\t<\/div>\n\t\t\t\t\t<\/div>\n\t\t<\/div>\n\t\t\t\t\t<\/div>\n\t\t<\/section>\n\t\t\t\t<\/div>\n\t\t","protected":false},"excerpt":{"rendered":"<p>\u2022 Zumo de Fruta: Acidez Titulable Acidez total Titulable en \u00e1cido c\u00edtrico \u2022 Zumo de Fruta: \u00c1cido Asc\u00f3rbico \u00c1cido asc\u00f3rbico \u2022 Zumo de Fruta: Az\u00facares Totales<span class=\"excerpt-hellip\"> [\u2026]<\/span><\/p>\n","protected":false},"featured_media":137397,"template":"","meta":{"_acf_changed":false},"product_brand":[],"product_cat":[1717,436,644],"product_tag":[],"class_list":{"0":"post-152166","1":"product","2":"type-product","3":"status-publish","4":"has-post-thumbnail","6":"product_cat-alimentos-es","7":"product_cat-ep-es","8":"product_cat-fisicoquimico","9":"tm-has-options","11":"first","12":"instock","13":"taxable","14":"shipping-taxable","15":"purchasable","16":"product-type-simple"},"acf":[],"_links":{"self":[{"href":"https:\/\/controllab.com\/es\/wp-json\/wp\/v2\/product\/152166","targetHints":{"allow":["GET"]}}],"collection":[{"href":"https:\/\/controllab.com\/es\/wp-json\/wp\/v2\/product"}],"about":[{"href":"https:\/\/controllab.com\/es\/wp-json\/wp\/v2\/types\/product"}],"version-history":[{"count":0,"href":"https:\/\/controllab.com\/es\/wp-json\/wp\/v2\/product\/152166\/revisions"}],"wp:featuredmedia":[{"embeddable":true,"href":"https:\/\/controllab.com\/es\/wp-json\/wp\/v2\/media\/137397"}],"wp:attachment":[{"href":"https:\/\/controllab.com\/es\/wp-json\/wp\/v2\/media?parent=152166"}],"wp:term":[{"taxonomy":"product_brand","embeddable":true,"href":"https:\/\/controllab.com\/es\/wp-json\/wp\/v2\/product_brand?post=152166"},{"taxonomy":"product_cat","embeddable":true,"href":"https:\/\/controllab.com\/es\/wp-json\/wp\/v2\/product_cat?post=152166"},{"taxonomy":"product_tag","embeddable":true,"href":"https:\/\/controllab.com\/es\/wp-json\/wp\/v2\/product_tag?post=152166"}],"curies":[{"name":"wp","href":"https:\/\/api.w.org\/{rel}","templated":true}]}}