{"id":152301,"date":"2023-01-30T16:06:09","date_gmt":"2023-01-30T19:06:09","guid":{"rendered":"https:\/\/controllab.com\/programa\/produtos-carneos\/"},"modified":"2025-07-10T10:42:50","modified_gmt":"2025-07-10T13:42:50","slug":"produtos-carneos","status":"publish","type":"product","link":"https:\/\/controllab.com\/es\/programa\/produtos-carneos\/","title":{"rendered":"Productos C\u00e1rnicos"},"content":{"rendered":"\t\t<div data-elementor-type=\"product-post\" data-elementor-id=\"152301\" class=\"elementor elementor-152301 elementor-137495\" data-elementor-post-type=\"product\">\n\t\t\t\t\t\t<section class=\"has_ae_slider elementor-section elementor-top-section elementor-element elementor-element-f35d108 elementor-section-boxed elementor-section-height-default elementor-section-height-default ae-bg-gallery-type-default\" data-id=\"f35d108\" data-element_type=\"section\" data-e-type=\"section\">\n\t\t\t\t\t\t<div class=\"elementor-container elementor-column-gap-default\">\n\t\t\t\t\t<div class=\"has_ae_slider elementor-column elementor-col-100 elementor-top-column elementor-element elementor-element-90059b7 ae-bg-gallery-type-default\" data-id=\"90059b7\" data-element_type=\"column\" data-e-type=\"column\">\n\t\t\t<div class=\"elementor-widget-wrap\">\n\t\t\t\t\t\t\t<\/div>\n\t\t<\/div>\n\t\t\t\t\t<\/div>\n\t\t<\/section>\n\t\t\t\t<section class=\"has_ae_slider elementor-section elementor-top-section elementor-element elementor-element-e0a2f4d elementor-section-boxed elementor-section-height-default elementor-section-height-default ae-bg-gallery-type-default\" data-id=\"e0a2f4d\" data-element_type=\"section\" data-e-type=\"section\">\n\t\t\t\t\t\t<div class=\"elementor-container elementor-column-gap-default\">\n\t\t\t\t\t<div class=\"has_ae_slider elementor-column elementor-col-50 elementor-top-column elementor-element elementor-element-4b1e159 ae-bg-gallery-type-default\" data-id=\"4b1e159\" data-element_type=\"column\" data-e-type=\"column\">\n\t\t\t<div class=\"elementor-widget-wrap elementor-element-populated\">\n\t\t\t\t\t\t<div class=\"elementor-element elementor-element-e386ea9 elementor-widget elementor-widget-text-editor\" data-id=\"e386ea9\" data-element_type=\"widget\" data-e-type=\"widget\" data-widget_type=\"text-editor.default\">\n\t\t\t\t<div class=\"elementor-widget-container\">\n\t\t\t\t\t\t\t\t\t<p><strong>\u2022 Productos C\u00e1rnicos: Almid\u00f3n y Carbohidratos<\/strong><br \/>Almid\u00f3n (Cuantitativo)<br \/>Carbohidratos totales<\/p><p><strong>\u2022 Productos C\u00e1rnicos: Almid\u00f3n Cualitativo<\/strong><br \/>Almid\u00f3n (Cualitativo)<\/p><p><strong>\u2022 Productos C\u00e1rnicos I<\/strong><br \/>Ceniza (Residuo Mineral Fijo)<br \/>Grasa Total (GT)<br \/>Prote\u00edna bruta<br \/>Humedad<\/p><p><strong>\u2022 Productos c\u00e1rnicos: pH (25 \u00b0C)<\/strong><br \/>pH (25\u00b0C)<\/p><p><strong><br \/><\/strong>\u00a0\u00a0<strong><br \/><\/strong><\/p>\t\t\t\t\t\t\t\t<\/div>\n\t\t\t\t<\/div>\n\t\t\t\t\t<\/div>\n\t\t<\/div>\n\t\t\t\t<div class=\"has_ae_slider elementor-column elementor-col-50 elementor-top-column elementor-element elementor-element-29692f0 ae-bg-gallery-type-default\" data-id=\"29692f0\" data-element_type=\"column\" data-e-type=\"column\">\n\t\t\t<div class=\"elementor-widget-wrap elementor-element-populated\">\n\t\t\t\t\t\t<div class=\"elementor-element elementor-element-baa524e elementor-widget elementor-widget-text-editor\" data-id=\"baa524e\" data-element_type=\"widget\" data-e-type=\"widget\" data-widget_type=\"text-editor.default\">\n\t\t\t\t<div class=\"elementor-widget-container\">\n\t\t\t\t\t\t\t\t\t<p><b>\u2022 Productos c\u00e1rnicos: Prueba del Amon\u00edaco<\/b><br \/>Prueba del Amon\u00edaco<\/p><p><b>\u2022 Productos c\u00e1rnicos: Prueba del Nitrito<\/b><br \/>Prueba del Nitrito<\/p><p><b>\u2022 Productos c\u00e1rnicos: Prueba del Sulfito<\/b><br \/>Prueba del Sulfito<\/p>\t\t\t\t\t\t\t\t<\/div>\n\t\t\t\t<\/div>\n\t\t\t\t\t<\/div>\n\t\t<\/div>\n\t\t\t\t\t<\/div>\n\t\t<\/section>\n\t\t\t\t<\/div>\n\t\t","protected":false},"excerpt":{"rendered":"<p>\u2022 Productos C\u00e1rnicos: Almid\u00f3n y Carbohidratos Almid\u00f3n (Cuantitativo) Carbohidratos totales \u2022 Productos C\u00e1rnicos: Almid\u00f3n Cualitativo Almid\u00f3n (Cualitativo) \u2022 Productos C\u00e1rnicos I Ceniza (Residuo Mineral Fijo) Grasa<span class=\"excerpt-hellip\"> [\u2026]<\/span><\/p>\n","protected":false},"featured_media":152290,"template":"","meta":{"_acf_changed":false},"product_brand":[],"product_cat":[436,1717,644],"product_tag":[],"class_list":{"0":"post-152301","1":"product","2":"type-product","3":"status-publish","4":"has-post-thumbnail","6":"product_cat-ep-es","7":"product_cat-alimentos-es","8":"product_cat-fisicoquimico","9":"tm-has-options","11":"first","12":"instock","13":"taxable","14":"shipping-taxable","15":"purchasable","16":"product-type-simple"},"acf":[],"_links":{"self":[{"href":"https:\/\/controllab.com\/es\/wp-json\/wp\/v2\/product\/152301","targetHints":{"allow":["GET"]}}],"collection":[{"href":"https:\/\/controllab.com\/es\/wp-json\/wp\/v2\/product"}],"about":[{"href":"https:\/\/controllab.com\/es\/wp-json\/wp\/v2\/types\/product"}],"version-history":[{"count":3,"href":"https:\/\/controllab.com\/es\/wp-json\/wp\/v2\/product\/152301\/revisions"}],"predecessor-version":[{"id":190868,"href":"https:\/\/controllab.com\/es\/wp-json\/wp\/v2\/product\/152301\/revisions\/190868"}],"wp:featuredmedia":[{"embeddable":true,"href":"https:\/\/controllab.com\/es\/wp-json\/wp\/v2\/media\/152290"}],"wp:attachment":[{"href":"https:\/\/controllab.com\/es\/wp-json\/wp\/v2\/media?parent=152301"}],"wp:term":[{"taxonomy":"product_brand","embeddable":true,"href":"https:\/\/controllab.com\/es\/wp-json\/wp\/v2\/product_brand?post=152301"},{"taxonomy":"product_cat","embeddable":true,"href":"https:\/\/controllab.com\/es\/wp-json\/wp\/v2\/product_cat?post=152301"},{"taxonomy":"product_tag","embeddable":true,"href":"https:\/\/controllab.com\/es\/wp-json\/wp\/v2\/product_tag?post=152301"}],"curies":[{"name":"wp","href":"https:\/\/api.w.org\/{rel}","templated":true}]}}