{"id":152346,"date":"2023-02-01T09:43:32","date_gmt":"2023-02-01T12:43:32","guid":{"rendered":"https:\/\/controllab.com\/programa\/leite\/"},"modified":"2025-07-14T15:39:12","modified_gmt":"2025-07-14T18:39:12","slug":"leite","status":"publish","type":"product","link":"https:\/\/controllab.com\/es\/programa\/leite\/","title":{"rendered":"Leche"},"content":{"rendered":"\t\t<div data-elementor-type=\"product-post\" data-elementor-id=\"152346\" class=\"elementor elementor-152346 elementor-137801\" data-elementor-post-type=\"product\">\n\t\t\t\t\t\t<section class=\"has_ae_slider elementor-section elementor-top-section elementor-element elementor-element-f35d108 elementor-section-boxed elementor-section-height-default elementor-section-height-default ae-bg-gallery-type-default\" data-id=\"f35d108\" data-element_type=\"section\" data-e-type=\"section\">\n\t\t\t\t\t\t<div class=\"elementor-container elementor-column-gap-default\">\n\t\t\t\t\t<div class=\"has_ae_slider elementor-column elementor-col-100 elementor-top-column elementor-element elementor-element-90059b7 ae-bg-gallery-type-default\" data-id=\"90059b7\" data-element_type=\"column\" data-e-type=\"column\">\n\t\t\t<div class=\"elementor-widget-wrap\">\n\t\t\t\t\t\t\t<\/div>\n\t\t<\/div>\n\t\t\t\t\t<\/div>\n\t\t<\/section>\n\t\t\t\t<section class=\"has_ae_slider elementor-section elementor-top-section elementor-element elementor-element-e0a2f4d elementor-section-boxed elementor-section-height-default elementor-section-height-default ae-bg-gallery-type-default\" data-id=\"e0a2f4d\" data-element_type=\"section\" data-e-type=\"section\">\n\t\t\t\t\t\t<div class=\"elementor-container elementor-column-gap-default\">\n\t\t\t\t\t<div class=\"has_ae_slider elementor-column elementor-col-50 elementor-top-column elementor-element elementor-element-4b1e159 ae-bg-gallery-type-default\" data-id=\"4b1e159\" data-element_type=\"column\" data-e-type=\"column\">\n\t\t\t<div class=\"elementor-widget-wrap elementor-element-populated\">\n\t\t\t\t\t\t<div class=\"elementor-element elementor-element-e386ea9 elementor-widget elementor-widget-text-editor\" data-id=\"e386ea9\" data-element_type=\"widget\" data-e-type=\"widget\" data-widget_type=\"text-editor.default\">\n\t\t\t\t<div class=\"elementor-widget-container\">\n\t\t\t\t\t\t\t\t\t<p><strong>\u2022 Leche &#8211; Recuento de c\u00e9lulas som\u00e1ticas<\/strong><br \/>Recuento de c\u00e9lulas som\u00e1ticas<\/p><p><strong>\u2022<\/strong> <strong>Leche en polvo<\/strong><br \/>Acidez titulable<br \/>Gl\u00facidos reductores de lactosa<br \/>Grasa<br \/>Identificaci\u00f3n del almid\u00f3n<br \/>Prote\u00edna<br \/>Prueba de reconstituci\u00f3n<br \/>Humedad<\/p><p><strong>\u2022 Estabilidad del etanol en la Leche Fluida<\/strong><br \/>Etanol<\/p><p><strong>\u2022 Identificaci\u00f3n de la Leche Fluida: Almid\u00f3n<\/strong><br \/>Almid\u00f3n<\/p><p><strong>\u2022 Leche fluida Identificaci\u00f3n: Cloruros<\/strong><br \/>Cloruros<\/p><p><strong>\u2022 Identificaci\u00f3n de la Leche Fluida: Cloro\/Hipoclorito<\/strong><br \/>Cloro\/Hipoclorito<\/p><p><strong>\u2022 Leche Fluida Identificaci\u00f3n: Formaldeh\u00eddo<\/strong><br \/>Formaldeh\u00eddo<\/p><p><strong>\u2022 Leche Fluida Identificaci\u00f3n: Fosfatasa alcalina<\/strong><br \/>Fosfatasa alcalina<\/p>\t\t\t\t\t\t\t\t<\/div>\n\t\t\t\t<\/div>\n\t\t\t\t\t<\/div>\n\t\t<\/div>\n\t\t\t\t<div class=\"has_ae_slider elementor-column elementor-col-50 elementor-top-column elementor-element elementor-element-29692f0 ae-bg-gallery-type-default\" data-id=\"29692f0\" data-element_type=\"column\" data-e-type=\"column\">\n\t\t\t<div class=\"elementor-widget-wrap elementor-element-populated\">\n\t\t\t\t\t\t<div class=\"elementor-element elementor-element-baa524e elementor-widget elementor-widget-text-editor\" data-id=\"baa524e\" data-element_type=\"widget\" data-e-type=\"widget\" data-widget_type=\"text-editor.default\">\n\t\t\t\t<div class=\"elementor-widget-container\">\n\t\t\t\t\t\t\t\t\t<p><b>\u2022 <\/b><strong>Identificaci\u00f3n de la Leche Fluida: Neutralizantes<\/strong><br \/>Neutralizadores<\/p><p><b>\u2022 <\/b><strong>Identificaci\u00f3n de la Leche Fluida: Peroxidasa<\/strong><br \/>Identificaci\u00f3n de la Peroxidasa<\/p><p><b>\u2022 <\/b><strong>Leche Fluida Identificaci\u00f3n: Per\u00f3xido de Hidr\u00f3gen<\/strong>o<br \/>Per\u00f3xido de hidr\u00f3geno<\/p><p><b>\u2022 <\/b><strong>Leche Fluida Identificaci\u00f3n: Sacarosa<\/strong><br \/>Sacarosa<\/p><p><b>\u2022 <\/b><strong>Leche Fluida Cuantitativa I<\/strong><br \/>Extracto Seco Total (TDS)<br \/>Grasa<br \/>Prote\u00edna<br \/>Punto de Congelaci\u00f3n (Crioscopia)<\/p><p><b>\u2022<\/b> \u00a0<strong>Leche l\u00edquida: Reductor de Glucidos en Lactosa<\/strong><br \/>Carbohidratos reductores de la lactosa<\/p><p><b>\u2022 Leche l\u00edquida: Densidad<\/b><br \/>Densidad a 15\u00baC<\/p><p><b>\u2022 Leche l\u00edquida: Determinaci\u00f3n de la Acidez<\/b><br \/>Acidez en Grados Dornic<br \/>Acidez valorable<\/p>\t\t\t\t\t\t\t\t<\/div>\n\t\t\t\t<\/div>\n\t\t\t\t\t<\/div>\n\t\t<\/div>\n\t\t\t\t\t<\/div>\n\t\t<\/section>\n\t\t\t\t<\/div>\n\t\t","protected":false},"excerpt":{"rendered":"<p>\u2022 Leche &#8211; Recuento de c\u00e9lulas som\u00e1ticasRecuento de c\u00e9lulas som\u00e1ticas \u2022 Leche en polvoAcidez titulableGl\u00facidos reductores de lactosaGrasaIdentificaci\u00f3n del almid\u00f3nProte\u00ednaPrueba de reconstituci\u00f3nHumedad \u2022 Estabilidad del etanol<span class=\"excerpt-hellip\"> [\u2026]<\/span><\/p>\n","protected":false},"featured_media":137895,"template":"","meta":{"_acf_changed":false},"product_brand":[],"product_cat":[436,1717,644],"product_tag":[],"class_list":{"0":"post-152346","1":"product","2":"type-product","3":"status-publish","4":"has-post-thumbnail","6":"product_cat-ep-es","7":"product_cat-alimentos-es","8":"product_cat-fisicoquimico","9":"tm-has-options","11":"first","12":"instock","13":"taxable","14":"shipping-taxable","15":"purchasable","16":"product-type-simple"},"acf":[],"_links":{"self":[{"href":"https:\/\/controllab.com\/es\/wp-json\/wp\/v2\/product\/152346","targetHints":{"allow":["GET"]}}],"collection":[{"href":"https:\/\/controllab.com\/es\/wp-json\/wp\/v2\/product"}],"about":[{"href":"https:\/\/controllab.com\/es\/wp-json\/wp\/v2\/types\/product"}],"version-history":[{"count":3,"href":"https:\/\/controllab.com\/es\/wp-json\/wp\/v2\/product\/152346\/revisions"}],"predecessor-version":[{"id":190995,"href":"https:\/\/controllab.com\/es\/wp-json\/wp\/v2\/product\/152346\/revisions\/190995"}],"wp:featuredmedia":[{"embeddable":true,"href":"https:\/\/controllab.com\/es\/wp-json\/wp\/v2\/media\/137895"}],"wp:attachment":[{"href":"https:\/\/controllab.com\/es\/wp-json\/wp\/v2\/media?parent=152346"}],"wp:term":[{"taxonomy":"product_brand","embeddable":true,"href":"https:\/\/controllab.com\/es\/wp-json\/wp\/v2\/product_brand?post=152346"},{"taxonomy":"product_cat","embeddable":true,"href":"https:\/\/controllab.com\/es\/wp-json\/wp\/v2\/product_cat?post=152346"},{"taxonomy":"product_tag","embeddable":true,"href":"https:\/\/controllab.com\/es\/wp-json\/wp\/v2\/product_tag?post=152346"}],"curies":[{"name":"wp","href":"https:\/\/api.w.org\/{rel}","templated":true}]}}