{"id":152565,"date":"2023-02-06T09:45:27","date_gmt":"2023-02-06T12:45:27","guid":{"rendered":"https:\/\/controllab.com\/programa\/oleos\/"},"modified":"2024-09-02T16:41:11","modified_gmt":"2024-09-02T19:41:11","slug":"oleos","status":"publish","type":"product","link":"https:\/\/controllab.com\/es\/programa\/oleos\/","title":{"rendered":"Aceites"},"content":{"rendered":"\t\t<div data-elementor-type=\"product-post\" data-elementor-id=\"152565\" class=\"elementor elementor-152565 elementor-138304\" data-elementor-post-type=\"product\">\n\t\t\t\t\t\t<section class=\"has_ae_slider elementor-section elementor-top-section elementor-element elementor-element-f35d108 elementor-section-boxed elementor-section-height-default elementor-section-height-default ae-bg-gallery-type-default\" data-id=\"f35d108\" data-element_type=\"section\" data-e-type=\"section\">\n\t\t\t\t\t\t<div class=\"elementor-container elementor-column-gap-default\">\n\t\t\t\t\t<div class=\"has_ae_slider elementor-column elementor-col-100 elementor-top-column elementor-element elementor-element-90059b7 ae-bg-gallery-type-default\" data-id=\"90059b7\" data-element_type=\"column\" data-e-type=\"column\">\n\t\t\t<div class=\"elementor-widget-wrap\">\n\t\t\t\t\t\t\t<\/div>\n\t\t<\/div>\n\t\t\t\t\t<\/div>\n\t\t<\/section>\n\t\t\t\t<section class=\"has_ae_slider elementor-section elementor-top-section elementor-element elementor-element-e0a2f4d elementor-section-boxed elementor-section-height-default elementor-section-height-default ae-bg-gallery-type-default\" data-id=\"e0a2f4d\" data-element_type=\"section\" data-e-type=\"section\">\n\t\t\t\t\t\t<div class=\"elementor-container elementor-column-gap-default\">\n\t\t\t\t\t<div class=\"has_ae_slider elementor-column elementor-col-50 elementor-top-column elementor-element elementor-element-4b1e159 ae-bg-gallery-type-default\" data-id=\"4b1e159\" data-element_type=\"column\" data-e-type=\"column\">\n\t\t\t<div class=\"elementor-widget-wrap elementor-element-populated\">\n\t\t\t\t\t\t<div class=\"elementor-element elementor-element-e386ea9 elementor-widget elementor-widget-text-editor\" data-id=\"e386ea9\" data-element_type=\"widget\" data-e-type=\"widget\" data-widget_type=\"text-editor.default\">\n\t\t\t\t<div class=\"elementor-widget-container\">\n\t\t\t\t\t\t\t\t\t<p><strong>\u2022 Aceite de oliva: Extinci\u00f3n Espec\u00edfica<br \/><\/strong>Extinci\u00f3n Espec\u00edfica (232nm)<br \/>Extinci\u00f3n Espec\u00edfica (270nm)<\/p><p><strong>\u2022 Aceites y Grasas: Determinaci\u00f3n del Jab\u00f3n<br \/><\/strong>Determinaci\u00f3n del Jab\u00f3n<\/p><p><strong>\u2022 Aceites y Grasas: \u00cdndice de Acidez<br \/><\/strong>\u00cdndice de Acidez<\/p><p><strong>\u2022 Aceites y Grasas: \u00cdndice de Yodo<br \/><\/strong>\u00cdndice de Yodo<\/p>\t\t\t\t\t\t\t\t<\/div>\n\t\t\t\t<\/div>\n\t\t\t\t\t<\/div>\n\t\t<\/div>\n\t\t\t\t<div class=\"has_ae_slider elementor-column elementor-col-50 elementor-top-column elementor-element elementor-element-29692f0 ae-bg-gallery-type-default\" data-id=\"29692f0\" data-element_type=\"column\" data-e-type=\"column\">\n\t\t\t<div class=\"elementor-widget-wrap elementor-element-populated\">\n\t\t\t\t\t\t<div class=\"elementor-element elementor-element-baa524e elementor-widget elementor-widget-text-editor\" data-id=\"baa524e\" data-element_type=\"widget\" data-e-type=\"widget\" data-widget_type=\"text-editor.default\">\n\t\t\t\t<div class=\"elementor-widget-container\">\n\t\t\t\t\t\t\t\t\t<p><strong>\u2022 Aceites y Grasas: \u00cdndice de Per\u00f3xidos<br \/><\/strong>\u00cdndice de Per\u00f3xidos<\/p><p><strong>\u2022 Aceites y Grasas: \u00cdndice de Refracci\u00f3n<br \/><\/strong>\u00cdndice de Refracci\u00f3n<\/p><p><strong>\u2022 Aceites y Grasas: \u00cdndice de Saponificaci\u00f3n<br \/><\/strong>\u00cdndice de Saponificaci\u00f3n<\/p><p><strong>\u2022 Aceites y Grasas: Reacci\u00f3n de Kreis<br \/><\/strong>Reacci\u00f3n de Kreis<\/p>\t\t\t\t\t\t\t\t<\/div>\n\t\t\t\t<\/div>\n\t\t\t\t\t<\/div>\n\t\t<\/div>\n\t\t\t\t\t<\/div>\n\t\t<\/section>\n\t\t\t\t<\/div>\n\t\t","protected":false},"excerpt":{"rendered":"<p>\u2022 Aceite de oliva: Extinci\u00f3n Espec\u00edfica Extinci\u00f3n Espec\u00edfica (232nm) Extinci\u00f3n Espec\u00edfica (270nm) \u2022 Aceites y Grasas: Determinaci\u00f3n del Jab\u00f3n Determinaci\u00f3n del Jab\u00f3n \u2022 Aceites y Grasas:<span class=\"excerpt-hellip\"> [\u2026]<\/span><\/p>\n","protected":false},"featured_media":138307,"template":"","meta":{"_acf_changed":false},"product_brand":[],"product_cat":[1717,436,644],"product_tag":[],"class_list":{"0":"post-152565","1":"product","2":"type-product","3":"status-publish","4":"has-post-thumbnail","6":"product_cat-alimentos-es","7":"product_cat-ep-es","8":"product_cat-fisicoquimico","9":"tm-has-options","11":"first","12":"instock","13":"taxable","14":"shipping-taxable","15":"purchasable","16":"product-type-simple"},"acf":[],"_links":{"self":[{"href":"https:\/\/controllab.com\/es\/wp-json\/wp\/v2\/product\/152565","targetHints":{"allow":["GET"]}}],"collection":[{"href":"https:\/\/controllab.com\/es\/wp-json\/wp\/v2\/product"}],"about":[{"href":"https:\/\/controllab.com\/es\/wp-json\/wp\/v2\/types\/product"}],"version-history":[{"count":0,"href":"https:\/\/controllab.com\/es\/wp-json\/wp\/v2\/product\/152565\/revisions"}],"wp:featuredmedia":[{"embeddable":true,"href":"https:\/\/controllab.com\/es\/wp-json\/wp\/v2\/media\/138307"}],"wp:attachment":[{"href":"https:\/\/controllab.com\/es\/wp-json\/wp\/v2\/media?parent=152565"}],"wp:term":[{"taxonomy":"product_brand","embeddable":true,"href":"https:\/\/controllab.com\/es\/wp-json\/wp\/v2\/product_brand?post=152565"},{"taxonomy":"product_cat","embeddable":true,"href":"https:\/\/controllab.com\/es\/wp-json\/wp\/v2\/product_cat?post=152565"},{"taxonomy":"product_tag","embeddable":true,"href":"https:\/\/controllab.com\/es\/wp-json\/wp\/v2\/product_tag?post=152565"}],"curies":[{"name":"wp","href":"https:\/\/api.w.org\/{rel}","templated":true}]}}