{"id":152588,"date":"2023-02-21T08:45:12","date_gmt":"2023-02-21T11:45:12","guid":{"rendered":"https:\/\/controllab.com\/programa\/humedad\/"},"modified":"2024-09-05T13:02:40","modified_gmt":"2024-09-05T16:02:40","slug":"humedad","status":"publish","type":"product","link":"https:\/\/controllab.com\/es\/programa\/humedad\/","title":{"rendered":"Humedad"},"content":{"rendered":"\t\t<div data-elementor-type=\"product-post\" data-elementor-id=\"152588\" class=\"elementor elementor-152588 elementor-138632\" data-elementor-post-type=\"product\">\n\t\t\t\t\t\t<section class=\"has_ae_slider elementor-section elementor-top-section elementor-element elementor-element-6bb1d66 elementor-section-boxed elementor-section-height-default elementor-section-height-default ae-bg-gallery-type-default\" data-id=\"6bb1d66\" data-element_type=\"section\" data-e-type=\"section\">\n\t\t\t\t\t\t<div class=\"elementor-container elementor-column-gap-default\">\n\t\t\t\t\t<div class=\"has_ae_slider elementor-column elementor-col-100 elementor-top-column elementor-element elementor-element-2aedafc ae-bg-gallery-type-default\" data-id=\"2aedafc\" data-element_type=\"column\" data-e-type=\"column\">\n\t\t\t<div class=\"elementor-widget-wrap elementor-element-populated\">\n\t\t\t\t\t\t<div class=\"elementor-element elementor-element-28dca4d elementor-widget elementor-widget-text-editor\" data-id=\"28dca4d\" data-element_type=\"widget\" data-e-type=\"widget\" data-widget_type=\"text-editor.default\">\n\t\t\t\t<div class=\"elementor-widget-container\">\n\t\t\t\t\t\t\t\t\t<strong>El EA se divide en 2 programas diferentes seg\u00fan la metodolog\u00eda utilizada para el an\u00e1lisis:<\/strong>\r\n\r\n&nbsp;\r\n<ul>\r\n \t<li><strong>Humedad I: <\/strong>Karl Fisher &#8211; Electroqu\u00edmica\/Amperom\u00e9trica<\/li>\r\n \t<li><strong>Humedad II:<\/strong> Infrarrojos y secado directo\/termogravim\u00e9trico<\/li>\r\n<\/ul>\t\t\t\t\t\t\t\t<\/div>\n\t\t\t\t<\/div>\n\t\t\t\t\t<\/div>\n\t\t<\/div>\n\t\t\t\t\t<\/div>\n\t\t<\/section>\n\t\t\t\t<\/div>\n\t\t","protected":false},"excerpt":{"rendered":"","protected":false},"featured_media":138797,"template":"","meta":{"_acf_changed":false},"product_brand":[],"product_cat":[436,644,1709],"product_tag":[],"class_list":{"0":"post-152588","1":"product","2":"type-product","3":"status-publish","4":"has-post-thumbnail","6":"product_cat-ep-es","7":"product_cat-fisicoquimico","8":"product_cat-productos-quimicos","9":"tm-has-options","11":"first","12":"instock","13":"taxable","14":"shipping-taxable","15":"purchasable","16":"product-type-simple"},"acf":[],"_links":{"self":[{"href":"https:\/\/controllab.com\/es\/wp-json\/wp\/v2\/product\/152588","targetHints":{"allow":["GET"]}}],"collection":[{"href":"https:\/\/controllab.com\/es\/wp-json\/wp\/v2\/product"}],"about":[{"href":"https:\/\/controllab.com\/es\/wp-json\/wp\/v2\/types\/product"}],"version-history":[{"count":0,"href":"https:\/\/controllab.com\/es\/wp-json\/wp\/v2\/product\/152588\/revisions"}],"wp:featuredmedia":[{"embeddable":true,"href":"https:\/\/controllab.com\/es\/wp-json\/wp\/v2\/media\/138797"}],"wp:attachment":[{"href":"https:\/\/controllab.com\/es\/wp-json\/wp\/v2\/media?parent=152588"}],"wp:term":[{"taxonomy":"product_brand","embeddable":true,"href":"https:\/\/controllab.com\/es\/wp-json\/wp\/v2\/product_brand?post=152588"},{"taxonomy":"product_cat","embeddable":true,"href":"https:\/\/controllab.com\/es\/wp-json\/wp\/v2\/product_cat?post=152588"},{"taxonomy":"product_tag","embeddable":true,"href":"https:\/\/controllab.com\/es\/wp-json\/wp\/v2\/product_tag?post=152588"}],"curies":[{"name":"wp","href":"https:\/\/api.w.org\/{rel}","templated":true}]}}