{"id":152617,"date":"2023-02-07T14:49:18","date_gmt":"2023-02-07T17:49:18","guid":{"rendered":"https:\/\/controllab.com\/programa\/densidad\/"},"modified":"2024-09-05T10:37:46","modified_gmt":"2024-09-05T13:37:46","slug":"densidad","status":"publish","type":"product","link":"https:\/\/controllab.com\/es\/programa\/densidad\/","title":{"rendered":"Densidad"},"content":{"rendered":"\t\t<div data-elementor-type=\"product-post\" data-elementor-id=\"152617\" class=\"elementor elementor-152617 elementor-138434\" data-elementor-post-type=\"product\">\n\t\t\t\t\t\t<section class=\"has_ae_slider elementor-section elementor-top-section elementor-element elementor-element-3f05200 elementor-section-boxed elementor-section-height-default elementor-section-height-default ae-bg-gallery-type-default\" data-id=\"3f05200\" data-element_type=\"section\" data-e-type=\"section\">\n\t\t\t\t\t\t<div class=\"elementor-container elementor-column-gap-default\">\n\t\t\t\t\t<div class=\"has_ae_slider elementor-column elementor-col-100 elementor-top-column elementor-element elementor-element-5024dbf ae-bg-gallery-type-default\" data-id=\"5024dbf\" data-element_type=\"column\" data-e-type=\"column\">\n\t\t\t<div class=\"elementor-widget-wrap elementor-element-populated\">\n\t\t\t\t\t\t<div class=\"elementor-element elementor-element-6b70d20 elementor-widget elementor-widget-text-editor\" data-id=\"6b70d20\" data-element_type=\"widget\" data-e-type=\"widget\" data-widget_type=\"text-editor.default\">\n\t\t\t\t<div class=\"elementor-widget-container\">\n\t\t\t\t\t\t\t\t\t<p>El Ensayo de Aptitud se divide en dos programas diferentes seg\u00fan los sistemas anal\u00edticos atendidos:<\/p>\n<ul>\n<li><strong>Densidad I:<\/strong> Dens\u00edmetro Digital<\/li>\n<li><strong>Densidad II:<\/strong> Dens\u00edmetro de Vidrio<\/li>\n<\/ul>\n\t\t\t\t\t\t\t\t<\/div>\n\t\t\t\t<\/div>\n\t\t\t\t\t<\/div>\n\t\t<\/div>\n\t\t\t\t\t<\/div>\n\t\t<\/section>\n\t\t\t\t<\/div>\n\t\t","protected":false},"excerpt":{"rendered":"<p>El Ensayo de Aptitud se divide en dos programas diferentes seg\u00fan los sistemas anal\u00edticos atendidos: Densidad I: Dens\u00edmetro Digital Densidad II: Dens\u00edmetro de Vidrio<\/p>\n","protected":false},"featured_media":138762,"template":"","meta":{"_acf_changed":false},"product_brand":[],"product_cat":[436,644,1709],"product_tag":[],"class_list":{"0":"post-152617","1":"product","2":"type-product","3":"status-publish","4":"has-post-thumbnail","6":"product_cat-ep-es","7":"product_cat-fisicoquimico","8":"product_cat-productos-quimicos","9":"tm-has-options","11":"first","12":"instock","13":"taxable","14":"shipping-taxable","15":"purchasable","16":"product-type-simple"},"acf":[],"_links":{"self":[{"href":"https:\/\/controllab.com\/es\/wp-json\/wp\/v2\/product\/152617","targetHints":{"allow":["GET"]}}],"collection":[{"href":"https:\/\/controllab.com\/es\/wp-json\/wp\/v2\/product"}],"about":[{"href":"https:\/\/controllab.com\/es\/wp-json\/wp\/v2\/types\/product"}],"version-history":[{"count":0,"href":"https:\/\/controllab.com\/es\/wp-json\/wp\/v2\/product\/152617\/revisions"}],"wp:featuredmedia":[{"embeddable":true,"href":"https:\/\/controllab.com\/es\/wp-json\/wp\/v2\/media\/138762"}],"wp:attachment":[{"href":"https:\/\/controllab.com\/es\/wp-json\/wp\/v2\/media?parent=152617"}],"wp:term":[{"taxonomy":"product_brand","embeddable":true,"href":"https:\/\/controllab.com\/es\/wp-json\/wp\/v2\/product_brand?post=152617"},{"taxonomy":"product_cat","embeddable":true,"href":"https:\/\/controllab.com\/es\/wp-json\/wp\/v2\/product_cat?post=152617"},{"taxonomy":"product_tag","embeddable":true,"href":"https:\/\/controllab.com\/es\/wp-json\/wp\/v2\/product_tag?post=152617"}],"curies":[{"name":"wp","href":"https:\/\/api.w.org\/{rel}","templated":true}]}}