{"id":15753,"date":"2021-01-05T14:51:26","date_gmt":"2021-01-05T17:51:26","guid":{"rendered":"https:\/\/controllab.com\/?post_type=product&#038;p=15753"},"modified":"2024-08-23T13:57:12","modified_gmt":"2024-08-23T16:57:12","slug":"investigacion-del-bacilo-de-la-difteria-microscopia","status":"publish","type":"product","link":"https:\/\/controllab.com\/es\/programa\/investigacion-del-bacilo-de-la-difteria-microscopia\/","title":{"rendered":"Investigaci\u00f3n del Bacilo de la Difteria: Microscop\u00eda"},"content":{"rendered":"<p>Investigaci\u00f3n del Bacilo de la Difteria: Microscop\u00eda<\/p>\n","protected":false},"excerpt":{"rendered":"<p>Investigaci\u00f3n del Bacilo de la Difteria: Microscop\u00eda<\/p>\n","protected":false},"featured_media":31745,"template":"","meta":{"_acf_changed":false},"product_brand":[],"product_cat":[440,436,2494],"product_tag":[],"class_list":{"0":"post-15753","1":"product","2":"type-product","3":"status-publish","4":"has-post-thumbnail","6":"product_cat-clinico-es","7":"product_cat-ep-es","8":"product_cat-microbiologia-clinica-es","9":"tm-has-options","11":"first","12":"instock","13":"taxable","14":"shipping-taxable","15":"purchasable","16":"product-type-simple"},"acf":[],"_links":{"self":[{"href":"https:\/\/controllab.com\/es\/wp-json\/wp\/v2\/product\/15753","targetHints":{"allow":["GET"]}}],"collection":[{"href":"https:\/\/controllab.com\/es\/wp-json\/wp\/v2\/product"}],"about":[{"href":"https:\/\/controllab.com\/es\/wp-json\/wp\/v2\/types\/product"}],"version-history":[{"count":0,"href":"https:\/\/controllab.com\/es\/wp-json\/wp\/v2\/product\/15753\/revisions"}],"wp:featuredmedia":[{"embeddable":true,"href":"https:\/\/controllab.com\/es\/wp-json\/wp\/v2\/media\/31745"}],"wp:attachment":[{"href":"https:\/\/controllab.com\/es\/wp-json\/wp\/v2\/media?parent=15753"}],"wp:term":[{"taxonomy":"product_brand","embeddable":true,"href":"https:\/\/controllab.com\/es\/wp-json\/wp\/v2\/product_brand?post=15753"},{"taxonomy":"product_cat","embeddable":true,"href":"https:\/\/controllab.com\/es\/wp-json\/wp\/v2\/product_cat?post=15753"},{"taxonomy":"product_tag","embeddable":true,"href":"https:\/\/controllab.com\/es\/wp-json\/wp\/v2\/product_tag?post=15753"}],"curies":[{"name":"wp","href":"https:\/\/api.w.org\/{rel}","templated":true}]}}