{"id":168878,"date":"2024-10-02T16:57:20","date_gmt":"2024-10-02T19:57:20","guid":{"rendered":"https:\/\/controllab.com\/?post_type=product&#038;p=168878"},"modified":"2025-10-09T15:45:48","modified_gmt":"2025-10-09T18:45:48","slug":"serologia-2","status":"publish","type":"product","link":"https:\/\/controllab.com\/es\/programa\/serologia-2\/","title":{"rendered":"Serolog\u00eda"},"content":{"rendered":"\t\t<div data-elementor-type=\"product-post\" data-elementor-id=\"168878\" class=\"elementor elementor-168878 elementor-168876\" data-elementor-post-type=\"product\">\n\t\t\t\t\t\t<section class=\"has_ae_slider elementor-section elementor-top-section elementor-element elementor-element-f35d108 elementor-section-boxed elementor-section-height-default elementor-section-height-default ae-bg-gallery-type-default\" data-id=\"f35d108\" data-element_type=\"section\" data-e-type=\"section\">\n\t\t\t\t\t\t<div class=\"elementor-container elementor-column-gap-default\">\n\t\t\t\t\t<div class=\"has_ae_slider elementor-column elementor-col-33 elementor-top-column elementor-element elementor-element-90059b7 ae-bg-gallery-type-default\" data-id=\"90059b7\" data-element_type=\"column\" data-e-type=\"column\">\n\t\t\t<div class=\"elementor-widget-wrap elementor-element-populated\">\n\t\t\t\t\t\t<div class=\"elementor-element elementor-element-a68091e elementor-widget elementor-widget-text-editor\" data-id=\"a68091e\" data-element_type=\"widget\" data-e-type=\"widget\" data-widget_type=\"text-editor.default\">\n\t\t\t\t<div class=\"elementor-widget-container\">\n\t\t\t\t\t\t\t\t\t<p><strong style=\"color: inherit;font-family: 'Open Sans';letter-spacing: inherit\">Serolog\u00eda Anti-HBc<\/strong><\/p><p><strong>Serolog\u00eda Anti-HBe<\/strong><\/p><p><strong>Serolog\u00eda Anti-HBs<\/strong><\/p><p><strong>Serolog\u00eda Anti-HCV<\/strong><\/p><p style=\"margin-bottom: 20px;font-style: normal;font-weight: 400;font-size: 14px;letter-spacing: normal;color: #333333\"><span style=\"font-weight: bold\">Serolog\u00eda Anti-HIV<\/span><\/p><div><span style=\"font-weight: bold\">\u00a0<\/span><\/div>\t\t\t\t\t\t\t\t<\/div>\n\t\t\t\t<\/div>\n\t\t\t\t\t<\/div>\n\t\t<\/div>\n\t\t\t\t<div class=\"has_ae_slider elementor-column elementor-col-33 elementor-top-column elementor-element elementor-element-f7e7e34 ae-bg-gallery-type-default\" data-id=\"f7e7e34\" data-element_type=\"column\" data-e-type=\"column\">\n\t\t\t<div class=\"elementor-widget-wrap elementor-element-populated\">\n\t\t\t\t\t\t<div class=\"elementor-element elementor-element-5ceaed5 elementor-widget elementor-widget-text-editor\" data-id=\"5ceaed5\" data-element_type=\"widget\" data-e-type=\"widget\" data-widget_type=\"text-editor.default\">\n\t\t\t\t<div class=\"elementor-widget-container\">\n\t\t\t\t\t\t\t\t\t<p><strong>Serolog\u00eda Anti-HTLV<\/strong><\/p><p><strong>Serolog\u00eda Chagas<\/strong><\/p><p><span style=\"font-weight: bold\">Serolog\u00eda HBeAg<\/span><\/p><p style=\"font-style: normal;font-weight: 400;font-size: 14px;letter-spacing: normal;color: #333333\"><span style=\"font-weight: bold\">Serolog\u00eda HBsAg<\/span><\/p><p><strong>Serolog\u00eda S\u00edfilis<\/strong><\/p>\t\t\t\t\t\t\t\t<\/div>\n\t\t\t\t<\/div>\n\t\t\t\t\t<\/div>\n\t\t<\/div>\n\t\t\t\t<div class=\"has_ae_slider elementor-column elementor-col-33 elementor-top-column elementor-element elementor-element-f54a513 ae-bg-gallery-type-default\" data-id=\"f54a513\" data-element_type=\"column\" data-e-type=\"column\">\n\t\t\t<div class=\"elementor-widget-wrap elementor-element-populated\">\n\t\t\t\t\t\t<div class=\"elementor-element elementor-element-9afb175 elementor-widget elementor-widget-text-editor\" data-id=\"9afb175\" data-element_type=\"widget\" data-e-type=\"widget\" data-widget_type=\"text-editor.default\">\n\t\t\t\t<div class=\"elementor-widget-container\">\n\t\t\t\t\t\t\t\t\t<p><strong>Serolog\u00eda V<\/strong><\/p><ul><li>Anti-HDV<\/li><\/ul>\t\t\t\t\t\t\t\t<\/div>\n\t\t\t\t<\/div>\n\t\t\t\t\t<\/div>\n\t\t<\/div>\n\t\t\t\t\t<\/div>\n\t\t<\/section>\n\t\t\t\t<section class=\"has_ae_slider elementor-section elementor-top-section elementor-element elementor-element-fc4ddc8 elementor-section-boxed elementor-section-height-default elementor-section-height-default ae-bg-gallery-type-default\" data-id=\"fc4ddc8\" data-element_type=\"section\" data-e-type=\"section\">\n\t\t\t\t\t\t<div class=\"elementor-container elementor-column-gap-default\">\n\t\t\t\t\t<div class=\"has_ae_slider elementor-column elementor-col-100 elementor-top-column elementor-element elementor-element-cc83d13 ae-bg-gallery-type-default\" data-id=\"cc83d13\" data-element_type=\"column\" data-e-type=\"column\">\n\t\t\t<div class=\"elementor-widget-wrap elementor-element-populated\">\n\t\t\t\t\t\t<div class=\"elementor-element elementor-element-91ba076 elementor-widget elementor-widget-text-editor\" data-id=\"91ba076\" data-element_type=\"widget\" data-e-type=\"widget\" data-widget_type=\"text-editor.default\">\n\t\t\t\t<div class=\"elementor-widget-container\">\n\t\t\t\t\t\t\t\t\t<p><strong>Ex\u00e1menes relacionados<\/strong><\/p><p>\u00b9Hepatitis Delta<\/p>\t\t\t\t\t\t\t\t<\/div>\n\t\t\t\t<\/div>\n\t\t\t\t\t<\/div>\n\t\t<\/div>\n\t\t\t\t\t<\/div>\n\t\t<\/section>\n\t\t\t\t<\/div>\n\t\t","protected":false},"excerpt":{"rendered":"<p>Serolog\u00eda Anti-HBc Serolog\u00eda Anti-HBe Serolog\u00eda Anti-HBs Serolog\u00eda Anti-HCV Serolog\u00eda Anti-HIV Serolog\u00eda Anti-HTLV Serolog\u00eda Chagas Serolog\u00eda HBeAg Serolog\u00eda HBsAg Serolog\u00eda S\u00edfilis Serolog\u00eda V Anti-HDV Ex\u00e1menes relacionados \u00b9Hepatitis<span class=\"excerpt-hellip\"> [\u2026]<\/span><\/p>\n","protected":false},"featured_media":17068,"template":"","meta":{"_acf_changed":false},"product_brand":[],"product_cat":[440,442,454,436],"product_tag":[],"class_list":{"0":"post-168878","1":"product","2":"type-product","3":"status-publish","4":"has-post-thumbnail","6":"product_cat-clinico-es","7":"product_cat-ci-es","8":"product_cat-enfermedades-infecciosas","9":"product_cat-ep-es","10":"tm-has-options","12":"first","13":"instock","14":"taxable","15":"shipping-taxable","16":"purchasable","17":"product-type-simple"},"acf":[],"_links":{"self":[{"href":"https:\/\/controllab.com\/es\/wp-json\/wp\/v2\/product\/168878","targetHints":{"allow":["GET"]}}],"collection":[{"href":"https:\/\/controllab.com\/es\/wp-json\/wp\/v2\/product"}],"about":[{"href":"https:\/\/controllab.com\/es\/wp-json\/wp\/v2\/types\/product"}],"version-history":[{"count":4,"href":"https:\/\/controllab.com\/es\/wp-json\/wp\/v2\/product\/168878\/revisions"}],"predecessor-version":[{"id":199130,"href":"https:\/\/controllab.com\/es\/wp-json\/wp\/v2\/product\/168878\/revisions\/199130"}],"wp:featuredmedia":[{"embeddable":true,"href":"https:\/\/controllab.com\/es\/wp-json\/wp\/v2\/media\/17068"}],"wp:attachment":[{"href":"https:\/\/controllab.com\/es\/wp-json\/wp\/v2\/media?parent=168878"}],"wp:term":[{"taxonomy":"product_brand","embeddable":true,"href":"https:\/\/controllab.com\/es\/wp-json\/wp\/v2\/product_brand?post=168878"},{"taxonomy":"product_cat","embeddable":true,"href":"https:\/\/controllab.com\/es\/wp-json\/wp\/v2\/product_cat?post=168878"},{"taxonomy":"product_tag","embeddable":true,"href":"https:\/\/controllab.com\/es\/wp-json\/wp\/v2\/product_tag?post=168878"}],"curies":[{"name":"wp","href":"https:\/\/api.w.org\/{rel}","templated":true}]}}