{"id":169744,"date":"2024-10-11T09:17:03","date_gmt":"2024-10-11T12:17:03","guid":{"rendered":"https:\/\/controllab.com\/?post_type=product&#038;p=169744"},"modified":"2024-10-17T11:44:19","modified_gmt":"2024-10-17T14:44:19","slug":"serologia-hemoterapia","status":"publish","type":"product","link":"https:\/\/controllab.com\/es\/programa\/serologia-hemoterapia\/","title":{"rendered":"Serolog\u00eda Hemoterapia"},"content":{"rendered":"\t\t<div data-elementor-type=\"product-post\" data-elementor-id=\"169744\" class=\"elementor elementor-169744 elementor-169742\" data-elementor-post-type=\"product\">\n\t\t\t\t\t\t<section class=\"has_ae_slider elementor-section elementor-top-section elementor-element elementor-element-f35d108 elementor-section-boxed elementor-section-height-default elementor-section-height-default ae-bg-gallery-type-default\" data-id=\"f35d108\" data-element_type=\"section\" data-e-type=\"section\">\n\t\t\t\t\t\t<div class=\"elementor-container elementor-column-gap-default\">\n\t\t\t\t\t<div class=\"has_ae_slider elementor-column elementor-col-33 elementor-top-column elementor-element elementor-element-90059b7 ae-bg-gallery-type-default\" data-id=\"90059b7\" data-element_type=\"column\" data-e-type=\"column\">\n\t\t\t<div class=\"elementor-widget-wrap elementor-element-populated\">\n\t\t\t\t\t\t<div class=\"elementor-element elementor-element-a68091e elementor-widget elementor-widget-text-editor\" data-id=\"a68091e\" data-element_type=\"widget\" data-e-type=\"widget\" data-widget_type=\"text-editor.default\">\n\t\t\t\t<div class=\"elementor-widget-container\">\n\t\t\t\t\t\t\t\t\t<p><strong>Sorolog\u00eda Anti-HBc\u00a0<\/strong><\/p><p><strong>Sorolog\u00eda Anti-HBs\u00a0<\/strong><\/p><p><strong>Sorolog\u00eda Anti-HCV<\/strong><\/p><p><strong>Sorolog\u00eda Anti-HIV\u00a0<\/strong><\/p>\t\t\t\t\t\t\t\t<\/div>\n\t\t\t\t<\/div>\n\t\t\t\t\t<\/div>\n\t\t<\/div>\n\t\t\t\t<div class=\"has_ae_slider elementor-column elementor-col-33 elementor-top-column elementor-element elementor-element-f7e7e34 ae-bg-gallery-type-default\" data-id=\"f7e7e34\" data-element_type=\"column\" data-e-type=\"column\">\n\t\t\t<div class=\"elementor-widget-wrap elementor-element-populated\">\n\t\t\t\t\t\t<div class=\"elementor-element elementor-element-5ceaed5 elementor-widget elementor-widget-text-editor\" data-id=\"5ceaed5\" data-element_type=\"widget\" data-e-type=\"widget\" data-widget_type=\"text-editor.default\">\n\t\t\t\t<div class=\"elementor-widget-container\">\n\t\t\t\t\t\t\t\t\t<p><strong>Sorolog\u00eda Anti-HTLV\u00a0<\/strong><\/p><p><strong>Sorolog\u00eda Chagas<\/strong><\/p><p><strong>Sorolog\u00eda HBsAg\u00a0<\/strong><\/p><p><strong>Sorolog\u00eda S\u00edfilis<\/strong><\/p>\t\t\t\t\t\t\t\t<\/div>\n\t\t\t\t<\/div>\n\t\t\t\t\t<\/div>\n\t\t<\/div>\n\t\t\t\t<div class=\"has_ae_slider elementor-column elementor-col-33 elementor-top-column elementor-element elementor-element-f54a513 ae-bg-gallery-type-default\" data-id=\"f54a513\" data-element_type=\"column\" data-e-type=\"column\">\n\t\t\t<div class=\"elementor-widget-wrap elementor-element-populated\">\n\t\t\t\t\t\t\t<\/div>\n\t\t<\/div>\n\t\t\t\t\t<\/div>\n\t\t<\/section>\n\t\t\t\t<section class=\"has_ae_slider elementor-section elementor-top-section elementor-element elementor-element-fc4ddc8 elementor-section-boxed elementor-section-height-default elementor-section-height-default ae-bg-gallery-type-default\" data-id=\"fc4ddc8\" data-element_type=\"section\" data-e-type=\"section\">\n\t\t\t\t\t\t<div class=\"elementor-container elementor-column-gap-default\">\n\t\t\t\t\t<div class=\"has_ae_slider elementor-column elementor-col-100 elementor-top-column elementor-element elementor-element-cc83d13 ae-bg-gallery-type-default\" data-id=\"cc83d13\" data-element_type=\"column\" data-e-type=\"column\">\n\t\t\t<div class=\"elementor-widget-wrap elementor-element-populated\">\n\t\t\t\t\t\t<div class=\"elementor-element elementor-element-91ba076 elementor-widget elementor-widget-text-editor\" data-id=\"91ba076\" data-element_type=\"widget\" data-e-type=\"widget\" data-widget_type=\"text-editor.default\">\n\t\t\t\t<div class=\"elementor-widget-container\">\n\t\t\t\t\t\t\t\t\t<p><strong><br \/>Ex\u00e1menes relacionados<\/strong><\/p><p>\u00b9Hepatitis Delta<\/p>\t\t\t\t\t\t\t\t<\/div>\n\t\t\t\t<\/div>\n\t\t\t\t\t<\/div>\n\t\t<\/div>\n\t\t\t\t\t<\/div>\n\t\t<\/section>\n\t\t\t\t<\/div>\n\t\t","protected":false},"excerpt":{"rendered":"<p>Sorolog\u00eda Anti-HBc\u00a0 Sorolog\u00eda Anti-HBs\u00a0 Sorolog\u00eda Anti-HCV Sorolog\u00eda Anti-HIV\u00a0 Sorolog\u00eda Anti-HTLV\u00a0 Sorolog\u00eda Chagas Sorolog\u00eda HBsAg\u00a0 Sorolog\u00eda S\u00edfilis Ex\u00e1menes relacionados \u00b9Hepatitis Delta<\/p>\n","protected":false},"featured_media":17068,"template":"","meta":{"_acf_changed":false},"product_brand":[],"product_cat":[442,454,436,615],"product_tag":[],"class_list":{"0":"post-169744","1":"product","2":"type-product","3":"status-publish","4":"has-post-thumbnail","6":"product_cat-ci-es","7":"product_cat-enfermedades-infecciosas","8":"product_cat-ep-es","9":"product_cat-hemoterapia-es-2","10":"tm-has-options","12":"first","13":"instock","14":"taxable","15":"shipping-taxable","16":"purchasable","17":"product-type-simple"},"acf":[],"_links":{"self":[{"href":"https:\/\/controllab.com\/es\/wp-json\/wp\/v2\/product\/169744","targetHints":{"allow":["GET"]}}],"collection":[{"href":"https:\/\/controllab.com\/es\/wp-json\/wp\/v2\/product"}],"about":[{"href":"https:\/\/controllab.com\/es\/wp-json\/wp\/v2\/types\/product"}],"version-history":[{"count":2,"href":"https:\/\/controllab.com\/es\/wp-json\/wp\/v2\/product\/169744\/revisions"}],"predecessor-version":[{"id":170374,"href":"https:\/\/controllab.com\/es\/wp-json\/wp\/v2\/product\/169744\/revisions\/170374"}],"wp:featuredmedia":[{"embeddable":true,"href":"https:\/\/controllab.com\/es\/wp-json\/wp\/v2\/media\/17068"}],"wp:attachment":[{"href":"https:\/\/controllab.com\/es\/wp-json\/wp\/v2\/media?parent=169744"}],"wp:term":[{"taxonomy":"product_brand","embeddable":true,"href":"https:\/\/controllab.com\/es\/wp-json\/wp\/v2\/product_brand?post=169744"},{"taxonomy":"product_cat","embeddable":true,"href":"https:\/\/controllab.com\/es\/wp-json\/wp\/v2\/product_cat?post=169744"},{"taxonomy":"product_tag","embeddable":true,"href":"https:\/\/controllab.com\/es\/wp-json\/wp\/v2\/product_tag?post=169744"}],"curies":[{"name":"wp","href":"https:\/\/api.w.org\/{rel}","templated":true}]}}