{"id":174120,"date":"2024-12-10T13:25:09","date_gmt":"2024-12-10T16:25:09","guid":{"rendered":"https:\/\/controllab.com\/?post_type=product&#038;p=174120"},"modified":"2025-08-27T14:16:09","modified_gmt":"2025-08-27T17:16:09","slug":"productos-farmaceuticos-no-esteriles","status":"publish","type":"product","link":"https:\/\/controllab.com\/es\/programa\/productos-farmaceuticos-no-esteriles\/","title":{"rendered":"Productos Farmac\u00e9uticos no Est\u00e9riles"},"content":{"rendered":"\t\t<div data-elementor-type=\"product-post\" data-elementor-id=\"174120\" class=\"elementor elementor-174120 elementor-174118\" data-elementor-post-type=\"product\">\n\t\t\t\t<div class=\"has_ae_slider elementor-element elementor-element-586e061 e-flex e-con-boxed ae-bg-gallery-type-default e-con e-parent\" data-id=\"586e061\" data-element_type=\"container\" data-e-type=\"container\">\n\t\t\t\t\t<div class=\"e-con-inner\">\n\t\t\t\t<div class=\"elementor-element elementor-element-d974eb7 elementor-widget elementor-widget-text-editor\" data-id=\"d974eb7\" data-element_type=\"widget\" data-e-type=\"widget\" data-widget_type=\"text-editor.default\">\n\t\t\t\t<div class=\"elementor-widget-container\">\n\t\t\t\t\t\t\t\t\t<p><strong>Estos programas incluyen ensayos destinados al an\u00e1lisis rutinario de cosm\u00e9ticos y medicamentos no est\u00e9riles (uso oral y t\u00f3pico).<\/strong><\/p>\t\t\t\t\t\t\t\t<\/div>\n\t\t\t\t<\/div>\n\t\t\t\t\t<\/div>\n\t\t\t\t<\/div>\n\t\t\t\t<section class=\"has_ae_slider elementor-section elementor-top-section elementor-element elementor-element-e0a2f4d elementor-section-boxed elementor-section-height-default elementor-section-height-default ae-bg-gallery-type-default\" data-id=\"e0a2f4d\" data-element_type=\"section\" data-e-type=\"section\">\n\t\t\t\t\t\t<div class=\"elementor-container elementor-column-gap-default\">\n\t\t\t\t\t<div class=\"has_ae_slider elementor-column elementor-col-50 elementor-top-column elementor-element elementor-element-4b1e159 ae-bg-gallery-type-default\" data-id=\"4b1e159\" data-element_type=\"column\" data-e-type=\"column\">\n\t\t\t<div class=\"elementor-widget-wrap elementor-element-populated\">\n\t\t\t\t\t\t<div class=\"elementor-element elementor-element-e386ea9 elementor-widget elementor-widget-text-editor\" data-id=\"e386ea9\" data-element_type=\"widget\" data-e-type=\"widget\" data-widget_type=\"text-editor.default\">\n\t\t\t\t<div class=\"elementor-widget-container\">\n\t\t\t\t\t\t\t\t\t<p><strong>Productos Farmac\u00e9uticos no Est\u00e9riles I:<\/strong><\/p><p>Cuenta de:<\/p><ul><li>Microorganismos mes\u00f3filos aerobios totales.<\/li><li>Bacterias Mes\u00f3filas Aerobias Viables.<\/li><\/ul><p>Investigaci\u00f3n de:<\/p><ul><li>Bacterias Gram Negativas Tolerantes a la Bilis.<\/li><li>Coliformes Totales.<\/li><li>Coliformes Fecais.<\/li><li><em>Escherichia coli.<\/em><\/li><li><em>Salmonella<\/em> sp.<\/li><li><em>Pseudomonas aeruginosa.<\/em><\/li><\/ul>\t\t\t\t\t\t\t\t<\/div>\n\t\t\t\t<\/div>\n\t\t\t\t\t<\/div>\n\t\t<\/div>\n\t\t\t\t<div class=\"has_ae_slider elementor-column elementor-col-50 elementor-top-column elementor-element elementor-element-29692f0 ae-bg-gallery-type-default\" data-id=\"29692f0\" data-element_type=\"column\" data-e-type=\"column\">\n\t\t\t<div class=\"elementor-widget-wrap elementor-element-populated\">\n\t\t\t\t\t\t<div class=\"elementor-element elementor-element-baa524e elementor-widget elementor-widget-text-editor\" data-id=\"baa524e\" data-element_type=\"widget\" data-e-type=\"widget\" data-widget_type=\"text-editor.default\">\n\t\t\t\t<div class=\"elementor-widget-container\">\n\t\t\t\t\t\t\t\t\t<p><strong>Productos Farmac\u00e9uticos no Est\u00e9riles II:<\/strong><\/p><p>Cuenta de:<\/p><ul><li>Mohos y Levaduras.<\/li><\/ul><p>Investigaci\u00f3n de:<\/p><ul><li>Candida albicans.<\/li><li>Clostr\u00eddios.<\/li><li>Clostr\u00eddios Sulfito Redutores.<\/li><li><em>Clostridium perfringens.<\/em><\/li><li><em>Staphylococcus aureus<\/em>.<\/li><\/ul>\t\t\t\t\t\t\t\t<\/div>\n\t\t\t\t<\/div>\n\t\t\t\t\t<\/div>\n\t\t<\/div>\n\t\t\t\t\t<\/div>\n\t\t<\/section>\n\t\t\t\t<\/div>\n\t\t","protected":false},"excerpt":{"rendered":"<p>Estos programas incluyen ensayos destinados al an\u00e1lisis rutinario de cosm\u00e9ticos y medicamentos no est\u00e9riles (uso oral y t\u00f3pico). Productos Farmac\u00e9uticos no Est\u00e9riles I: Cuenta de: Microorganismos<span class=\"excerpt-hellip\"> [\u2026]<\/span><\/p>\n","protected":false},"featured_media":174160,"template":"","meta":{"_acf_changed":false},"product_brand":[],"product_cat":[436,520,648,1707],"product_tag":[],"class_list":{"0":"post-174120","1":"product","2":"type-product","3":"status-publish","4":"has-post-thumbnail","6":"product_cat-ep-es","7":"product_cat-microbiologia-es-2","8":"product_cat-microbiologico","9":"product_cat-productos-farmaceuticos","10":"tm-has-options","12":"first","13":"instock","14":"taxable","15":"shipping-taxable","16":"purchasable","17":"product-type-simple"},"acf":[],"_links":{"self":[{"href":"https:\/\/controllab.com\/es\/wp-json\/wp\/v2\/product\/174120","targetHints":{"allow":["GET"]}}],"collection":[{"href":"https:\/\/controllab.com\/es\/wp-json\/wp\/v2\/product"}],"about":[{"href":"https:\/\/controllab.com\/es\/wp-json\/wp\/v2\/types\/product"}],"version-history":[{"count":4,"href":"https:\/\/controllab.com\/es\/wp-json\/wp\/v2\/product\/174120\/revisions"}],"predecessor-version":[{"id":194216,"href":"https:\/\/controllab.com\/es\/wp-json\/wp\/v2\/product\/174120\/revisions\/194216"}],"wp:featuredmedia":[{"embeddable":true,"href":"https:\/\/controllab.com\/es\/wp-json\/wp\/v2\/media\/174160"}],"wp:attachment":[{"href":"https:\/\/controllab.com\/es\/wp-json\/wp\/v2\/media?parent=174120"}],"wp:term":[{"taxonomy":"product_brand","embeddable":true,"href":"https:\/\/controllab.com\/es\/wp-json\/wp\/v2\/product_brand?post=174120"},{"taxonomy":"product_cat","embeddable":true,"href":"https:\/\/controllab.com\/es\/wp-json\/wp\/v2\/product_cat?post=174120"},{"taxonomy":"product_tag","embeddable":true,"href":"https:\/\/controllab.com\/es\/wp-json\/wp\/v2\/product_tag?post=174120"}],"curies":[{"name":"wp","href":"https:\/\/api.w.org\/{rel}","templated":true}]}}