{"id":17612,"date":"2021-01-07T09:43:32","date_gmt":"2021-01-07T12:43:32","guid":{"rendered":"https:\/\/controllab.com\/?post_type=product&#038;p=17612"},"modified":"2024-04-16T14:15:35","modified_gmt":"2024-04-16T17:15:35","slug":"bioquimica-liquido-amniotico","status":"publish","type":"product","link":"https:\/\/controllab.com\/es\/programa\/bioquimica-liquido-amniotico\/","title":{"rendered":"Bioqu\u00edmica &#8211; L\u00edquido Amni\u00f3tico"},"content":{"rendered":"\t\t<div data-elementor-type=\"product-post\" data-elementor-id=\"17612\" class=\"elementor elementor-17612 elementor-17610\" data-elementor-post-type=\"product\">\n\t\t\t\t\t\t<section class=\"has_ae_slider elementor-section elementor-top-section elementor-element elementor-element-f35d108 elementor-section-boxed elementor-section-height-default elementor-section-height-default ae-bg-gallery-type-default\" data-id=\"f35d108\" data-element_type=\"section\" data-e-type=\"section\">\n\t\t\t\t\t\t<div class=\"elementor-container elementor-column-gap-default\">\n\t\t\t\t\t<div class=\"has_ae_slider elementor-column elementor-col-100 elementor-top-column elementor-element elementor-element-90059b7 ae-bg-gallery-type-default\" data-id=\"90059b7\" data-element_type=\"column\" data-e-type=\"column\">\n\t\t\t<div class=\"elementor-widget-wrap elementor-element-populated\">\n\t\t\t\t\t\t<div class=\"elementor-element elementor-element-4401966 elementor-widget elementor-widget-text-editor\" data-id=\"4401966\" data-element_type=\"widget\" data-e-type=\"widget\" data-widget_type=\"text-editor.default\">\n\t\t\t\t<div class=\"elementor-widget-container\">\n\t\t\t\t\t\t\t\t\t<ul>\r\n \t<li>\u00c1cido \u00darico<\/li>\r\n \t<li>Alb\u00famina<\/li>\r\n \t<li>Amilasa<\/li>\r\n \t<li>Beta-HCG<\/li>\r\n \t<li>Bilirrubina total<\/li>\r\n \t<li>Calcio i\u00f3nico<\/li>\r\n \t<li>Calcio total<\/li>\r\n \t<li>Cloruros<\/li>\r\n \t<li>Creatinina<\/li>\r\n \t<li>Fosfatasa Alcalina<\/li>\r\n \t<li>gGT<\/li>\r\n \t<li>Glucosa<\/li>\r\n \t<li>LDH<\/li>\r\n \t<li>Magnesio<\/li>\r\n \t<li>Osmolalidad<\/li>\r\n \t<li>pH<\/li>\r\n \t<li>Potasio<\/li>\r\n \t<li>progesterona<\/li>\r\n \t<li>Prote\u00ednas Totales<\/li>\r\n \t<li>Sodio<\/li>\r\n \t<li>Testosterona total<\/li>\r\n \t<li>Urea<\/li>\r\n \t<li>Zinc<\/li>\r\n<\/ul>\t\t\t\t\t\t\t\t<\/div>\n\t\t\t\t<\/div>\n\t\t\t\t\t<\/div>\n\t\t<\/div>\n\t\t\t\t\t<\/div>\n\t\t<\/section>\n\t\t\t\t<\/div>\n\t\t","protected":false},"excerpt":{"rendered":"<p>\u00c1cido \u00darico Alb\u00famina Amilasa Beta-HCG Bilirrubina total Calcio i\u00f3nico Calcio total Cloruros Creatinina Fosfatasa Alcalina gGT Glucosa LDH Magnesio Osmolalidad pH Potasio progesterona Prote\u00ednas Totales Sodio<span class=\"excerpt-hellip\"> [\u2026]<\/span><\/p>\n","protected":false},"featured_media":25971,"template":"","meta":{"_acf_changed":false},"product_brand":[],"product_cat":[440,436,530],"product_tag":[],"class_list":{"0":"post-17612","1":"product","2":"type-product","3":"status-publish","4":"has-post-thumbnail","6":"product_cat-clinico-es","7":"product_cat-ep-es","8":"product_cat-medicina-materno-fetal-es-2","9":"tm-has-options","11":"first","12":"instock","13":"taxable","14":"shipping-taxable","15":"purchasable","16":"product-type-simple"},"acf":[],"_links":{"self":[{"href":"https:\/\/controllab.com\/es\/wp-json\/wp\/v2\/product\/17612","targetHints":{"allow":["GET"]}}],"collection":[{"href":"https:\/\/controllab.com\/es\/wp-json\/wp\/v2\/product"}],"about":[{"href":"https:\/\/controllab.com\/es\/wp-json\/wp\/v2\/types\/product"}],"version-history":[{"count":0,"href":"https:\/\/controllab.com\/es\/wp-json\/wp\/v2\/product\/17612\/revisions"}],"wp:featuredmedia":[{"embeddable":true,"href":"https:\/\/controllab.com\/es\/wp-json\/wp\/v2\/media\/25971"}],"wp:attachment":[{"href":"https:\/\/controllab.com\/es\/wp-json\/wp\/v2\/media?parent=17612"}],"wp:term":[{"taxonomy":"product_brand","embeddable":true,"href":"https:\/\/controllab.com\/es\/wp-json\/wp\/v2\/product_brand?post=17612"},{"taxonomy":"product_cat","embeddable":true,"href":"https:\/\/controllab.com\/es\/wp-json\/wp\/v2\/product_cat?post=17612"},{"taxonomy":"product_tag","embeddable":true,"href":"https:\/\/controllab.com\/es\/wp-json\/wp\/v2\/product_tag?post=17612"}],"curies":[{"name":"wp","href":"https:\/\/api.w.org\/{rel}","templated":true}]}}