{"id":17815,"date":"2021-01-07T10:37:29","date_gmt":"2021-01-07T13:37:29","guid":{"rendered":"https:\/\/controllab.com\/?post_type=product&#038;p=17815"},"modified":"2026-05-08T16:20:17","modified_gmt":"2026-05-08T19:20:17","slug":"citometria-de-flujo-hpn","status":"publish","type":"product","link":"https:\/\/controllab.com\/es\/programa\/citometria-de-flujo-hpn\/","title":{"rendered":"Citometr\u00eda de Flujo &#8211; HPN"},"content":{"rendered":"\t\t<div data-elementor-type=\"product-post\" data-elementor-id=\"17815\" class=\"elementor elementor-17815 elementor-17813\" data-elementor-post-type=\"product\">\n\t\t\t\t\t\t<section class=\"elementor-section elementor-top-section elementor-element elementor-element-f35d108 elementor-section-boxed elementor-section-height-default elementor-section-height-default\" data-id=\"f35d108\" data-element_type=\"section\" data-e-type=\"section\">\n\t\t\t\t\t\t<div class=\"elementor-container elementor-column-gap-default\">\n\t\t\t\t\t<div class=\"elementor-column elementor-col-100 elementor-top-column elementor-element elementor-element-90059b7\" data-id=\"90059b7\" data-element_type=\"column\" data-e-type=\"column\">\n\t\t\t<div class=\"elementor-widget-wrap elementor-element-populated\">\n\t\t\t\t\t\t<div class=\"elementor-element elementor-element-4401966 elementor-widget elementor-widget-text-editor\" data-id=\"4401966\" data-element_type=\"widget\" data-e-type=\"widget\" data-widget_type=\"text-editor.default\">\n\t\t\t\t<div class=\"elementor-widget-container\">\n\t\t\t\t\t\t\t\t\t<ul><li data-section-id=\"mbvpg9\" data-start=\"342\" data-end=\"380\">Clon HPN: Poblaci\u00f3n de Eritrocitos<\/li><li data-section-id=\"1pgiw1i\" data-start=\"381\" data-end=\"430\">Identificaci\u00f3n de la Poblaci\u00f3n de Eritrocitos<\/li><li data-section-id=\"1n7rq82\" data-start=\"431\" data-end=\"478\">Identificaci\u00f3n de la Poblaci\u00f3n de Monocitos<\/li><li data-section-id=\"cltu6v\" data-start=\"479\" data-end=\"528\">Identificaci\u00f3n de la Poblaci\u00f3n de Neutr\u00f3filos<\/li><li data-section-id=\"dhjjj5\" data-start=\"529\" data-end=\"584\">Identificaci\u00f3n del Clon HPN: Poblaci\u00f3n de Monocitos<\/li><li data-section-id=\"nezvsk\" data-start=\"585\" data-end=\"640\" data-is-last-node=\"\">Identificaci\u00f3n del Clon HPN: Poblaci\u00f3n de Neutr\u00f3filos<\/li><\/ul>\t\t\t\t\t\t\t\t<\/div>\n\t\t\t\t<\/div>\n\t\t\t\t\t<\/div>\n\t\t<\/div>\n\t\t\t\t\t<\/div>\n\t\t<\/section>\n\t\t\t\t<\/div>\n\t\t","protected":false},"excerpt":{"rendered":"<p>Clon HPN: Poblaci\u00f3n de Eritrocitos Identificaci\u00f3n de la Poblaci\u00f3n de Eritrocitos Identificaci\u00f3n de la Poblaci\u00f3n de Monocitos Identificaci\u00f3n de la Poblaci\u00f3n de Neutr\u00f3filos Identificaci\u00f3n del Clon<span class=\"excerpt-hellip\"> [\u2026]<\/span><\/p>\n","protected":false},"featured_media":19345,"template":"","meta":{"_acf_changed":false},"product_brand":[],"product_cat":[450,440,436],"product_tag":[],"class_list":{"0":"post-17815","1":"product","2":"type-product","3":"status-publish","4":"has-post-thumbnail","6":"product_cat-citometria-de-flujo","7":"product_cat-clinico-es","8":"product_cat-ep-es","9":"tm-has-options","11":"first","12":"instock","13":"taxable","14":"shipping-taxable","15":"purchasable","16":"product-type-simple"},"acf":[],"_links":{"self":[{"href":"https:\/\/controllab.com\/es\/wp-json\/wp\/v2\/product\/17815","targetHints":{"allow":["GET"]}}],"collection":[{"href":"https:\/\/controllab.com\/es\/wp-json\/wp\/v2\/product"}],"about":[{"href":"https:\/\/controllab.com\/es\/wp-json\/wp\/v2\/types\/product"}],"version-history":[{"count":3,"href":"https:\/\/controllab.com\/es\/wp-json\/wp\/v2\/product\/17815\/revisions"}],"predecessor-version":[{"id":213052,"href":"https:\/\/controllab.com\/es\/wp-json\/wp\/v2\/product\/17815\/revisions\/213052"}],"wp:featuredmedia":[{"embeddable":true,"href":"https:\/\/controllab.com\/es\/wp-json\/wp\/v2\/media\/19345"}],"wp:attachment":[{"href":"https:\/\/controllab.com\/es\/wp-json\/wp\/v2\/media?parent=17815"}],"wp:term":[{"taxonomy":"product_brand","embeddable":true,"href":"https:\/\/controllab.com\/es\/wp-json\/wp\/v2\/product_brand?post=17815"},{"taxonomy":"product_cat","embeddable":true,"href":"https:\/\/controllab.com\/es\/wp-json\/wp\/v2\/product_cat?post=17815"},{"taxonomy":"product_tag","embeddable":true,"href":"https:\/\/controllab.com\/es\/wp-json\/wp\/v2\/product_tag?post=17815"}],"curies":[{"name":"wp","href":"https:\/\/api.w.org\/{rel}","templated":true}]}}