{"id":17974,"date":"2021-01-07T11:38:55","date_gmt":"2021-01-07T14:38:55","guid":{"rendered":"https:\/\/controllab.com\/?post_type=product&#038;p=17974"},"modified":"2025-12-02T14:33:14","modified_gmt":"2025-12-02T17:33:14","slug":"tromboelastograma","status":"publish","type":"product","link":"https:\/\/controllab.com\/es\/programa\/tromboelastograma\/","title":{"rendered":"Tromboelastograma"},"content":{"rendered":"\t\t<div data-elementor-type=\"product-post\" data-elementor-id=\"17974\" class=\"elementor elementor-17974 elementor-17972\" data-elementor-post-type=\"product\">\n\t\t\t\t\t\t<section class=\"elementor-section elementor-top-section elementor-element elementor-element-f35d108 elementor-section-boxed elementor-section-height-default elementor-section-height-default\" data-id=\"f35d108\" data-element_type=\"section\" data-e-type=\"section\">\n\t\t\t\t\t\t<div class=\"elementor-container elementor-column-gap-default\">\n\t\t\t\t\t<div class=\"elementor-column elementor-col-100 elementor-top-column elementor-element elementor-element-90059b7\" data-id=\"90059b7\" data-element_type=\"column\" data-e-type=\"column\">\n\t\t\t<div class=\"elementor-widget-wrap elementor-element-populated\">\n\t\t\t\t\t\t<div class=\"elementor-element elementor-element-4401966 elementor-widget elementor-widget-text-editor\" data-id=\"4401966\" data-element_type=\"widget\" data-e-type=\"widget\" data-widget_type=\"text-editor.default\">\n\t\t\t\t<div class=\"elementor-widget-container\">\n\t\t\t\t\t\t\t\t\t<p data-start=\"41\" data-end=\"138\"><strong data-start=\"41\" data-end=\"138\">Programa compatible con todas las metodolog\u00edas utilizadas en el examen de tromboelastograf\u00eda.<\/strong><\/p><p data-start=\"140\" data-end=\"164\"><strong data-start=\"140\" data-end=\"164\">Ensayos disponibles:<\/strong><\/p><ul data-start=\"165\" data-end=\"332\"><li data-start=\"165\" data-end=\"185\"><p data-start=\"167\" data-end=\"185\">Amplitud 10 (mm)<\/p><\/li><li data-start=\"186\" data-end=\"205\"><p data-start=\"188\" data-end=\"205\">\u00c1ngulo alfa (\u00b0)<\/p><\/li><li data-start=\"206\" data-end=\"241\"><p data-start=\"208\" data-end=\"241\">Firmeza M\u00e1xima del Co\u00e1gulo (mm)<\/p><\/li><li data-start=\"242\" data-end=\"262\"><p data-start=\"244\" data-end=\"262\">Lisis M\u00e1xima (%)<\/p><\/li><li data-start=\"263\" data-end=\"292\"><p data-start=\"265\" data-end=\"292\">Tiempo de Coagulaci\u00f3n (s)<\/p><\/li><li data-start=\"293\" data-end=\"332\"><p data-start=\"295\" data-end=\"332\">Tiempo de Formaci\u00f3n del Co\u00e1gulo (s)<\/p><\/li><\/ul>\t\t\t\t\t\t\t\t<\/div>\n\t\t\t\t<\/div>\n\t\t\t\t\t<\/div>\n\t\t<\/div>\n\t\t\t\t\t<\/div>\n\t\t<\/section>\n\t\t\t\t<\/div>\n\t\t","protected":false},"excerpt":{"rendered":"<p>Programa compatible con todas las metodolog\u00edas utilizadas en el examen de tromboelastograf\u00eda. Ensayos disponibles: Amplitud 10 (mm) \u00c1ngulo alfa (\u00b0) Firmeza M\u00e1xima del Co\u00e1gulo (mm) Lisis<span class=\"excerpt-hellip\"> [\u2026]<\/span><\/p>\n","protected":false},"featured_media":5369,"template":"","meta":{"_acf_changed":false},"product_brand":[],"product_cat":[440,518,436],"product_tag":[],"class_list":{"0":"post-17974","1":"product","2":"type-product","3":"status-publish","4":"has-post-thumbnail","6":"product_cat-clinico-es","7":"product_cat-coagulacion-hemostasia","8":"product_cat-ep-es","9":"tm-has-options","11":"first","12":"instock","13":"taxable","14":"shipping-taxable","15":"purchasable","16":"product-type-simple"},"acf":[],"_links":{"self":[{"href":"https:\/\/controllab.com\/es\/wp-json\/wp\/v2\/product\/17974","targetHints":{"allow":["GET"]}}],"collection":[{"href":"https:\/\/controllab.com\/es\/wp-json\/wp\/v2\/product"}],"about":[{"href":"https:\/\/controllab.com\/es\/wp-json\/wp\/v2\/types\/product"}],"version-history":[{"count":4,"href":"https:\/\/controllab.com\/es\/wp-json\/wp\/v2\/product\/17974\/revisions"}],"predecessor-version":[{"id":204856,"href":"https:\/\/controllab.com\/es\/wp-json\/wp\/v2\/product\/17974\/revisions\/204856"}],"wp:featuredmedia":[{"embeddable":true,"href":"https:\/\/controllab.com\/es\/wp-json\/wp\/v2\/media\/5369"}],"wp:attachment":[{"href":"https:\/\/controllab.com\/es\/wp-json\/wp\/v2\/media?parent=17974"}],"wp:term":[{"taxonomy":"product_brand","embeddable":true,"href":"https:\/\/controllab.com\/es\/wp-json\/wp\/v2\/product_brand?post=17974"},{"taxonomy":"product_cat","embeddable":true,"href":"https:\/\/controllab.com\/es\/wp-json\/wp\/v2\/product_cat?post=17974"},{"taxonomy":"product_tag","embeddable":true,"href":"https:\/\/controllab.com\/es\/wp-json\/wp\/v2\/product_tag?post=17974"}],"curies":[{"name":"wp","href":"https:\/\/api.w.org\/{rel}","templated":true}]}}