{"id":186491,"date":"2025-05-13T09:32:40","date_gmt":"2025-05-13T12:32:40","guid":{"rendered":"https:\/\/controllab.com\/?post_type=product&#038;p=186491"},"modified":"2025-05-14T16:38:00","modified_gmt":"2025-05-14T19:38:00","slug":"electroforesis-de-proteinas-fluidos-cavitarios","status":"publish","type":"product","link":"https:\/\/controllab.com\/es\/programa\/electroforesis-de-proteinas-fluidos-cavitarios\/","title":{"rendered":"Electroforesis de Prote\u00ednas &#8211; Fluidos Cavitarios"},"content":{"rendered":"\t\t<div data-elementor-type=\"product-post\" data-elementor-id=\"186491\" class=\"elementor elementor-186491 elementor-186314\" data-elementor-post-type=\"product\">\n\t\t\t\t\t\t<section class=\"has_ae_slider elementor-section elementor-top-section elementor-element elementor-element-f35d108 elementor-section-boxed elementor-section-height-default elementor-section-height-default ae-bg-gallery-type-default\" data-id=\"f35d108\" data-element_type=\"section\" data-e-type=\"section\">\n\t\t\t\t\t\t<div class=\"elementor-container elementor-column-gap-default\">\n\t\t\t\t\t<div class=\"has_ae_slider elementor-column elementor-col-33 elementor-top-column elementor-element elementor-element-90059b7 ae-bg-gallery-type-default\" data-id=\"90059b7\" data-element_type=\"column\" data-e-type=\"column\">\n\t\t\t<div class=\"elementor-widget-wrap elementor-element-populated\">\n\t\t\t\t\t\t<div class=\"elementor-element elementor-element-2fe68ed elementor-widget elementor-widget-text-editor\" data-id=\"2fe68ed\" data-element_type=\"widget\" data-e-type=\"widget\" data-widget_type=\"text-editor.default\">\n\t\t\t\t<div class=\"elementor-widget-container\">\n\t\t\t\t\t\t\t\t\t<p><strong>Electroforesis de prote\u00ednas<\/strong><\/p><ul><li>Alb\u00famina<\/li><li>Alb\u00famina (Dosis)<\/li><li>Alfa I<\/li><li>Alfa II<\/li><li>Beta<\/li><li>Beta I<\/li><li>Beta II<\/li><li>Gamma<\/li><li>Prealb\u00famina<\/li><li>Prote\u00ednas totales (Dosis)<\/li><\/ul>\t\t\t\t\t\t\t\t<\/div>\n\t\t\t\t<\/div>\n\t\t\t\t\t<\/div>\n\t\t<\/div>\n\t\t\t\t<div class=\"has_ae_slider elementor-column elementor-col-33 elementor-top-column elementor-element elementor-element-09dd29b ae-bg-gallery-type-default\" data-id=\"09dd29b\" data-element_type=\"column\" data-e-type=\"column\">\n\t\t\t<div class=\"elementor-widget-wrap elementor-element-populated\">\n\t\t\t\t\t\t\t<\/div>\n\t\t<\/div>\n\t\t\t\t<div class=\"has_ae_slider elementor-column elementor-col-33 elementor-top-column elementor-element elementor-element-083ed47 ae-bg-gallery-type-default\" data-id=\"083ed47\" data-element_type=\"column\" data-e-type=\"column\">\n\t\t\t<div class=\"elementor-widget-wrap elementor-element-populated\">\n\t\t\t\t\t\t\t<\/div>\n\t\t<\/div>\n\t\t\t\t\t<\/div>\n\t\t<\/section>\n\t\t\t\t<\/div>\n\t\t","protected":false},"excerpt":{"rendered":"<p>Electroforesis de prote\u00ednas Alb\u00famina Alb\u00famina (Dosis) Alfa I Alfa II Beta Beta I Beta II Gamma Prealb\u00famina Prote\u00ednas totales (Dosis)<\/p>\n","protected":false},"featured_media":186382,"template":"","meta":{"_acf_changed":false},"product_brand":[],"product_cat":[440,436,1632,498],"product_tag":[],"class_list":{"0":"post-186491","1":"product","2":"type-product","3":"status-publish","4":"has-post-thumbnail","6":"product_cat-clinico-es","7":"product_cat-ep-es","8":"product_cat-lanzamientos","9":"product_cat-liquidos-corporales","10":"tm-has-options","12":"first","13":"instock","14":"taxable","15":"shipping-taxable","16":"purchasable","17":"product-type-simple"},"acf":[],"_links":{"self":[{"href":"https:\/\/controllab.com\/es\/wp-json\/wp\/v2\/product\/186491","targetHints":{"allow":["GET"]}}],"collection":[{"href":"https:\/\/controllab.com\/es\/wp-json\/wp\/v2\/product"}],"about":[{"href":"https:\/\/controllab.com\/es\/wp-json\/wp\/v2\/types\/product"}],"version-history":[{"count":4,"href":"https:\/\/controllab.com\/es\/wp-json\/wp\/v2\/product\/186491\/revisions"}],"predecessor-version":[{"id":186584,"href":"https:\/\/controllab.com\/es\/wp-json\/wp\/v2\/product\/186491\/revisions\/186584"}],"wp:featuredmedia":[{"embeddable":true,"href":"https:\/\/controllab.com\/es\/wp-json\/wp\/v2\/media\/186382"}],"wp:attachment":[{"href":"https:\/\/controllab.com\/es\/wp-json\/wp\/v2\/media?parent=186491"}],"wp:term":[{"taxonomy":"product_brand","embeddable":true,"href":"https:\/\/controllab.com\/es\/wp-json\/wp\/v2\/product_brand?post=186491"},{"taxonomy":"product_cat","embeddable":true,"href":"https:\/\/controllab.com\/es\/wp-json\/wp\/v2\/product_cat?post=186491"},{"taxonomy":"product_tag","embeddable":true,"href":"https:\/\/controllab.com\/es\/wp-json\/wp\/v2\/product_tag?post=186491"}],"curies":[{"name":"wp","href":"https:\/\/api.w.org\/{rel}","templated":true}]}}