{"id":18908,"date":"2021-01-08T11:09:07","date_gmt":"2021-01-08T14:09:07","guid":{"rendered":"https:\/\/controllab.com\/?post_type=product&#038;p=18908"},"modified":"2026-01-19T17:17:08","modified_gmt":"2026-01-19T20:17:08","slug":"chlamydia-trachomatis-inmunologia","status":"publish","type":"product","link":"https:\/\/controllab.com\/es\/programa\/chlamydia-trachomatis-inmunologia\/","title":{"rendered":"Chlamydia &#8211; Inmunolog\u00eda"},"content":{"rendered":"\t\t<div data-elementor-type=\"product-post\" data-elementor-id=\"18908\" class=\"elementor elementor-18908 elementor-18906\" data-elementor-post-type=\"product\">\n\t\t\t\t\t\t<section class=\"has_ae_slider elementor-section elementor-top-section elementor-element elementor-element-f35d108 elementor-section-boxed elementor-section-height-default elementor-section-height-default ae-bg-gallery-type-default\" data-id=\"f35d108\" data-element_type=\"section\" data-e-type=\"section\">\n\t\t\t\t\t\t<div class=\"elementor-container elementor-column-gap-default\">\n\t\t\t\t\t<div class=\"has_ae_slider elementor-column elementor-col-100 elementor-top-column elementor-element elementor-element-90059b7 ae-bg-gallery-type-default\" data-id=\"90059b7\" data-element_type=\"column\" data-e-type=\"column\">\n\t\t\t<div class=\"elementor-widget-wrap elementor-element-populated\">\n\t\t\t\t\t\t<div class=\"elementor-element elementor-element-4401966 elementor-widget elementor-widget-text-editor\" data-id=\"4401966\" data-element_type=\"widget\" data-e-type=\"widget\" data-widget_type=\"text-editor.default\">\n\t\t\t\t<div class=\"elementor-widget-container\">\n\t\t\t\t\t\t\t\t\t<ul><li>Chlamydia psittaci IgG<\/li><li>Chlamydia psittaci IgM<\/li><li>Chlamydia psittaci IgA<\/li><li>Chlamydia pneumoniae IgG<\/li><li>Chlamydia pneumoniae IgM<\/li><li>Chlamydia pneumoniae IgA<\/li><li>Chlamydia spp. Total<\/li><li>Chlamydia spp. IgG<\/li><li>Chlamydia spp. IgM<\/li><li>Chlamydia spp. IgA<\/li><li>Chlamydia trachomatis IgG<\/li><li>Chlamydia trachomatis IgM<\/li><li>Chlamydia trachomatis IgA<\/li><\/ul>\t\t\t\t\t\t\t\t<\/div>\n\t\t\t\t<\/div>\n\t\t\t\t\t<\/div>\n\t\t<\/div>\n\t\t\t\t\t<\/div>\n\t\t<\/section>\n\t\t\t\t<\/div>\n\t\t","protected":false},"excerpt":{"rendered":"<p>Clam\u00eddia IgG Clam\u00eddia IgM Clam\u00eddia IgA<\/p>\n","protected":false},"featured_media":19386,"template":"","meta":{"_acf_changed":false},"product_brand":[],"product_cat":[440,442,454,436],"product_tag":[],"class_list":{"0":"post-18908","1":"product","2":"type-product","3":"status-publish","4":"has-post-thumbnail","6":"product_cat-clinico-es","7":"product_cat-ci-es","8":"product_cat-enfermedades-infecciosas","9":"product_cat-ep-es","10":"tm-has-options","12":"first","13":"instock","14":"taxable","15":"shipping-taxable","16":"purchasable","17":"product-type-simple"},"acf":[],"_links":{"self":[{"href":"https:\/\/controllab.com\/es\/wp-json\/wp\/v2\/product\/18908","targetHints":{"allow":["GET"]}}],"collection":[{"href":"https:\/\/controllab.com\/es\/wp-json\/wp\/v2\/product"}],"about":[{"href":"https:\/\/controllab.com\/es\/wp-json\/wp\/v2\/types\/product"}],"version-history":[{"count":4,"href":"https:\/\/controllab.com\/es\/wp-json\/wp\/v2\/product\/18908\/revisions"}],"predecessor-version":[{"id":207074,"href":"https:\/\/controllab.com\/es\/wp-json\/wp\/v2\/product\/18908\/revisions\/207074"}],"wp:featuredmedia":[{"embeddable":true,"href":"https:\/\/controllab.com\/es\/wp-json\/wp\/v2\/media\/19386"}],"wp:attachment":[{"href":"https:\/\/controllab.com\/es\/wp-json\/wp\/v2\/media?parent=18908"}],"wp:term":[{"taxonomy":"product_brand","embeddable":true,"href":"https:\/\/controllab.com\/es\/wp-json\/wp\/v2\/product_brand?post=18908"},{"taxonomy":"product_cat","embeddable":true,"href":"https:\/\/controllab.com\/es\/wp-json\/wp\/v2\/product_cat?post=18908"},{"taxonomy":"product_tag","embeddable":true,"href":"https:\/\/controllab.com\/es\/wp-json\/wp\/v2\/product_tag?post=18908"}],"curies":[{"name":"wp","href":"https:\/\/api.w.org\/{rel}","templated":true}]}}