{"id":1942,"date":"2020-11-26T10:15:59","date_gmt":"2020-11-26T13:15:59","guid":{"rendered":"https:\/\/controllab.com\/?post_type=product&#038;p=1942"},"modified":"2024-11-25T16:34:53","modified_gmt":"2024-11-25T19:34:53","slug":"drogas-de-abuso-orina-tdr","status":"publish","type":"product","link":"https:\/\/controllab.com\/es\/programa\/drogas-de-abuso-orina-tdr\/","title":{"rendered":"POCT Drogas de Abuso: Orina"},"content":{"rendered":"\t\t<div data-elementor-type=\"product-post\" data-elementor-id=\"1942\" class=\"elementor elementor-1942 elementor-1940\" data-elementor-post-type=\"product\">\n\t\t\t\t\t\t<section class=\"has_ae_slider elementor-section elementor-top-section elementor-element elementor-element-f35d108 elementor-section-boxed elementor-section-height-default elementor-section-height-default ae-bg-gallery-type-default\" data-id=\"f35d108\" data-element_type=\"section\" data-e-type=\"section\">\n\t\t\t\t\t\t<div class=\"elementor-container elementor-column-gap-default\">\n\t\t\t\t\t<div class=\"has_ae_slider elementor-column elementor-col-100 elementor-top-column elementor-element elementor-element-90059b7 ae-bg-gallery-type-default\" data-id=\"90059b7\" data-element_type=\"column\" data-e-type=\"column\">\n\t\t\t<div class=\"elementor-widget-wrap elementor-element-populated\">\n\t\t\t\t\t\t<div class=\"elementor-element elementor-element-4401966 elementor-widget elementor-widget-text-editor\" data-id=\"4401966\" data-element_type=\"widget\" data-e-type=\"widget\" data-widget_type=\"text-editor.default\">\n\t\t\t\t<div class=\"elementor-widget-container\">\n\t\t\t\t\t\t\t\t\t<ul><li>Anfetamina<\/li><li>Anfetamina\/Meth<\/li><li>Antidepresivo tric\u00edclico<\/li><li>Barbit\u00faricos<\/li><li>Benzodiazepinas<\/li><li>Coca\u00edna<\/li><li>\u00c9xtasis (MDMA)<\/li><li>Fenciclidina (PCP)<\/li><li>Marihuana (THC carbox\u00edlico)<\/li><li>Metacualona<\/li><li>Metadona<\/li><li>Metanfetamina<\/li><li>Morfina<\/li><li>Opi\u00e1ceos<\/li><li>Oxicodona<\/li><li>Paracetamol<\/li><li>Propoxifeno <\/li><\/ul>\t\t\t\t\t\t\t\t<\/div>\n\t\t\t\t<\/div>\n\t\t\t\t\t<\/div>\n\t\t<\/div>\n\t\t\t\t\t<\/div>\n\t\t<\/section>\n\t\t\t\t<\/div>\n\t\t","protected":false},"excerpt":{"rendered":"<p>Anfetamina Anfetamina\/Meth Antidepresivo tric\u00edclico Barbit\u00faricos Benzodiazepinas Coca\u00edna \u00c9xtasis (MDMA) Fenciclidina (PCP) Marihuana (THC carbox\u00edlico) Metacualona Metadona Metanfetamina Morfina Opi\u00e1ceos Oxicodona Paracetamol Propoxifeno<\/p>\n","protected":false},"featured_media":23071,"template":"","meta":{"_acf_changed":false},"product_brand":[],"product_cat":[440,442,436,482,532],"product_tag":[],"class_list":{"0":"post-1942","1":"product","2":"type-product","3":"status-publish","4":"has-post-thumbnail","6":"product_cat-clinico-es","7":"product_cat-ci-es","8":"product_cat-ep-es","9":"product_cat-tlr-point-of-care-testing-poct-es","10":"product_cat-toxicologia-ocupacional-drogas-de-abuso-es-2","11":"tm-has-options","13":"first","14":"instock","15":"taxable","16":"shipping-taxable","17":"purchasable","18":"product-type-simple"},"acf":[],"_links":{"self":[{"href":"https:\/\/controllab.com\/es\/wp-json\/wp\/v2\/product\/1942","targetHints":{"allow":["GET"]}}],"collection":[{"href":"https:\/\/controllab.com\/es\/wp-json\/wp\/v2\/product"}],"about":[{"href":"https:\/\/controllab.com\/es\/wp-json\/wp\/v2\/types\/product"}],"version-history":[{"count":1,"href":"https:\/\/controllab.com\/es\/wp-json\/wp\/v2\/product\/1942\/revisions"}],"predecessor-version":[{"id":173058,"href":"https:\/\/controllab.com\/es\/wp-json\/wp\/v2\/product\/1942\/revisions\/173058"}],"wp:featuredmedia":[{"embeddable":true,"href":"https:\/\/controllab.com\/es\/wp-json\/wp\/v2\/media\/23071"}],"wp:attachment":[{"href":"https:\/\/controllab.com\/es\/wp-json\/wp\/v2\/media?parent=1942"}],"wp:term":[{"taxonomy":"product_brand","embeddable":true,"href":"https:\/\/controllab.com\/es\/wp-json\/wp\/v2\/product_brand?post=1942"},{"taxonomy":"product_cat","embeddable":true,"href":"https:\/\/controllab.com\/es\/wp-json\/wp\/v2\/product_cat?post=1942"},{"taxonomy":"product_tag","embeddable":true,"href":"https:\/\/controllab.com\/es\/wp-json\/wp\/v2\/product_tag?post=1942"}],"curies":[{"name":"wp","href":"https:\/\/api.w.org\/{rel}","templated":true}]}}