{"id":1964,"date":"2020-11-26T10:32:32","date_gmt":"2020-11-26T13:32:32","guid":{"rendered":"https:\/\/controllab.com\/?post_type=product&#038;p=1964"},"modified":"2025-02-12T14:45:35","modified_gmt":"2025-02-12T17:45:35","slug":"drogas-inmunosupresoras","status":"publish","type":"product","link":"https:\/\/controllab.com\/es\/programa\/drogas-inmunosupresoras\/","title":{"rendered":"Drogas Inmunosupresoras"},"content":{"rendered":"\t\t<div data-elementor-type=\"product-post\" data-elementor-id=\"1964\" class=\"elementor elementor-1964 elementor-1962\" data-elementor-post-type=\"product\">\n\t\t\t\t\t\t<section class=\"elementor-section elementor-top-section elementor-element elementor-element-f35d108 elementor-section-boxed elementor-section-height-default elementor-section-height-default\" data-id=\"f35d108\" data-element_type=\"section\" data-e-type=\"section\">\n\t\t\t\t\t\t<div class=\"elementor-container elementor-column-gap-default\">\n\t\t\t\t\t<div class=\"elementor-column elementor-col-100 elementor-top-column elementor-element elementor-element-90059b7\" data-id=\"90059b7\" data-element_type=\"column\" data-e-type=\"column\">\n\t\t\t<div class=\"elementor-widget-wrap elementor-element-populated\">\n\t\t\t\t\t\t<div class=\"elementor-element elementor-element-4401966 elementor-widget elementor-widget-text-editor\" data-id=\"4401966\" data-element_type=\"widget\" data-e-type=\"widget\" data-widget_type=\"text-editor.default\">\n\t\t\t\t<div class=\"elementor-widget-container\">\n\t\t\t\t\t\t\t\t\t<p><span style=\"font-family: Arial, Helvetica, sans-serif;font-size: 16px;font-style: normal;font-weight: bold;background-color: initial;letter-spacing: 0px\">Drogas Inmunosupresoras I<\/span><\/p><ul><li>Azatioprina<\/li><li>Ciclosporina<\/li><li>Everolimus<\/li><li>Sirolimus (rapamicina)<\/li><li>Tacrolim\u00fas<\/li><\/ul><div><p><span style=\"font-family: Arial, Helvetica, sans-serif;font-size: 16px;font-style: normal;font-weight: bold;background-color: initial;letter-spacing: 0px\">Drogas Inmunosupresoras II<\/span><\/p><ul><li>\u00c1cido Micofen\u00f3lico<\/li><li>Dexametasona<\/li><\/ul><\/div>\t\t\t\t\t\t\t\t<\/div>\n\t\t\t\t<\/div>\n\t\t\t\t\t<\/div>\n\t\t<\/div>\n\t\t\t\t\t<\/div>\n\t\t<\/section>\n\t\t\t\t<\/div>\n\t\t","protected":false},"excerpt":{"rendered":"<p>Drogas Inmunosupresoras I Azatioprina Ciclosporina Everolimus Sirolimus (rapamicina) Tacrolim\u00fas Drogas Inmunosupresoras II \u00c1cido Micofen\u00f3lico Dexametasona<\/p>\n","protected":false},"featured_media":16283,"template":"","meta":{"_acf_changed":false},"product_brand":[],"product_cat":[440,442,436,484],"product_tag":[],"class_list":{"0":"post-1964","1":"product","2":"type-product","3":"status-publish","4":"has-post-thumbnail","6":"product_cat-clinico-es","7":"product_cat-ci-es","8":"product_cat-ep-es","9":"product_cat-monitoreo-de-drogas-terapeuticas","10":"tm-has-options","12":"first","13":"instock","14":"taxable","15":"shipping-taxable","16":"purchasable","17":"product-type-simple"},"acf":[],"_links":{"self":[{"href":"https:\/\/controllab.com\/es\/wp-json\/wp\/v2\/product\/1964","targetHints":{"allow":["GET"]}}],"collection":[{"href":"https:\/\/controllab.com\/es\/wp-json\/wp\/v2\/product"}],"about":[{"href":"https:\/\/controllab.com\/es\/wp-json\/wp\/v2\/types\/product"}],"version-history":[{"count":1,"href":"https:\/\/controllab.com\/es\/wp-json\/wp\/v2\/product\/1964\/revisions"}],"predecessor-version":[{"id":179285,"href":"https:\/\/controllab.com\/es\/wp-json\/wp\/v2\/product\/1964\/revisions\/179285"}],"wp:featuredmedia":[{"embeddable":true,"href":"https:\/\/controllab.com\/es\/wp-json\/wp\/v2\/media\/16283"}],"wp:attachment":[{"href":"https:\/\/controllab.com\/es\/wp-json\/wp\/v2\/media?parent=1964"}],"wp:term":[{"taxonomy":"product_brand","embeddable":true,"href":"https:\/\/controllab.com\/es\/wp-json\/wp\/v2\/product_brand?post=1964"},{"taxonomy":"product_cat","embeddable":true,"href":"https:\/\/controllab.com\/es\/wp-json\/wp\/v2\/product_cat?post=1964"},{"taxonomy":"product_tag","embeddable":true,"href":"https:\/\/controllab.com\/es\/wp-json\/wp\/v2\/product_tag?post=1964"}],"curies":[{"name":"wp","href":"https:\/\/api.w.org\/{rel}","templated":true}]}}