{"id":2001,"date":"2020-11-26T10:53:58","date_gmt":"2020-11-26T13:53:58","guid":{"rendered":"https:\/\/controllab.com\/?post_type=product&#038;p=2001"},"modified":"2024-09-18T16:24:09","modified_gmt":"2024-09-18T19:24:09","slug":"drogas-terapeuticas-i","status":"publish","type":"product","link":"https:\/\/controllab.com\/es\/programa\/drogas-terapeuticas-i\/","title":{"rendered":"Drogas Terap\u00e9uticas I"},"content":{"rendered":"\t\t<div data-elementor-type=\"product-post\" data-elementor-id=\"2001\" class=\"elementor elementor-2001 elementor-1999\" data-elementor-post-type=\"product\">\n\t\t\t\t\t\t<section class=\"has_ae_slider elementor-section elementor-top-section elementor-element elementor-element-f35d108 elementor-section-boxed elementor-section-height-default elementor-section-height-default ae-bg-gallery-type-default\" data-id=\"f35d108\" data-element_type=\"section\" data-e-type=\"section\">\n\t\t\t\t\t\t<div class=\"elementor-container elementor-column-gap-default\">\n\t\t\t\t\t<div class=\"has_ae_slider elementor-column elementor-col-100 elementor-top-column elementor-element elementor-element-90059b7 ae-bg-gallery-type-default\" data-id=\"90059b7\" data-element_type=\"column\" data-e-type=\"column\">\n\t\t\t<div class=\"elementor-widget-wrap elementor-element-populated\">\n\t\t\t\t\t\t<div class=\"elementor-element elementor-element-2fe68ed elementor-widget elementor-widget-text-editor\" data-id=\"2fe68ed\" data-element_type=\"widget\" data-e-type=\"widget\" data-widget_type=\"text-editor.default\">\n\t\t\t\t<div class=\"elementor-widget-container\">\n\t\t\t\t\t\t\t\t\t<ul><li>Acetaminof\u00e9n (paracetamol)<\/li><li>\u00c1cido valproico<\/li><li>Alprazolam<\/li><li>Amikacina<\/li><li>Amiodarona y metabolito<\/li><li>bromazepam<\/li><li>Cafe\u00edna<\/li><li>Carbamazepina<\/li><li>Clobazam<\/li><li>clonazepam<\/li><li>clozapina<\/li><li>diazepam<\/li><li>digoxina<\/li><li>Etosuximida<\/li><li>Fenito\u00edna<\/li><li>Fenobarbital<\/li><li>Fluoxetina<\/li><li>Flurazepam<\/li><li>Gabapentina<\/li><li>Gentamicina<\/li><li>Haloperidol<\/li><li>Lacosamida<\/li><li>Lamotrigina<\/li><li>Lidoca\u00edna<\/li><li>Lorazepam<\/li><li>Metotrexato<\/li><li>Mitotano<\/li><li>Nitrazepam<\/li><li>Primidona<\/li><li>Quinidina<\/li><li>Risperidona<\/li><li>Salicilato<\/li><li>Teofilina<\/li><li>Tobramicina<\/li><li>Topiramato<\/li><li>Vancomicina<\/li><li>Zonisamida<\/li><\/ul>\t\t\t\t\t\t\t\t<\/div>\n\t\t\t\t<\/div>\n\t\t\t\t\t<\/div>\n\t\t<\/div>\n\t\t\t\t\t<\/div>\n\t\t<\/section>\n\t\t\t\t<\/div>\n\t\t","protected":false},"excerpt":{"rendered":"<p>Acetaminof\u00e9n (paracetamol) \u00c1cido valproico Alprazolam Amikacina Amiodarona y metabolito bromazepam Cafe\u00edna Carbamazepina Clobazam clonazepam clozapina diazepam digoxina Etosuximida Fenito\u00edna Fenobarbital Fluoxetina Flurazepam Gabapentina Gentamicina Haloperidol Lacosamida<span class=\"excerpt-hellip\"> [\u2026]<\/span><\/p>\n","protected":false},"featured_media":15819,"template":"","meta":{"_acf_changed":false},"product_brand":[],"product_cat":[440,442,436,484],"product_tag":[],"class_list":{"0":"post-2001","1":"product","2":"type-product","3":"status-publish","4":"has-post-thumbnail","6":"product_cat-clinico-es","7":"product_cat-ci-es","8":"product_cat-ep-es","9":"product_cat-monitoreo-de-drogas-terapeuticas","10":"tm-has-options","12":"first","13":"instock","14":"taxable","15":"shipping-taxable","16":"purchasable","17":"product-type-simple"},"acf":[],"_links":{"self":[{"href":"https:\/\/controllab.com\/es\/wp-json\/wp\/v2\/product\/2001","targetHints":{"allow":["GET"]}}],"collection":[{"href":"https:\/\/controllab.com\/es\/wp-json\/wp\/v2\/product"}],"about":[{"href":"https:\/\/controllab.com\/es\/wp-json\/wp\/v2\/types\/product"}],"version-history":[{"count":0,"href":"https:\/\/controllab.com\/es\/wp-json\/wp\/v2\/product\/2001\/revisions"}],"wp:featuredmedia":[{"embeddable":true,"href":"https:\/\/controllab.com\/es\/wp-json\/wp\/v2\/media\/15819"}],"wp:attachment":[{"href":"https:\/\/controllab.com\/es\/wp-json\/wp\/v2\/media?parent=2001"}],"wp:term":[{"taxonomy":"product_brand","embeddable":true,"href":"https:\/\/controllab.com\/es\/wp-json\/wp\/v2\/product_brand?post=2001"},{"taxonomy":"product_cat","embeddable":true,"href":"https:\/\/controllab.com\/es\/wp-json\/wp\/v2\/product_cat?post=2001"},{"taxonomy":"product_tag","embeddable":true,"href":"https:\/\/controllab.com\/es\/wp-json\/wp\/v2\/product_tag?post=2001"}],"curies":[{"name":"wp","href":"https:\/\/api.w.org\/{rel}","templated":true}]}}