{"id":200942,"date":"2021-06-16T14:14:25","date_gmt":"2021-06-16T17:14:25","guid":{"rendered":"https:\/\/controllab.com\/?post_type=product&#038;p=200942"},"modified":"2025-10-27T15:37:05","modified_gmt":"2025-10-27T18:37:05","slug":"bioquimica-copia-2","status":"publish","type":"product","link":"https:\/\/controllab.com\/es\/programa\/bioquimica-copia-2\/","title":{"rendered":"Electroforesis: LDH"},"content":{"rendered":"\t\t<div data-elementor-type=\"product-post\" data-elementor-id=\"200942\" class=\"elementor elementor-200942 elementor-200940\" data-elementor-post-type=\"product\">\n\t\t\t\t<div class=\"has_ae_slider elementor-element elementor-element-16975ae e-flex e-con-boxed ae-bg-gallery-type-default e-con e-parent\" data-id=\"16975ae\" data-element_type=\"container\" data-e-type=\"container\">\n\t\t\t\t\t<div class=\"e-con-inner\">\n\t\t\t\t<div class=\"elementor-element elementor-element-30de833 elementor-widget elementor-widget-text-editor\" data-id=\"30de833\" data-element_type=\"widget\" data-e-type=\"widget\" data-widget_type=\"text-editor.default\">\n\t\t\t\t<div class=\"elementor-widget-container\">\n\t\t\t\t\t\t\t\t\t<p><strong>Electroforesis de las fracciones de LDH<\/strong><\/p><ul><li>LDH 1 (Dosificaci\u00f3n)<\/li><li>LDH (Deshidrogenasa l\u00e1ctica total)<\/li><li>LDH (Deshidrogenasa l\u00e1ctica fraccionada) (1 a 5)<\/li><\/ul>\t\t\t\t\t\t\t\t<\/div>\n\t\t\t\t<\/div>\n\t\t\t\t\t<\/div>\n\t\t\t\t<\/div>\n\t\t\t\t<\/div>\n\t\t","protected":false},"excerpt":{"rendered":"<p>Bioqu\u00edmica I \u00c1cido \u00darico \u00c1cidos Biliares Totales Albumina Amilasa Total Bilirrubina Directa Bilirrubina Total Bilirrubina Indirecta C\u00e1lcio Total C\u00e1lcio Ajustado Colesterol HDL Colesterol VLDL Colesterol Total<span class=\"excerpt-hellip\"> [\u2026]<\/span><\/p>\n","protected":false},"featured_media":12460,"template":"","meta":{"_acf_changed":false},"product_brand":[],"product_cat":[440,442,436,443],"product_tag":[],"class_list":{"0":"post-200942","1":"product","2":"type-product","3":"status-publish","4":"has-post-thumbnail","6":"product_cat-clinico-es","7":"product_cat-ci-es","8":"product_cat-ep-es","9":"product_cat-quimica-clinica-es-2","10":"tm-has-options","12":"first","13":"instock","14":"taxable","15":"shipping-taxable","16":"purchasable","17":"product-type-simple"},"acf":[],"_links":{"self":[{"href":"https:\/\/controllab.com\/es\/wp-json\/wp\/v2\/product\/200942","targetHints":{"allow":["GET"]}}],"collection":[{"href":"https:\/\/controllab.com\/es\/wp-json\/wp\/v2\/product"}],"about":[{"href":"https:\/\/controllab.com\/es\/wp-json\/wp\/v2\/types\/product"}],"version-history":[{"count":4,"href":"https:\/\/controllab.com\/es\/wp-json\/wp\/v2\/product\/200942\/revisions"}],"predecessor-version":[{"id":201051,"href":"https:\/\/controllab.com\/es\/wp-json\/wp\/v2\/product\/200942\/revisions\/201051"}],"wp:featuredmedia":[{"embeddable":true,"href":"https:\/\/controllab.com\/es\/wp-json\/wp\/v2\/media\/12460"}],"wp:attachment":[{"href":"https:\/\/controllab.com\/es\/wp-json\/wp\/v2\/media?parent=200942"}],"wp:term":[{"taxonomy":"product_brand","embeddable":true,"href":"https:\/\/controllab.com\/es\/wp-json\/wp\/v2\/product_brand?post=200942"},{"taxonomy":"product_cat","embeddable":true,"href":"https:\/\/controllab.com\/es\/wp-json\/wp\/v2\/product_cat?post=200942"},{"taxonomy":"product_tag","embeddable":true,"href":"https:\/\/controllab.com\/es\/wp-json\/wp\/v2\/product_tag?post=200942"}],"curies":[{"name":"wp","href":"https:\/\/api.w.org\/{rel}","templated":true}]}}