{"id":21135,"date":"2021-01-12T09:30:54","date_gmt":"2021-01-12T12:30:54","guid":{"rendered":"https:\/\/controllab.com\/?post_type=product&#038;p=21135"},"modified":"2024-10-10T14:09:07","modified_gmt":"2024-10-10T17:09:07","slug":"tdr-painel-cardiaco","status":"publish","type":"product","link":"https:\/\/controllab.com\/es\/programa\/tdr-painel-cardiaco\/","title":{"rendered":"POCT Panel card\u00edaco"},"content":{"rendered":"\t\t<div data-elementor-type=\"product-post\" data-elementor-id=\"21135\" class=\"elementor elementor-21135 elementor-21133\" data-elementor-post-type=\"product\">\n\t\t\t\t\t\t<section class=\"has_ae_slider elementor-section elementor-top-section elementor-element elementor-element-f35d108 elementor-section-boxed elementor-section-height-default elementor-section-height-default ae-bg-gallery-type-default\" data-id=\"f35d108\" data-element_type=\"section\" data-e-type=\"section\">\n\t\t\t\t\t\t<div class=\"elementor-container elementor-column-gap-default\">\n\t\t\t\t\t<div class=\"has_ae_slider elementor-column elementor-col-100 elementor-top-column elementor-element elementor-element-90059b7 ae-bg-gallery-type-default\" data-id=\"90059b7\" data-element_type=\"column\" data-e-type=\"column\">\n\t\t\t<div class=\"elementor-widget-wrap elementor-element-populated\">\n\t\t\t\t\t\t<div class=\"elementor-element elementor-element-4401966 elementor-widget elementor-widget-text-editor\" data-id=\"4401966\" data-element_type=\"widget\" data-e-type=\"widget\" data-widget_type=\"text-editor.default\">\n\t\t\t\t<div class=\"elementor-widget-container\">\n\t\t\t\t\t\t\t\t\t<p>\u00a0POCT Panel Card\u00edaco\u00b9<\/p><ul><li>CK-MB Masa<\/li><li>Mioglobina<\/li><li>Troponina I\u00a0<\/li><\/ul><p><strong>Ex\u00e1menes relacionados <\/strong><\/p><p>\u00b9Test de Diagn\u00f3stico R\u00e1pido de Panel Card\u00edaco<\/p><p>\u00b9Prueba r\u00e1pida de Panel Card\u00edaco<\/p>\t\t\t\t\t\t\t\t<\/div>\n\t\t\t\t<\/div>\n\t\t\t\t\t<\/div>\n\t\t<\/div>\n\t\t\t\t\t<\/div>\n\t\t<\/section>\n\t\t\t\t<\/div>\n\t\t","protected":false},"excerpt":{"rendered":"<p>\u00a0POCT Panel Card\u00edaco\u00b9 CK-MB Masa Mioglobina Troponina I\u00a0 Ex\u00e1menes relacionados \u00b9Test de Diagn\u00f3stico R\u00e1pido de Panel Card\u00edaco \u00b9Prueba r\u00e1pida de Panel Card\u00edaco<\/p>\n","protected":false},"featured_media":25658,"template":"","meta":{"_acf_changed":false},"product_brand":[],"product_cat":[440,442,436,482],"product_tag":[],"class_list":{"0":"post-21135","1":"product","2":"type-product","3":"status-publish","4":"has-post-thumbnail","6":"product_cat-clinico-es","7":"product_cat-ci-es","8":"product_cat-ep-es","9":"product_cat-tlr-point-of-care-testing-poct-es","10":"tm-has-options","12":"first","13":"instock","14":"taxable","15":"shipping-taxable","16":"purchasable","17":"product-type-simple"},"acf":[],"_links":{"self":[{"href":"https:\/\/controllab.com\/es\/wp-json\/wp\/v2\/product\/21135","targetHints":{"allow":["GET"]}}],"collection":[{"href":"https:\/\/controllab.com\/es\/wp-json\/wp\/v2\/product"}],"about":[{"href":"https:\/\/controllab.com\/es\/wp-json\/wp\/v2\/types\/product"}],"version-history":[{"count":2,"href":"https:\/\/controllab.com\/es\/wp-json\/wp\/v2\/product\/21135\/revisions"}],"predecessor-version":[{"id":169728,"href":"https:\/\/controllab.com\/es\/wp-json\/wp\/v2\/product\/21135\/revisions\/169728"}],"wp:featuredmedia":[{"embeddable":true,"href":"https:\/\/controllab.com\/es\/wp-json\/wp\/v2\/media\/25658"}],"wp:attachment":[{"href":"https:\/\/controllab.com\/es\/wp-json\/wp\/v2\/media?parent=21135"}],"wp:term":[{"taxonomy":"product_brand","embeddable":true,"href":"https:\/\/controllab.com\/es\/wp-json\/wp\/v2\/product_brand?post=21135"},{"taxonomy":"product_cat","embeddable":true,"href":"https:\/\/controllab.com\/es\/wp-json\/wp\/v2\/product_cat?post=21135"},{"taxonomy":"product_tag","embeddable":true,"href":"https:\/\/controllab.com\/es\/wp-json\/wp\/v2\/product_tag?post=21135"}],"curies":[{"name":"wp","href":"https:\/\/api.w.org\/{rel}","templated":true}]}}