{"id":2248,"date":"2020-11-26T13:47:13","date_gmt":"2020-11-26T16:47:13","guid":{"rendered":"https:\/\/controllab.com\/?post_type=product&#038;p=2248"},"modified":"2024-08-27T12:38:41","modified_gmt":"2024-08-27T15:38:41","slug":"inmunofijacion-de-proteinas-suero","status":"publish","type":"product","link":"https:\/\/controllab.com\/es\/programa\/inmunofijacion-de-proteinas-suero\/","title":{"rendered":"Inmunofijaci\u00f3n de Prote\u00ednas &#8211; Suero"},"content":{"rendered":"<p>Inmunofijaci\u00f3n de Prote\u00ednas &#8211; Suero<\/p>\n","protected":false},"excerpt":{"rendered":"<p>Inmunofijaci\u00f3n de Prote\u00ednas &#8211; Suero<\/p>\n","protected":false},"featured_media":16625,"template":"","meta":{"_acf_changed":false},"product_brand":[],"product_cat":[440,436,441],"product_tag":[],"class_list":{"0":"post-2248","1":"product","2":"type-product","3":"status-publish","4":"has-post-thumbnail","6":"product_cat-clinico-es","7":"product_cat-ep-es","8":"product_cat-inmunologia-proteinas","9":"tm-has-options","11":"first","12":"instock","13":"taxable","14":"shipping-taxable","15":"purchasable","16":"product-type-simple"},"acf":[],"_links":{"self":[{"href":"https:\/\/controllab.com\/es\/wp-json\/wp\/v2\/product\/2248","targetHints":{"allow":["GET"]}}],"collection":[{"href":"https:\/\/controllab.com\/es\/wp-json\/wp\/v2\/product"}],"about":[{"href":"https:\/\/controllab.com\/es\/wp-json\/wp\/v2\/types\/product"}],"version-history":[{"count":0,"href":"https:\/\/controllab.com\/es\/wp-json\/wp\/v2\/product\/2248\/revisions"}],"wp:featuredmedia":[{"embeddable":true,"href":"https:\/\/controllab.com\/es\/wp-json\/wp\/v2\/media\/16625"}],"wp:attachment":[{"href":"https:\/\/controllab.com\/es\/wp-json\/wp\/v2\/media?parent=2248"}],"wp:term":[{"taxonomy":"product_brand","embeddable":true,"href":"https:\/\/controllab.com\/es\/wp-json\/wp\/v2\/product_brand?post=2248"},{"taxonomy":"product_cat","embeddable":true,"href":"https:\/\/controllab.com\/es\/wp-json\/wp\/v2\/product_cat?post=2248"},{"taxonomy":"product_tag","embeddable":true,"href":"https:\/\/controllab.com\/es\/wp-json\/wp\/v2\/product_tag?post=2248"}],"curies":[{"name":"wp","href":"https:\/\/api.w.org\/{rel}","templated":true}]}}