{"id":2332,"date":"2020-11-26T14:21:56","date_gmt":"2020-11-26T17:21:56","guid":{"rendered":"https:\/\/controllab.com\/?post_type=product&#038;p=2332"},"modified":"2025-10-09T13:37:44","modified_gmt":"2025-10-09T16:37:44","slug":"morfologia-de-esperma","status":"publish","type":"product","link":"https:\/\/controllab.com\/es\/programa\/morfologia-de-esperma\/","title":{"rendered":"Morfolog\u00eda de Esperma"},"content":{"rendered":"\t\t<div data-elementor-type=\"product-post\" data-elementor-id=\"2332\" class=\"elementor elementor-2332 elementor-2330\" data-elementor-post-type=\"product\">\n\t\t\t\t\t\t<section class=\"has_ae_slider elementor-section elementor-top-section elementor-element elementor-element-f35d108 elementor-section-boxed elementor-section-height-default elementor-section-height-default ae-bg-gallery-type-default\" data-id=\"f35d108\" data-element_type=\"section\" data-e-type=\"section\">\n\t\t\t\t\t\t<div class=\"elementor-container elementor-column-gap-default\">\n\t\t\t\t\t<div class=\"has_ae_slider elementor-column elementor-col-100 elementor-top-column elementor-element elementor-element-90059b7 ae-bg-gallery-type-default\" data-id=\"90059b7\" data-element_type=\"column\" data-e-type=\"column\">\n\t\t\t<div class=\"elementor-widget-wrap elementor-element-populated\">\n\t\t\t\t\t\t<div class=\"elementor-element elementor-element-3685577 elementor-widget elementor-widget-text-editor\" data-id=\"3685577\" data-element_type=\"widget\" data-e-type=\"widget\" data-widget_type=\"text-editor.default\">\n\t\t\t\t<div class=\"elementor-widget-container\">\n\t\t\t\t\t\t\t\t\t<ul>\n<li>Espermatozoides Normales<\/li>\n<li>Recuento de C\u00e9lulas Peroxidasa Positivas<\/li>\n<li>Defectos Relevantes<\/li>\n<li>Elementos Germinales<\/li>\n<li>Gl\u00f3bulos Rojos<\/li>\n<li>Leucocitos<\/li>\n<li>Total de C\u00e9lulas Peroxidasas Positivas<\/li>\n<li>Elementos Germinales Relevantes<br><\/li>\n<li>Gl\u00f3bulos Rojos (pan\u00f3ptico)<\/li>\n<li>Leucocitos Relevantes<\/li>\n<\/ul>\t\t\t\t\t\t\t\t<\/div>\n\t\t\t\t<\/div>\n\t\t\t\t\t<\/div>\n\t\t<\/div>\n\t\t\t\t\t<\/div>\n\t\t<\/section>\n\t\t\t\t<\/div>\n\t\t","protected":false},"excerpt":{"rendered":"<p>Espermatozoides Normales Recuento de C\u00e9lulas Peroxidasa Positivas Defectos Relevantes Elementos Germinales Gl\u00f3bulos Rojos Leucocitos Total de C\u00e9lulas Peroxidasas Positivas Elementos Germinales Relevantes Gl\u00f3bulos Rojos (pan\u00f3ptico) Leucocitos<span class=\"excerpt-hellip\"> [\u2026]<\/span><\/p>\n","protected":false},"featured_media":45503,"template":"","meta":{"_acf_changed":false},"product_brand":[],"product_cat":[440,436,486],"product_tag":[],"class_list":{"0":"post-2332","1":"product","2":"type-product","3":"status-publish","4":"has-post-thumbnail","6":"product_cat-clinico-es","7":"product_cat-ep-es","8":"product_cat-medicina-reproductiva","9":"tm-has-options","11":"first","12":"instock","13":"taxable","14":"shipping-taxable","15":"purchasable","16":"product-type-simple"},"acf":[],"_links":{"self":[{"href":"https:\/\/controllab.com\/es\/wp-json\/wp\/v2\/product\/2332","targetHints":{"allow":["GET"]}}],"collection":[{"href":"https:\/\/controllab.com\/es\/wp-json\/wp\/v2\/product"}],"about":[{"href":"https:\/\/controllab.com\/es\/wp-json\/wp\/v2\/types\/product"}],"version-history":[{"count":1,"href":"https:\/\/controllab.com\/es\/wp-json\/wp\/v2\/product\/2332\/revisions"}],"predecessor-version":[{"id":199088,"href":"https:\/\/controllab.com\/es\/wp-json\/wp\/v2\/product\/2332\/revisions\/199088"}],"wp:featuredmedia":[{"embeddable":true,"href":"https:\/\/controllab.com\/es\/wp-json\/wp\/v2\/media\/45503"}],"wp:attachment":[{"href":"https:\/\/controllab.com\/es\/wp-json\/wp\/v2\/media?parent=2332"}],"wp:term":[{"taxonomy":"product_brand","embeddable":true,"href":"https:\/\/controllab.com\/es\/wp-json\/wp\/v2\/product_brand?post=2332"},{"taxonomy":"product_cat","embeddable":true,"href":"https:\/\/controllab.com\/es\/wp-json\/wp\/v2\/product_cat?post=2332"},{"taxonomy":"product_tag","embeddable":true,"href":"https:\/\/controllab.com\/es\/wp-json\/wp\/v2\/product_tag?post=2332"}],"curies":[{"name":"wp","href":"https:\/\/api.w.org\/{rel}","templated":true}]}}