{"id":27584,"date":"2021-09-19T16:45:50","date_gmt":"2021-09-19T19:45:50","guid":{"rendered":"https:\/\/controllab.com\/produto\/urinalise-bioquimica\/"},"modified":"2025-10-24T11:36:23","modified_gmt":"2025-10-24T14:36:23","slug":"urinalise-bioquimica","status":"publish","type":"product","link":"https:\/\/controllab.com\/es\/programa\/urinalise-bioquimica\/","title":{"rendered":"An\u00e1lisis de Orina &#8211; Bioqu\u00edmica"},"content":{"rendered":"\t\t<div data-elementor-type=\"product-post\" data-elementor-id=\"27584\" class=\"elementor elementor-27584 elementor-132\" data-elementor-post-type=\"product\">\n\t\t\t\t\t\t<section class=\"has_ae_slider elementor-section elementor-top-section elementor-element elementor-element-1a413caa elementor-section-boxed elementor-section-height-default elementor-section-height-default ae-bg-gallery-type-default\" data-id=\"1a413caa\" data-element_type=\"section\" data-e-type=\"section\">\n\t\t\t\t\t\t<div class=\"elementor-container elementor-column-gap-default\">\n\t\t\t\t\t<div class=\"has_ae_slider elementor-column elementor-col-100 elementor-top-column elementor-element elementor-element-730d3ce8 ae-bg-gallery-type-default\" data-id=\"730d3ce8\" data-element_type=\"column\" data-e-type=\"column\">\n\t\t\t<div class=\"elementor-widget-wrap elementor-element-populated\">\n\t\t\t\t\t\t<div class=\"elementor-element elementor-element-37db13a1 elementor-widget elementor-widget-text-editor\" data-id=\"37db13a1\" data-element_type=\"widget\" data-e-type=\"widget\" data-widget_type=\"text-editor.default\">\n\t\t\t\t<div class=\"elementor-widget-container\">\n\t\t\t\t\t\t\t\t\t<ul><li data-start=\"47\" data-end=\"70\"><p data-start=\"49\" data-end=\"70\">\u00c1cido \u00farico (urato)<\/p><\/li><li data-start=\"71\" data-end=\"83\"><p data-start=\"73\" data-end=\"83\">Alb\u00famina<\/p><\/li><li data-start=\"84\" data-end=\"107\"><p data-start=\"86\" data-end=\"107\">Alb\u00famina\/Creatinina<\/p><\/li><li data-start=\"108\" data-end=\"119\"><p data-start=\"110\" data-end=\"119\">Amilasa<\/p><\/li><li data-start=\"120\" data-end=\"136\"><p data-start=\"122\" data-end=\"136\">Calcio total<\/p><\/li><li data-start=\"137\" data-end=\"149\"><p data-start=\"139\" data-end=\"149\">Cloruros<\/p><\/li><li data-start=\"150\" data-end=\"168\"><p data-start=\"152\" data-end=\"168\">Cortisol libre<\/p><\/li><li data-start=\"169\" data-end=\"183\"><p data-start=\"171\" data-end=\"183\">Creatinina<\/p><\/li><li data-start=\"184\" data-end=\"215\"><p data-start=\"186\" data-end=\"215\">Densidad por Automatizaci\u00f3n (dens\u00edmetro o refract\u00f3metro)<\/p><\/li><li data-start=\"216\" data-end=\"227\"><p data-start=\"218\" data-end=\"227\">F\u00f3sforo<\/p><\/li><li data-start=\"228\" data-end=\"239\"><p data-start=\"230\" data-end=\"239\">Glucosa<\/p><\/li><li data-start=\"240\" data-end=\"252\"><p data-start=\"242\" data-end=\"252\">Magnesio<\/p><\/li><li data-start=\"253\" data-end=\"268\"><p data-start=\"255\" data-end=\"268\">Osmolalidad<\/p><\/li><li data-start=\"269\" data-end=\"294\"><p data-start=\"271\" data-end=\"294\">pH por automatizaci\u00f3n<\/p><\/li><li data-start=\"295\" data-end=\"306\"><p data-start=\"297\" data-end=\"306\">Potasio<\/p><\/li><li data-start=\"307\" data-end=\"325\"><p data-start=\"309\" data-end=\"325\">Prote\u00edna total<\/p><\/li><li data-start=\"326\" data-end=\"335\"><p data-start=\"328\" data-end=\"335\">Sodio<\/p><\/li><li data-start=\"336\" data-end=\"344\"><p data-start=\"338\" data-end=\"344\">Urea<\/p><\/li><li data-start=\"345\" data-end=\"361\"><p data-start=\"347\" data-end=\"361\">Urea Nitr\u00f3geno<\/p><\/li><\/ul>\t\t\t\t\t\t\t\t<\/div>\n\t\t\t\t<\/div>\n\t\t\t\t\t<\/div>\n\t\t<\/div>\n\t\t\t\t\t<\/div>\n\t\t<\/section>\n\t\t\t\t<\/div>\n\t\t","protected":false},"excerpt":{"rendered":"<p>\u00c1cido \u00farico (urato) Alb\u00famina Alb\u00famina\/Creatinina Amilasa Calcio total Cloruros Cortisol libre Creatinina Densidad por Automatizaci\u00f3n (dens\u00edmetro o refract\u00f3metro) F\u00f3sforo Glucosa Magnesio Osmolalidad pH por automatizaci\u00f3n Potasio<span class=\"excerpt-hellip\"> [\u2026]<\/span><\/p>\n","protected":false},"featured_media":19292,"template":"","meta":{"_acf_changed":false},"product_brand":[],"product_cat":[440,436,434,435],"product_tag":[],"class_list":{"0":"post-27584","1":"product","2":"type-product","3":"status-publish","4":"has-post-thumbnail","6":"product_cat-clinico-es","7":"product_cat-ep-es","8":"product_cat-farmaceuticos-es-2","9":"product_cat-urinalisis","10":"tm-has-options","12":"first","13":"instock","14":"taxable","15":"shipping-taxable","16":"purchasable","17":"product-type-simple"},"acf":[],"_links":{"self":[{"href":"https:\/\/controllab.com\/es\/wp-json\/wp\/v2\/product\/27584","targetHints":{"allow":["GET"]}}],"collection":[{"href":"https:\/\/controllab.com\/es\/wp-json\/wp\/v2\/product"}],"about":[{"href":"https:\/\/controllab.com\/es\/wp-json\/wp\/v2\/types\/product"}],"version-history":[{"count":4,"href":"https:\/\/controllab.com\/es\/wp-json\/wp\/v2\/product\/27584\/revisions"}],"predecessor-version":[{"id":200763,"href":"https:\/\/controllab.com\/es\/wp-json\/wp\/v2\/product\/27584\/revisions\/200763"}],"wp:featuredmedia":[{"embeddable":true,"href":"https:\/\/controllab.com\/es\/wp-json\/wp\/v2\/media\/19292"}],"wp:attachment":[{"href":"https:\/\/controllab.com\/es\/wp-json\/wp\/v2\/media?parent=27584"}],"wp:term":[{"taxonomy":"product_brand","embeddable":true,"href":"https:\/\/controllab.com\/es\/wp-json\/wp\/v2\/product_brand?post=27584"},{"taxonomy":"product_cat","embeddable":true,"href":"https:\/\/controllab.com\/es\/wp-json\/wp\/v2\/product_cat?post=27584"},{"taxonomy":"product_tag","embeddable":true,"href":"https:\/\/controllab.com\/es\/wp-json\/wp\/v2\/product_tag?post=27584"}],"curies":[{"name":"wp","href":"https:\/\/api.w.org\/{rel}","templated":true}]}}